{"id":850,"date":"2022-12-06T08:45:07","date_gmt":"2022-12-06T08:45:07","guid":{"rendered":"https:\/\/www.ditosama.com\/bread-slicer\/"},"modified":"2026-03-02T16:14:04","modified_gmt":"2026-03-02T16:14:04","slug":"affettapane","status":"publish","type":"page","link":"https:\/\/www.ditosama.com\/it\/prodotti\/affettapane\/","title":{"rendered":"Affettatrici per pane"},"content":{"rendered":"<section class=\"wpb-content-wrapper\"><p>[vc_row][vc_column][vc_empty_space height=&#8221;45px&#8221;][c21_image_text image=&#8221;126&#8243; image_position=&#8221;left&#8221; title=&#8221;Un taglio costante, fetta dopo fetta&#8221; subtitle=&#8221;&#8221; text=&#8221;Il nostro affettapane \u00e8 dotato di una lama dal design tecnologicamente avanzato che non schiaccia il pane e garantisce cos\u00ec una perfetta presentazione delle fette. La macchina \u00e8 estremamente facile da usare: il processo di taglio inizia automaticamente una volta inserito il pane nel contenitore verticale. Un separatore consente il taglio di due baguette alla volta. Per aumentare la sicurezza dell&#8217;operatore, in particolare durante la pulizia, il motore si spegne automaticamente quando si solleva lo sportello dello scivolo.&#8221;][\/vc_column][\/vc_row][vc_row][vc_column][vc_empty_space][\/vc_column][\/vc_row][vc_row full_width=&#8221;c21-full-width-no-padding&#8221;][vc_column]<div class=\"com21-product-filter-container 2\"\n                    <!-- PROD FILTER -->\n                    \n                    <div class=\"container\">\n                        <h2 class=\"text-left\">\n                            Product line\n                            <span class=\"product_counter\">1<\/span>\n                        <\/h2>\n                    <\/div>\n                    <div class=\"specification-filter\">\n                        <div class=\"toggle-filter-container\">\n                            <div class=\"container text-center\">\n                                <a href=\"#filter\" class=\"toggle-filter small-toggle\" data-target=\".category-filter\"  data-class-toggle=\"category-filter-show\" aria-pressed=\"false\" role=\"button\" id=\"open-product-features\">Filter<\/a>\n                            <\/div>\n                        <\/div>\n                        <div class=\"category-filter \">\n                            <div class=\"container\">\n                    <div class=\"row\"><\/div>\n        \n                                <div class=\"row\">\n                                    <div class=\"col-md-6 text-left\">\n                                        <span class=\"number-of-products\"><span id=\"number-of-products\">1<\/span> Products<\/span> <a href=\"#\" class=\"btn btn-secondary-bordered\" id=\"filter-reset-btn\">Reset<\/a>\n                                    <\/div>\n                                    <div class=\"col-md-6 text-right\">\n                                        <a href=\"#\" class=\"close-toggle no-pd-toggle\" data-parent=\"open-product-features\"  aria-pressed=\"true\" role=\"button\">Close<\/a>\n                                    <\/div>\n                                <\/div>\n                                \n                            <\/div><!-- end container -->\n                        <\/div><!-- end category-filter -->\n                    <\/div><!-- end specification-filter -->\n        \n                    <!-- END PROD FILTER -->\n                    \n                    <!-- PROD LIST -->\n                    <div class=\"product-list container\">\n                        <!--Hidden parameters-->\n                        <input type=\"hidden\" name=\"navigation_level_1\" id=\"navigation_level_1\" value=\"X\">\n                        <input type=\"hidden\" name=\"navigation_level_2\" id=\"navigation_level_2\" value=\"M\">\n                        <input type=\"hidden\" name=\"navigation_level_3\" id=\"navigation_level_3\" value=\"C\">\n                        <input type=\"hidden\" name=\"navigation_level_4\" id=\"navigation_level_4\" value=\"\">\n                        <input type=\"hidden\" name=\"filter_id\" id=\"filter_id\" value=\"2\">\n                        <input type=\"hidden\" name=\"navigation_language\" id=\"navigation_language\" value=\"5000\">\n                        <input type=\"hidden\" name=\"navigation_language_code\" id=\"navigation_language\" value=\"5000\">\n                        <input type=\"hidden\" name=\"page_id\" id=\"page_id\" value=\"850\">\n                        <!--END Hidden parameters--><ul class=\"row elx-one-product\" ><li class=\"C21TE_viewItemList  col-sm-6 col-md-4 wow fadeIn single-product-list fix-list 601589\" data-index=\"0\" data-wow-delay=\"0ms\" data-name=\"Affettapane<br>Affettapane elettrico in acciaio inox\" data-id=\"601589\" data-category=\"it\/prodotti\/affettapane\/\" data-list-name=\"Affettatrici per pane\"><div class=\"product-list-item\"><div class=\"product-content\"><a class=\"C21TE_selectItem\"  href=\"https:\/\/www.ditosama.com\/it\/prodotti\/affettapane\/affettapane-affettapane-elettrico-in-acciaio-inox-601589\/\" data-index=\"0\" data-name=\"Affettapane<br>Affettapane elettrico in acciaio inox\" data-id=\"601589\" data-category=\"it\/prodotti\/affettapane\/\" data-list-name=\"Affettatrici per pane\"><figure class=\"wow fadeIn image-dito-sama-2\" style=\"padding: 0px\"><img decoding=\"async\" src=\"https:\/\/tools.electroluxprofessional.com\/Mirror\/Doc\/PH_255x255%2FPH_601589_1_1_601589.jpg\" alt=\"Affettapane<br>Affettapane elettrico in acciaio inox\" ><\/figure><h3>Affettapane<br>Affettapane elettrico in acciaio inox<\/h3><\/a><div class=\"product-code\">601589<\/div><div class=\"product-model\">(DCPXF215)<\/div><div class=\"product-description\">Affettapane elettrico. Capacita' oraria fino a 14.000 fette<\/div><\/div><div class=\"pre-actions\"><div class=\"reviews\"><\/div><div class=\"compare-product c21_product_compare form-check form-switch\"><label><input type=\"checkbox\" class=\"C21TG_comparison form-check-input product-comparer\" data-addedProduct=\"601589\">Compare<\/label><\/div><\/div><\/div> <!-- end product-list-item --><\/li>\n                        <\/ul>\n                        <div class=\"text-center more-products\">\n                        <\/div>\n                    <\/div>\n                    <!-- END PRODUCT LIST -->\n                    <\/div>\n                    <!-- END PRODUCT LIST -->[\/vc_column][\/vc_row][vc_row][vc_column][vc_empty_space][\/vc_column][\/vc_row][vc_row full_width=&#8221;c21-full-width-no-padding&#8221;][vc_column][c21_image_text_full image=&#8221;290&#8243; image_position=&#8221;left&#8221; title=&#8221;VUOI SAPERNE DI PI\u00d9?&#8221; text=&#8221;Contattaci per avere maggiori dettagli sul nostro affettapane.&#8221; link=&#8221;url:https%3A%2F%2Fwww.ditosama.com%2Fit%2Fcontattaci%2F|title:CONTATTACI&#8221;][\/vc_column][\/vc_row]<\/p>\n<\/section>","protected":false},"excerpt":{"rendered":"<p>[vc_row][vc_column][vc_empty_space height=&#8221;45px&#8221;][c21_image_text image=&#8221;126&#8243; image_position=&#8221;left&#8221; title=&#8221;Un taglio costante, fetta dopo fetta&#8221; subtitle=&#8221;&#8221; text=&#8221;Il nostro affettapane \u00e8 dotato di una lama dal design tecnologicamente avanzato che non schiaccia il pane e garantisce cos\u00ec una perfetta presentazione delle fette. La macchina \u00e8 estremamente facile da usare: il processo di taglio inizia automaticamente una volta inserito il pane nel [&hellip;]<\/p>\n","protected":false},"author":1,"featured_media":11585,"parent":3436,"menu_order":0,"comment_status":"closed","ping_status":"closed","template":"","meta":{"inline_featured_image":false,"footnotes":""},"class_list":["post-850","page","type-page","status-publish","has-post-thumbnail","hentry"],"acf":[],"yoast_head":"<!-- This site is optimized with the Yoast SEO plugin v26.1.1 - https:\/\/yoast.com\/wordpress\/plugins\/seo\/ -->\n<title>Affettatrici per pane | Dito Sama<\/title>\n<meta name=\"description\" content=\"Aumenta l&#039;efficienza della tua cucina con l&#039;affettatrice per pane Dito Sama. Esplora la nostra gamma di attrezzature di livello professionale!\" \/>\n<meta name=\"robots\" content=\"index, follow, max-snippet:-1, max-image-preview:large, max-video-preview:-1\" \/>\n<link rel=\"canonical\" href=\"https:\/\/www.ditosama.com\/it\/wp-json\/wp\/v2\/pages\/850\" \/>\n<meta property=\"og:locale\" content=\"it_IT\" \/>\n<meta property=\"og:type\" content=\"article\" \/>\n<meta property=\"og:title\" content=\"Affettatrici per pane | Dito Sama\" \/>\n<meta property=\"og:description\" content=\"Aumenta l&#039;efficienza della tua cucina con l&#039;affettatrice per pane Dito Sama. Esplora la nostra gamma di attrezzature di livello professionale!\" \/>\n<meta property=\"og:url\" content=\"https:\/\/www.ditosama.com\/it\/prodotti\/affettapane\/\" \/>\n<meta property=\"og:site_name\" content=\"Dito Sama\" \/>\n<meta property=\"article:modified_time\" content=\"2026-03-02T16:14:04+00:00\" \/>\n<meta property=\"og:image\" content=\"https:\/\/www.ditosama.com\/wp-content\/uploads\/2023\/09\/copertina-cpx-bassa-1.jpg\" \/>\n\t<meta property=\"og:image:width\" content=\"2560\" \/>\n\t<meta property=\"og:image:height\" content=\"1027\" \/>\n\t<meta property=\"og:image:type\" content=\"image\/jpeg\" \/>\n<meta name=\"twitter:card\" content=\"summary_large_image\" \/>\n<meta name=\"twitter:label1\" content=\"Tempo di lettura stimato\" \/>\n\t<meta name=\"twitter:data1\" content=\"2 minuti\" \/>\n<script type=\"application\/ld+json\" class=\"yoast-schema-graph\">{\"@context\":\"https:\/\/schema.org\",\"@graph\":[{\"@type\":\"WebPage\",\"@id\":\"https:\/\/www.ditosama.com\/it\/prodotti\/affettapane\/\",\"url\":\"https:\/\/www.ditosama.com\/it\/prodotti\/affettapane\/\",\"name\":\"Affettatrici per pane | Dito Sama\",\"isPartOf\":{\"@id\":\"https:\/\/www.ditosama.com\/en\/#website\"},\"primaryImageOfPage\":{\"@id\":\"https:\/\/www.ditosama.com\/it\/prodotti\/affettapane\/#primaryimage\"},\"image\":{\"@id\":\"https:\/\/www.ditosama.com\/it\/prodotti\/affettapane\/#primaryimage\"},\"thumbnailUrl\":\"https:\/\/www.ditosama.com\/wp-content\/uploads\/2023\/09\/copertina-cpx-bassa-1.jpg\",\"datePublished\":\"2022-12-06T08:45:07+00:00\",\"dateModified\":\"2026-03-02T16:14:04+00:00\",\"description\":\"Aumenta l'efficienza della tua cucina con l'affettatrice per pane Dito Sama. Esplora la nostra gamma di attrezzature di livello professionale!\",\"breadcrumb\":{\"@id\":\"https:\/\/www.ditosama.com\/it\/prodotti\/affettapane\/#breadcrumb\"},\"inLanguage\":\"it-IT\",\"potentialAction\":[{\"@type\":\"ReadAction\",\"target\":[\"https:\/\/www.ditosama.com\/it\/prodotti\/affettapane\/\"]}]},{\"@type\":\"ImageObject\",\"inLanguage\":\"it-IT\",\"@id\":\"https:\/\/www.ditosama.com\/it\/prodotti\/affettapane\/#primaryimage\",\"url\":\"https:\/\/www.ditosama.com\/wp-content\/uploads\/2023\/09\/copertina-cpx-bassa-1.jpg\",\"contentUrl\":\"https:\/\/www.ditosama.com\/wp-content\/uploads\/2023\/09\/copertina-cpx-bassa-1.jpg\",\"width\":2560,\"height\":1027},{\"@type\":\"BreadcrumbList\",\"@id\":\"https:\/\/www.ditosama.com\/it\/prodotti\/affettapane\/#breadcrumb\",\"itemListElement\":[{\"@type\":\"ListItem\",\"position\":1,\"name\":\"Home\",\"item\":\"https:\/\/www.ditosama.com\/it\/\"},{\"@type\":\"ListItem\",\"position\":2,\"name\":\"Prodotti\",\"item\":\"https:\/\/www.ditosama.com\/it\/prodotti\/\"},{\"@type\":\"ListItem\",\"position\":3,\"name\":\"Affettatrici per pane\"}]},{\"@type\":\"WebSite\",\"@id\":\"https:\/\/www.ditosama.com\/en\/#website\",\"url\":\"https:\/\/www.ditosama.com\/en\/\",\"name\":\"Dito Sama\",\"description\":\"\",\"potentialAction\":[{\"@type\":\"SearchAction\",\"target\":{\"@type\":\"EntryPoint\",\"urlTemplate\":\"https:\/\/www.ditosama.com\/en\/?s={search_term_string}\"},\"query-input\":{\"@type\":\"PropertyValueSpecification\",\"valueRequired\":true,\"valueName\":\"search_term_string\"}}],\"inLanguage\":\"it-IT\"}]}<\/script>\n<!-- \/ Yoast SEO plugin. -->","yoast_head_json":{"title":"Affettatrici per pane | Dito Sama","description":"Aumenta l'efficienza della tua cucina con l'affettatrice per pane Dito Sama. Esplora la nostra gamma di attrezzature di livello professionale!","robots":{"index":"index","follow":"follow","max-snippet":"max-snippet:-1","max-image-preview":"max-image-preview:large","max-video-preview":"max-video-preview:-1"},"canonical":"https:\/\/www.ditosama.com\/it\/wp-json\/wp\/v2\/pages\/850","og_locale":"it_IT","og_type":"article","og_title":"Affettatrici per pane | Dito Sama","og_description":"Aumenta l'efficienza della tua cucina con l'affettatrice per pane Dito Sama. Esplora la nostra gamma di attrezzature di livello professionale!","og_url":"https:\/\/www.ditosama.com\/it\/prodotti\/affettapane\/","og_site_name":"Dito Sama","article_modified_time":"2026-03-02T16:14:04+00:00","og_image":[{"width":2560,"height":1027,"url":"https:\/\/www.ditosama.com\/wp-content\/uploads\/2023\/09\/copertina-cpx-bassa-1.jpg","type":"image\/jpeg"}],"twitter_card":"summary_large_image","twitter_misc":{"Tempo di lettura stimato":"2 minuti"},"schema":{"@context":"https:\/\/schema.org","@graph":[{"@type":"WebPage","@id":"https:\/\/www.ditosama.com\/it\/prodotti\/affettapane\/","url":"https:\/\/www.ditosama.com\/it\/prodotti\/affettapane\/","name":"Affettatrici per pane | Dito Sama","isPartOf":{"@id":"https:\/\/www.ditosama.com\/en\/#website"},"primaryImageOfPage":{"@id":"https:\/\/www.ditosama.com\/it\/prodotti\/affettapane\/#primaryimage"},"image":{"@id":"https:\/\/www.ditosama.com\/it\/prodotti\/affettapane\/#primaryimage"},"thumbnailUrl":"https:\/\/www.ditosama.com\/wp-content\/uploads\/2023\/09\/copertina-cpx-bassa-1.jpg","datePublished":"2022-12-06T08:45:07+00:00","dateModified":"2026-03-02T16:14:04+00:00","description":"Aumenta l'efficienza della tua cucina con l'affettatrice per pane Dito Sama. Esplora la nostra gamma di attrezzature di livello professionale!","breadcrumb":{"@id":"https:\/\/www.ditosama.com\/it\/prodotti\/affettapane\/#breadcrumb"},"inLanguage":"it-IT","potentialAction":[{"@type":"ReadAction","target":["https:\/\/www.ditosama.com\/it\/prodotti\/affettapane\/"]}]},{"@type":"ImageObject","inLanguage":"it-IT","@id":"https:\/\/www.ditosama.com\/it\/prodotti\/affettapane\/#primaryimage","url":"https:\/\/www.ditosama.com\/wp-content\/uploads\/2023\/09\/copertina-cpx-bassa-1.jpg","contentUrl":"https:\/\/www.ditosama.com\/wp-content\/uploads\/2023\/09\/copertina-cpx-bassa-1.jpg","width":2560,"height":1027},{"@type":"BreadcrumbList","@id":"https:\/\/www.ditosama.com\/it\/prodotti\/affettapane\/#breadcrumb","itemListElement":[{"@type":"ListItem","position":1,"name":"Home","item":"https:\/\/www.ditosama.com\/it\/"},{"@type":"ListItem","position":2,"name":"Prodotti","item":"https:\/\/www.ditosama.com\/it\/prodotti\/"},{"@type":"ListItem","position":3,"name":"Affettatrici per pane"}]},{"@type":"WebSite","@id":"https:\/\/www.ditosama.com\/en\/#website","url":"https:\/\/www.ditosama.com\/en\/","name":"Dito Sama","description":"","potentialAction":[{"@type":"SearchAction","target":{"@type":"EntryPoint","urlTemplate":"https:\/\/www.ditosama.com\/en\/?s={search_term_string}"},"query-input":{"@type":"PropertyValueSpecification","valueRequired":true,"valueName":"search_term_string"}}],"inLanguage":"it-IT"}]}},"_links":{"self":[{"href":"https:\/\/www.ditosama.com\/it\/wp-json\/wp\/v2\/pages\/850","targetHints":{"allow":["GET"]}}],"collection":[{"href":"https:\/\/www.ditosama.com\/it\/wp-json\/wp\/v2\/pages"}],"about":[{"href":"https:\/\/www.ditosama.com\/it\/wp-json\/wp\/v2\/types\/page"}],"author":[{"embeddable":true,"href":"https:\/\/www.ditosama.com\/it\/wp-json\/wp\/v2\/users\/1"}],"replies":[{"embeddable":true,"href":"https:\/\/www.ditosama.com\/it\/wp-json\/wp\/v2\/comments?post=850"}],"version-history":[{"count":10,"href":"https:\/\/www.ditosama.com\/it\/wp-json\/wp\/v2\/pages\/850\/revisions"}],"predecessor-version":[{"id":32334,"href":"https:\/\/www.ditosama.com\/it\/wp-json\/wp\/v2\/pages\/850\/revisions\/32334"}],"up":[{"embeddable":true,"href":"https:\/\/www.ditosama.com\/it\/wp-json\/wp\/v2\/pages\/3436"}],"wp:featuredmedia":[{"embeddable":true,"href":"https:\/\/www.ditosama.com\/it\/wp-json\/wp\/v2\/media\/11585"}],"wp:attachment":[{"href":"https:\/\/www.ditosama.com\/it\/wp-json\/wp\/v2\/media?parent=850"}],"curies":[{"name":"wp","href":"https:\/\/api.w.org\/{rel}","templated":true}]}}