{"id":998,"date":"2022-12-06T08:45:07","date_gmt":"2022-12-06T08:45:07","guid":{"rendered":"https:\/\/www.ditosama.com\/bread-slicer\/"},"modified":"2026-03-04T12:36:25","modified_gmt":"2026-03-04T12:36:25","slug":"coupe-pain","status":"publish","type":"page","link":"https:\/\/www.ditosama.com\/fr\/products\/coupe-pain\/","title":{"rendered":"Trancheuses \u00e0 pain"},"content":{"rendered":"<section class=\"wpb-content-wrapper\"><p>[vc_row full_width=\u00a0\u00bbc21-full-width-no-padding\u00a0\u00bb][vc_column][vc_empty_space height=\u00a0\u00bb45px\u00a0\u00bb][\/vc_column][\/vc_row][vc_row][vc_column][c21_image_text image=\u00a0\u00bb126&Prime; image_position=\u00a0\u00bbleft\u00a0\u00bb title=\u00a0\u00bbUne coupe r\u00e9guli\u00e8re, tranche apr\u00e8s tranche\u00a0\u00bb subtitle=\u00a0\u00bb\u00a0\u00bb text=\u00a0\u00bbNotre coupe pain professionnel poss\u00e8de des lames sp\u00e9cialement con\u00e7ues pour ne pas \u00e9craser le pain et optimiser la coupe pour une excellente pr\u00e9sentation en tranches. La machine est extr\u00eamement facile \u00e0 utiliser : le processus de coupe commence automatiquement une fois le pain ins\u00e9r\u00e9 dans la goulotte en acier inoxydable. Le panneau de commande \u00e0 bouton tactile est \u00e9tanche et plat pour \u00e9viter l\u2019accumulation des miettes. Pour renforcer la s\u00e9curit\u00e9 de l\u2019op\u00e9rateur, en particulier pendant le nettoyage, le moteur s\u2019\u00e9teint automatiquement lorsque la porte de la goulotte est soulev\u00e9e.\u00a0\u00bb][\/vc_column][\/vc_row][vc_row full_width=\u00a0\u00bbc21-full-width-no-padding\u00a0\u00bb][vc_column]<div class=\"com21-product-filter-container 2\"\n                    <!-- PROD FILTER -->\n                    \n                    <div class=\"container\">\n                        <h2 class=\"text-left\">\n                            Product line\n                            <span class=\"product_counter\">2<\/span>\n                        <\/h2>\n                    <\/div>\n                    <div class=\"specification-filter\">\n                        <div class=\"toggle-filter-container\">\n                            <div class=\"container text-center\">\n                                <a href=\"#filter\" class=\"toggle-filter small-toggle\" data-target=\".category-filter\"  data-class-toggle=\"category-filter-show\" aria-pressed=\"false\" role=\"button\" id=\"open-product-features\">Filter<\/a>\n                            <\/div>\n                        <\/div>\n                        <div class=\"category-filter \">\n                            <div class=\"container\">\n                    <div class=\"row\"><\/div>\n        \n                                <div class=\"row\">\n                                    <div class=\"col-md-6 text-left\">\n                                        <span class=\"number-of-products\"><span id=\"number-of-products\">2<\/span> Products<\/span> <a href=\"#\" class=\"btn btn-secondary-bordered\" id=\"filter-reset-btn\">Reset<\/a>\n                                    <\/div>\n                                    <div class=\"col-md-6 text-right\">\n                                        <a href=\"#\" class=\"close-toggle no-pd-toggle\" data-parent=\"open-product-features\"  aria-pressed=\"true\" role=\"button\">Close<\/a>\n                                    <\/div>\n                                <\/div>\n                                \n                            <\/div><!-- end container -->\n                        <\/div><!-- end category-filter -->\n                    <\/div><!-- end specification-filter -->\n        \n                    <!-- END PROD FILTER -->\n                    \n                    <!-- PROD LIST -->\n                    <div class=\"product-list container\">\n                        <!--Hidden parameters-->\n                        <input type=\"hidden\" name=\"navigation_level_1\" id=\"navigation_level_1\" value=\"X\">\n                        <input type=\"hidden\" name=\"navigation_level_2\" id=\"navigation_level_2\" value=\"M\">\n                        <input type=\"hidden\" name=\"navigation_level_3\" id=\"navigation_level_3\" value=\"C\">\n                        <input type=\"hidden\" name=\"navigation_level_4\" id=\"navigation_level_4\" value=\"\">\n                        <input type=\"hidden\" name=\"filter_id\" id=\"filter_id\" value=\"2\">\n                        <input type=\"hidden\" name=\"navigation_language\" id=\"navigation_language\" value=\"5002\">\n                        <input type=\"hidden\" name=\"navigation_language_code\" id=\"navigation_language\" value=\"5002\">\n                        <input type=\"hidden\" name=\"page_id\" id=\"page_id\" value=\"998\">\n                        <!--END Hidden parameters--><ul class=\"row\" ><li class=\"C21TE_viewItemList  col-sm-6 col-md-4 wow fadeIn single-product-list fix-list 601589\" data-index=\"0\" data-wow-delay=\"0ms\" data-name=\"Coupe-pains<br>Coupe-pains  \u00e9lectrique CPX\" data-id=\"601589\" data-category=\"fr\/products\/coupe pain\/\" data-list-name=\"Trancheuses \u00e0 pain\"><div class=\"product-list-item\"><div class=\"product-content\"><a class=\"C21TE_selectItem\"  href=\"https:\/\/www.ditosama.com\/fr\/products\/coupe-pain\/coupe-pains-coupe-pains-\u00e9lectrique-cpx-601589\/\" data-index=\"0\" data-name=\"Coupe-pains<br>Coupe-pains  \u00e9lectrique CPX\" data-id=\"601589\" data-category=\"fr\/products\/coupe pain\/\" data-list-name=\"Trancheuses \u00e0 pain\"><figure class=\"wow fadeIn image-dito-sama-2\" style=\"padding: 0px\"><img decoding=\"async\" src=\"https:\/\/tools.electroluxprofessional.com\/Mirror\/Doc\/PH_255x255%2FPH_601589_1_1_601589.jpg\" alt=\"Coupe-pains<br>Coupe-pains  \u00e9lectrique CPX\" ><\/figure><h3>Coupe-pains<br>Coupe-pains  \u00e9lectrique CPX<\/h3><\/a><div class=\"product-code\">601589<\/div><div class=\"product-model\">(DCPXF215)<\/div><div class=\"product-description\">Coupe-pain \u00e9lectrique inox.   D\u00e9bit horaire : 7000\/14000 tranches<\/div><\/div><div class=\"pre-actions\"><div class=\"reviews\"><\/div><div class=\"compare-product c21_product_compare form-check form-switch\"><label><input type=\"checkbox\" class=\"C21TG_comparison form-check-input product-comparer\" data-addedProduct=\"601589\">Compare<\/label><\/div><\/div><\/div> <!-- end product-list-item --><\/li><li class=\"C21TE_viewItemList  col-sm-6 col-md-4 wow fadeIn single-product-list fix-list 653180\" data-index=\"1\" data-wow-delay=\"0ms\" data-name=\"Coupe-pains<br>Table mobile pour coupe-pain \u00e9lectrique CPX\" data-id=\"653180\" data-category=\"fr\/products\/coupe pain\/\" data-list-name=\"Trancheuses \u00e0 pain\"><div class=\"product-list-item\"><div class=\"product-content\"><a class=\"C21TE_selectItem\"  href=\"https:\/\/www.ditosama.com\/fr\/products\/coupe-pain\/coupe-pains-table-mobile-pour-coupe-pain-\u00e9lectrique-cpx-653180\/\" data-index=\"1\" data-name=\"Coupe-pains<br>Table mobile pour coupe-pain \u00e9lectrique CPX\" data-id=\"653180\" data-category=\"fr\/products\/coupe pain\/\" data-list-name=\"Trancheuses \u00e0 pain\"><figure class=\"wow fadeIn image-dito-sama-2\" style=\"padding: 0px\"><img decoding=\"async\" src=\"https:\/\/tools.electroluxprofessional.com\/Mirror\/Doc\/PH_255x255%2FPH_653180_1_3_653180.jpg\" alt=\"Coupe-pains<br>Table mobile pour coupe-pain \u00e9lectrique CPX\" ><\/figure><h3>Coupe-pains<br>Table mobile pour coupe-pain \u00e9lectrique CPX<\/h3><\/a><div class=\"product-code\">653180<\/div><div class=\"product-model\">(TT11)<\/div><div class=\"product-description\">Table mobile inox avec tablette rabattable et bac gastronorme 1\/1 <\/div><\/div><div class=\"pre-actions\"><div class=\"reviews\"><\/div><div class=\"compare-product c21_product_compare form-check form-switch\"><label><input type=\"checkbox\" class=\"C21TG_comparison form-check-input product-comparer\" data-addedProduct=\"653180\">Compare<\/label><\/div><\/div><\/div> <!-- end product-list-item --><\/li>\n                        <\/ul>\n                        <div class=\"text-center more-products\">\n                        <\/div>\n                    <\/div>\n                    <!-- END PRODUCT LIST -->\n                    <\/div>\n                    <!-- END PRODUCT LIST -->[\/vc_column][\/vc_row][vc_row full_width=\u00a0\u00bbc21-full-width-no-padding\u00a0\u00bb][vc_column][c21_image_text_full image=\u00a0\u00bb290&Prime; image_position=\u00a0\u00bbleft\u00a0\u00bb title=\u00a0\u00bbENVIE D\u2019EN SAVOIR PLUS ?\u00a0\u00bb text=\u00a0\u00bbContactez-nous pour en savoir plus sur les avantages de notre coupe pain professionnel.\u00a0\u00bb link=\u00a0\u00bburl:https%3A%2F%2Fwww.ditosama.com%2Ffr%2Fcontactez-nous%2F|title:Contactez-nous\u00a0\u00bb][\/vc_column][\/vc_row]<\/p>\n<\/section>","protected":false},"excerpt":{"rendered":"<p>[vc_row full_width=\u00a0\u00bbc21-full-width-no-padding\u00a0\u00bb][vc_column][vc_empty_space height=\u00a0\u00bb45px\u00a0\u00bb][\/vc_column][\/vc_row][vc_row][vc_column][c21_image_text image=\u00a0\u00bb126&Prime; image_position=\u00a0\u00bbleft\u00a0\u00bb title=\u00a0\u00bbUne coupe r\u00e9guli\u00e8re, tranche apr\u00e8s tranche\u00a0\u00bb subtitle=\u00a0\u00bb\u00a0\u00bb text=\u00a0\u00bbNotre coupe pain professionnel poss\u00e8de des lames sp\u00e9cialement con\u00e7ues pour ne pas \u00e9craser le pain et optimiser la coupe pour une excellente pr\u00e9sentation en tranches. La machine est extr\u00eamement facile \u00e0 utiliser : le processus de coupe commence automatiquement une fois le pain [&hellip;]<\/p>\n","protected":false},"author":1,"featured_media":11583,"parent":3442,"menu_order":0,"comment_status":"closed","ping_status":"closed","template":"","meta":{"inline_featured_image":false,"footnotes":""},"class_list":["post-998","page","type-page","status-publish","has-post-thumbnail","hentry"],"acf":[],"yoast_head":"<!-- This site is optimized with the Yoast SEO plugin v26.1.1 - https:\/\/yoast.com\/wordpress\/plugins\/seo\/ -->\n<title>Coupe-pain | Dito Sama<\/title>\n<meta name=\"description\" content=\"Boostez l&#039;efficacit\u00e9 de votre cuisine avec le coupe-pain de Dito Sama. D\u00e9couvrez notre gamme d&#039;\u00e9quipements professionnels!\" \/>\n<meta name=\"robots\" content=\"index, follow, max-snippet:-1, max-image-preview:large, max-video-preview:-1\" \/>\n<link rel=\"canonical\" href=\"https:\/\/www.ditosama.com\/fr\/wp-json\/wp\/v2\/pages\/998\" \/>\n<meta property=\"og:locale\" content=\"fr_FR\" \/>\n<meta property=\"og:type\" content=\"article\" \/>\n<meta property=\"og:title\" content=\"Coupe-pain | Dito Sama\" \/>\n<meta property=\"og:description\" content=\"Boostez l&#039;efficacit\u00e9 de votre cuisine avec le coupe-pain de Dito Sama. D\u00e9couvrez notre gamme d&#039;\u00e9quipements professionnels!\" \/>\n<meta property=\"og:url\" content=\"https:\/\/www.ditosama.com\/fr\/products\/coupe-pain\/\" \/>\n<meta property=\"og:site_name\" content=\"Dito Sama\" \/>\n<meta property=\"article:modified_time\" content=\"2026-03-04T12:36:25+00:00\" \/>\n<meta property=\"og:image\" content=\"https:\/\/www.ditosama.com\/wp-content\/uploads\/2023\/09\/copertina-cpx-bassa-1.jpg\" \/>\n\t<meta property=\"og:image:width\" content=\"2560\" \/>\n\t<meta property=\"og:image:height\" content=\"1027\" \/>\n\t<meta property=\"og:image:type\" content=\"image\/jpeg\" \/>\n<meta name=\"twitter:card\" content=\"summary_large_image\" \/>\n<meta name=\"twitter:label1\" content=\"Dur\u00e9e de lecture estim\u00e9e\" \/>\n\t<meta name=\"twitter:data1\" content=\"2 minutes\" \/>\n<script type=\"application\/ld+json\" class=\"yoast-schema-graph\">{\"@context\":\"https:\/\/schema.org\",\"@graph\":[{\"@type\":\"WebPage\",\"@id\":\"https:\/\/www.ditosama.com\/fr\/products\/coupe-pain\/\",\"url\":\"https:\/\/www.ditosama.com\/fr\/products\/coupe-pain\/\",\"name\":\"Coupe-pain | Dito Sama\",\"isPartOf\":{\"@id\":\"https:\/\/www.ditosama.com\/en\/#website\"},\"primaryImageOfPage\":{\"@id\":\"https:\/\/www.ditosama.com\/fr\/products\/coupe-pain\/#primaryimage\"},\"image\":{\"@id\":\"https:\/\/www.ditosama.com\/fr\/products\/coupe-pain\/#primaryimage\"},\"thumbnailUrl\":\"https:\/\/www.ditosama.com\/wp-content\/uploads\/2023\/09\/copertina-cpx-bassa-1.jpg\",\"datePublished\":\"2022-12-06T08:45:07+00:00\",\"dateModified\":\"2026-03-04T12:36:25+00:00\",\"description\":\"Boostez l'efficacit\u00e9 de votre cuisine avec le coupe-pain de Dito Sama. D\u00e9couvrez notre gamme d'\u00e9quipements professionnels!\",\"breadcrumb\":{\"@id\":\"https:\/\/www.ditosama.com\/fr\/products\/coupe-pain\/#breadcrumb\"},\"inLanguage\":\"fr-FR\",\"potentialAction\":[{\"@type\":\"ReadAction\",\"target\":[\"https:\/\/www.ditosama.com\/fr\/products\/coupe-pain\/\"]}]},{\"@type\":\"ImageObject\",\"inLanguage\":\"fr-FR\",\"@id\":\"https:\/\/www.ditosama.com\/fr\/products\/coupe-pain\/#primaryimage\",\"url\":\"https:\/\/www.ditosama.com\/wp-content\/uploads\/2023\/09\/copertina-cpx-bassa-1.jpg\",\"contentUrl\":\"https:\/\/www.ditosama.com\/wp-content\/uploads\/2023\/09\/copertina-cpx-bassa-1.jpg\",\"width\":2560,\"height\":1027},{\"@type\":\"BreadcrumbList\",\"@id\":\"https:\/\/www.ditosama.com\/fr\/products\/coupe-pain\/#breadcrumb\",\"itemListElement\":[{\"@type\":\"ListItem\",\"position\":1,\"name\":\"Home\",\"item\":\"https:\/\/www.ditosama.com\/fr\/\"},{\"@type\":\"ListItem\",\"position\":2,\"name\":\"Products\",\"item\":\"https:\/\/www.ditosama.com\/fr\/products\/\"},{\"@type\":\"ListItem\",\"position\":3,\"name\":\"Trancheuses \u00e0 pain\"}]},{\"@type\":\"WebSite\",\"@id\":\"https:\/\/www.ditosama.com\/en\/#website\",\"url\":\"https:\/\/www.ditosama.com\/en\/\",\"name\":\"Dito Sama\",\"description\":\"\",\"potentialAction\":[{\"@type\":\"SearchAction\",\"target\":{\"@type\":\"EntryPoint\",\"urlTemplate\":\"https:\/\/www.ditosama.com\/en\/?s={search_term_string}\"},\"query-input\":{\"@type\":\"PropertyValueSpecification\",\"valueRequired\":true,\"valueName\":\"search_term_string\"}}],\"inLanguage\":\"fr-FR\"}]}<\/script>\n<!-- \/ Yoast SEO plugin. -->","yoast_head_json":{"title":"Coupe-pain | Dito Sama","description":"Boostez l'efficacit\u00e9 de votre cuisine avec le coupe-pain de Dito Sama. D\u00e9couvrez notre gamme d'\u00e9quipements professionnels!","robots":{"index":"index","follow":"follow","max-snippet":"max-snippet:-1","max-image-preview":"max-image-preview:large","max-video-preview":"max-video-preview:-1"},"canonical":"https:\/\/www.ditosama.com\/fr\/wp-json\/wp\/v2\/pages\/998","og_locale":"fr_FR","og_type":"article","og_title":"Coupe-pain | Dito Sama","og_description":"Boostez l'efficacit\u00e9 de votre cuisine avec le coupe-pain de Dito Sama. D\u00e9couvrez notre gamme d'\u00e9quipements professionnels!","og_url":"https:\/\/www.ditosama.com\/fr\/products\/coupe-pain\/","og_site_name":"Dito Sama","article_modified_time":"2026-03-04T12:36:25+00:00","og_image":[{"width":2560,"height":1027,"url":"https:\/\/www.ditosama.com\/wp-content\/uploads\/2023\/09\/copertina-cpx-bassa-1.jpg","type":"image\/jpeg"}],"twitter_card":"summary_large_image","twitter_misc":{"Dur\u00e9e de lecture estim\u00e9e":"2 minutes"},"schema":{"@context":"https:\/\/schema.org","@graph":[{"@type":"WebPage","@id":"https:\/\/www.ditosama.com\/fr\/products\/coupe-pain\/","url":"https:\/\/www.ditosama.com\/fr\/products\/coupe-pain\/","name":"Coupe-pain | Dito Sama","isPartOf":{"@id":"https:\/\/www.ditosama.com\/en\/#website"},"primaryImageOfPage":{"@id":"https:\/\/www.ditosama.com\/fr\/products\/coupe-pain\/#primaryimage"},"image":{"@id":"https:\/\/www.ditosama.com\/fr\/products\/coupe-pain\/#primaryimage"},"thumbnailUrl":"https:\/\/www.ditosama.com\/wp-content\/uploads\/2023\/09\/copertina-cpx-bassa-1.jpg","datePublished":"2022-12-06T08:45:07+00:00","dateModified":"2026-03-04T12:36:25+00:00","description":"Boostez l'efficacit\u00e9 de votre cuisine avec le coupe-pain de Dito Sama. D\u00e9couvrez notre gamme d'\u00e9quipements professionnels!","breadcrumb":{"@id":"https:\/\/www.ditosama.com\/fr\/products\/coupe-pain\/#breadcrumb"},"inLanguage":"fr-FR","potentialAction":[{"@type":"ReadAction","target":["https:\/\/www.ditosama.com\/fr\/products\/coupe-pain\/"]}]},{"@type":"ImageObject","inLanguage":"fr-FR","@id":"https:\/\/www.ditosama.com\/fr\/products\/coupe-pain\/#primaryimage","url":"https:\/\/www.ditosama.com\/wp-content\/uploads\/2023\/09\/copertina-cpx-bassa-1.jpg","contentUrl":"https:\/\/www.ditosama.com\/wp-content\/uploads\/2023\/09\/copertina-cpx-bassa-1.jpg","width":2560,"height":1027},{"@type":"BreadcrumbList","@id":"https:\/\/www.ditosama.com\/fr\/products\/coupe-pain\/#breadcrumb","itemListElement":[{"@type":"ListItem","position":1,"name":"Home","item":"https:\/\/www.ditosama.com\/fr\/"},{"@type":"ListItem","position":2,"name":"Products","item":"https:\/\/www.ditosama.com\/fr\/products\/"},{"@type":"ListItem","position":3,"name":"Trancheuses \u00e0 pain"}]},{"@type":"WebSite","@id":"https:\/\/www.ditosama.com\/en\/#website","url":"https:\/\/www.ditosama.com\/en\/","name":"Dito Sama","description":"","potentialAction":[{"@type":"SearchAction","target":{"@type":"EntryPoint","urlTemplate":"https:\/\/www.ditosama.com\/en\/?s={search_term_string}"},"query-input":{"@type":"PropertyValueSpecification","valueRequired":true,"valueName":"search_term_string"}}],"inLanguage":"fr-FR"}]}},"_links":{"self":[{"href":"https:\/\/www.ditosama.com\/fr\/wp-json\/wp\/v2\/pages\/998","targetHints":{"allow":["GET"]}}],"collection":[{"href":"https:\/\/www.ditosama.com\/fr\/wp-json\/wp\/v2\/pages"}],"about":[{"href":"https:\/\/www.ditosama.com\/fr\/wp-json\/wp\/v2\/types\/page"}],"author":[{"embeddable":true,"href":"https:\/\/www.ditosama.com\/fr\/wp-json\/wp\/v2\/users\/1"}],"replies":[{"embeddable":true,"href":"https:\/\/www.ditosama.com\/fr\/wp-json\/wp\/v2\/comments?post=998"}],"version-history":[{"count":10,"href":"https:\/\/www.ditosama.com\/fr\/wp-json\/wp\/v2\/pages\/998\/revisions"}],"predecessor-version":[{"id":32637,"href":"https:\/\/www.ditosama.com\/fr\/wp-json\/wp\/v2\/pages\/998\/revisions\/32637"}],"up":[{"embeddable":true,"href":"https:\/\/www.ditosama.com\/fr\/wp-json\/wp\/v2\/pages\/3442"}],"wp:featuredmedia":[{"embeddable":true,"href":"https:\/\/www.ditosama.com\/fr\/wp-json\/wp\/v2\/media\/11583"}],"wp:attachment":[{"href":"https:\/\/www.ditosama.com\/fr\/wp-json\/wp\/v2\/media?parent=998"}],"curies":[{"name":"wp","href":"https:\/\/api.w.org\/{rel}","templated":true}]}}