{"id":2820,"date":"2024-03-28T08:03:34","date_gmt":"2024-03-28T08:03:34","guid":{"rendered":"https:\/\/www.ditosama.com\/services\/"},"modified":"2025-09-26T06:38:07","modified_gmt":"2025-09-26T06:38:07","slug":"services","status":"publish","type":"page","link":"https:\/\/www.ditosama.com\/fr\/services\/","title":{"rendered":"Services"},"content":{"rendered":"<section class=\"wpb-content-wrapper\"><p>[vc_row][vc_column][vc_empty_space][vc_column_text]<\/p>\n<h3>Un accompagnement complet, bien au-del\u00e0 du mat\u00e9riel<\/h3>\n<p>[\/vc_column_text][vc_column_text]Chez Dito Sama, notre engagement d\u00e9passe la simple fabrication de mat\u00e9riel de cuisine haut de gamme. Nous mettons \u00e0 votre disposition une large gamme de services pour vous aider \u00e0 optimiser la performance et la long\u00e9vit\u00e9 de vos \u00e9quipements \u2014 de l\u2019enregistrement de votre produit \u00e0 une documentation d\u00e9taill\u00e9e, sans oublier un support technique permanent.[\/vc_column_text][vc_empty_space][\/vc_column][\/vc_row][vc_row][vc_column][vc_column_text]<\/p>\n<h3>Ce que nous vous offrons<\/h3>\n<p>[\/vc_column_text][vc_column_text]<strong>Support technique et assistance<br \/>\n<\/strong>Notre \u00e9quipe d\u2019experts est \u00e0 votre \u00e9coute pour r\u00e9pondre \u00e0 toutes vos questions techniques ou r\u00e9soudre vos \u00e9ventuels probl\u00e8mes. Que ce soit pour mieux comprendre une fonctionnalit\u00e9 ou pour un d\u00e9pannage, nous sommes accessibles par t\u00e9l\u00e9phone ou via email.[\/vc_column_text][vc_empty_space][\/vc_column][\/vc_row][vc_row][vc_column][vc_column_text]<strong>Maintenance et r\u00e9parations<br \/>\n<\/strong>Gr\u00e2ce \u00e0 notre r\u00e9seau de partenaires qualifi\u00e9s, nous proposons des contrats d\u2019entretien pr\u00e9ventif ainsi que des interventions rapides, afin de r\u00e9duire les temps d\u2019arr\u00eat et garantir la fiabilit\u00e9 de vos \u00e9quipements.[\/vc_column_text][vc_empty_space][\/vc_column][\/vc_row][vc_row][vc_column][vc_column_text]<strong>Disponibilit\u00e9 des pi\u00e8ces d\u00e9tach\u00e9es<br \/>\n<\/strong>Dito Sama assure la disponibilit\u00e9 des pi\u00e8ces d\u00e9tach\u00e9es d\u2019origine pendant au moins 10 ans apr\u00e8s votre achat, vous permettant d\u2019entretenir et r\u00e9parer facilement vos machines sur le long terme.[\/vc_column_text][vc_empty_space][\/vc_column][\/vc_row][vc_row][vc_column][vc_column_text]<strong>Enregistrement de votre produit<br \/>\n<\/strong>Enregistrez facilement votre \u00e9quipement pour b\u00e9n\u00e9ficier d\u2019un suivi personnalis\u00e9, de la garantie ainsi que des mises \u00e0 jour en temps r\u00e9el. Cela vous permet aussi de rester inform\u00e9 des nouveaut\u00e9s et conseils Dito Sama.[\/vc_column_text][c21_button cta=\u00a0\u00bburl:https%3A%2F%2Fwww.ditosama.com%2Ffr%2Fservices%2Fenregistrer-son-produit%2F|title:Learn%20more|target:_blank\u00a0\u00bb extra_class=\u00a0\u00bbEN SAVOIR PLUS\u00a0\u00bb][vc_empty_space height=\u00a0\u00bb80px\u00a0\u00bb][\/vc_column][\/vc_row][vc_row][vc_column][vc_column_text]<strong>Documentation compl\u00e8te<br \/>\n<\/strong>Acc\u00e9dez en un clic aux manuels d\u2019utilisation, guides d\u2019entretien et fiches techniques de tous nos produits. Notre documentation exhaustive vous accompagne pour utiliser, entretenir et d\u00e9panner vos \u00e9quipements en toute s\u00e9r\u00e9nit\u00e9.[\/vc_column_text][c21_button cta=\u00a0\u00bburl:https%3A%2F%2Fwww.ditosama.com%2Ffr%2Fservices%2Fdocumentation%2F|title:Learn%20more|target:_blank\u00a0\u00bb extra_class=\u00a0\u00bbEN SAVOIR PLUS\u00a0\u00bb][vc_empty_space height=\u00a0\u00bb80px\u00a0\u00bb][\/vc_column][\/vc_row][vc_row][vc_column][vc_column_text]<\/p>\n<h3>Pr\u00eat \u00e0 exploiter pleinement le potentiel de votre mat\u00e9riel?<\/h3>\n<p>Enregistrez votre produit d\u00e8s aujourd\u2019hui et profitez de notre offre compl\u00e8te de services et de documentation. Avec Dito Sama, vous b\u00e9n\u00e9ficiez d\u2019un accompagnement sur-mesure pour r\u00e9ussir au quotidien en cuisine.[\/vc_column_text][\/vc_column][\/vc_row]<\/p>\n<\/section>","protected":false},"excerpt":{"rendered":"<p>[vc_row][vc_column][vc_empty_space][vc_column_text] Un accompagnement complet, bien au-del\u00e0 du mat\u00e9riel [\/vc_column_text][vc_column_text]Chez Dito Sama, notre engagement d\u00e9passe la simple fabrication de mat\u00e9riel de cuisine haut de gamme. Nous mettons \u00e0 votre disposition une large gamme de services pour vous aider \u00e0 optimiser la performance et la long\u00e9vit\u00e9 de vos \u00e9quipements \u2014 de l\u2019enregistrement de votre produit \u00e0 une [&hellip;]<\/p>\n","protected":false},"author":1,"featured_media":0,"parent":0,"menu_order":0,"comment_status":"closed","ping_status":"closed","template":"","meta":{"inline_featured_image":false,"footnotes":""},"class_list":["post-2820","page","type-page","status-publish","hentry"],"acf":[],"yoast_head":"<!-- This site is optimized with the Yoast SEO plugin v26.1.1 - https:\/\/yoast.com\/wordpress\/plugins\/seo\/ -->\n<title>Services | Dito Sama<\/title>\n<meta name=\"robots\" content=\"index, follow, max-snippet:-1, max-image-preview:large, max-video-preview:-1\" \/>\n<link rel=\"canonical\" href=\"https:\/\/www.ditosama.com\/fr\/wp-json\/wp\/v2\/pages\/2820\" \/>\n<meta property=\"og:locale\" content=\"fr_FR\" \/>\n<meta property=\"og:type\" content=\"article\" \/>\n<meta property=\"og:title\" content=\"Services | Dito Sama\" \/>\n<meta property=\"og:description\" content=\"[vc_row][vc_column][vc_empty_space][vc_column_text] Un accompagnement complet, bien au-del\u00e0 du mat\u00e9riel [\/vc_column_text][vc_column_text]Chez Dito Sama, notre engagement d\u00e9passe la simple fabrication de mat\u00e9riel de cuisine haut de gamme. Nous mettons \u00e0 votre disposition une large gamme de services pour vous aider \u00e0 optimiser la performance et la long\u00e9vit\u00e9 de vos \u00e9quipements \u2014 de l\u2019enregistrement de votre produit \u00e0 une [&hellip;]\" \/>\n<meta property=\"og:url\" content=\"https:\/\/www.ditosama.com\/fr\/services\/\" \/>\n<meta property=\"og:site_name\" content=\"Dito Sama\" \/>\n<meta property=\"article:modified_time\" content=\"2025-09-26T06:38:07+00:00\" \/>\n<meta name=\"twitter:card\" content=\"summary_large_image\" \/>\n<meta name=\"twitter:label1\" content=\"Dur\u00e9e de lecture estim\u00e9e\" \/>\n\t<meta name=\"twitter:data1\" content=\"2 minutes\" \/>\n<script type=\"application\/ld+json\" class=\"yoast-schema-graph\">{\"@context\":\"https:\/\/schema.org\",\"@graph\":[{\"@type\":\"WebPage\",\"@id\":\"https:\/\/www.ditosama.com\/fr\/services\/\",\"url\":\"https:\/\/www.ditosama.com\/fr\/services\/\",\"name\":\"Services | Dito Sama\",\"isPartOf\":{\"@id\":\"https:\/\/www.ditosama.com\/en\/#website\"},\"datePublished\":\"2024-03-28T08:03:34+00:00\",\"dateModified\":\"2025-09-26T06:38:07+00:00\",\"breadcrumb\":{\"@id\":\"https:\/\/www.ditosama.com\/fr\/services\/#breadcrumb\"},\"inLanguage\":\"fr-FR\",\"potentialAction\":[{\"@type\":\"ReadAction\",\"target\":[\"https:\/\/www.ditosama.com\/fr\/services\/\"]}]},{\"@type\":\"BreadcrumbList\",\"@id\":\"https:\/\/www.ditosama.com\/fr\/services\/#breadcrumb\",\"itemListElement\":[{\"@type\":\"ListItem\",\"position\":1,\"name\":\"Home\",\"item\":\"https:\/\/www.ditosama.com\/fr\/\"},{\"@type\":\"ListItem\",\"position\":2,\"name\":\"Services\"}]},{\"@type\":\"WebSite\",\"@id\":\"https:\/\/www.ditosama.com\/en\/#website\",\"url\":\"https:\/\/www.ditosama.com\/en\/\",\"name\":\"Dito Sama\",\"description\":\"\",\"potentialAction\":[{\"@type\":\"SearchAction\",\"target\":{\"@type\":\"EntryPoint\",\"urlTemplate\":\"https:\/\/www.ditosama.com\/en\/?s={search_term_string}\"},\"query-input\":{\"@type\":\"PropertyValueSpecification\",\"valueRequired\":true,\"valueName\":\"search_term_string\"}}],\"inLanguage\":\"fr-FR\"}]}<\/script>\n<!-- \/ Yoast SEO plugin. -->","yoast_head_json":{"title":"Services | Dito Sama","robots":{"index":"index","follow":"follow","max-snippet":"max-snippet:-1","max-image-preview":"max-image-preview:large","max-video-preview":"max-video-preview:-1"},"canonical":"https:\/\/www.ditosama.com\/fr\/wp-json\/wp\/v2\/pages\/2820","og_locale":"fr_FR","og_type":"article","og_title":"Services | Dito Sama","og_description":"[vc_row][vc_column][vc_empty_space][vc_column_text] Un accompagnement complet, bien au-del\u00e0 du mat\u00e9riel [\/vc_column_text][vc_column_text]Chez Dito Sama, notre engagement d\u00e9passe la simple fabrication de mat\u00e9riel de cuisine haut de gamme. Nous mettons \u00e0 votre disposition une large gamme de services pour vous aider \u00e0 optimiser la performance et la long\u00e9vit\u00e9 de vos \u00e9quipements \u2014 de l\u2019enregistrement de votre produit \u00e0 une [&hellip;]","og_url":"https:\/\/www.ditosama.com\/fr\/services\/","og_site_name":"Dito Sama","article_modified_time":"2025-09-26T06:38:07+00:00","twitter_card":"summary_large_image","twitter_misc":{"Dur\u00e9e de lecture estim\u00e9e":"2 minutes"},"schema":{"@context":"https:\/\/schema.org","@graph":[{"@type":"WebPage","@id":"https:\/\/www.ditosama.com\/fr\/services\/","url":"https:\/\/www.ditosama.com\/fr\/services\/","name":"Services | Dito Sama","isPartOf":{"@id":"https:\/\/www.ditosama.com\/en\/#website"},"datePublished":"2024-03-28T08:03:34+00:00","dateModified":"2025-09-26T06:38:07+00:00","breadcrumb":{"@id":"https:\/\/www.ditosama.com\/fr\/services\/#breadcrumb"},"inLanguage":"fr-FR","potentialAction":[{"@type":"ReadAction","target":["https:\/\/www.ditosama.com\/fr\/services\/"]}]},{"@type":"BreadcrumbList","@id":"https:\/\/www.ditosama.com\/fr\/services\/#breadcrumb","itemListElement":[{"@type":"ListItem","position":1,"name":"Home","item":"https:\/\/www.ditosama.com\/fr\/"},{"@type":"ListItem","position":2,"name":"Services"}]},{"@type":"WebSite","@id":"https:\/\/www.ditosama.com\/en\/#website","url":"https:\/\/www.ditosama.com\/en\/","name":"Dito Sama","description":"","potentialAction":[{"@type":"SearchAction","target":{"@type":"EntryPoint","urlTemplate":"https:\/\/www.ditosama.com\/en\/?s={search_term_string}"},"query-input":{"@type":"PropertyValueSpecification","valueRequired":true,"valueName":"search_term_string"}}],"inLanguage":"fr-FR"}]}},"_links":{"self":[{"href":"https:\/\/www.ditosama.com\/fr\/wp-json\/wp\/v2\/pages\/2820","targetHints":{"allow":["GET"]}}],"collection":[{"href":"https:\/\/www.ditosama.com\/fr\/wp-json\/wp\/v2\/pages"}],"about":[{"href":"https:\/\/www.ditosama.com\/fr\/wp-json\/wp\/v2\/types\/page"}],"author":[{"embeddable":true,"href":"https:\/\/www.ditosama.com\/fr\/wp-json\/wp\/v2\/users\/1"}],"replies":[{"embeddable":true,"href":"https:\/\/www.ditosama.com\/fr\/wp-json\/wp\/v2\/comments?post=2820"}],"version-history":[{"count":5,"href":"https:\/\/www.ditosama.com\/fr\/wp-json\/wp\/v2\/pages\/2820\/revisions"}],"predecessor-version":[{"id":30847,"href":"https:\/\/www.ditosama.com\/fr\/wp-json\/wp\/v2\/pages\/2820\/revisions\/30847"}],"wp:attachment":[{"href":"https:\/\/www.ditosama.com\/fr\/wp-json\/wp\/v2\/media?parent=2820"}],"curies":[{"name":"wp","href":"https:\/\/api.w.org\/{rel}","templated":true}]}}