{"id":2812,"date":"2024-03-28T08:02:54","date_gmt":"2024-03-28T08:02:54","guid":{"rendered":"https:\/\/www.ditosama.com\/inspirations\/"},"modified":"2025-09-25T14:43:39","modified_gmt":"2025-09-25T14:43:39","slug":"inspirations","status":"publish","type":"page","link":"https:\/\/www.ditosama.com\/fr\/inspirations\/","title":{"rendered":"Inspirations"},"content":{"rendered":"<section class=\"wpb-content-wrapper\"><p>[vc_row][vc_column][vc_empty_space][vc_column_text]<\/p>\n<h2>Inspirez-vous!<\/h2>\n<p>[\/vc_column_text][vc_column_text]Chez Dito Sama, nous sommes convaincus que l\u2019innovation en cuisine passe avant tout par le bon mat\u00e9riel et les bonnes connaissances. Forts de pr\u00e8s de 80 ans d\u2019exp\u00e9rience au service des professionnels, nous vous accompagnons pour nourrir votre passion culinaire.[\/vc_column_text][vc_empty_space][\/vc_column][\/vc_row][vc_row][vc_column][vc_column_text]<\/p>\n<h3>Inspiration culinaire<\/h3>\n<p>Parcourez une s\u00e9lection exclusive de recettes et d\u2019id\u00e9es originales, pens\u00e9es pour r\u00e9v\u00e9ler tout le potentiel de nos \u00e9quipements. Que vous pr\u00e9pariez des p\u00e2tisseries fines ou des plats g\u00e9n\u00e9reux, nos inspirations sont l\u00e0 pour stimuler votre cr\u00e9ativit\u00e9.[\/vc_column_text][c21_button cta=\u00a0\u00bburl:https%3A%2F%2Fwww.ditosama.com%2Ffr%2Finspirations%2Finspiration-culinaire%2F|title:Learn%20more|target:_blank\u00a0\u00bb extra_class=\u00a0\u00bbEN SAVOIR PLUS\u00a0\u00bb][vc_empty_space height=\u00a0\u00bb80px\u00a0\u00bb][\/vc_column][\/vc_row][vc_row][vc_column][vc_column_text]<\/p>\n<h3>Conseils de pro<\/h3>\n<p>B\u00e9n\u00e9ficiez de notre savoir-faire acquis au fil des ann\u00e9es gr\u00e2ce \u00e0 des astuces et techniques \u00e9prouv\u00e9es. De l\u2019optimisation de vos pr\u00e9parations \u00e0 l\u2019entretien de vos machines, nos conseils pratiques vous aident \u00e0 gagner en efficacit\u00e9 et en performance dans votre cuisine.[\/vc_column_text][c21_button cta=\u00a0\u00bburl:https%3A%2F%2Fwww.ditosama.com%2Ffr%2Finspirations%2Fconseils%2F|title:Learn%20more|target:_blank\u00a0\u00bb extra_class=\u00a0\u00bbEN SAVOIR PLUS\u00a0\u00bb][vc_empty_space height=\u00a0\u00bb80px\u00a0\u00bb][\/vc_column][\/vc_row]<\/p>\n<\/section>","protected":false},"excerpt":{"rendered":"<p>[vc_row][vc_column][vc_empty_space][vc_column_text] Inspirez-vous! [\/vc_column_text][vc_column_text]Chez Dito Sama, nous sommes convaincus que l\u2019innovation en cuisine passe avant tout par le bon mat\u00e9riel et les bonnes connaissances. Forts de pr\u00e8s de 80 ans d\u2019exp\u00e9rience au service des professionnels, nous vous accompagnons pour nourrir votre passion culinaire.[\/vc_column_text][vc_empty_space][\/vc_column][\/vc_row][vc_row][vc_column][vc_column_text] Inspiration culinaire Parcourez une s\u00e9lection exclusive de recettes et d\u2019id\u00e9es originales, pens\u00e9es pour [&hellip;]<\/p>\n","protected":false},"author":1,"featured_media":0,"parent":0,"menu_order":0,"comment_status":"closed","ping_status":"closed","template":"","meta":{"inline_featured_image":false,"footnotes":""},"class_list":["post-2812","page","type-page","status-publish","hentry"],"acf":[],"yoast_head":"<!-- This site is optimized with the Yoast SEO plugin v26.1.1 - https:\/\/yoast.com\/wordpress\/plugins\/seo\/ -->\n<title>Inspirations - Dito Sama Global<\/title>\n<meta name=\"robots\" content=\"index, follow, max-snippet:-1, max-image-preview:large, max-video-preview:-1\" \/>\n<link rel=\"canonical\" href=\"https:\/\/www.ditosama.com\/fr\/wp-json\/wp\/v2\/pages\/2812\" \/>\n<meta property=\"og:locale\" content=\"fr_FR\" \/>\n<meta property=\"og:type\" content=\"article\" \/>\n<meta property=\"og:title\" content=\"Inspirations - Dito Sama Global\" \/>\n<meta property=\"og:description\" content=\"[vc_row][vc_column][vc_empty_space][vc_column_text] Inspirez-vous! [\/vc_column_text][vc_column_text]Chez Dito Sama, nous sommes convaincus que l\u2019innovation en cuisine passe avant tout par le bon mat\u00e9riel et les bonnes connaissances. Forts de pr\u00e8s de 80 ans d\u2019exp\u00e9rience au service des professionnels, nous vous accompagnons pour nourrir votre passion culinaire.[\/vc_column_text][vc_empty_space][\/vc_column][\/vc_row][vc_row][vc_column][vc_column_text] Inspiration culinaire Parcourez une s\u00e9lection exclusive de recettes et d\u2019id\u00e9es originales, pens\u00e9es pour [&hellip;]\" \/>\n<meta property=\"og:url\" content=\"https:\/\/www.ditosama.com\/fr\/inspirations\/\" \/>\n<meta property=\"og:site_name\" content=\"Dito Sama\" \/>\n<meta property=\"article:modified_time\" content=\"2025-09-25T14:43:39+00:00\" \/>\n<meta name=\"twitter:card\" content=\"summary_large_image\" \/>\n<meta name=\"twitter:label1\" content=\"Dur\u00e9e de lecture estim\u00e9e\" \/>\n\t<meta name=\"twitter:data1\" content=\"1 minute\" \/>\n<script type=\"application\/ld+json\" class=\"yoast-schema-graph\">{\"@context\":\"https:\/\/schema.org\",\"@graph\":[{\"@type\":\"WebPage\",\"@id\":\"https:\/\/www.ditosama.com\/fr\/inspirations\/\",\"url\":\"https:\/\/www.ditosama.com\/fr\/inspirations\/\",\"name\":\"Inspirations - Dito Sama Global\",\"isPartOf\":{\"@id\":\"https:\/\/www.ditosama.com\/en\/#website\"},\"datePublished\":\"2024-03-28T08:02:54+00:00\",\"dateModified\":\"2025-09-25T14:43:39+00:00\",\"breadcrumb\":{\"@id\":\"https:\/\/www.ditosama.com\/fr\/inspirations\/#breadcrumb\"},\"inLanguage\":\"fr-FR\",\"potentialAction\":[{\"@type\":\"ReadAction\",\"target\":[\"https:\/\/www.ditosama.com\/fr\/inspirations\/\"]}]},{\"@type\":\"BreadcrumbList\",\"@id\":\"https:\/\/www.ditosama.com\/fr\/inspirations\/#breadcrumb\",\"itemListElement\":[{\"@type\":\"ListItem\",\"position\":1,\"name\":\"Home\",\"item\":\"https:\/\/www.ditosama.com\/fr\/\"},{\"@type\":\"ListItem\",\"position\":2,\"name\":\"Inspirations\"}]},{\"@type\":\"WebSite\",\"@id\":\"https:\/\/www.ditosama.com\/en\/#website\",\"url\":\"https:\/\/www.ditosama.com\/en\/\",\"name\":\"Dito Sama\",\"description\":\"\",\"potentialAction\":[{\"@type\":\"SearchAction\",\"target\":{\"@type\":\"EntryPoint\",\"urlTemplate\":\"https:\/\/www.ditosama.com\/en\/?s={search_term_string}\"},\"query-input\":{\"@type\":\"PropertyValueSpecification\",\"valueRequired\":true,\"valueName\":\"search_term_string\"}}],\"inLanguage\":\"fr-FR\"}]}<\/script>\n<!-- \/ Yoast SEO plugin. -->","yoast_head_json":{"title":"Inspirations - Dito Sama Global","robots":{"index":"index","follow":"follow","max-snippet":"max-snippet:-1","max-image-preview":"max-image-preview:large","max-video-preview":"max-video-preview:-1"},"canonical":"https:\/\/www.ditosama.com\/fr\/wp-json\/wp\/v2\/pages\/2812","og_locale":"fr_FR","og_type":"article","og_title":"Inspirations - Dito Sama Global","og_description":"[vc_row][vc_column][vc_empty_space][vc_column_text] Inspirez-vous! [\/vc_column_text][vc_column_text]Chez Dito Sama, nous sommes convaincus que l\u2019innovation en cuisine passe avant tout par le bon mat\u00e9riel et les bonnes connaissances. Forts de pr\u00e8s de 80 ans d\u2019exp\u00e9rience au service des professionnels, nous vous accompagnons pour nourrir votre passion culinaire.[\/vc_column_text][vc_empty_space][\/vc_column][\/vc_row][vc_row][vc_column][vc_column_text] Inspiration culinaire Parcourez une s\u00e9lection exclusive de recettes et d\u2019id\u00e9es originales, pens\u00e9es pour [&hellip;]","og_url":"https:\/\/www.ditosama.com\/fr\/inspirations\/","og_site_name":"Dito Sama","article_modified_time":"2025-09-25T14:43:39+00:00","twitter_card":"summary_large_image","twitter_misc":{"Dur\u00e9e de lecture estim\u00e9e":"1 minute"},"schema":{"@context":"https:\/\/schema.org","@graph":[{"@type":"WebPage","@id":"https:\/\/www.ditosama.com\/fr\/inspirations\/","url":"https:\/\/www.ditosama.com\/fr\/inspirations\/","name":"Inspirations - Dito Sama Global","isPartOf":{"@id":"https:\/\/www.ditosama.com\/en\/#website"},"datePublished":"2024-03-28T08:02:54+00:00","dateModified":"2025-09-25T14:43:39+00:00","breadcrumb":{"@id":"https:\/\/www.ditosama.com\/fr\/inspirations\/#breadcrumb"},"inLanguage":"fr-FR","potentialAction":[{"@type":"ReadAction","target":["https:\/\/www.ditosama.com\/fr\/inspirations\/"]}]},{"@type":"BreadcrumbList","@id":"https:\/\/www.ditosama.com\/fr\/inspirations\/#breadcrumb","itemListElement":[{"@type":"ListItem","position":1,"name":"Home","item":"https:\/\/www.ditosama.com\/fr\/"},{"@type":"ListItem","position":2,"name":"Inspirations"}]},{"@type":"WebSite","@id":"https:\/\/www.ditosama.com\/en\/#website","url":"https:\/\/www.ditosama.com\/en\/","name":"Dito Sama","description":"","potentialAction":[{"@type":"SearchAction","target":{"@type":"EntryPoint","urlTemplate":"https:\/\/www.ditosama.com\/en\/?s={search_term_string}"},"query-input":{"@type":"PropertyValueSpecification","valueRequired":true,"valueName":"search_term_string"}}],"inLanguage":"fr-FR"}]}},"_links":{"self":[{"href":"https:\/\/www.ditosama.com\/fr\/wp-json\/wp\/v2\/pages\/2812","targetHints":{"allow":["GET"]}}],"collection":[{"href":"https:\/\/www.ditosama.com\/fr\/wp-json\/wp\/v2\/pages"}],"about":[{"href":"https:\/\/www.ditosama.com\/fr\/wp-json\/wp\/v2\/types\/page"}],"author":[{"embeddable":true,"href":"https:\/\/www.ditosama.com\/fr\/wp-json\/wp\/v2\/users\/1"}],"replies":[{"embeddable":true,"href":"https:\/\/www.ditosama.com\/fr\/wp-json\/wp\/v2\/comments?post=2812"}],"version-history":[{"count":5,"href":"https:\/\/www.ditosama.com\/fr\/wp-json\/wp\/v2\/pages\/2812\/revisions"}],"predecessor-version":[{"id":30793,"href":"https:\/\/www.ditosama.com\/fr\/wp-json\/wp\/v2\/pages\/2812\/revisions\/30793"}],"wp:attachment":[{"href":"https:\/\/www.ditosama.com\/fr\/wp-json\/wp\/v2\/media?parent=2812"}],"curies":[{"name":"wp","href":"https:\/\/api.w.org\/{rel}","templated":true}]}}