{"id":2801,"date":"2024-03-28T08:02:53","date_gmt":"2024-03-28T08:02:53","guid":{"rendered":"https:\/\/www.ditosama.com\/about-us\/"},"modified":"2025-09-25T14:12:14","modified_gmt":"2025-09-25T14:12:14","slug":"about-us","status":"publish","type":"page","link":"https:\/\/www.ditosama.com\/fr\/about-us\/","title":{"rendered":"About us"},"content":{"rendered":"<section class=\"wpb-content-wrapper\"><p>[vc_row][vc_column][vc_empty_space][vc_column_text]<\/p>\n<h2>\u00c0 propos de nous<\/h2>\n<p>[\/vc_column_text][vc_column_text]<\/p>\n<h3>Un h\u00e9ritage d\u2019excellence dans le mat\u00e9riel professionnel de cuisine<\/h3>\n<p>[\/vc_column_text][vc_column_text]Chez Dito Sama, nous sommes fiers de consacrer pr\u00e8s de 80 ans \u00e0 la conception et \u00e0 la fabrication d\u2019\u00e9quipements de cuisine haut de gamme, r\u00e9pondant aux besoins en constante \u00e9volution des professionnels de la gastronomie dans le monde entier. Ancr\u00e9s dans l\u2019innovation, la durabilit\u00e9 et le savoir-faire fran\u00e7ais, nos produits sont con\u00e7us pour am\u00e9liorer l\u2019efficacit\u00e9, la fiabilit\u00e9 et la cr\u00e9ativit\u00e9 dans votre cuisine.[\/vc_column_text][vc_empty_space][\/vc_column][\/vc_row][vc_row][vc_column][vc_column_text]<\/p>\n<h3>Notre histoire<\/h3>\n<p>Fond\u00e9e en 1945, Dito Sama s\u2019est rapidement impos\u00e9e comme un partenaire de confiance pour les chefs, boulangers et traiteurs. Gr\u00e2ce \u00e0 des d\u00e9cennies d\u2019expertise et d\u2019innovation continue, nous avons d\u00e9velopp\u00e9 une large gamme de machines alliant technologies de pointe et design ergonomique. Notre engagement a toujours \u00e9t\u00e9 d\u2019aider les professionnels \u00e0 cr\u00e9er des exp\u00e9riences culinaires d\u2019exception en toute confiance.[\/vc_column_text][c21_button cta=\u00a0\u00bburl:https%3A%2F%2Fwww.ditosama.com%2Ffr%2Fabout-us%2Fhistoire-de-lentreprise%2F|title:En%20savoir%20plus%20|target:_blank\u00a0\u00bb][vc_empty_space height=\u00a0\u00bb80px\u00a0\u00bb][\/vc_column][\/vc_row][vc_row][vc_column][vc_column_text]<\/p>\n<h3>Notre mission<\/h3>\n<p>Nous nous engageons \u00e0 fournir des \u00e9quipements qui non seulement respectent les plus hauts standards de qualit\u00e9 et de performance, mais aussi r\u00e9pondent aux d\u00e9fis quotidiens des cuisines professionnelles. En mettant l\u2019accent sur une conception robuste, une grande facilit\u00e9 d\u2019utilisation et un service apr\u00e8s-vente continu, nous vous aidons \u00e0 optimiser vos op\u00e9rations et \u00e0 garantir la constance attendue par vos clients.[\/vc_column_text][c21_button cta=\u00a0\u00bburl:https%3A%2F%2Fwww.ditosama.com%2Ffr%2Fabout-us%2Fvaleurs-et-mission%2F|title:En%20savoir%20plus|target:_blank\u00a0\u00bb][vc_empty_space height=\u00a0\u00bb80px\u00a0\u00bb][\/vc_column][\/vc_row][vc_row][vc_column][vc_column_text]<\/p>\n<h3>Pourquoi choisir Dito Sama ?<\/h3>\n<ul>\n<li><strong>Savoir-faire fran\u00e7ais &amp; innovation<br \/>\n<\/strong>Nos produits sont con\u00e7us et fabriqu\u00e9s en France, alliant excellence industrielle et tradition artisanale.<\/li>\n<li><strong>Une fiabilit\u00e9 \u00e9prouv\u00e9e<br \/>\n<\/strong>Nous fabriquons des machines con\u00e7ues pour durer, m\u00eame dans les environnements professionnels les plus exigeants.<\/li>\n<li><strong>Un support complet<br \/>\n<\/strong>Au-del\u00e0 du mat\u00e9riel, nous proposons un support technique expert, la disponibilit\u00e9 des pi\u00e8ces d\u00e9tach\u00e9es pendant au moins 10 ans et des services de maintenance sur mesure.<\/li>\n<li><strong>Une approche centr\u00e9e sur le client<br \/>\n<\/strong>\u00a0Votre r\u00e9ussite est notre priorit\u00e9. Notre \u00e9quipe est \u00e0 votre \u00e9coute pour vous conseiller et vous accompagner \u00e0 chaque \u00e9tape.<\/li>\n<\/ul>\n<p>[\/vc_column_text][c21_button cta=\u00a0\u00bburl:https%3A%2F%2Fwww.ditosama.com%2Ffr%2Fabout-us%2Ftemoignages%2F|title:D%C3%A9couvrez%20pourquoi%20nos%20clients%20nous%20font%20confiance%20|target:_blank\u00a0\u00bb][vc_empty_space height=\u00a0\u00bb80px\u00a0\u00bb][\/vc_column][\/vc_row][vc_row][vc_column][vc_column_text]<\/p>\n<h3>Rejoignez la famille Dito Sama<\/h3>\n<p>Que vous soyez chef, boulanger ou traiteur, choisir Dito Sama, c\u2019est investir dans des \u00e9quipements et services con\u00e7us pour sublimer vos cr\u00e9ations culinaires. D\u00e9couvrez comment nous pouvons accompagner le succ\u00e8s de votre cuisine d\u00e8s aujourd\u2019hui.[\/vc_column_text][\/vc_column][\/vc_row]<\/p>\n<\/section>","protected":false},"excerpt":{"rendered":"<p>[vc_row][vc_column][vc_empty_space][vc_column_text] \u00c0 propos de nous [\/vc_column_text][vc_column_text] Un h\u00e9ritage d\u2019excellence dans le mat\u00e9riel professionnel de cuisine [\/vc_column_text][vc_column_text]Chez Dito Sama, nous sommes fiers de consacrer pr\u00e8s de 80 ans \u00e0 la conception et \u00e0 la fabrication d\u2019\u00e9quipements de cuisine haut de gamme, r\u00e9pondant aux besoins en constante \u00e9volution des professionnels de la gastronomie dans le monde entier. [&hellip;]<\/p>\n","protected":false},"author":1,"featured_media":0,"parent":0,"menu_order":0,"comment_status":"closed","ping_status":"closed","template":"","meta":{"inline_featured_image":false,"footnotes":""},"class_list":["post-2801","page","type-page","status-publish","hentry"],"acf":[],"yoast_head":"<!-- This site is optimized with the Yoast SEO plugin v26.1.1 - https:\/\/yoast.com\/wordpress\/plugins\/seo\/ -->\n<title>About us | Dito Sama<\/title>\n<meta name=\"robots\" content=\"index, follow, max-snippet:-1, max-image-preview:large, max-video-preview:-1\" \/>\n<link rel=\"canonical\" href=\"https:\/\/www.ditosama.com\/fr\/wp-json\/wp\/v2\/pages\/2801\" \/>\n<meta property=\"og:locale\" content=\"fr_FR\" \/>\n<meta property=\"og:type\" content=\"article\" \/>\n<meta property=\"og:title\" content=\"About us | Dito Sama\" \/>\n<meta property=\"og:description\" content=\"[vc_row][vc_column][vc_empty_space][vc_column_text] \u00c0 propos de nous [\/vc_column_text][vc_column_text] Un h\u00e9ritage d\u2019excellence dans le mat\u00e9riel professionnel de cuisine [\/vc_column_text][vc_column_text]Chez Dito Sama, nous sommes fiers de consacrer pr\u00e8s de 80 ans \u00e0 la conception et \u00e0 la fabrication d\u2019\u00e9quipements de cuisine haut de gamme, r\u00e9pondant aux besoins en constante \u00e9volution des professionnels de la gastronomie dans le monde entier. [&hellip;]\" \/>\n<meta property=\"og:url\" content=\"https:\/\/www.ditosama.com\/fr\/about-us\/\" \/>\n<meta property=\"og:site_name\" content=\"Dito Sama\" \/>\n<meta property=\"article:modified_time\" content=\"2025-09-25T14:12:14+00:00\" \/>\n<meta name=\"twitter:card\" content=\"summary_large_image\" \/>\n<meta name=\"twitter:label1\" content=\"Dur\u00e9e de lecture estim\u00e9e\" \/>\n\t<meta name=\"twitter:data1\" content=\"2 minutes\" \/>\n<script type=\"application\/ld+json\" class=\"yoast-schema-graph\">{\"@context\":\"https:\/\/schema.org\",\"@graph\":[{\"@type\":\"WebPage\",\"@id\":\"https:\/\/www.ditosama.com\/fr\/about-us\/\",\"url\":\"https:\/\/www.ditosama.com\/fr\/about-us\/\",\"name\":\"About us | Dito Sama\",\"isPartOf\":{\"@id\":\"https:\/\/www.ditosama.com\/en\/#website\"},\"datePublished\":\"2024-03-28T08:02:53+00:00\",\"dateModified\":\"2025-09-25T14:12:14+00:00\",\"breadcrumb\":{\"@id\":\"https:\/\/www.ditosama.com\/fr\/about-us\/#breadcrumb\"},\"inLanguage\":\"fr-FR\",\"potentialAction\":[{\"@type\":\"ReadAction\",\"target\":[\"https:\/\/www.ditosama.com\/fr\/about-us\/\"]}]},{\"@type\":\"BreadcrumbList\",\"@id\":\"https:\/\/www.ditosama.com\/fr\/about-us\/#breadcrumb\",\"itemListElement\":[{\"@type\":\"ListItem\",\"position\":1,\"name\":\"Home\",\"item\":\"https:\/\/www.ditosama.com\/fr\/\"},{\"@type\":\"ListItem\",\"position\":2,\"name\":\"About us\"}]},{\"@type\":\"WebSite\",\"@id\":\"https:\/\/www.ditosama.com\/en\/#website\",\"url\":\"https:\/\/www.ditosama.com\/en\/\",\"name\":\"Dito Sama\",\"description\":\"\",\"potentialAction\":[{\"@type\":\"SearchAction\",\"target\":{\"@type\":\"EntryPoint\",\"urlTemplate\":\"https:\/\/www.ditosama.com\/en\/?s={search_term_string}\"},\"query-input\":{\"@type\":\"PropertyValueSpecification\",\"valueRequired\":true,\"valueName\":\"search_term_string\"}}],\"inLanguage\":\"fr-FR\"}]}<\/script>\n<!-- \/ Yoast SEO plugin. -->","yoast_head_json":{"title":"About us | Dito Sama","robots":{"index":"index","follow":"follow","max-snippet":"max-snippet:-1","max-image-preview":"max-image-preview:large","max-video-preview":"max-video-preview:-1"},"canonical":"https:\/\/www.ditosama.com\/fr\/wp-json\/wp\/v2\/pages\/2801","og_locale":"fr_FR","og_type":"article","og_title":"About us | Dito Sama","og_description":"[vc_row][vc_column][vc_empty_space][vc_column_text] \u00c0 propos de nous [\/vc_column_text][vc_column_text] Un h\u00e9ritage d\u2019excellence dans le mat\u00e9riel professionnel de cuisine [\/vc_column_text][vc_column_text]Chez Dito Sama, nous sommes fiers de consacrer pr\u00e8s de 80 ans \u00e0 la conception et \u00e0 la fabrication d\u2019\u00e9quipements de cuisine haut de gamme, r\u00e9pondant aux besoins en constante \u00e9volution des professionnels de la gastronomie dans le monde entier. [&hellip;]","og_url":"https:\/\/www.ditosama.com\/fr\/about-us\/","og_site_name":"Dito Sama","article_modified_time":"2025-09-25T14:12:14+00:00","twitter_card":"summary_large_image","twitter_misc":{"Dur\u00e9e de lecture estim\u00e9e":"2 minutes"},"schema":{"@context":"https:\/\/schema.org","@graph":[{"@type":"WebPage","@id":"https:\/\/www.ditosama.com\/fr\/about-us\/","url":"https:\/\/www.ditosama.com\/fr\/about-us\/","name":"About us | Dito Sama","isPartOf":{"@id":"https:\/\/www.ditosama.com\/en\/#website"},"datePublished":"2024-03-28T08:02:53+00:00","dateModified":"2025-09-25T14:12:14+00:00","breadcrumb":{"@id":"https:\/\/www.ditosama.com\/fr\/about-us\/#breadcrumb"},"inLanguage":"fr-FR","potentialAction":[{"@type":"ReadAction","target":["https:\/\/www.ditosama.com\/fr\/about-us\/"]}]},{"@type":"BreadcrumbList","@id":"https:\/\/www.ditosama.com\/fr\/about-us\/#breadcrumb","itemListElement":[{"@type":"ListItem","position":1,"name":"Home","item":"https:\/\/www.ditosama.com\/fr\/"},{"@type":"ListItem","position":2,"name":"About us"}]},{"@type":"WebSite","@id":"https:\/\/www.ditosama.com\/en\/#website","url":"https:\/\/www.ditosama.com\/en\/","name":"Dito Sama","description":"","potentialAction":[{"@type":"SearchAction","target":{"@type":"EntryPoint","urlTemplate":"https:\/\/www.ditosama.com\/en\/?s={search_term_string}"},"query-input":{"@type":"PropertyValueSpecification","valueRequired":true,"valueName":"search_term_string"}}],"inLanguage":"fr-FR"}]}},"_links":{"self":[{"href":"https:\/\/www.ditosama.com\/fr\/wp-json\/wp\/v2\/pages\/2801","targetHints":{"allow":["GET"]}}],"collection":[{"href":"https:\/\/www.ditosama.com\/fr\/wp-json\/wp\/v2\/pages"}],"about":[{"href":"https:\/\/www.ditosama.com\/fr\/wp-json\/wp\/v2\/types\/page"}],"author":[{"embeddable":true,"href":"https:\/\/www.ditosama.com\/fr\/wp-json\/wp\/v2\/users\/1"}],"replies":[{"embeddable":true,"href":"https:\/\/www.ditosama.com\/fr\/wp-json\/wp\/v2\/comments?post=2801"}],"version-history":[{"count":6,"href":"https:\/\/www.ditosama.com\/fr\/wp-json\/wp\/v2\/pages\/2801\/revisions"}],"predecessor-version":[{"id":30768,"href":"https:\/\/www.ditosama.com\/fr\/wp-json\/wp\/v2\/pages\/2801\/revisions\/30768"}],"wp:attachment":[{"href":"https:\/\/www.ditosama.com\/fr\/wp-json\/wp\/v2\/media?parent=2801"}],"curies":[{"name":"wp","href":"https:\/\/api.w.org\/{rel}","templated":true}]}}