{"id":2695,"date":"2022-12-05T15:32:45","date_gmt":"2022-12-05T15:32:45","guid":{"rendered":"https:\/\/www.ditosama.com\/advice\/"},"modified":"2026-04-07T09:07:11","modified_gmt":"2026-04-07T09:07:11","slug":"conseils","status":"publish","type":"page","link":"https:\/\/www.ditosama.com\/fr\/inspirations\/conseils\/","title":{"rendered":"Conseils"},"content":{"rendered":"<section class=\"wpb-content-wrapper\"><p>[vc_row full_width=\u00a0\u00bbc21-full-width-no-padding\u00a0\u00bb][vc_column][c21_image_text_full image=\u00a0\u00bb290&Prime; image_position=\u00a0\u00bbleft\u00a0\u00bb title=\u00a0\u00bbENVIE D\u2019EN SAVOIR PLUS ?\u00a0\u00bb text=\u00a0\u00bbContactez-nous afin de pouvoir r\u00e9pondre \u00e0 vos questions\u00a0\u00bb link=\u00a0\u00bburl:https%3A%2F%2Fwww.ditosama.com%2Ffr%2Fcontactez-nous%2F|title:CONTACTEZ-NOUS\u00a0\u00bb][\/vc_column][\/vc_row]<\/p>\n<\/section>","protected":false},"excerpt":{"rendered":"<p>[vc_row full_width=\u00a0\u00bbc21-full-width-no-padding\u00a0\u00bb][vc_column][c21_image_text_full image=\u00a0\u00bb290&Prime; image_position=\u00a0\u00bbleft\u00a0\u00bb title=\u00a0\u00bbENVIE D\u2019EN SAVOIR PLUS ?\u00a0\u00bb text=\u00a0\u00bbContactez-nous afin de pouvoir r\u00e9pondre \u00e0 vos questions\u00a0\u00bb link=\u00a0\u00bburl:https%3A%2F%2Fwww.ditosama.com%2Ffr%2Fcontactez-nous%2F|title:CONTACTEZ-NOUS\u00a0\u00bb][\/vc_column][\/vc_row]<\/p>\n","protected":false},"author":1,"featured_media":14616,"parent":2812,"menu_order":0,"comment_status":"closed","ping_status":"closed","template":"template-suggestions.php","meta":{"inline_featured_image":false,"footnotes":""},"class_list":["post-2695","page","type-page","status-publish","has-post-thumbnail","hentry"],"acf":[],"yoast_head":"<!-- This site is optimized with the Yoast SEO plugin v26.1.1 - https:\/\/yoast.com\/wordpress\/plugins\/seo\/ -->\n<title>Conseils et astuces pour la pr\u00e9paration des aliments | Dito Sama<\/title>\n<meta name=\"description\" content=\"D\u00e9couvrez les conseils d&#039;experts et les astuces pratiques de Dito Sama pour vos besoins en mati\u00e8re de cuisine et de pr\u00e9paration des aliments !\" \/>\n<meta name=\"robots\" content=\"index, follow, max-snippet:-1, max-image-preview:large, max-video-preview:-1\" \/>\n<meta property=\"og:locale\" content=\"fr_FR\" \/>\n<meta property=\"og:type\" content=\"article\" \/>\n<meta property=\"og:title\" content=\"Conseils et astuces pour la pr\u00e9paration des aliments | Dito Sama\" \/>\n<meta property=\"og:description\" content=\"D\u00e9couvrez les conseils d&#039;experts et les astuces pratiques de Dito Sama pour vos besoins en mati\u00e8re de cuisine et de pr\u00e9paration des aliments !\" \/>\n<meta property=\"og:url\" content=\"https:\/\/www.ditosama.com\/fr\/inspirations\/conseils\/\" \/>\n<meta property=\"og:site_name\" content=\"Dito Sama\" \/>\n<meta property=\"article:modified_time\" content=\"2026-04-07T09:07:11+00:00\" \/>\n<meta property=\"og:image\" content=\"https:\/\/www.ditosama.com\/wp-content\/uploads\/2024\/02\/advice-1920x580-1.jpg\" \/>\n\t<meta property=\"og:image:width\" content=\"1920\" \/>\n\t<meta property=\"og:image:height\" content=\"580\" \/>\n\t<meta property=\"og:image:type\" content=\"image\/jpeg\" \/>\n<meta name=\"twitter:card\" content=\"summary_large_image\" \/>\n<meta name=\"twitter:label1\" content=\"Dur\u00e9e de lecture estim\u00e9e\" \/>\n\t<meta name=\"twitter:data1\" content=\"1 minute\" \/>\n<script type=\"application\/ld+json\" class=\"yoast-schema-graph\">{\"@context\":\"https:\/\/schema.org\",\"@graph\":[{\"@type\":\"WebPage\",\"@id\":\"https:\/\/www.ditosama.com\/fr\/inspirations\/conseils\/\",\"url\":\"https:\/\/www.ditosama.com\/fr\/inspirations\/conseils\/\",\"name\":\"Conseils et astuces pour la pr\u00e9paration des aliments | Dito Sama\",\"isPartOf\":{\"@id\":\"https:\/\/www.ditosama.com\/en\/#website\"},\"primaryImageOfPage\":{\"@id\":\"https:\/\/www.ditosama.com\/fr\/inspirations\/conseils\/#primaryimage\"},\"image\":{\"@id\":\"https:\/\/www.ditosama.com\/fr\/inspirations\/conseils\/#primaryimage\"},\"thumbnailUrl\":\"https:\/\/www.ditosama.com\/wp-content\/uploads\/2024\/02\/advice-1920x580-1.jpg\",\"datePublished\":\"2022-12-05T15:32:45+00:00\",\"dateModified\":\"2026-04-07T09:07:11+00:00\",\"description\":\"D\u00e9couvrez les conseils d'experts et les astuces pratiques de Dito Sama pour vos besoins en mati\u00e8re de cuisine et de pr\u00e9paration des aliments !\",\"breadcrumb\":{\"@id\":\"https:\/\/www.ditosama.com\/fr\/inspirations\/conseils\/#breadcrumb\"},\"inLanguage\":\"fr-FR\",\"potentialAction\":[{\"@type\":\"ReadAction\",\"target\":[\"https:\/\/www.ditosama.com\/fr\/inspirations\/conseils\/\"]}]},{\"@type\":\"ImageObject\",\"inLanguage\":\"fr-FR\",\"@id\":\"https:\/\/www.ditosama.com\/fr\/inspirations\/conseils\/#primaryimage\",\"url\":\"https:\/\/www.ditosama.com\/wp-content\/uploads\/2024\/02\/advice-1920x580-1.jpg\",\"contentUrl\":\"https:\/\/www.ditosama.com\/wp-content\/uploads\/2024\/02\/advice-1920x580-1.jpg\",\"width\":1920,\"height\":580},{\"@type\":\"BreadcrumbList\",\"@id\":\"https:\/\/www.ditosama.com\/fr\/inspirations\/conseils\/#breadcrumb\",\"itemListElement\":[{\"@type\":\"ListItem\",\"position\":1,\"name\":\"Home\",\"item\":\"https:\/\/www.ditosama.com\/fr\/\"},{\"@type\":\"ListItem\",\"position\":2,\"name\":\"Inspirations\",\"item\":\"https:\/\/www.ditosama.com\/fr\/inspirations\/\"},{\"@type\":\"ListItem\",\"position\":3,\"name\":\"Conseils\"}]},{\"@type\":\"WebSite\",\"@id\":\"https:\/\/www.ditosama.com\/en\/#website\",\"url\":\"https:\/\/www.ditosama.com\/en\/\",\"name\":\"Dito Sama\",\"description\":\"\",\"potentialAction\":[{\"@type\":\"SearchAction\",\"target\":{\"@type\":\"EntryPoint\",\"urlTemplate\":\"https:\/\/www.ditosama.com\/en\/?s={search_term_string}\"},\"query-input\":{\"@type\":\"PropertyValueSpecification\",\"valueRequired\":true,\"valueName\":\"search_term_string\"}}],\"inLanguage\":\"fr-FR\"}]}<\/script>\n<!-- \/ Yoast SEO plugin. -->","yoast_head_json":{"title":"Conseils et astuces pour la pr\u00e9paration des aliments | Dito Sama","description":"D\u00e9couvrez les conseils d'experts et les astuces pratiques de Dito Sama pour vos besoins en mati\u00e8re de cuisine et de pr\u00e9paration des aliments !","robots":{"index":"index","follow":"follow","max-snippet":"max-snippet:-1","max-image-preview":"max-image-preview:large","max-video-preview":"max-video-preview:-1"},"og_locale":"fr_FR","og_type":"article","og_title":"Conseils et astuces pour la pr\u00e9paration des aliments | Dito Sama","og_description":"D\u00e9couvrez les conseils d'experts et les astuces pratiques de Dito Sama pour vos besoins en mati\u00e8re de cuisine et de pr\u00e9paration des aliments !","og_url":"https:\/\/www.ditosama.com\/fr\/inspirations\/conseils\/","og_site_name":"Dito Sama","article_modified_time":"2026-04-07T09:07:11+00:00","og_image":[{"width":1920,"height":580,"url":"https:\/\/www.ditosama.com\/wp-content\/uploads\/2024\/02\/advice-1920x580-1.jpg","type":"image\/jpeg"}],"twitter_card":"summary_large_image","twitter_misc":{"Dur\u00e9e de lecture estim\u00e9e":"1 minute"},"schema":{"@context":"https:\/\/schema.org","@graph":[{"@type":"WebPage","@id":"https:\/\/www.ditosama.com\/fr\/inspirations\/conseils\/","url":"https:\/\/www.ditosama.com\/fr\/inspirations\/conseils\/","name":"Conseils et astuces pour la pr\u00e9paration des aliments | Dito Sama","isPartOf":{"@id":"https:\/\/www.ditosama.com\/en\/#website"},"primaryImageOfPage":{"@id":"https:\/\/www.ditosama.com\/fr\/inspirations\/conseils\/#primaryimage"},"image":{"@id":"https:\/\/www.ditosama.com\/fr\/inspirations\/conseils\/#primaryimage"},"thumbnailUrl":"https:\/\/www.ditosama.com\/wp-content\/uploads\/2024\/02\/advice-1920x580-1.jpg","datePublished":"2022-12-05T15:32:45+00:00","dateModified":"2026-04-07T09:07:11+00:00","description":"D\u00e9couvrez les conseils d'experts et les astuces pratiques de Dito Sama pour vos besoins en mati\u00e8re de cuisine et de pr\u00e9paration des aliments !","breadcrumb":{"@id":"https:\/\/www.ditosama.com\/fr\/inspirations\/conseils\/#breadcrumb"},"inLanguage":"fr-FR","potentialAction":[{"@type":"ReadAction","target":["https:\/\/www.ditosama.com\/fr\/inspirations\/conseils\/"]}]},{"@type":"ImageObject","inLanguage":"fr-FR","@id":"https:\/\/www.ditosama.com\/fr\/inspirations\/conseils\/#primaryimage","url":"https:\/\/www.ditosama.com\/wp-content\/uploads\/2024\/02\/advice-1920x580-1.jpg","contentUrl":"https:\/\/www.ditosama.com\/wp-content\/uploads\/2024\/02\/advice-1920x580-1.jpg","width":1920,"height":580},{"@type":"BreadcrumbList","@id":"https:\/\/www.ditosama.com\/fr\/inspirations\/conseils\/#breadcrumb","itemListElement":[{"@type":"ListItem","position":1,"name":"Home","item":"https:\/\/www.ditosama.com\/fr\/"},{"@type":"ListItem","position":2,"name":"Inspirations","item":"https:\/\/www.ditosama.com\/fr\/inspirations\/"},{"@type":"ListItem","position":3,"name":"Conseils"}]},{"@type":"WebSite","@id":"https:\/\/www.ditosama.com\/en\/#website","url":"https:\/\/www.ditosama.com\/en\/","name":"Dito Sama","description":"","potentialAction":[{"@type":"SearchAction","target":{"@type":"EntryPoint","urlTemplate":"https:\/\/www.ditosama.com\/en\/?s={search_term_string}"},"query-input":{"@type":"PropertyValueSpecification","valueRequired":true,"valueName":"search_term_string"}}],"inLanguage":"fr-FR"}]}},"_links":{"self":[{"href":"https:\/\/www.ditosama.com\/fr\/wp-json\/wp\/v2\/pages\/2695","targetHints":{"allow":["GET"]}}],"collection":[{"href":"https:\/\/www.ditosama.com\/fr\/wp-json\/wp\/v2\/pages"}],"about":[{"href":"https:\/\/www.ditosama.com\/fr\/wp-json\/wp\/v2\/types\/page"}],"author":[{"embeddable":true,"href":"https:\/\/www.ditosama.com\/fr\/wp-json\/wp\/v2\/users\/1"}],"replies":[{"embeddable":true,"href":"https:\/\/www.ditosama.com\/fr\/wp-json\/wp\/v2\/comments?post=2695"}],"version-history":[{"count":8,"href":"https:\/\/www.ditosama.com\/fr\/wp-json\/wp\/v2\/pages\/2695\/revisions"}],"predecessor-version":[{"id":33083,"href":"https:\/\/www.ditosama.com\/fr\/wp-json\/wp\/v2\/pages\/2695\/revisions\/33083"}],"up":[{"embeddable":true,"href":"https:\/\/www.ditosama.com\/fr\/wp-json\/wp\/v2\/pages\/2812"}],"wp:featuredmedia":[{"embeddable":true,"href":"https:\/\/www.ditosama.com\/fr\/wp-json\/wp\/v2\/media\/14616"}],"wp:attachment":[{"href":"https:\/\/www.ditosama.com\/fr\/wp-json\/wp\/v2\/media?parent=2695"}],"curies":[{"name":"wp","href":"https:\/\/api.w.org\/{rel}","templated":true}]}}