{"id":19281,"date":"2024-04-02T09:03:28","date_gmt":"2024-04-02T09:03:28","guid":{"rendered":"https:\/\/www.ditosama.com\/?page_id=19281"},"modified":"2024-06-20T10:24:27","modified_gmt":"2024-06-20T10:24:27","slug":"promotion-be5-be8","status":"publish","type":"page","link":"https:\/\/www.ditosama.com\/fr\/promotion-be5-be8\/","title":{"rendered":"PROMOTION BE5 &#038; BE8"},"content":{"rendered":"<section class=\"wpb-content-wrapper\"><p>[vc_row full_width=\u00a0\u00bbc21-full-width-no-padding\u00a0\u00bb equal_height=\u00a0\u00bbyes\u00a0\u00bb css=\u00a0\u00bb.vc_custom_1711613182833{background-image: url(https:\/\/www.ditosama.com\/wp-content\/uploads\/2024\/03\/DitoSama-Copertine-Be8-Ristorant.jpg?id=20616) !important;background-position: center !important;background-repeat: no-repeat !important;background-size: cover !important;}\u00a0\u00bb][vc_column width=\u00a0\u00bb2\/3&Prime; css=\u00a0\u00bb.vc_custom_1711615089493{background-color: rgba(255,255,255,0.3) !important;*background-color: rgb(255,255,255) !important;}\u00a0\u00bb][vc_empty_space][vc_row_inner][vc_column_inner width=\u00a0\u00bb2\/3&Prime;][vc_column_text css=\u00a0\u00bb.vc_custom_1711460689972{padding-left: 60px !important;}\u00a0\u00bb]<\/p>\n<h1>PROMOTION<br \/>\nBE5 &amp; BE8<\/h1>\n<p>[\/vc_column_text][vc_column_text css=\u00a0\u00bb.vc_custom_1713946889907{padding-left: 60px !important;}\u00a0\u00bb]<\/p>\n<h1><strong>UN FOUET OFFERT<\/strong><\/h1>\n<p>[\/vc_column_text][\/vc_column_inner][vc_column_inner width=\u00a0\u00bb1\/3&Prime;][\/vc_column_inner][\/vc_row_inner][vc_empty_space][\/vc_column][vc_column width=\u00a0\u00bb1\/3&Prime; css=\u00a0\u00bb.vc_custom_1711617894771{border-right-width: 20px !important;border-left-width: 20px !important;}\u00a0\u00bb offset=\u00a0\u00bbvc_hidden-xs\u00a0\u00bb][vc_empty_space height=\u00a0\u00bb50px\u00a0\u00bb][c21_o2000_contact_us campaign=\u00a0\u00bb701SX000004ksMcYAI\u00a0\u00bb flag_campaign=\u00a0\u00bbtrue\u00a0\u00bb country=\u00a0\u00bbFrance\u00a0\u00bb b=\u00a0\u00bbfood\u00a0\u00bb container=\u00a0\u00bbbe5be8&Prime;][vc_empty_space][\/vc_column][\/vc_row][vc_row][vc_column offset=\u00a0\u00bbvc_hidden-lg vc_hidden-md vc_hidden-sm\u00a0\u00bb][vc_empty_space][c21_o2000_contact_us campaign=\u00a0\u00bb701SX000004ksMcYAI\u00a0\u00bb flag_campaign=\u00a0\u00bbtrue\u00a0\u00bb country=\u00a0\u00bbFrance\u00a0\u00bb b=\u00a0\u00bbfood\u00a0\u00bb][vc_empty_space][\/vc_column][\/vc_row][vc_row full_width=\u00a0\u00bbc21-full-width-no-padding\u00a0\u00bb][vc_column][vc_empty_space height=\u00a0\u00bb50px\u00a0\u00bb][\/vc_column][\/vc_row][vc_row full_width=\u00a0\u00bbc21-full-width\u00a0\u00bb css=\u00a0\u00bb.vc_custom_1711448643442{padding-right: 50px !important;padding-left: 50px !important;}\u00a0\u00bb][vc_column width=\u00a0\u00bb1\/3&Prime;][vc_row_inner content_placement=\u00a0\u00bbmiddle\u00a0\u00bb][vc_column_inner width=\u00a0\u00bb1\/4&Prime;][vc_single_image image=\u00a0\u00bb19465&Prime; img_size=\u00a0\u00bbfull\u00a0\u00bb alignment=\u00a0\u00bbcenter\u00a0\u00bb el_class=\u00a0\u00bbicon-mobile\u00a0\u00bb][\/vc_column_inner][vc_column_inner el_class=\u00a0\u00bbtext-center text-md-start\u00a0\u00bb width=\u00a0\u00bb3\/4&Prime;][vc_column_text]<strong>Utilisateurs:<\/strong> Restaurants \/ P\u00e2tisseries \/ Boulangeries \/ Collectivit\u00e9s<br \/>\n<strong>De 10 \u00e0 50 couverts <\/strong>[\/vc_column_text][\/vc_column_inner][\/vc_row_inner][vc_empty_space][\/vc_column][vc_column width=\u00a0\u00bb1\/3&Prime;][vc_row_inner content_placement=\u00a0\u00bbmiddle\u00a0\u00bb][vc_column_inner width=\u00a0\u00bb1\/4&Prime;][vc_single_image image=\u00a0\u00bb19473&Prime; img_size=\u00a0\u00bbfull\u00a0\u00bb alignment=\u00a0\u00bbcenter\u00a0\u00bb el_class=\u00a0\u00bbicon-mobile\u00a0\u00bb][\/vc_column_inner][vc_column_inner el_class=\u00a0\u00bbtext-center text-md-start\u00a0\u00bb width=\u00a0\u00bb3\/4&Prime;][vc_column_text]<strong>R\u00e9alisations:<\/strong> p\u00e9trir, m\u00e9langer, fouetter, \u00e9mulsionner[\/vc_column_text][\/vc_column_inner][\/vc_row_inner][vc_empty_space][\/vc_column][vc_column width=\u00a0\u00bb1\/3&Prime;][vc_row_inner content_placement=\u00a0\u00bbmiddle\u00a0\u00bb][vc_column_inner width=\u00a0\u00bb1\/4&Prime;][vc_single_image image=\u00a0\u00bb19481&Prime; img_size=\u00a0\u00bbfull\u00a0\u00bb alignment=\u00a0\u00bbcenter\u00a0\u00bb el_class=\u00a0\u00bbicon-mobile\u00a0\u00bb][\/vc_column_inner][vc_column_inner el_class=\u00a0\u00bbtext-center text-md-start\u00a0\u00bb width=\u00a0\u00bb3\/4&Prime;][vc_column_text]<strong>Capacit\u00e9s de 5 et 8 litres<\/strong><br \/>\n<strong>Moteur puissant<\/strong> avec variateur de fr\u00e9quence pour une rotation pr\u00e9cise (20 \u00e0 220 tours\/min).[\/vc_column_text][\/vc_column_inner][\/vc_row_inner][vc_empty_space][\/vc_column][\/vc_row][vc_row full_width=\u00a0\u00bbc21-full-width\u00a0\u00bb equal_height=\u00a0\u00bbyes\u00a0\u00bb content_placement=\u00a0\u00bbmiddle\u00a0\u00bb css=\u00a0\u00bb.vc_custom_1711621019523{margin-top: 0px !important;padding-right: 50px !important;padding-left: 50px !important;background-color: #eaf4fb !important;}\u00a0\u00bb][vc_column width=\u00a0\u00bb3\/5&Prime;][vc_row_inner content_placement=\u00a0\u00bbmiddle\u00a0\u00bb][vc_column_inner width=\u00a0\u00bb2\/3&Prime;][vc_column_text]<\/p>\n<h2>1 fouet <span class=\"ui-provider ee beh bei bej bek bel bem ben beo bep beq ber bes bet beu bev bew bex bey bez bfa bfb bfc bfd bfe bff bfg bfh bfi bfj bfk bfl bfm bfn bfo\" dir=\"ltr\">SUPPL\u00c9MENTAIRE <\/span>OFFERT<\/h2>\n<p>R\u00e9f. 653757 (BE5) <strong>Valeur 75\u20ac.<\/strong><br \/>\nR\u00e9f. 653769 (BE8) <strong>Valeur 85\u20ac.<\/strong><\/p>\n<p><span style=\"font-size: 30px; line-height: 32px;\">Code promo : <strong><span style=\"color: #97c8ed;\">TIBAT24<\/span><\/strong><\/span><\/p>\n<p><sub>*Offre valable uniquement pour toute commande pass\u00e9e du 1er avril au 15 juillet 2024. Le code promo TIBAT24 est imp\u00e9ratif lors de votre commande pour b\u00e9n\u00e9ficier de l\u2019accessoire offert.<\/sub>[\/vc_column_text][\/vc_column_inner][vc_column_inner width=\u00a0\u00bb1\/3&Prime;][vc_single_image image=\u00a0\u00bb20462&Prime; img_size=\u00a0\u00bb180&#215;270&Prime; alignment=\u00a0\u00bbcenter\u00a0\u00bb css=\u00a0\u00bb.vc_custom_1711620442167{margin-top: 0px !important;margin-bottom: 0px !important;}\u00a0\u00bb][vc_empty_space][\/vc_column_inner][\/vc_row_inner][\/vc_column][vc_column width=\u00a0\u00bb2\/5&Prime; css=\u00a0\u00bb.vc_custom_1711448728775{margin-top: 0px !important;border-top-width: 0px !important;padding-top: 0px !important;}\u00a0\u00bb offset=\u00a0\u00bbvc_hidden-xs\u00a0\u00bb][vc_single_image image=\u00a0\u00bb20471&Prime; img_size=\u00a0\u00bbfull\u00a0\u00bb css=\u00a0\u00bb.vc_custom_1711448676041{margin-top: 0px !important;margin-bottom: 0px !important;border-top-width: 0px !important;padding-top: 0px !important;}\u00a0\u00bb][\/vc_column][\/vc_row][vc_row css=\u00a0\u00bb.vc_custom_1711621260497{background-color: #eaf4fb !important;}\u00a0\u00bb][vc_column offset=\u00a0\u00bbvc_hidden-lg vc_hidden-md vc_hidden-sm\u00a0\u00bb][vc_single_image image=\u00a0\u00bb20471&Prime; img_size=\u00a0\u00bbfull\u00a0\u00bb css=\u00a0\u00bb.vc_custom_1711448676041{margin-top: 0px !important;margin-bottom: 0px !important;border-top-width: 0px !important;padding-top: 0px !important;}\u00a0\u00bb][vc_empty_space][\/vc_column][\/vc_row][vc_row][vc_column][vc_column_text]<\/p>\n<h2 style=\"text-align: center;\">AUTRES ACCESSOIRES UTILES<\/h2>\n<p>[\/vc_column_text][vc_row_inner equal_height=\u00a0\u00bbyes\u00a0\u00bb content_placement=\u00a0\u00bbmiddle\u00a0\u00bb][vc_column_inner width=\u00a0\u00bb1\/2&Prime;][vc_column_text]<\/p>\n<p style=\"text-align: center; font-size: 25px;\"><strong>Crochet<\/strong><\/p>\n<p>[\/vc_column_text][vc_single_image image=\u00a0\u00bb20510&Prime; img_size=\u00a0\u00bb100&#215;222&Prime; alignment=\u00a0\u00bbcenter\u00a0\u00bb css=\u00a0\u00bb.vc_custom_1711450198512{margin-left: -30px !important;}\u00a0\u00bb][\/vc_column_inner][vc_column_inner width=\u00a0\u00bb1\/2&Prime;][vc_single_image image=\u00a0\u00bb20526&Prime; img_size=\u00a0\u00bb500&#215;333&Prime;][\/vc_column_inner][vc_column_inner width=\u00a0\u00bb1\/2&Prime;][vc_column_text]<\/p>\n<p style=\"text-align: center; font-size: 25px;\"><strong>Palette<\/strong><\/p>\n<p>[\/vc_column_text][vc_single_image image=\u00a0\u00bb20518&Prime; img_size=\u00a0\u00bb132&#215;222&Prime; alignment=\u00a0\u00bbcenter\u00a0\u00bb][\/vc_column_inner][vc_column_inner width=\u00a0\u00bb1\/2&Prime;][vc_single_image image=\u00a0\u00bb20534&Prime; img_size=\u00a0\u00bb500&#215;333&Prime;][\/vc_column_inner][\/vc_row_inner][\/vc_column][\/vc_row][vc_row][vc_column][vc_column_text]<\/p>\n<h2 style=\"text-align: center;\">CHOISISSEZ VOTRE BATTEUR M\u00c9LANGEUR<\/h2>\n<p>[\/vc_column_text][vc_row_inner][vc_column_inner width=\u00a0\u00bb1\/2&Prime;][vc_single_image image=\u00a0\u00bb20555&Prime; img_size=\u00a0\u00bb320&#215;502&Prime; alignment=\u00a0\u00bbcenter\u00a0\u00bb][vc_column_text]<\/p>\n<p style=\"text-align: center; font-size: 25px;\"><strong>Mod\u00e8le BE5<\/strong><\/p>\n<p>[\/vc_column_text][vc_column_text]<\/p>\n<p style=\"text-align: center; font-size: 20px;\">Capacit\u00e9 5 litres<\/p>\n<p style=\"text-align: center; font-size: 20px;\">R\u00e9f. 600137<\/p>\n<p>[\/vc_column_text][c21_button alignment=\u00a0\u00bbcenter\u00a0\u00bb cta=\u00a0\u00bburl:https%3A%2F%2Fwww.ditosama.com%2Fwp-content%2Fuploads%2F2024%2F03%2FBatteur-melangeur-BE5-5-litres-600137-fiche-technique.pdf|title:T%C3%89L%C3%89CHARGEZ|target:_blank\u00a0\u00bb][vc_empty_space][\/vc_column_inner][vc_column_inner width=\u00a0\u00bb1\/2&Prime;][vc_single_image image=\u00a0\u00bb20563&Prime; img_size=\u00a0\u00bb320&#215;502&Prime; alignment=\u00a0\u00bbcenter\u00a0\u00bb][vc_column_text]<\/p>\n<p style=\"text-align: center; font-size: 25px;\"><strong>Mod\u00e8le BE8<\/strong><\/p>\n<p>[\/vc_column_text][vc_column_text]<\/p>\n<p style=\"text-align: center; font-size: 20px;\">Capacit\u00e9 8 litres<\/p>\n<p style=\"text-align: center; font-size: 20px;\">R\u00e9f. 600139<\/p>\n<p>[\/vc_column_text][c21_button alignment=\u00a0\u00bbcenter\u00a0\u00bb cta=\u00a0\u00bburl:https%3A%2F%2Fwww.ditosama.com%2Fwp-content%2Fuploads%2F2024%2F03%2FBatteur-melangeur-BE8-8-litres-600139-fiche-technique.pdf|title:T%C3%89L%C3%89CHARGEZ|target:_blank\u00a0\u00bb][vc_empty_space][\/vc_column_inner][\/vc_row_inner][\/vc_column][\/vc_row][vc_row][vc_column][vc_column_text]<\/p>\n<h2 style=\"text-align: center;\">DECOUVREZ TOUT CE QUE VOUS POUVEZ<br \/>\nFAIRE AVEC UN BATTEUR M\u00c9LANGEUR<\/h2>\n<p>[\/vc_column_text][vc_video link=\u00a0\u00bbhttps:\/\/youtu.be\/l8WPsZ-laGA\u00a0\u00bb el_width=\u00a0\u00bb60&Prime; align=\u00a0\u00bbcenter\u00a0\u00bb][vc_empty_space][\/vc_column][\/vc_row][vc_row css=\u00a0\u00bb.vc_custom_1711451574216{background-color: #97c8ed !important;}\u00a0\u00bb][vc_column][vc_empty_space][c21_o2000_contact_us campaign=\u00a0\u00bb701SX000004ksMcYAI\u00a0\u00bb flag_campaign=\u00a0\u00bbtrue\u00a0\u00bb country=\u00a0\u00bbFrance\u00a0\u00bb b=\u00a0\u00bbfood\u00a0\u00bb text_color=\u00a0\u00bb#FFFFFF\u00a0\u00bb][vc_empty_space][\/vc_column][\/vc_row]<\/p>\n<\/section>","protected":false},"excerpt":{"rendered":"<p>[vc_row full_width=\u00a0\u00bbc21-full-width-no-padding\u00a0\u00bb equal_height=\u00a0\u00bbyes\u00a0\u00bb css=\u00a0\u00bb.vc_custom_1711613182833{background-image: url(https:\/\/www.ditosama.com\/wp-content\/uploads\/2024\/03\/DitoSama-Copertine-Be8-Ristorant.jpg?id=20616) !important;background-position: center !important;background-repeat: no-repeat !important;background-size: cover !important;}\u00a0\u00bb][vc_column width=\u00a0\u00bb2\/3&Prime; css=\u00a0\u00bb.vc_custom_1711615089493{background-color: rgba(255,255,255,0.3) !important;*background-color: rgb(255,255,255) !important;}\u00a0\u00bb][vc_empty_space][vc_row_inner][vc_column_inner width=\u00a0\u00bb2\/3&Prime;][vc_column_text css=\u00a0\u00bb.vc_custom_1711460689972{padding-left: 60px !important;}\u00a0\u00bb] PROMOTION BE5 &amp; BE8 [\/vc_column_text][vc_column_text css=\u00a0\u00bb.vc_custom_1713946889907{padding-left: 60px !important;}\u00a0\u00bb] UN FOUET OFFERT [\/vc_column_text][\/vc_column_inner][vc_column_inner width=\u00a0\u00bb1\/3&Prime;][\/vc_column_inner][\/vc_row_inner][vc_empty_space][\/vc_column][vc_column width=\u00a0\u00bb1\/3&Prime; css=\u00a0\u00bb.vc_custom_1711617894771{border-right-width: 20px !important;border-left-width: 20px !important;}\u00a0\u00bb offset=\u00a0\u00bbvc_hidden-xs\u00a0\u00bb][vc_empty_space height=\u00a0\u00bb50px\u00a0\u00bb][c21_o2000_contact_us campaign=\u00a0\u00bb701SX000004ksMcYAI\u00a0\u00bb flag_campaign=\u00a0\u00bbtrue\u00a0\u00bb country=\u00a0\u00bbFrance\u00a0\u00bb b=\u00a0\u00bbfood\u00a0\u00bb container=\u00a0\u00bbbe5be8&Prime;][vc_empty_space][\/vc_column][\/vc_row][vc_row][vc_column offset=\u00a0\u00bbvc_hidden-lg vc_hidden-md vc_hidden-sm\u00a0\u00bb][vc_empty_space][c21_o2000_contact_us campaign=\u00a0\u00bb701SX000004ksMcYAI\u00a0\u00bb flag_campaign=\u00a0\u00bbtrue\u00a0\u00bb country=\u00a0\u00bbFrance\u00a0\u00bb b=\u00a0\u00bbfood\u00a0\u00bb][vc_empty_space][\/vc_column][\/vc_row][vc_row [&hellip;]<\/p>\n","protected":false},"author":1,"featured_media":0,"parent":0,"menu_order":0,"comment_status":"closed","ping_status":"closed","template":"template-promo.php","meta":{"inline_featured_image":false,"footnotes":""},"class_list":["post-19281","page","type-page","status-publish","hentry"],"acf":[],"yoast_head":"<!-- This site is optimized with the Yoast SEO plugin v26.1.1 - https:\/\/yoast.com\/wordpress\/plugins\/seo\/ -->\n<title>Dito Sama : Promotion batteurs m\u00e9langeurs<\/title>\n<meta name=\"description\" content=\"D\u00e9couvrez nos offres sp\u00e9ciales sur une s\u00e9lection de batteurs m\u00e9langeurs de 5 et 8 litres de haute qualit\u00e9 de Dito Sama. Offre valable du 1er avril au 30 juin 2024.\" \/>\n<meta name=\"robots\" content=\"index, follow, max-snippet:-1, max-image-preview:large, max-video-preview:-1\" \/>\n<link rel=\"canonical\" href=\"https:\/\/www.ditosama.com\/fr\/wp-json\/wp\/v2\/pages\/19281\" \/>\n<meta property=\"og:locale\" content=\"fr_FR\" \/>\n<meta property=\"og:type\" content=\"article\" \/>\n<meta property=\"og:title\" content=\"Dito Sama : Promotion batteurs m\u00e9langeurs\" \/>\n<meta property=\"og:description\" content=\"D\u00e9couvrez nos offres sp\u00e9ciales sur une s\u00e9lection de batteurs m\u00e9langeurs de 5 et 8 litres de haute qualit\u00e9 de Dito Sama. Offre valable du 1er avril au 30 juin 2024.\" \/>\n<meta property=\"og:url\" content=\"https:\/\/www.ditosama.com\/fr\/promotion-be5-be8\/\" \/>\n<meta property=\"og:site_name\" content=\"Dito Sama\" \/>\n<meta property=\"article:modified_time\" content=\"2024-06-20T10:24:27+00:00\" \/>\n<meta name=\"twitter:card\" content=\"summary_large_image\" \/>\n<meta name=\"twitter:label1\" content=\"Dur\u00e9e de lecture estim\u00e9e\" \/>\n\t<meta name=\"twitter:data1\" content=\"2 minutes\" \/>\n<script type=\"application\/ld+json\" class=\"yoast-schema-graph\">{\"@context\":\"https:\/\/schema.org\",\"@graph\":[{\"@type\":\"WebPage\",\"@id\":\"https:\/\/www.ditosama.com\/fr\/promotion-be5-be8\/\",\"url\":\"https:\/\/www.ditosama.com\/fr\/promotion-be5-be8\/\",\"name\":\"Dito Sama : Promotion batteurs m\u00e9langeurs\",\"isPartOf\":{\"@id\":\"https:\/\/www.ditosama.com\/en\/#website\"},\"datePublished\":\"2024-04-02T09:03:28+00:00\",\"dateModified\":\"2024-06-20T10:24:27+00:00\",\"description\":\"D\u00e9couvrez nos offres sp\u00e9ciales sur une s\u00e9lection de batteurs m\u00e9langeurs de 5 et 8 litres de haute qualit\u00e9 de Dito Sama. Offre valable du 1er avril au 30 juin 2024.\",\"breadcrumb\":{\"@id\":\"https:\/\/www.ditosama.com\/fr\/promotion-be5-be8\/#breadcrumb\"},\"inLanguage\":\"fr-FR\",\"potentialAction\":[{\"@type\":\"ReadAction\",\"target\":[\"https:\/\/www.ditosama.com\/fr\/promotion-be5-be8\/\"]}]},{\"@type\":\"BreadcrumbList\",\"@id\":\"https:\/\/www.ditosama.com\/fr\/promotion-be5-be8\/#breadcrumb\",\"itemListElement\":[{\"@type\":\"ListItem\",\"position\":1,\"name\":\"Home\",\"item\":\"https:\/\/www.ditosama.com\/fr\/\"},{\"@type\":\"ListItem\",\"position\":2,\"name\":\"PROMOTION BE5 &#038; BE8\"}]},{\"@type\":\"WebSite\",\"@id\":\"https:\/\/www.ditosama.com\/en\/#website\",\"url\":\"https:\/\/www.ditosama.com\/en\/\",\"name\":\"Dito Sama\",\"description\":\"\",\"potentialAction\":[{\"@type\":\"SearchAction\",\"target\":{\"@type\":\"EntryPoint\",\"urlTemplate\":\"https:\/\/www.ditosama.com\/en\/?s={search_term_string}\"},\"query-input\":{\"@type\":\"PropertyValueSpecification\",\"valueRequired\":true,\"valueName\":\"search_term_string\"}}],\"inLanguage\":\"fr-FR\"}]}<\/script>\n<!-- \/ Yoast SEO plugin. -->","yoast_head_json":{"title":"Dito Sama : Promotion batteurs m\u00e9langeurs","description":"D\u00e9couvrez nos offres sp\u00e9ciales sur une s\u00e9lection de batteurs m\u00e9langeurs de 5 et 8 litres de haute qualit\u00e9 de Dito Sama. Offre valable du 1er avril au 30 juin 2024.","robots":{"index":"index","follow":"follow","max-snippet":"max-snippet:-1","max-image-preview":"max-image-preview:large","max-video-preview":"max-video-preview:-1"},"canonical":"https:\/\/www.ditosama.com\/fr\/wp-json\/wp\/v2\/pages\/19281","og_locale":"fr_FR","og_type":"article","og_title":"Dito Sama : Promotion batteurs m\u00e9langeurs","og_description":"D\u00e9couvrez nos offres sp\u00e9ciales sur une s\u00e9lection de batteurs m\u00e9langeurs de 5 et 8 litres de haute qualit\u00e9 de Dito Sama. Offre valable du 1er avril au 30 juin 2024.","og_url":"https:\/\/www.ditosama.com\/fr\/promotion-be5-be8\/","og_site_name":"Dito Sama","article_modified_time":"2024-06-20T10:24:27+00:00","twitter_card":"summary_large_image","twitter_misc":{"Dur\u00e9e de lecture estim\u00e9e":"2 minutes"},"schema":{"@context":"https:\/\/schema.org","@graph":[{"@type":"WebPage","@id":"https:\/\/www.ditosama.com\/fr\/promotion-be5-be8\/","url":"https:\/\/www.ditosama.com\/fr\/promotion-be5-be8\/","name":"Dito Sama : Promotion batteurs m\u00e9langeurs","isPartOf":{"@id":"https:\/\/www.ditosama.com\/en\/#website"},"datePublished":"2024-04-02T09:03:28+00:00","dateModified":"2024-06-20T10:24:27+00:00","description":"D\u00e9couvrez nos offres sp\u00e9ciales sur une s\u00e9lection de batteurs m\u00e9langeurs de 5 et 8 litres de haute qualit\u00e9 de Dito Sama. Offre valable du 1er avril au 30 juin 2024.","breadcrumb":{"@id":"https:\/\/www.ditosama.com\/fr\/promotion-be5-be8\/#breadcrumb"},"inLanguage":"fr-FR","potentialAction":[{"@type":"ReadAction","target":["https:\/\/www.ditosama.com\/fr\/promotion-be5-be8\/"]}]},{"@type":"BreadcrumbList","@id":"https:\/\/www.ditosama.com\/fr\/promotion-be5-be8\/#breadcrumb","itemListElement":[{"@type":"ListItem","position":1,"name":"Home","item":"https:\/\/www.ditosama.com\/fr\/"},{"@type":"ListItem","position":2,"name":"PROMOTION BE5 &#038; BE8"}]},{"@type":"WebSite","@id":"https:\/\/www.ditosama.com\/en\/#website","url":"https:\/\/www.ditosama.com\/en\/","name":"Dito Sama","description":"","potentialAction":[{"@type":"SearchAction","target":{"@type":"EntryPoint","urlTemplate":"https:\/\/www.ditosama.com\/en\/?s={search_term_string}"},"query-input":{"@type":"PropertyValueSpecification","valueRequired":true,"valueName":"search_term_string"}}],"inLanguage":"fr-FR"}]}},"_links":{"self":[{"href":"https:\/\/www.ditosama.com\/fr\/wp-json\/wp\/v2\/pages\/19281","targetHints":{"allow":["GET"]}}],"collection":[{"href":"https:\/\/www.ditosama.com\/fr\/wp-json\/wp\/v2\/pages"}],"about":[{"href":"https:\/\/www.ditosama.com\/fr\/wp-json\/wp\/v2\/types\/page"}],"author":[{"embeddable":true,"href":"https:\/\/www.ditosama.com\/fr\/wp-json\/wp\/v2\/users\/1"}],"replies":[{"embeddable":true,"href":"https:\/\/www.ditosama.com\/fr\/wp-json\/wp\/v2\/comments?post=19281"}],"version-history":[{"count":255,"href":"https:\/\/www.ditosama.com\/fr\/wp-json\/wp\/v2\/pages\/19281\/revisions"}],"predecessor-version":[{"id":29637,"href":"https:\/\/www.ditosama.com\/fr\/wp-json\/wp\/v2\/pages\/19281\/revisions\/29637"}],"wp:attachment":[{"href":"https:\/\/www.ditosama.com\/fr\/wp-json\/wp\/v2\/media?parent=19281"}],"curies":[{"name":"wp","href":"https:\/\/api.w.org\/{rel}","templated":true}]}}