{"id":1051,"date":"2022-12-06T09:17:52","date_gmt":"2022-12-06T09:17:52","guid":{"rendered":"https:\/\/www.ditosama.com\/company-history\/"},"modified":"2026-03-05T11:20:55","modified_gmt":"2026-03-05T11:20:55","slug":"histoire-de-lentreprise","status":"publish","type":"page","link":"https:\/\/www.ditosama.com\/fr\/about-us\/histoire-de-lentreprise\/","title":{"rendered":"Histoire de l&rsquo;entreprise"},"content":{"rendered":"<section class=\"wpb-content-wrapper\"><p>[vc_row full_width=\u00a0\u00bbc21-full-width-no-padding\u00a0\u00bb][vc_column][vc_empty_space height=\u00a0\u00bb45px\u00a0\u00bb][\/vc_column][\/vc_row][vc_row][vc_column][c21_image_text image=\u00a0\u00bb2144&Prime; image_position=\u00a0\u00bbleft\u00a0\u00bb title=\u00a0\u00bb\u00a0\u00bb subtitle=\u00a0\u00bb\u00a0\u00bb text=\u00a0\u00bbDepuis sa cr\u00e9ation en 1945, Dito Sama est devenu la marque r\u00e9f\u00e9rente des \u00e9quipements de cuisine professionnels, allant du batteur m\u00e9langeur au cutter, en passant par le mixer portatif au coupe-l\u00e9gumes. Nous sommes fiers de faire partie du groupe Electrolux depuis 1987 et avons obtenu la certification ISO 9001 en 1996 et la certification ISO 14001 en 2006.\u00a0\u00bb][vc_empty_space][c21_history title=\u00a0\u00bbDITO SAMA: UNE OFFRE COMPL\u00c8TE EN PR\u00c9PARATION DYNAMIQUE\u00a0\u00bb values=\u00a0\u00bb%5B%7B%22year%22%3A%221945%22%2C%22text%22%3A%22Cr%C3%A9ation%20de%20la%20Soci%C3%A9t%C3%A9%20Sama%20(Soci%C3%A9t%C3%A9%20d&rsquo;Appareils%20M%C3%A9nagers%20et%20d&rsquo;Alimentation)%20%C3%A0%20Montlu%C3%A7on%2C%20fabrication%20d&rsquo;%C3%A9plucheuses%22%7D%2C%7B%22year%22%3A%221948%22%2C%22text%22%3A%22D%C3%A9v%C3%A9loppement%20d&rsquo;appareils%20m%C3%A9nagers%20et%20professionnels%20%3A%20coupes-frites%20manuels%20%22%7D%2C%7B%22year%22%3A%221954%22%2C%22text%22%3A%22Premi%C3%A8re%20%C3%A9dition%20d&rsquo;Equip%E2%80%99Hotel%2C%20un%20salon%20sp%C3%A9cialis%C3%A9%20dans%20les%20%C3%A9quipements%20pour%20l&rsquo;industrie%20h%C3%B4teli%C3%A8re%22%7D%2C%7B%22year%22%3A%221955%22%2C%22text%22%3A%22Installation%20de%20l&rsquo;entreprise%20%C3%A0%20Aubusson%3A%20la%20production%20augmente%20significativement%20tandis%20que%20l&rsquo;approche%20op%C3%A9rationnelle%20se%20rationalise%22%7D%2C%7B%22year%22%3A%221962%22%2C%22text%22%3A%22La%20production%20commence%20%C3%A0%20se%20diversifier%20avec%20le%20lancement%20du%20premier%20batteur%20m%C3%A9langeur%20B20%20(20%20litres).%22%7D%2C%7B%22year%22%3A%221965%22%2C%22text%22%3A%22L&rsquo;introduction%20du%20mod%C3%A8le%20B40%20(40%20litres)%20marque%20un%20moment%20significatif%20dans%20l&rsquo;expansion%20de%20la%20gamme%20des%20batteurs%20m%C3%A9langeurs%22%7D%2C%7B%22year%22%3A%221969%22%2C%22text%22%3A%22Dito%20devient%20le%20principal%20distributeur%20des%20machines%20Sama%20en%20France.%20%3Cbr%3ELa%20soci%C3%A9t%C3%A9%20est%20renomm%C3%A9e%20%C2%AB%20Dito%20Machine%20Sama%20%C2%BB%22%7D%2C%7B%22year%22%3A%221970%22%2C%22text%22%3A%22Avec%20plus%20de%20100%20000%20unit%C3%A9s%20vendues%20dans%20le%20monde%2C%20le%20lancement%20du%20coupe-l%C3%A9gumes%20TR21%20est%20un%20succ%C3%A8s%22%7D%2C%7B%22year%22%3A%221974%22%2C%22text%22%3A%22Le%20premier%20Cutter%20Mixer%20moto-variateur%20MV50%20est%20cr%C3%A9%C3%A9%20%22%7D%2C%7B%22year%22%3A%221978%22%2C%22text%22%3A%22%E2%80%9CDito%20Machine%20Sama%E2%80%9D%20devient%20%E2%80%9CDito%20Sama%E2%80%9D.%20%3Cbr%3E%20Innovation%20dans%20l%E2%80%99%C3%A9pluchage%3A%20le%20plateau%20couteaux%20s&rsquo;ajoute%20au%20plateau%20abrasif%3B%20la%20structure%20de%20la%20machine%20en%20aluminium%20passe%20en%20acier%20inox%20%C3%A0%20partir%20des%20mod%C3%A8les%20T5%2C%20puis%20T10%20et%20T15.%20%22%7D%2C%7B%22year%22%3A%221982%22%2C%22text%22%3A%22Dito%20Sama%20rajeunit%20son%20c%C3%A9l%C3%A8bre%20chef%20et%20adopte%20un%20nouveau%20logo.%20%3Cbr%3E%20C&rsquo;est%20le%20pr%C3%A9lude%20%C3%A0%20une%20s%C3%A9rie%20d&rsquo;innovations%20et%20de%20cr%C3%A9ations%20prometteuses%20pour%20l&rsquo;entreprise%22%7D%2C%7B%22year%22%3A%221987%22%2C%22text%22%3A%22Dito%20Sama%20int%C3%A8gre%20le%20groupe%20Electrolux.%20%3Cbr%3E%20Dito%20Sama%20innove%20en%20ajoutant%20un%20variateur%20de%20vitesse%20sur%20les%20batteurs%20m%C3%A9langeurs.%20%3Cbr%3E%20L&rsquo;introduction%20de%20la%20gamme%20%E2%80%9CRobots%20Culinaires%E2%80%9D%20est%20une%20nouvelle%20%C3%A9tape%20significative%22%7D%2C%7B%22year%22%3A%221989%22%2C%22text%22%3A%22Expansion%20de%20l&rsquo;unit%C3%A9%20de%20production%20%C3%A0%20Aubusson.%20%3Cbr%3E%20Dito%20Sama%20franchit%20le%20cap%20des%2030%20000%20machines%20avec%20moteur%20par%20an.%20La%20part%20des%20exportations%20est%20devenue%20importante%2C%20repr%C3%A9sentant%20pr%C3%A8s%20de%2040%25%20des%20ventes%22%7D%2C%7B%22year%22%3A%221990%22%2C%22text%22%3A%22La%20cr%C3%A9ation%20du%20Groupe%20Dito%20repr%C3%A9sente%20un%20moment%20de%20consolidation%20et%20d&rsquo;expansion%20strat%C3%A9gique%20vers%20de%20nouveaux%20horizons%20commerciaux%20et%20industriels%22%7D%2C%7B%22year%22%3A%221993%22%2C%22text%22%3A%22Lancement%20de%20la%20gamme%20de%20coupe-l%C3%A9gumes%20Minigreen%20-%20Multigreen%20au%20salon%20Equip%E2%80%99H%C3%B4tel%20de%20Paris%22%7D%2C%7B%22year%22%3A%221995%22%2C%22text%22%3A%2250%C3%A8me%20anniversaire%20-%20Naissance%20du%20SAMIX%E2%80%99R%2C%20premier%20batteur%20m%C3%A9langeur%20professionnel%205%20litres%22%7D%2C%7B%22year%22%3A%221996%22%2C%22text%22%3A%22L&rsquo;usine%20obtient%20la%20certification%20ISO%209001%22%7D%2C%7B%22year%22%3A%222000%22%2C%22text%22%3A%22Ouverture%20de%20la%20nouvelle%20usine%20%C3%A0%20Aubusson%2C%20o%C3%B9%20l&rsquo;entreprise%20est%20toujours%20situ%C3%A9e%20aujourd&rsquo;hui%22%7D%2C%7B%22year%22%3A%222004%22%2C%22text%22%3A%22Prix%20%E2%80%9CAPRIA%202004%E2%80%9D%20pour%20l%E2%80%99%C3%A9plucheuse%20T8E%20dans%20la%20cat%C3%A9gorie%20du%20%E2%80%9CSmall%20Materials%20and%20Kitchen%20or%20Counter%20Equipment%E2%80%9D%22%7D%2C%7B%22year%22%3A%222006%22%2C%22text%22%3A%22L&rsquo;usine%20obtient%20la%20certification%20ISO%2014001%20(Syst%C3%A8me%20de%20Management%20Environnemental)%22%7D%2C%7B%22year%22%3A%222007%22%2C%22text%22%3A%22Lancement%20de%20la%20nouvelle%20gamme%20des%20coupe-l%C3%A9gumes%2C%20cutters%2C%20mixeurs%20et%20combines%20(TRS%2C%20K45-55-70%2C%20TRK45-55-70)%20et%20r%C3%A9ception%20du%20prestigieux%20prix%20du%20design%20%5C%22Janus%20de%20l&rsquo;Industrie%202007%5C%22%20pour%20ces%20produits.%22%7D%2C%7B%22year%22%3A%222012%22%2C%22text%22%3A%2250%20ans%20d%E2%80%99exp%C3%A9rience%20dans%20la%20production%20des%20batteurs%20m%C3%A9langeurs.%20%3Cbr%3E%20Lancement%20des%20petits%20batteurs%20m%C3%A9langeurs%20et%20disques%20en%20acier%20inoxydable%20pour%20TRS%2FTRK.%20%20%22%7D%2C%7B%22year%22%3A%222015%22%2C%22text%22%3A%22Dito%20Sama%20c%C3%A9l%C3%A8bre%2070%20ans%20d&rsquo;excellence%20dans%20la%20Pr%C3%A9paration%20Dynamique%22%7D%2C%7B%22year%22%3A%222020%22%2C%22text%22%3A%22Le%20Groupe%20Electrolux%20Professional%20est%20cot%C3%A9%20%C3%A0%20la%20Bourse%20de%20Stockholm%22%7D%2C%7B%22year%22%3A%222021%22%2C%22text%22%3A%22Lancement%20de%20la%20gamme%20PREP4YOU%20comprenant%20coupe%20l%C3%A9gumes%2C%20cutters%20et%20machines%20combin%C3%A9es%22%7D%2C%7B%22year%22%3A%222022%22%2C%22text%22%3A%22PREP4YOU%20re%C3%A7oit%20le%20prestigieux%20prix%20de%20design%20Red%20Dot%22%7D%2C%7B%22year%22%3A%222023%22%2C%22text%22%3A%22La%20nouvelle%20identit%C3%A9%20de%20marque%20de%20Dito%20Sama%20est%20renforc%C3%A9e%20gr%C3%A2ce%20%C3%A0%20la%20mise%20en%20%C5%93uvre%20d&rsquo;une%20strat%C3%A9gie%20digitale%20int%C3%A9gr%C3%A9e%22%7D%2C%7B%22year%22%3A%222025%22%2C%22text%22%3A%22Dito%20Sama%20c%C3%A9l%C3%A8bre%2080%20ans%20d&rsquo;histoire%20et%20de%20succ%C3%A8s%22%7D%5D\u00a0\u00bb][\/vc_column][\/vc_row][vc_row full_width=\u00a0\u00bbc21-full-width-no-padding\u00a0\u00bb][vc_column][c21_image_text_full image=\u00a0\u00bb290&Prime; image_position=\u00a0\u00bbleft\u00a0\u00bb title=\u00a0\u00bbENVIE D\u2019EN SAVOIR PLUS ?\u00a0\u00bb text=\u00a0\u00bbContactez-nous afin d\u2019en savoir plus sur Dito Sama et ses \u00e9quipements professionnels.\u00a0\u00bb link=\u00a0\u00bburl:https%3A%2F%2Fwww.ditosama.com%2Ffr%2Fcontactez-nous%2F|title:CONTACTEZ-NOUS\u00a0\u00bb][\/vc_column][\/vc_row]<\/p>\n<\/section>","protected":false},"excerpt":{"rendered":"<p>[vc_row full_width=\u00a0\u00bbc21-full-width-no-padding\u00a0\u00bb][vc_column][vc_empty_space height=\u00a0\u00bb45px\u00a0\u00bb][\/vc_column][\/vc_row][vc_row][vc_column][c21_image_text image=\u00a0\u00bb2144&Prime; image_position=\u00a0\u00bbleft\u00a0\u00bb title=\u00a0\u00bb\u00a0\u00bb subtitle=\u00a0\u00bb\u00a0\u00bb text=\u00a0\u00bbDepuis sa cr\u00e9ation en 1945, Dito Sama est devenu la marque r\u00e9f\u00e9rente des \u00e9quipements de cuisine professionnels, allant du batteur m\u00e9langeur au cutter, en passant par le mixer portatif au coupe-l\u00e9gumes. Nous sommes fiers de faire partie du groupe Electrolux depuis 1987 et avons obtenu la certification ISO [&hellip;]<\/p>\n","protected":false},"author":1,"featured_media":2096,"parent":2801,"menu_order":0,"comment_status":"closed","ping_status":"closed","template":"","meta":{"inline_featured_image":false,"footnotes":""},"class_list":["post-1051","page","type-page","status-publish","has-post-thumbnail","hentry"],"acf":[],"yoast_head":"<!-- This site is optimized with the Yoast SEO plugin v26.1.1 - https:\/\/yoast.com\/wordpress\/plugins\/seo\/ -->\n<title>Historique de l&#039;entreprise | Dito Sama<\/title>\n<meta name=\"description\" content=\"Explorez l&#039;histoire de la soci\u00e9t\u00e9 Dito Sama. D\u00e9couvrez notre parcours, nos \u00e9tapes importantes et notre engagement \u00e0 fournir des \u00e9quipements de restauration commerciale de qualit\u00e9.\" \/>\n<meta name=\"robots\" content=\"index, follow, max-snippet:-1, max-image-preview:large, max-video-preview:-1\" \/>\n<link rel=\"canonical\" href=\"https:\/\/www.ditosama.com\/fr\/wp-json\/wp\/v2\/pages\/1051\" \/>\n<meta property=\"og:locale\" content=\"fr_FR\" \/>\n<meta property=\"og:type\" content=\"article\" \/>\n<meta property=\"og:title\" content=\"Historique de l&#039;entreprise | Dito Sama\" \/>\n<meta property=\"og:description\" content=\"Explorez l&#039;histoire de la soci\u00e9t\u00e9 Dito Sama. D\u00e9couvrez notre parcours, nos \u00e9tapes importantes et notre engagement \u00e0 fournir des \u00e9quipements de restauration commerciale de qualit\u00e9.\" \/>\n<meta property=\"og:url\" content=\"https:\/\/www.ditosama.com\/fr\/about-us\/histoire-de-lentreprise\/\" \/>\n<meta property=\"og:site_name\" content=\"Dito Sama\" \/>\n<meta property=\"article:modified_time\" content=\"2026-03-05T11:20:55+00:00\" \/>\n<meta property=\"og:image\" content=\"https:\/\/www.ditosama.com\/wp-content\/uploads\/2022\/12\/MicrosoftTeams-image-69-1024x682.jpg\" \/>\n\t<meta property=\"og:image:width\" content=\"1024\" \/>\n\t<meta property=\"og:image:height\" content=\"682\" \/>\n\t<meta property=\"og:image:type\" content=\"image\/jpeg\" \/>\n<meta name=\"twitter:card\" content=\"summary_large_image\" \/>\n<meta name=\"twitter:label1\" content=\"Dur\u00e9e de lecture estim\u00e9e\" \/>\n\t<meta name=\"twitter:data1\" content=\"1 minute\" \/>\n<script type=\"application\/ld+json\" class=\"yoast-schema-graph\">{\"@context\":\"https:\/\/schema.org\",\"@graph\":[{\"@type\":\"WebPage\",\"@id\":\"https:\/\/www.ditosama.com\/fr\/about-us\/histoire-de-lentreprise\/\",\"url\":\"https:\/\/www.ditosama.com\/fr\/about-us\/histoire-de-lentreprise\/\",\"name\":\"Historique de l'entreprise | Dito Sama\",\"isPartOf\":{\"@id\":\"https:\/\/www.ditosama.com\/en\/#website\"},\"primaryImageOfPage\":{\"@id\":\"https:\/\/www.ditosama.com\/fr\/about-us\/histoire-de-lentreprise\/#primaryimage\"},\"image\":{\"@id\":\"https:\/\/www.ditosama.com\/fr\/about-us\/histoire-de-lentreprise\/#primaryimage\"},\"thumbnailUrl\":\"https:\/\/www.ditosama.com\/wp-content\/uploads\/2022\/12\/MicrosoftTeams-image-69.jpg\",\"datePublished\":\"2022-12-06T09:17:52+00:00\",\"dateModified\":\"2026-03-05T11:20:55+00:00\",\"description\":\"Explorez l'histoire de la soci\u00e9t\u00e9 Dito Sama. D\u00e9couvrez notre parcours, nos \u00e9tapes importantes et notre engagement \u00e0 fournir des \u00e9quipements de restauration commerciale de qualit\u00e9.\",\"breadcrumb\":{\"@id\":\"https:\/\/www.ditosama.com\/fr\/about-us\/histoire-de-lentreprise\/#breadcrumb\"},\"inLanguage\":\"fr-FR\",\"potentialAction\":[{\"@type\":\"ReadAction\",\"target\":[\"https:\/\/www.ditosama.com\/fr\/about-us\/histoire-de-lentreprise\/\"]}]},{\"@type\":\"ImageObject\",\"inLanguage\":\"fr-FR\",\"@id\":\"https:\/\/www.ditosama.com\/fr\/about-us\/histoire-de-lentreprise\/#primaryimage\",\"url\":\"https:\/\/www.ditosama.com\/wp-content\/uploads\/2022\/12\/MicrosoftTeams-image-69.jpg\",\"contentUrl\":\"https:\/\/www.ditosama.com\/wp-content\/uploads\/2022\/12\/MicrosoftTeams-image-69.jpg\",\"width\":2032,\"height\":1354},{\"@type\":\"BreadcrumbList\",\"@id\":\"https:\/\/www.ditosama.com\/fr\/about-us\/histoire-de-lentreprise\/#breadcrumb\",\"itemListElement\":[{\"@type\":\"ListItem\",\"position\":1,\"name\":\"Home\",\"item\":\"https:\/\/www.ditosama.com\/fr\/\"},{\"@type\":\"ListItem\",\"position\":2,\"name\":\"About us\",\"item\":\"https:\/\/www.ditosama.com\/fr\/about-us\/\"},{\"@type\":\"ListItem\",\"position\":3,\"name\":\"Histoire de l&#8217;entreprise\"}]},{\"@type\":\"WebSite\",\"@id\":\"https:\/\/www.ditosama.com\/en\/#website\",\"url\":\"https:\/\/www.ditosama.com\/en\/\",\"name\":\"Dito Sama\",\"description\":\"\",\"potentialAction\":[{\"@type\":\"SearchAction\",\"target\":{\"@type\":\"EntryPoint\",\"urlTemplate\":\"https:\/\/www.ditosama.com\/en\/?s={search_term_string}\"},\"query-input\":{\"@type\":\"PropertyValueSpecification\",\"valueRequired\":true,\"valueName\":\"search_term_string\"}}],\"inLanguage\":\"fr-FR\"}]}<\/script>\n<!-- \/ Yoast SEO plugin. -->","yoast_head_json":{"title":"Historique de l'entreprise | Dito Sama","description":"Explorez l'histoire de la soci\u00e9t\u00e9 Dito Sama. D\u00e9couvrez notre parcours, nos \u00e9tapes importantes et notre engagement \u00e0 fournir des \u00e9quipements de restauration commerciale de qualit\u00e9.","robots":{"index":"index","follow":"follow","max-snippet":"max-snippet:-1","max-image-preview":"max-image-preview:large","max-video-preview":"max-video-preview:-1"},"canonical":"https:\/\/www.ditosama.com\/fr\/wp-json\/wp\/v2\/pages\/1051","og_locale":"fr_FR","og_type":"article","og_title":"Historique de l'entreprise | Dito Sama","og_description":"Explorez l'histoire de la soci\u00e9t\u00e9 Dito Sama. D\u00e9couvrez notre parcours, nos \u00e9tapes importantes et notre engagement \u00e0 fournir des \u00e9quipements de restauration commerciale de qualit\u00e9.","og_url":"https:\/\/www.ditosama.com\/fr\/about-us\/histoire-de-lentreprise\/","og_site_name":"Dito Sama","article_modified_time":"2026-03-05T11:20:55+00:00","og_image":[{"width":1024,"height":682,"url":"https:\/\/www.ditosama.com\/wp-content\/uploads\/2022\/12\/MicrosoftTeams-image-69-1024x682.jpg","type":"image\/jpeg"}],"twitter_card":"summary_large_image","twitter_misc":{"Dur\u00e9e de lecture estim\u00e9e":"1 minute"},"schema":{"@context":"https:\/\/schema.org","@graph":[{"@type":"WebPage","@id":"https:\/\/www.ditosama.com\/fr\/about-us\/histoire-de-lentreprise\/","url":"https:\/\/www.ditosama.com\/fr\/about-us\/histoire-de-lentreprise\/","name":"Historique de l'entreprise | Dito Sama","isPartOf":{"@id":"https:\/\/www.ditosama.com\/en\/#website"},"primaryImageOfPage":{"@id":"https:\/\/www.ditosama.com\/fr\/about-us\/histoire-de-lentreprise\/#primaryimage"},"image":{"@id":"https:\/\/www.ditosama.com\/fr\/about-us\/histoire-de-lentreprise\/#primaryimage"},"thumbnailUrl":"https:\/\/www.ditosama.com\/wp-content\/uploads\/2022\/12\/MicrosoftTeams-image-69.jpg","datePublished":"2022-12-06T09:17:52+00:00","dateModified":"2026-03-05T11:20:55+00:00","description":"Explorez l'histoire de la soci\u00e9t\u00e9 Dito Sama. D\u00e9couvrez notre parcours, nos \u00e9tapes importantes et notre engagement \u00e0 fournir des \u00e9quipements de restauration commerciale de qualit\u00e9.","breadcrumb":{"@id":"https:\/\/www.ditosama.com\/fr\/about-us\/histoire-de-lentreprise\/#breadcrumb"},"inLanguage":"fr-FR","potentialAction":[{"@type":"ReadAction","target":["https:\/\/www.ditosama.com\/fr\/about-us\/histoire-de-lentreprise\/"]}]},{"@type":"ImageObject","inLanguage":"fr-FR","@id":"https:\/\/www.ditosama.com\/fr\/about-us\/histoire-de-lentreprise\/#primaryimage","url":"https:\/\/www.ditosama.com\/wp-content\/uploads\/2022\/12\/MicrosoftTeams-image-69.jpg","contentUrl":"https:\/\/www.ditosama.com\/wp-content\/uploads\/2022\/12\/MicrosoftTeams-image-69.jpg","width":2032,"height":1354},{"@type":"BreadcrumbList","@id":"https:\/\/www.ditosama.com\/fr\/about-us\/histoire-de-lentreprise\/#breadcrumb","itemListElement":[{"@type":"ListItem","position":1,"name":"Home","item":"https:\/\/www.ditosama.com\/fr\/"},{"@type":"ListItem","position":2,"name":"About us","item":"https:\/\/www.ditosama.com\/fr\/about-us\/"},{"@type":"ListItem","position":3,"name":"Histoire de l&#8217;entreprise"}]},{"@type":"WebSite","@id":"https:\/\/www.ditosama.com\/en\/#website","url":"https:\/\/www.ditosama.com\/en\/","name":"Dito Sama","description":"","potentialAction":[{"@type":"SearchAction","target":{"@type":"EntryPoint","urlTemplate":"https:\/\/www.ditosama.com\/en\/?s={search_term_string}"},"query-input":{"@type":"PropertyValueSpecification","valueRequired":true,"valueName":"search_term_string"}}],"inLanguage":"fr-FR"}]}},"_links":{"self":[{"href":"https:\/\/www.ditosama.com\/fr\/wp-json\/wp\/v2\/pages\/1051","targetHints":{"allow":["GET"]}}],"collection":[{"href":"https:\/\/www.ditosama.com\/fr\/wp-json\/wp\/v2\/pages"}],"about":[{"href":"https:\/\/www.ditosama.com\/fr\/wp-json\/wp\/v2\/types\/page"}],"author":[{"embeddable":true,"href":"https:\/\/www.ditosama.com\/fr\/wp-json\/wp\/v2\/users\/1"}],"replies":[{"embeddable":true,"href":"https:\/\/www.ditosama.com\/fr\/wp-json\/wp\/v2\/comments?post=1051"}],"version-history":[{"count":21,"href":"https:\/\/www.ditosama.com\/fr\/wp-json\/wp\/v2\/pages\/1051\/revisions"}],"predecessor-version":[{"id":32967,"href":"https:\/\/www.ditosama.com\/fr\/wp-json\/wp\/v2\/pages\/1051\/revisions\/32967"}],"up":[{"embeddable":true,"href":"https:\/\/www.ditosama.com\/fr\/wp-json\/wp\/v2\/pages\/2801"}],"wp:featuredmedia":[{"embeddable":true,"href":"https:\/\/www.ditosama.com\/fr\/wp-json\/wp\/v2\/media\/2096"}],"wp:attachment":[{"href":"https:\/\/www.ditosama.com\/fr\/wp-json\/wp\/v2\/media?parent=1051"}],"curies":[{"name":"wp","href":"https:\/\/api.w.org\/{rel}","templated":true}]}}