{"id":1047,"date":"2022-12-06T09:06:19","date_gmt":"2022-12-06T09:06:19","guid":{"rendered":"https:\/\/www.ditosama.com\/register-your-product\/"},"modified":"2026-04-07T09:16:31","modified_gmt":"2026-04-07T09:16:31","slug":"enregistrer-son-produit","status":"publish","type":"page","link":"https:\/\/www.ditosama.com\/fr\/services\/enregistrer-son-produit\/","title":{"rendered":"Enregistrez votre produit"},"content":{"rendered":"<section class=\"wpb-content-wrapper\"><p>[vc_row full_width=\u00a0\u00bbc21-full-width-no-padding\u00a0\u00bb][vc_column][vc_empty_space height=\u00a0\u00bb45px\u00a0\u00bb][\/vc_column][\/vc_row][vc_row][vc_column][elx_o2000_product_registration l=\u00a0\u00bbfr\u00a0\u00bb][\/vc_column][\/vc_row][vc_row][vc_column][vc_empty_space height=\u00a0\u00bb100px\u00a0\u00bb][\/vc_column][\/vc_row][vc_row full_width=\u00a0\u00bbc21-full-width-no-padding\u00a0\u00bb][vc_column][c21_image_text_full image=\u00a0\u00bb290&Prime; image_position=\u00a0\u00bbleft\u00a0\u00bb title=\u00a0\u00bbENVIE D\u2019EN SAVOIR PLUS ?\u00a0\u00bb text=\u00a0\u00bbPour toute aide ou information, n&rsquo;h\u00e9sitez pas \u00e0 nous contacter !\u00a0\u00bb link=\u00a0\u00bburl:https%3A%2F%2Fwww.ditosama.com%2Ffr%2Fcontactez-nous%2F|title:CONTACTEZ-NOUS\u00a0\u00bb][\/vc_column][\/vc_row]<\/p>\n<\/section>","protected":false},"excerpt":{"rendered":"<p>[vc_row full_width=\u00a0\u00bbc21-full-width-no-padding\u00a0\u00bb][vc_column][vc_empty_space height=\u00a0\u00bb45px\u00a0\u00bb][\/vc_column][\/vc_row][vc_row][vc_column][elx_o2000_product_registration l=\u00a0\u00bbfr\u00a0\u00bb][\/vc_column][\/vc_row][vc_row][vc_column][vc_empty_space height=\u00a0\u00bb100px\u00a0\u00bb][\/vc_column][\/vc_row][vc_row full_width=\u00a0\u00bbc21-full-width-no-padding\u00a0\u00bb][vc_column][c21_image_text_full image=\u00a0\u00bb290&Prime; image_position=\u00a0\u00bbleft\u00a0\u00bb title=\u00a0\u00bbENVIE D\u2019EN SAVOIR PLUS ?\u00a0\u00bb text=\u00a0\u00bbPour toute aide ou information, n&rsquo;h\u00e9sitez pas \u00e0 nous contacter !\u00a0\u00bb link=\u00a0\u00bburl:https%3A%2F%2Fwww.ditosama.com%2Ffr%2Fcontactez-nous%2F|title:CONTACTEZ-NOUS\u00a0\u00bb][\/vc_column][\/vc_row]<\/p>\n","protected":false},"author":1,"featured_media":14608,"parent":2820,"menu_order":0,"comment_status":"closed","ping_status":"closed","template":"","meta":{"inline_featured_image":false,"footnotes":""},"class_list":["post-1047","page","type-page","status-publish","has-post-thumbnail","hentry"],"acf":[],"yoast_head":"<!-- This site is optimized with the Yoast SEO plugin v26.1.1 - https:\/\/yoast.com\/wordpress\/plugins\/seo\/ -->\n<title>Enregistrer votre produit | Dito Sama<\/title>\n<meta name=\"description\" content=\"Enregistrez votre produit Dito Sama pour b\u00e9n\u00e9ficier de la garantie et de l&#039;assistance. Assurez une performance optimale et acc\u00e9dez aux ressources. Enregistrez votre \u00e9quipement maintenant\" \/>\n<meta name=\"robots\" content=\"index, follow, max-snippet:-1, max-image-preview:large, max-video-preview:-1\" \/>\n<link rel=\"canonical\" href=\"https:\/\/www.ditosama.com\/fr\/wp-json\/wp\/v2\/pages\/1047\" \/>\n<meta property=\"og:locale\" content=\"fr_FR\" \/>\n<meta property=\"og:type\" content=\"article\" \/>\n<meta property=\"og:title\" content=\"Enregistrer votre produit | Dito Sama\" \/>\n<meta property=\"og:description\" content=\"Enregistrez votre produit Dito Sama pour b\u00e9n\u00e9ficier de la garantie et de l&#039;assistance. Assurez une performance optimale et acc\u00e9dez aux ressources. Enregistrez votre \u00e9quipement maintenant\" \/>\n<meta property=\"og:url\" content=\"https:\/\/www.ditosama.com\/fr\/services\/enregistrer-son-produit\/\" \/>\n<meta property=\"og:site_name\" content=\"Dito Sama\" \/>\n<meta property=\"article:modified_time\" content=\"2026-04-07T09:16:31+00:00\" \/>\n<meta property=\"og:image\" content=\"https:\/\/www.ditosama.com\/wp-content\/uploads\/2024\/02\/product-registration-1920x580-1.jpg\" \/>\n\t<meta property=\"og:image:width\" content=\"1920\" \/>\n\t<meta property=\"og:image:height\" content=\"580\" \/>\n\t<meta property=\"og:image:type\" content=\"image\/jpeg\" \/>\n<meta name=\"twitter:card\" content=\"summary_large_image\" \/>\n<meta name=\"twitter:label1\" content=\"Dur\u00e9e de lecture estim\u00e9e\" \/>\n\t<meta name=\"twitter:data1\" content=\"1 minute\" \/>\n<script type=\"application\/ld+json\" class=\"yoast-schema-graph\">{\"@context\":\"https:\/\/schema.org\",\"@graph\":[{\"@type\":\"WebPage\",\"@id\":\"https:\/\/www.ditosama.com\/fr\/services\/enregistrer-son-produit\/\",\"url\":\"https:\/\/www.ditosama.com\/fr\/services\/enregistrer-son-produit\/\",\"name\":\"Enregistrer votre produit | Dito Sama\",\"isPartOf\":{\"@id\":\"https:\/\/www.ditosama.com\/en\/#website\"},\"primaryImageOfPage\":{\"@id\":\"https:\/\/www.ditosama.com\/fr\/services\/enregistrer-son-produit\/#primaryimage\"},\"image\":{\"@id\":\"https:\/\/www.ditosama.com\/fr\/services\/enregistrer-son-produit\/#primaryimage\"},\"thumbnailUrl\":\"https:\/\/www.ditosama.com\/wp-content\/uploads\/2024\/02\/product-registration-1920x580-1.jpg\",\"datePublished\":\"2022-12-06T09:06:19+00:00\",\"dateModified\":\"2026-04-07T09:16:31+00:00\",\"description\":\"Enregistrez votre produit Dito Sama pour b\u00e9n\u00e9ficier de la garantie et de l'assistance. Assurez une performance optimale et acc\u00e9dez aux ressources. Enregistrez votre \u00e9quipement maintenant\",\"breadcrumb\":{\"@id\":\"https:\/\/www.ditosama.com\/fr\/services\/enregistrer-son-produit\/#breadcrumb\"},\"inLanguage\":\"fr-FR\",\"potentialAction\":[{\"@type\":\"ReadAction\",\"target\":[\"https:\/\/www.ditosama.com\/fr\/services\/enregistrer-son-produit\/\"]}]},{\"@type\":\"ImageObject\",\"inLanguage\":\"fr-FR\",\"@id\":\"https:\/\/www.ditosama.com\/fr\/services\/enregistrer-son-produit\/#primaryimage\",\"url\":\"https:\/\/www.ditosama.com\/wp-content\/uploads\/2024\/02\/product-registration-1920x580-1.jpg\",\"contentUrl\":\"https:\/\/www.ditosama.com\/wp-content\/uploads\/2024\/02\/product-registration-1920x580-1.jpg\",\"width\":1920,\"height\":580},{\"@type\":\"BreadcrumbList\",\"@id\":\"https:\/\/www.ditosama.com\/fr\/services\/enregistrer-son-produit\/#breadcrumb\",\"itemListElement\":[{\"@type\":\"ListItem\",\"position\":1,\"name\":\"Home\",\"item\":\"https:\/\/www.ditosama.com\/fr\/\"},{\"@type\":\"ListItem\",\"position\":2,\"name\":\"Services\",\"item\":\"https:\/\/www.ditosama.com\/fr\/services\/\"},{\"@type\":\"ListItem\",\"position\":3,\"name\":\"Enregistrez votre produit\"}]},{\"@type\":\"WebSite\",\"@id\":\"https:\/\/www.ditosama.com\/en\/#website\",\"url\":\"https:\/\/www.ditosama.com\/en\/\",\"name\":\"Dito Sama\",\"description\":\"\",\"potentialAction\":[{\"@type\":\"SearchAction\",\"target\":{\"@type\":\"EntryPoint\",\"urlTemplate\":\"https:\/\/www.ditosama.com\/en\/?s={search_term_string}\"},\"query-input\":{\"@type\":\"PropertyValueSpecification\",\"valueRequired\":true,\"valueName\":\"search_term_string\"}}],\"inLanguage\":\"fr-FR\"}]}<\/script>\n<!-- \/ Yoast SEO plugin. -->","yoast_head_json":{"title":"Enregistrer votre produit | Dito Sama","description":"Enregistrez votre produit Dito Sama pour b\u00e9n\u00e9ficier de la garantie et de l'assistance. Assurez une performance optimale et acc\u00e9dez aux ressources. Enregistrez votre \u00e9quipement maintenant","robots":{"index":"index","follow":"follow","max-snippet":"max-snippet:-1","max-image-preview":"max-image-preview:large","max-video-preview":"max-video-preview:-1"},"canonical":"https:\/\/www.ditosama.com\/fr\/wp-json\/wp\/v2\/pages\/1047","og_locale":"fr_FR","og_type":"article","og_title":"Enregistrer votre produit | Dito Sama","og_description":"Enregistrez votre produit Dito Sama pour b\u00e9n\u00e9ficier de la garantie et de l'assistance. Assurez une performance optimale et acc\u00e9dez aux ressources. Enregistrez votre \u00e9quipement maintenant","og_url":"https:\/\/www.ditosama.com\/fr\/services\/enregistrer-son-produit\/","og_site_name":"Dito Sama","article_modified_time":"2026-04-07T09:16:31+00:00","og_image":[{"width":1920,"height":580,"url":"https:\/\/www.ditosama.com\/wp-content\/uploads\/2024\/02\/product-registration-1920x580-1.jpg","type":"image\/jpeg"}],"twitter_card":"summary_large_image","twitter_misc":{"Dur\u00e9e de lecture estim\u00e9e":"1 minute"},"schema":{"@context":"https:\/\/schema.org","@graph":[{"@type":"WebPage","@id":"https:\/\/www.ditosama.com\/fr\/services\/enregistrer-son-produit\/","url":"https:\/\/www.ditosama.com\/fr\/services\/enregistrer-son-produit\/","name":"Enregistrer votre produit | Dito Sama","isPartOf":{"@id":"https:\/\/www.ditosama.com\/en\/#website"},"primaryImageOfPage":{"@id":"https:\/\/www.ditosama.com\/fr\/services\/enregistrer-son-produit\/#primaryimage"},"image":{"@id":"https:\/\/www.ditosama.com\/fr\/services\/enregistrer-son-produit\/#primaryimage"},"thumbnailUrl":"https:\/\/www.ditosama.com\/wp-content\/uploads\/2024\/02\/product-registration-1920x580-1.jpg","datePublished":"2022-12-06T09:06:19+00:00","dateModified":"2026-04-07T09:16:31+00:00","description":"Enregistrez votre produit Dito Sama pour b\u00e9n\u00e9ficier de la garantie et de l'assistance. Assurez une performance optimale et acc\u00e9dez aux ressources. Enregistrez votre \u00e9quipement maintenant","breadcrumb":{"@id":"https:\/\/www.ditosama.com\/fr\/services\/enregistrer-son-produit\/#breadcrumb"},"inLanguage":"fr-FR","potentialAction":[{"@type":"ReadAction","target":["https:\/\/www.ditosama.com\/fr\/services\/enregistrer-son-produit\/"]}]},{"@type":"ImageObject","inLanguage":"fr-FR","@id":"https:\/\/www.ditosama.com\/fr\/services\/enregistrer-son-produit\/#primaryimage","url":"https:\/\/www.ditosama.com\/wp-content\/uploads\/2024\/02\/product-registration-1920x580-1.jpg","contentUrl":"https:\/\/www.ditosama.com\/wp-content\/uploads\/2024\/02\/product-registration-1920x580-1.jpg","width":1920,"height":580},{"@type":"BreadcrumbList","@id":"https:\/\/www.ditosama.com\/fr\/services\/enregistrer-son-produit\/#breadcrumb","itemListElement":[{"@type":"ListItem","position":1,"name":"Home","item":"https:\/\/www.ditosama.com\/fr\/"},{"@type":"ListItem","position":2,"name":"Services","item":"https:\/\/www.ditosama.com\/fr\/services\/"},{"@type":"ListItem","position":3,"name":"Enregistrez votre produit"}]},{"@type":"WebSite","@id":"https:\/\/www.ditosama.com\/en\/#website","url":"https:\/\/www.ditosama.com\/en\/","name":"Dito Sama","description":"","potentialAction":[{"@type":"SearchAction","target":{"@type":"EntryPoint","urlTemplate":"https:\/\/www.ditosama.com\/en\/?s={search_term_string}"},"query-input":{"@type":"PropertyValueSpecification","valueRequired":true,"valueName":"search_term_string"}}],"inLanguage":"fr-FR"}]}},"_links":{"self":[{"href":"https:\/\/www.ditosama.com\/fr\/wp-json\/wp\/v2\/pages\/1047","targetHints":{"allow":["GET"]}}],"collection":[{"href":"https:\/\/www.ditosama.com\/fr\/wp-json\/wp\/v2\/pages"}],"about":[{"href":"https:\/\/www.ditosama.com\/fr\/wp-json\/wp\/v2\/types\/page"}],"author":[{"embeddable":true,"href":"https:\/\/www.ditosama.com\/fr\/wp-json\/wp\/v2\/users\/1"}],"replies":[{"embeddable":true,"href":"https:\/\/www.ditosama.com\/fr\/wp-json\/wp\/v2\/comments?post=1047"}],"version-history":[{"count":15,"href":"https:\/\/www.ditosama.com\/fr\/wp-json\/wp\/v2\/pages\/1047\/revisions"}],"predecessor-version":[{"id":33091,"href":"https:\/\/www.ditosama.com\/fr\/wp-json\/wp\/v2\/pages\/1047\/revisions\/33091"}],"up":[{"embeddable":true,"href":"https:\/\/www.ditosama.com\/fr\/wp-json\/wp\/v2\/pages\/2820"}],"wp:featuredmedia":[{"embeddable":true,"href":"https:\/\/www.ditosama.com\/fr\/wp-json\/wp\/v2\/media\/14608"}],"wp:attachment":[{"href":"https:\/\/www.ditosama.com\/fr\/wp-json\/wp\/v2\/media?parent=1047"}],"curies":[{"name":"wp","href":"https:\/\/api.w.org\/{rel}","templated":true}]}}