{"id":1033,"date":"2022-12-06T08:58:57","date_gmt":"2022-12-06T08:58:57","guid":{"rendered":"https:\/\/www.ditosama.com\/vacuum-sealer-meat-slicer\/"},"modified":"2026-04-03T15:56:37","modified_gmt":"2026-04-03T15:56:37","slug":"machines-sous-vide","status":"publish","type":"page","link":"https:\/\/www.ditosama.com\/fr\/products\/machines-sous-vide\/","title":{"rendered":"Emballeuses sous vide"},"content":{"rendered":"<section class=\"wpb-content-wrapper\"><p>[vc_row full_width=\u00a0\u00bbc21-full-width-no-padding\u00a0\u00bb][vc_column][vc_empty_space height=\u00a0\u00bb45px\u00a0\u00bb][\/vc_column][\/vc_row][vc_row][vc_column][c21_image_text image=\u00a0\u00bb135&Prime; image_position=\u00a0\u00bbright\u00a0\u00bb title=\u00a0\u00bbMachines sous vide : s\u00e9curit\u00e9 et fra\u00eecheur au rendez-vous\u00a0\u00bb subtitle=\u00a0\u00bb\u00a0\u00bb text=\u00a0\u00bbNos machines sous vide professionnelles sont intuitives et faciles \u00e0 utiliser, incluant des solutions num\u00e9riques \u00e0 \u00e9cran tactiles ainsi que des unit\u00e9s autonomes pour une productivit\u00e9 \u00e9lev\u00e9.<br \/>\nProlongez la dur\u00e9e de conservation des aliments et r\u00e9duisez le gaspillage en pr\u00e9parant les aliments \u00e0 l&rsquo;avance et enrichissez votre menu avec des ingr\u00e9dients moins fr\u00e9quemment utilis\u00e9s. Am\u00e9liorez l&rsquo;espace de stockage en empilant diff\u00e9rents aliments tout en \u00e9vitant les contaminations, les d\u00e9shydratations, br\u00fblures de cong\u00e9lation et moisissures. Vous pouvez \u00e9galement suivre votre production et surveiller votre stockage gr\u00e2ce \u00e0 l&rsquo;imprimante d&rsquo;\u00e9tiquettes sans fil. Achetez de plus grandes quantit\u00e9s et optimisez enfin le flux de travail de la cuisine pendant les pics de charge de travail.\u00a0\u00bb][vc_empty_space][\/vc_column][\/vc_row][vc_row full_width=\u00a0\u00bbc21-full-width-no-padding\u00a0\u00bb][vc_column]<div class=\"com21-product-filter-container 4\"\n                    <!-- PROD FILTER -->\n                    \n                    <div class=\"container\">\n                        <h2 class=\"text-left\">\n                            Product line\n                            <span class=\"product_counter\">6<\/span>\n                        <\/h2>\n                    <\/div>\n                    <div class=\"specification-filter\">\n                        <div class=\"toggle-filter-container\">\n                            <div class=\"container text-center\">\n                                <a href=\"#filter\" class=\"toggle-filter small-toggle\" data-target=\".category-filter\"  data-class-toggle=\"category-filter-show\" aria-pressed=\"false\" role=\"button\" id=\"open-product-features\">Filter<\/a>\n                            <\/div>\n                        <\/div>\n                        <div class=\"category-filter \">\n                            <div class=\"container\">\n                    <div class=\"row\">\n                        <div class=\"col-md-4 text-left\">\n                            <fieldset>       \n                                <h5 class=\"h6\">Product line<\/h5>\n                                <div class=\"category-check\">\n                                    <input type=\"checkbox\" name=\"c\" id=\"c-machines-sous-vide\" data-code=\"C\" data-value=\"Machines sous vide\" >\n                                    <label for=\"c-machines-sous-vide\">Machines sous vide<\/label>\n                                <\/div>\n                            \n                                <div class=\"category-check\">\n                                    <input type=\"checkbox\" name=\"i\" id=\"i-machines-sous-vide-sur-roulettes\" data-code=\"I\" data-value=\"Machines sous vide sur roulettes\" >\n                                    <label for=\"i-machines-sous-vide-sur-roulettes\">Machines sous vide sur roulettes<\/label>\n                                <\/div>\n                            \n                            <\/fieldset>\n                        <\/div><!-- end col -->\n                        <\/div>\n        \n                                <div class=\"row\">\n                                    <div class=\"col-md-6 text-left\">\n                                        <span class=\"number-of-products\"><span id=\"number-of-products\">6<\/span> Products<\/span> <a href=\"#\" class=\"btn btn-secondary-bordered\" id=\"filter-reset-btn\">Reset<\/a>\n                                    <\/div>\n                                    <div class=\"col-md-6 text-right\">\n                                        <a href=\"#\" class=\"close-toggle no-pd-toggle\" data-parent=\"open-product-features\"  aria-pressed=\"true\" role=\"button\">Close<\/a>\n                                    <\/div>\n                                <\/div>\n                                \n                            <\/div><!-- end container -->\n                        <\/div><!-- end category-filter -->\n                    <\/div><!-- end specification-filter -->\n        \n                    <!-- END PROD FILTER -->\n                    \n                    <!-- PROD LIST -->\n                    <div class=\"product-list container\">\n                        <!--Hidden parameters-->\n                        <input type=\"hidden\" name=\"navigation_level_1\" id=\"navigation_level_1\" value=\"X\">\n                        <input type=\"hidden\" name=\"navigation_level_2\" id=\"navigation_level_2\" value=\"P\">\n                        <input type=\"hidden\" name=\"navigation_level_3\" id=\"navigation_level_3\" value=\"\">\n                        <input type=\"hidden\" name=\"navigation_level_4\" id=\"navigation_level_4\" value=\"\">\n                        <input type=\"hidden\" name=\"filter_id\" id=\"filter_id\" value=\"4\">\n                        <input type=\"hidden\" name=\"navigation_language\" id=\"navigation_language\" value=\"5002\">\n                        <input type=\"hidden\" name=\"navigation_language_code\" id=\"navigation_language\" value=\"5002\">\n                        <input type=\"hidden\" name=\"page_id\" id=\"page_id\" value=\"1033\">\n                        <!--END Hidden parameters--><ul class=\"row\" ><li class=\"C21TE_viewItemList  col-sm-6 col-md-4 wow fadeIn single-product-list fix-list 602184\" data-index=\"0\" data-wow-delay=\"0ms\" data-name=\"Machines sous-vide<br>Machine sous vide \u00e0 poser 8m3\/h\" data-id=\"602184\" data-category=\"fr\/products\/machines sous vide\/\" data-list-name=\"Emballeuses sous vide\"><div class=\"product-list-item\"><div class=\"product-content\"><a class=\"C21TE_selectItem\"  href=\"https:\/\/www.ditosama.com\/fr\/products\/machines-sous-vide\/machines-sous-vide-machine-sous-vide-\u00e0-poser-8m3-h-602184\/\" data-index=\"0\" data-name=\"Machines sous-vide<br>Machine sous vide \u00e0 poser 8m3\/h\" data-id=\"602184\" data-category=\"fr\/products\/machines sous vide\/\" data-list-name=\"Emballeuses sous vide\"><figure class=\"wow fadeIn image-dito-sama-2\" style=\"padding: 0px\"><img decoding=\"async\" src=\"https:\/\/tools.electroluxprofessional.com\/Mirror\/Doc\/PH_255x255%2FPH_602184_1_2_602184_laterale.jpg\" alt=\"Machines sous-vide<br>Machine sous vide \u00e0 poser 8m3\/h\" ><\/figure><h3>Machines sous-vide<br>Machine sous vide \u00e0 poser 8m3\/h<\/h3><\/a><div class=\"product-code\">602184<\/div><div class=\"product-model\">(DVP08D)<\/div><div class=\"product-description\">Machine sous vide \u00e0 poser 8 m3\/h, affichage digital<\/div><\/div><div class=\"pre-actions\"><div class=\"reviews\"><\/div><div class=\"compare-product c21_product_compare form-check form-switch\"><label><input type=\"checkbox\" class=\"C21TG_comparison form-check-input product-comparer\" data-addedProduct=\"602184\">Compare<\/label><\/div><\/div><\/div> <!-- end product-list-item --><\/li><li class=\"C21TE_viewItemList  col-sm-6 col-md-4 wow fadeIn single-product-list fix-list 602185\" data-index=\"1\" data-wow-delay=\"0ms\" data-name=\"Machines sous-vide<br>Machine sous vide \u00e0 poser 12m3\/h\" data-id=\"602185\" data-category=\"fr\/products\/machines sous vide\/\" data-list-name=\"Emballeuses sous vide\"><div class=\"product-list-item\"><div class=\"product-content\"><a class=\"C21TE_selectItem\"  href=\"https:\/\/www.ditosama.com\/fr\/products\/machines-sous-vide\/machines-sous-vide-machine-sous-vide-\u00e0-poser-12m3-h-602185\/\" data-index=\"1\" data-name=\"Machines sous-vide<br>Machine sous vide \u00e0 poser 12m3\/h\" data-id=\"602185\" data-category=\"fr\/products\/machines sous vide\/\" data-list-name=\"Emballeuses sous vide\"><figure class=\"wow fadeIn image-dito-sama-2\" style=\"padding: 0px\"><img decoding=\"async\" src=\"https:\/\/tools.electroluxprofessional.com\/Mirror\/Doc\/PH_255x255%2FPH_602185_1_2_602185_laterale.jpg\" alt=\"Machines sous-vide<br>Machine sous vide \u00e0 poser 12m3\/h\" ><\/figure><h3>Machines sous-vide<br>Machine sous vide \u00e0 poser 12m3\/h<\/h3><\/a><div class=\"product-code\">602185<\/div><div class=\"product-model\">(DVP12D)<\/div><div class=\"product-description\">Machine sous vide \u00e0 poser 12 m3\/h, affichage digital<\/div><\/div><div class=\"pre-actions\"><div class=\"reviews\"><\/div><div class=\"compare-product c21_product_compare form-check form-switch\"><label><input type=\"checkbox\" class=\"C21TG_comparison form-check-input product-comparer\" data-addedProduct=\"602185\">Compare<\/label><\/div><\/div><\/div> <!-- end product-list-item --><\/li><li class=\"C21TE_viewItemList  col-sm-6 col-md-4 wow fadeIn single-product-list fix-list 602186\" data-index=\"2\" data-wow-delay=\"0ms\" data-name=\"Machines sous-vide<br>Machine sous vide \u00e0 poser 16m3\/h\" data-id=\"602186\" data-category=\"fr\/products\/machines sous vide\/\" data-list-name=\"Emballeuses sous vide\"><div class=\"product-list-item\"><div class=\"product-content\"><a class=\"C21TE_selectItem\"  href=\"https:\/\/www.ditosama.com\/fr\/products\/machines-sous-vide\/machines-sous-vide-machine-sous-vide-\u00e0-poser-16m3-h-602186\/\" data-index=\"2\" data-name=\"Machines sous-vide<br>Machine sous vide \u00e0 poser 16m3\/h\" data-id=\"602186\" data-category=\"fr\/products\/machines sous vide\/\" data-list-name=\"Emballeuses sous vide\"><figure class=\"wow fadeIn image-dito-sama-2\" style=\"padding: 0px\"><img decoding=\"async\" src=\"https:\/\/tools.electroluxprofessional.com\/Mirror\/Doc\/PH_255x255%2FPH_602186_1_2_602186_laterale.jpg\" alt=\"Machines sous-vide<br>Machine sous vide \u00e0 poser 16m3\/h\" ><\/figure><h3>Machines sous-vide<br>Machine sous vide \u00e0 poser 16m3\/h<\/h3><\/a><div class=\"product-code\">602186<\/div><div class=\"product-model\">(DVP16D)<\/div><div class=\"product-description\">Machine sous vide \u00e0 poser 16 m3\/h, affichage digital<\/div><\/div><div class=\"pre-actions\"><div class=\"reviews\"><\/div><div class=\"compare-product c21_product_compare form-check form-switch\"><label><input type=\"checkbox\" class=\"C21TG_comparison form-check-input product-comparer\" data-addedProduct=\"602186\">Compare<\/label><\/div><\/div><\/div> <!-- end product-list-item --><\/li><li class=\"C21TE_viewItemList  col-sm-6 col-md-4 wow fadeIn single-product-list fix-list 602187\" data-index=\"3\" data-wow-delay=\"0ms\" data-name=\"Machines sous-vide<br>Machine sous vide \u00e0 poser 20m3\/h\" data-id=\"602187\" data-category=\"fr\/products\/machines sous vide\/\" data-list-name=\"Emballeuses sous vide\"><div class=\"product-list-item\"><div class=\"product-content\"><a class=\"C21TE_selectItem\"  href=\"https:\/\/www.ditosama.com\/fr\/products\/machines-sous-vide\/machines-sous-vide-machine-sous-vide-\u00e0-poser-20m3-h-602187\/\" data-index=\"3\" data-name=\"Machines sous-vide<br>Machine sous vide \u00e0 poser 20m3\/h\" data-id=\"602187\" data-category=\"fr\/products\/machines sous vide\/\" data-list-name=\"Emballeuses sous vide\"><figure class=\"wow fadeIn image-dito-sama-2\" style=\"padding: 0px\"><img decoding=\"async\" src=\"https:\/\/tools.electroluxprofessional.com\/Mirror\/Doc\/PH_255x255%2FPH_602187_1_2_602187_laterale.jpg\" alt=\"Machines sous-vide<br>Machine sous vide \u00e0 poser 20m3\/h\" ><\/figure><h3>Machines sous-vide<br>Machine sous vide \u00e0 poser 20m3\/h<\/h3><\/a><div class=\"product-code\">602187<\/div><div class=\"product-model\">(DVP20T)<\/div><div class=\"product-description\">Machine sous vide \u00e0 poser 20 m3\/h, barre de soudure de 410mm, \u00e9cran tactile<\/div><\/div><div class=\"pre-actions\"><div class=\"reviews\"><\/div><div class=\"compare-product c21_product_compare form-check form-switch\"><label><input type=\"checkbox\" class=\"C21TG_comparison form-check-input product-comparer\" data-addedProduct=\"602187\">Compare<\/label><\/div><\/div><\/div> <!-- end product-list-item --><\/li><li class=\"C21TE_viewItemList  col-sm-6 col-md-4 wow fadeIn single-product-list fix-list 602336\" data-index=\"4\" data-wow-delay=\"0ms\" data-name=\"Machines sous-vide<br>Machine sous vide sur roulettes 25m3\/h\" data-id=\"602336\" data-category=\"fr\/products\/machines sous vide\/\" data-list-name=\"Emballeuses sous vide\"><div class=\"product-list-item\"><div class=\"product-content\"><a class=\"C21TE_selectItem\"  href=\"https:\/\/www.ditosama.com\/fr\/products\/machines-sous-vide\/machines-sous-vide-machine-sous-vide-sur-roulettes-25m3-h-602336\/\" data-index=\"4\" data-name=\"Machines sous-vide<br>Machine sous vide sur roulettes 25m3\/h\" data-id=\"602336\" data-category=\"fr\/products\/machines sous vide\/\" data-list-name=\"Emballeuses sous vide\"><figure class=\"wow fadeIn image-dito-sama-2\" style=\"padding: 0px\"><img decoding=\"async\" src=\"https:\/\/tools.electroluxprofessional.com\/Mirror\/Doc\/PH_255x255%2FPH_602336_1_1_602336.jpg\" alt=\"Machines sous-vide<br>Machine sous vide sur roulettes 25m3\/h\" ><\/figure><h3>Machines sous-vide<br>Machine sous vide sur roulettes 25m3\/h<\/h3><\/a><div class=\"product-code\">602336<\/div><div class=\"product-model\">(DVP25D)<\/div><div class=\"product-description\">Machine sous vide sur roulettes 25 m3\/h, affichage digital<\/div><\/div><div class=\"pre-actions\"><div class=\"reviews\"><\/div><div class=\"compare-product c21_product_compare form-check form-switch\"><label><input type=\"checkbox\" class=\"C21TG_comparison form-check-input product-comparer\" data-addedProduct=\"602336\">Compare<\/label><\/div><\/div><\/div> <!-- end product-list-item --><\/li><li class=\"C21TE_viewItemList  col-sm-6 col-md-4 wow fadeIn single-product-list fix-list 602337\" data-index=\"5\" data-wow-delay=\"0ms\" data-name=\"Machines sous-vide<br>Machine sous vide sur roulettes 60m3\/h\" data-id=\"602337\" data-category=\"fr\/products\/machines sous vide\/\" data-list-name=\"Emballeuses sous vide\"><div class=\"product-list-item\"><div class=\"product-content\"><a class=\"C21TE_selectItem\"  href=\"https:\/\/www.ditosama.com\/fr\/products\/machines-sous-vide\/machines-sous-vide-machine-sous-vide-sur-roulettes-60m3-h-602337\/\" data-index=\"5\" data-name=\"Machines sous-vide<br>Machine sous vide sur roulettes 60m3\/h\" data-id=\"602337\" data-category=\"fr\/products\/machines sous vide\/\" data-list-name=\"Emballeuses sous vide\"><figure class=\"wow fadeIn image-dito-sama-2\" style=\"padding: 0px\"><img decoding=\"async\" src=\"https:\/\/tools.electroluxprofessional.com\/Mirror\/Doc\/PH_255x255%2FPH_602337_1_1_602337.jpg\" alt=\"Machines sous-vide<br>Machine sous vide sur roulettes 60m3\/h\" ><\/figure><h3>Machines sous-vide<br>Machine sous vide sur roulettes 60m3\/h<\/h3><\/a><div class=\"product-code\">602337<\/div><div class=\"product-model\">(DVP60D)<\/div><div class=\"product-description\">Machine sous vide sur roulettes 60 m3\/h, affichage digital<\/div><\/div><div class=\"pre-actions\"><div class=\"reviews\"><\/div><div class=\"compare-product c21_product_compare form-check form-switch\"><label><input type=\"checkbox\" class=\"C21TG_comparison form-check-input product-comparer\" data-addedProduct=\"602337\">Compare<\/label><\/div><\/div><\/div> <!-- end product-list-item --><\/li>\n                        <\/ul>\n                        <div class=\"text-center more-products\">\n                        <\/div>\n                    <\/div>\n                    <!-- END PRODUCT LIST -->\n                    <\/div>\n                    <!-- END PRODUCT LIST -->[\/vc_column][\/vc_row][vc_row full_width=\u00a0\u00bbc21-full-width-no-padding\u00a0\u00bb][vc_column][c21_image_text_full image=\u00a0\u00bb290&Prime; image_position=\u00a0\u00bbleft\u00a0\u00bb title=\u00a0\u00bbENVIE D\u2019EN SAVOIR PLUS ?\u00a0\u00bb text=\u00a0\u00bbContactez-nous pour d\u00e9couvrir nos Machines sous vide, trancheuse et hachoirs \u00e0 viande.\u00a0\u00bb link=\u00a0\u00bburl:https%3A%2F%2Fwww.ditosama.com%2Ffr%2Fcontactez-nous%2F|title:Contactez-nous\u00a0\u00bb][\/vc_column][\/vc_row]<\/p>\n<\/section>","protected":false},"excerpt":{"rendered":"<p>[vc_row full_width=\u00a0\u00bbc21-full-width-no-padding\u00a0\u00bb][vc_column][vc_empty_space height=\u00a0\u00bb45px\u00a0\u00bb][\/vc_column][\/vc_row][vc_row][vc_column][c21_image_text image=\u00a0\u00bb135&Prime; image_position=\u00a0\u00bbright\u00a0\u00bb title=\u00a0\u00bbMachines sous vide : s\u00e9curit\u00e9 et fra\u00eecheur au rendez-vous\u00a0\u00bb subtitle=\u00a0\u00bb\u00a0\u00bb text=\u00a0\u00bbNos machines sous vide professionnelles sont intuitives et faciles \u00e0 utiliser, incluant des solutions num\u00e9riques \u00e0 \u00e9cran tactiles ainsi que des unit\u00e9s autonomes pour une productivit\u00e9 \u00e9lev\u00e9. Prolongez la dur\u00e9e de conservation des aliments et r\u00e9duisez le gaspillage en pr\u00e9parant [&hellip;]<\/p>\n","protected":false},"author":1,"featured_media":11575,"parent":3442,"menu_order":0,"comment_status":"closed","ping_status":"closed","template":"","meta":{"inline_featured_image":false,"footnotes":""},"class_list":["post-1033","page","type-page","status-publish","has-post-thumbnail","hentry"],"acf":[],"yoast_head":"<!-- This site is optimized with the Yoast SEO plugin v26.1.1 - https:\/\/yoast.com\/wordpress\/plugins\/seo\/ -->\n<title>Emballeuses sous vide | Dito Sama<\/title>\n<meta name=\"description\" content=\"Boostez l&#039;efficacit\u00e9 de votre cuisine avec les emballage sous vide de Dito Sama. D\u00e9couvrez notre gamme d&#039;\u00e9quipements professionnels!\" \/>\n<meta name=\"robots\" content=\"index, follow, max-snippet:-1, max-image-preview:large, max-video-preview:-1\" \/>\n<link rel=\"canonical\" href=\"https:\/\/www.ditosama.com\/fr\/wp-json\/wp\/v2\/pages\/1033\" \/>\n<meta property=\"og:locale\" content=\"fr_FR\" \/>\n<meta property=\"og:type\" content=\"article\" \/>\n<meta property=\"og:title\" content=\"Emballeuses sous vide | Dito Sama\" \/>\n<meta property=\"og:description\" content=\"Boostez l&#039;efficacit\u00e9 de votre cuisine avec les emballage sous vide de Dito Sama. D\u00e9couvrez notre gamme d&#039;\u00e9quipements professionnels!\" \/>\n<meta property=\"og:url\" content=\"https:\/\/www.ditosama.com\/fr\/products\/machines-sous-vide\/\" \/>\n<meta property=\"og:site_name\" content=\"Dito Sama\" \/>\n<meta property=\"article:modified_time\" content=\"2026-04-03T15:56:37+00:00\" \/>\n<meta property=\"og:image\" content=\"https:\/\/www.ditosama.com\/wp-content\/uploads\/2023\/09\/DitoSama-Copertine-Sous-Vide-Touch-1.jpg\" \/>\n\t<meta property=\"og:image:width\" content=\"2560\" \/>\n\t<meta property=\"og:image:height\" content=\"1027\" \/>\n\t<meta property=\"og:image:type\" content=\"image\/jpeg\" \/>\n<meta name=\"twitter:card\" content=\"summary_large_image\" \/>\n<meta name=\"twitter:label1\" content=\"Dur\u00e9e de lecture estim\u00e9e\" \/>\n\t<meta name=\"twitter:data1\" content=\"2 minutes\" \/>\n<script type=\"application\/ld+json\" class=\"yoast-schema-graph\">{\"@context\":\"https:\/\/schema.org\",\"@graph\":[{\"@type\":\"WebPage\",\"@id\":\"https:\/\/www.ditosama.com\/fr\/products\/machines-sous-vide\/\",\"url\":\"https:\/\/www.ditosama.com\/fr\/products\/machines-sous-vide\/\",\"name\":\"Emballeuses sous vide | Dito Sama\",\"isPartOf\":{\"@id\":\"https:\/\/www.ditosama.com\/en\/#website\"},\"primaryImageOfPage\":{\"@id\":\"https:\/\/www.ditosama.com\/fr\/products\/machines-sous-vide\/#primaryimage\"},\"image\":{\"@id\":\"https:\/\/www.ditosama.com\/fr\/products\/machines-sous-vide\/#primaryimage\"},\"thumbnailUrl\":\"https:\/\/www.ditosama.com\/wp-content\/uploads\/2023\/09\/DitoSama-Copertine-Sous-Vide-Touch-1.jpg\",\"datePublished\":\"2022-12-06T08:58:57+00:00\",\"dateModified\":\"2026-04-03T15:56:37+00:00\",\"description\":\"Boostez l'efficacit\u00e9 de votre cuisine avec les emballage sous vide de Dito Sama. D\u00e9couvrez notre gamme d'\u00e9quipements professionnels!\",\"breadcrumb\":{\"@id\":\"https:\/\/www.ditosama.com\/fr\/products\/machines-sous-vide\/#breadcrumb\"},\"inLanguage\":\"fr-FR\",\"potentialAction\":[{\"@type\":\"ReadAction\",\"target\":[\"https:\/\/www.ditosama.com\/fr\/products\/machines-sous-vide\/\"]}]},{\"@type\":\"ImageObject\",\"inLanguage\":\"fr-FR\",\"@id\":\"https:\/\/www.ditosama.com\/fr\/products\/machines-sous-vide\/#primaryimage\",\"url\":\"https:\/\/www.ditosama.com\/wp-content\/uploads\/2023\/09\/DitoSama-Copertine-Sous-Vide-Touch-1.jpg\",\"contentUrl\":\"https:\/\/www.ditosama.com\/wp-content\/uploads\/2023\/09\/DitoSama-Copertine-Sous-Vide-Touch-1.jpg\",\"width\":2560,\"height\":1027},{\"@type\":\"BreadcrumbList\",\"@id\":\"https:\/\/www.ditosama.com\/fr\/products\/machines-sous-vide\/#breadcrumb\",\"itemListElement\":[{\"@type\":\"ListItem\",\"position\":1,\"name\":\"Home\",\"item\":\"https:\/\/www.ditosama.com\/fr\/\"},{\"@type\":\"ListItem\",\"position\":2,\"name\":\"Products\",\"item\":\"https:\/\/www.ditosama.com\/fr\/products\/\"},{\"@type\":\"ListItem\",\"position\":3,\"name\":\"Emballeuses sous vide\"}]},{\"@type\":\"WebSite\",\"@id\":\"https:\/\/www.ditosama.com\/en\/#website\",\"url\":\"https:\/\/www.ditosama.com\/en\/\",\"name\":\"Dito Sama\",\"description\":\"\",\"potentialAction\":[{\"@type\":\"SearchAction\",\"target\":{\"@type\":\"EntryPoint\",\"urlTemplate\":\"https:\/\/www.ditosama.com\/en\/?s={search_term_string}\"},\"query-input\":{\"@type\":\"PropertyValueSpecification\",\"valueRequired\":true,\"valueName\":\"search_term_string\"}}],\"inLanguage\":\"fr-FR\"}]}<\/script>\n<!-- \/ Yoast SEO plugin. -->","yoast_head_json":{"title":"Emballeuses sous vide | Dito Sama","description":"Boostez l'efficacit\u00e9 de votre cuisine avec les emballage sous vide de Dito Sama. D\u00e9couvrez notre gamme d'\u00e9quipements professionnels!","robots":{"index":"index","follow":"follow","max-snippet":"max-snippet:-1","max-image-preview":"max-image-preview:large","max-video-preview":"max-video-preview:-1"},"canonical":"https:\/\/www.ditosama.com\/fr\/wp-json\/wp\/v2\/pages\/1033","og_locale":"fr_FR","og_type":"article","og_title":"Emballeuses sous vide | Dito Sama","og_description":"Boostez l'efficacit\u00e9 de votre cuisine avec les emballage sous vide de Dito Sama. D\u00e9couvrez notre gamme d'\u00e9quipements professionnels!","og_url":"https:\/\/www.ditosama.com\/fr\/products\/machines-sous-vide\/","og_site_name":"Dito Sama","article_modified_time":"2026-04-03T15:56:37+00:00","og_image":[{"width":2560,"height":1027,"url":"https:\/\/www.ditosama.com\/wp-content\/uploads\/2023\/09\/DitoSama-Copertine-Sous-Vide-Touch-1.jpg","type":"image\/jpeg"}],"twitter_card":"summary_large_image","twitter_misc":{"Dur\u00e9e de lecture estim\u00e9e":"2 minutes"},"schema":{"@context":"https:\/\/schema.org","@graph":[{"@type":"WebPage","@id":"https:\/\/www.ditosama.com\/fr\/products\/machines-sous-vide\/","url":"https:\/\/www.ditosama.com\/fr\/products\/machines-sous-vide\/","name":"Emballeuses sous vide | Dito Sama","isPartOf":{"@id":"https:\/\/www.ditosama.com\/en\/#website"},"primaryImageOfPage":{"@id":"https:\/\/www.ditosama.com\/fr\/products\/machines-sous-vide\/#primaryimage"},"image":{"@id":"https:\/\/www.ditosama.com\/fr\/products\/machines-sous-vide\/#primaryimage"},"thumbnailUrl":"https:\/\/www.ditosama.com\/wp-content\/uploads\/2023\/09\/DitoSama-Copertine-Sous-Vide-Touch-1.jpg","datePublished":"2022-12-06T08:58:57+00:00","dateModified":"2026-04-03T15:56:37+00:00","description":"Boostez l'efficacit\u00e9 de votre cuisine avec les emballage sous vide de Dito Sama. D\u00e9couvrez notre gamme d'\u00e9quipements professionnels!","breadcrumb":{"@id":"https:\/\/www.ditosama.com\/fr\/products\/machines-sous-vide\/#breadcrumb"},"inLanguage":"fr-FR","potentialAction":[{"@type":"ReadAction","target":["https:\/\/www.ditosama.com\/fr\/products\/machines-sous-vide\/"]}]},{"@type":"ImageObject","inLanguage":"fr-FR","@id":"https:\/\/www.ditosama.com\/fr\/products\/machines-sous-vide\/#primaryimage","url":"https:\/\/www.ditosama.com\/wp-content\/uploads\/2023\/09\/DitoSama-Copertine-Sous-Vide-Touch-1.jpg","contentUrl":"https:\/\/www.ditosama.com\/wp-content\/uploads\/2023\/09\/DitoSama-Copertine-Sous-Vide-Touch-1.jpg","width":2560,"height":1027},{"@type":"BreadcrumbList","@id":"https:\/\/www.ditosama.com\/fr\/products\/machines-sous-vide\/#breadcrumb","itemListElement":[{"@type":"ListItem","position":1,"name":"Home","item":"https:\/\/www.ditosama.com\/fr\/"},{"@type":"ListItem","position":2,"name":"Products","item":"https:\/\/www.ditosama.com\/fr\/products\/"},{"@type":"ListItem","position":3,"name":"Emballeuses sous vide"}]},{"@type":"WebSite","@id":"https:\/\/www.ditosama.com\/en\/#website","url":"https:\/\/www.ditosama.com\/en\/","name":"Dito Sama","description":"","potentialAction":[{"@type":"SearchAction","target":{"@type":"EntryPoint","urlTemplate":"https:\/\/www.ditosama.com\/en\/?s={search_term_string}"},"query-input":{"@type":"PropertyValueSpecification","valueRequired":true,"valueName":"search_term_string"}}],"inLanguage":"fr-FR"}]}},"_links":{"self":[{"href":"https:\/\/www.ditosama.com\/fr\/wp-json\/wp\/v2\/pages\/1033","targetHints":{"allow":["GET"]}}],"collection":[{"href":"https:\/\/www.ditosama.com\/fr\/wp-json\/wp\/v2\/pages"}],"about":[{"href":"https:\/\/www.ditosama.com\/fr\/wp-json\/wp\/v2\/types\/page"}],"author":[{"embeddable":true,"href":"https:\/\/www.ditosama.com\/fr\/wp-json\/wp\/v2\/users\/1"}],"replies":[{"embeddable":true,"href":"https:\/\/www.ditosama.com\/fr\/wp-json\/wp\/v2\/comments?post=1033"}],"version-history":[{"count":14,"href":"https:\/\/www.ditosama.com\/fr\/wp-json\/wp\/v2\/pages\/1033\/revisions"}],"predecessor-version":[{"id":32636,"href":"https:\/\/www.ditosama.com\/fr\/wp-json\/wp\/v2\/pages\/1033\/revisions\/32636"}],"up":[{"embeddable":true,"href":"https:\/\/www.ditosama.com\/fr\/wp-json\/wp\/v2\/pages\/3442"}],"wp:featuredmedia":[{"embeddable":true,"href":"https:\/\/www.ditosama.com\/fr\/wp-json\/wp\/v2\/media\/11575"}],"wp:attachment":[{"href":"https:\/\/www.ditosama.com\/fr\/wp-json\/wp\/v2\/media?parent=1033"}],"curies":[{"name":"wp","href":"https:\/\/api.w.org\/{rel}","templated":true}]}}