{"id":21060,"date":"2024-05-16T09:12:37","date_gmt":"2024-05-16T09:12:37","guid":{"rendered":"https:\/\/www.ditosama.com\/?page_id=21060"},"modified":"2026-04-07T09:20:50","modified_gmt":"2026-04-07T09:20:50","slug":"documentation","status":"publish","type":"page","link":"https:\/\/www.ditosama.com\/fr-ca\/services\/documentation\/","title":{"rendered":"Guides techniques"},"content":{"rendered":"<section class=\"wpb-content-wrapper\"><p>[vc_row full_width=\u00a0\u00bbc21-full-width-no-padding\u00a0\u00bb][vc_column]<div class=\"c21_user_tecnical_guide\">\n    <div class=\"c21_image_tabs_header w-100\" style=\"display:none\">\n        <ul class=\"nav nav-tabs row owl-carousel owl-theme\" role=\"tablist\">\n    \n            <li class=\"nav-item col mt-3\" role=\"presentation\">\n                <a class=\"c21_category_user_guide \" data-filter=\"11\" data-lang=\"5056\">\n                                <img decoding=\"async\" class=\"img_override\" src=\"https:\/\/www.ditosama.com\/wp-content\/uploads\/2023\/02\/p2_Bloc-6_1-Vegetable-Slicers_DitoSama-Copertine-TRS-Tagliaverdure-2.jpg\" alt=\"\">\n                            <h6 class=\"text-center mb-3 category_title\">COUPE LEGUMES<\/h6>\n                <\/a>\n            <\/li>   \n        \n            <li class=\"nav-item col mt-3\" role=\"presentation\">\n                <a class=\"c21_category_user_guide \" data-filter=\"5\" data-lang=\"5056\">\n                                <img decoding=\"async\" class=\"img_override\" src=\"https:\/\/www.ditosama.com\/wp-content\/uploads\/2023\/02\/p2_Bloc-6_2-Food-Processors_DitoSama-K55-Food-Processor.jpg\" alt=\"\">\n                            <h6 class=\"text-center mb-3 category_title\">CUTTERS MELANGEURS EMULSIONNEURS<\/h6>\n                <\/a>\n            <\/li>   \n        \n            <li class=\"nav-item col mt-3\" role=\"presentation\">\n                <a class=\"c21_category_user_guide \" data-filter=\"3\" data-lang=\"5056\">\n                                <img decoding=\"async\" class=\"img_override\" src=\"https:\/\/www.ditosama.com\/wp-content\/uploads\/2023\/02\/p2_Bloc-6_3-Combined-cutter-and-vegetable-slicers_DitoSama-Prep4you.jpg\" alt=\"\">\n                            <h6 class=\"text-center mb-3 category_title\">COMBINES CUTTERS & COUPE-LEGUMES<\/h6>\n                <\/a>\n            <\/li>   \n        \n            <li class=\"nav-item col mt-3\" role=\"presentation\">\n                <a class=\"c21_category_user_guide \" data-filter=\"6\" data-lang=\"5056\">\n                                <img decoding=\"async\" class=\"img_override\" src=\"https:\/\/www.ditosama.com\/wp-content\/uploads\/2023\/02\/p2_Bloc-6_4-Hand-mixers-and-turbo-liquidizers_DitoSama-Copertine-Bermixer-Ristoranti.jpg\" alt=\"\">\n                            <h6 class=\"text-center mb-3 category_title\">MIXERS PORTATIFS<\/h6>\n                <\/a>\n            <\/li>   \n        \n    <\/ul>\n<\/div>\n    <div id=\"product-list\"><div class=\"com21-product-filter-container\"\n                    <!-- PROD LIST -->\n                    <div class=\"product-list container\">\n                        <!--Hidden parameters-->\n                        <input type=\"hidden\" name=\"navigation_level_1\" id=\"navigation_level_1\" value=\"X\">\n                        <input type=\"hidden\" name=\"navigation_level_2\" id=\"navigation_level_2\" value=\"A\">\n                        <input type=\"hidden\" name=\"navigation_level_3\" id=\"navigation_level_3\" value=\"\">\n                        <input type=\"hidden\" name=\"navigation_level_4\" id=\"navigation_level_4\" value=\"\">\n                        <input type=\"hidden\" name=\"filter_id\" id=\"filter_id\" value=\"11\">\n                        <input type=\"hidden\" name=\"navigation_language_code\" id=\"navigation_language\" value=\"5056\">\n                        <input type=\"hidden\" name=\"navigation_language\" id=\"navigation_pass\" value=\"fr-ca\">\n                        <!--END Hidden parameters--><ul class=\"row\" ><li class=\"C21TE_viewItemList  col-sm-6 col-md-4 wow fadeIn single-product-list fix-list 602239\" data-index=\"0\" data-wow-delay=\"0ms\" data-name=\"Coupe-l\u00e9gumes<br>Coupe-l\u00e9gumes TRS,1 vit.\" data-id=\"602239\" data-category=\"fr ca\/products\/coupe legumes\/\" data-list-name=\"Guides techniques\"><div class=\"product-list-item\"><div class=\"product-content\"><a class=\"C21TE_selectItem\"  href=\"https:\/\/www.ditosama.com\/fr-ca\/products\/coupe-legumes\/coupe-l\u00e9gumes-coupe-l\u00e9gumes-trs1-vit.-602239\/\" data-index=\"0\" data-name=\"Coupe-l\u00e9gumes<br>Coupe-l\u00e9gumes TRS,1 vit.\" data-id=\"602239\" data-category=\"fr ca\/products\/coupe legumes\/\" data-list-name=\"Guides techniques\"><figure class=\"wow fadeIn image-dito-sama-2\" style=\"padding: 0px\"><img decoding=\"async\" src=\"https:\/\/tools.electroluxprofessional.com\/Mirror\/Doc\/PH_255x255%2FPH_600417_1_1_600417.jpg\" alt=\"Coupe-l\u00e9gumes<br>Coupe-l\u00e9gumes TRS,1 vit.\" ><\/figure><h3>Coupe-l\u00e9gumes<br>Coupe-l\u00e9gumes TRS,1 vit.<\/h3><\/a><div class=\"product-code\">602239<\/div><div class=\"product-model\">(DTRS)<\/div><div class=\"product-description\">Coupe-l\u00e9gumes TRS, une vitesse (400 tr\/min), tr\u00e9mie et levier en inox, chambre de coupe et \u00e9jecteur amovibles. Caisson moteur m\u00e9tal. 370W, 1\/2 HP, disques NON inclus.<\/div><\/div>\n        <div class=\"c21-dropdown\">\n          <button class=\"c21-dropbtn\">Documents<\/button>\n          <div class=\"c21-dropdown-content\">\n              \n                <a class=\"C21TG_documentDownload\" target=\"_blank\" href=\"https:\/\/tools.electroluxprofessional.com\/Mirror\/Doc\/MAD2\/Dito Sama\/French US\/602240-602239_TRS Vegetable Slicer, 1 speed_French US.pdf?version=1777623473\" data-documentname=\"Coupe-l\u00e9gumes TRS,1 vit.\" data-documenttype=\"C21TE\"><span class='c21-dropdown-code'>Data Sheet<\/span>: Coupe-l\u00e9gumes TRS,1 vit.<\/a>\n                \n    <\/div>\n<\/div>\n    <div class=\"pre-actions\"><div class=\"reviews\"><\/div><\/div><\/div> <!-- end product-list-item --><\/li><li class=\"C21TE_viewItemList  col-sm-6 col-md-4 wow fadeIn single-product-list fix-list 602240\" data-index=\"0\" data-wow-delay=\"0ms\" data-name=\"Coupe-l\u00e9gumes<br>Coupe-l\u00e9gumes TRS,1 vit.\" data-id=\"602240\" data-category=\"fr ca\/products\/coupe legumes\/\" data-list-name=\"Guides techniques\"><div class=\"product-list-item\"><div class=\"product-content\"><a class=\"C21TE_selectItem\"  href=\"https:\/\/www.ditosama.com\/fr-ca\/products\/coupe-legumes\/coupe-l\u00e9gumes-coupe-l\u00e9gumes-trs1-vit.-602240\/\" data-index=\"0\" data-name=\"Coupe-l\u00e9gumes<br>Coupe-l\u00e9gumes TRS,1 vit.\" data-id=\"602240\" data-category=\"fr ca\/products\/coupe legumes\/\" data-list-name=\"Guides techniques\"><figure class=\"wow fadeIn image-dito-sama-2\" style=\"padding: 0px\"><img decoding=\"async\" src=\"https:\/\/tools.electroluxprofessional.com\/Mirror\/Doc\/PH_255x255%2FPH_600417_1_1_600417.jpg\" alt=\"Coupe-l\u00e9gumes<br>Coupe-l\u00e9gumes TRS,1 vit.\" ><\/figure><h3>Coupe-l\u00e9gumes<br>Coupe-l\u00e9gumes TRS,1 vit.<\/h3><\/a><div class=\"product-code\">602240<\/div><div class=\"product-model\">(DTRS)<\/div><div class=\"product-description\">Coupe-l\u00e9gumes - 1 vitesse  - 750W - 100 - 120V\/1p-h\/60Hz<\/div><\/div>\n        <div class=\"c21-dropdown\">\n          <button class=\"c21-dropbtn\">Documents<\/button>\n          <div class=\"c21-dropdown-content\">\n              \n                <a class=\"C21TG_documentDownload\" target=\"_blank\" href=\"https:\/\/tools.electroluxprofessional.com\/Mirror\/Doc\/MAD2\/Dito Sama\/French US\/602240-602239_TRS Vegetable Slicer, 1 speed_French US.pdf?version=1777623473\" data-documentname=\"Coupe-l\u00e9gumes TRS,1 vit.\" data-documenttype=\"C21TE\"><span class='c21-dropdown-code'>Data Sheet<\/span>: Coupe-l\u00e9gumes TRS,1 vit.<\/a>\n                \n    <\/div>\n<\/div>\n    <div class=\"pre-actions\"><div class=\"reviews\"><\/div><\/div><\/div> <!-- end product-list-item --><\/li><li class=\"C21TE_viewItemList  col-sm-6 col-md-4 wow fadeIn single-product-list fix-list 602255\" data-index=\"0\" data-wow-delay=\"0ms\" data-name=\"Coupe-l\u00e9gumes<br>Coupe-l\u00e9gumes, 2 vitesses, levier et tr\u00e9mie en inox\" data-id=\"602255\" data-category=\"fr ca\/products\/coupe legumes\/\" data-list-name=\"Guides techniques\"><div class=\"product-list-item\"><div class=\"product-content\"><a class=\"C21TE_selectItem\"  href=\"https:\/\/www.ditosama.com\/fr-ca\/products\/coupe-legumes\/coupe-l\u00e9gumes-coupe-l\u00e9gumes-2-vitesses-levier-et-tr\u00e9mie-en-inox-602255\/\" data-index=\"0\" data-name=\"Coupe-l\u00e9gumes<br>Coupe-l\u00e9gumes, 2 vitesses, levier et tr\u00e9mie en inox\" data-id=\"602255\" data-category=\"fr ca\/products\/coupe legumes\/\" data-list-name=\"Guides techniques\"><figure class=\"wow fadeIn image-dito-sama-2\" style=\"padding: 0px\"><img decoding=\"async\" src=\"https:\/\/tools.electroluxprofessional.com\/Mirror\/Doc\/PH_255x255%2FPH_600125_1_1_600125.jpg\" alt=\"Coupe-l\u00e9gumes<br>Coupe-l\u00e9gumes, 2 vitesses, levier et tr\u00e9mie en inox\" ><\/figure><h3>Coupe-l\u00e9gumes<br>Coupe-l\u00e9gumes, 2 vitesses, levier et tr\u00e9mie en inox<\/h3><\/a><div class=\"product-code\">602255<\/div><div class=\"product-model\">(DTR260-29)<\/div><div class=\"product-description\">Coupe-l\u00e9gumes grande capacit\u00e9, avec tr\u00e9mie \u00e0 levier, 2 vitesses, 2000W\/2-2\/3HP\/208-240V\/3ph\/60Hz. (disques non inclus).<\/div><\/div>\n        <div class=\"c21-dropdown\">\n          <button class=\"c21-dropbtn\">Documents<\/button>\n          <div class=\"c21-dropdown-content\">\n              \n                <a class=\"C21TG_documentDownload\" target=\"_blank\" href=\"https:\/\/tools.electroluxprofessional.com\/Mirror\/Doc\/MAD2\/Dito Sama\/French US\/602255_TR260 Vegetable Slicer - 2 Speed - lever hopper_French US.pdf?version=1777623473\" data-documentname=\"Coupe-l\u00e9gumes, 2 vitesses, levier et tr\u00e9mie en inox\" data-documenttype=\"C21TE\"><span class='c21-dropdown-code'>Data Sheet<\/span>: Coupe-l\u00e9gumes, 2 vitesses, levier et tr\u00e9mie en inox<\/a>\n                \n    <\/div>\n<\/div>\n    <div class=\"pre-actions\"><div class=\"reviews\"><\/div><\/div><\/div> <!-- end product-list-item --><\/li><li class=\"C21TE_viewItemList  col-sm-6 col-md-4 wow fadeIn single-product-list fix-list 602250\" data-index=\"0\" data-wow-delay=\"0ms\" data-name=\"Coupe-l\u00e9gumes<br>Prep4You Coupe-l\u00e9gumes, 2 disques inclus\" data-id=\"602250\" data-category=\"fr ca\/products\/coupe legumes\/\" data-list-name=\"Guides techniques\"><div class=\"product-list-item\"><div class=\"product-content\"><a class=\"C21TE_selectItem\"  href=\"https:\/\/www.ditosama.com\/fr-ca\/products\/coupe-legumes\/coupe-l\u00e9gumes-prep4you-coupe-l\u00e9gumes-2-disques-inclus-602250\/\" data-index=\"0\" data-name=\"Coupe-l\u00e9gumes<br>Prep4You Coupe-l\u00e9gumes, 2 disques inclus\" data-id=\"602250\" data-category=\"fr ca\/products\/coupe legumes\/\" data-list-name=\"Guides techniques\"><figure class=\"wow fadeIn image-dito-sama-2\" style=\"padding: 0px\"><img decoding=\"async\" src=\"https:\/\/tools.electroluxprofessional.com\/Mirror\/Doc\/PH_255x255%2FPH_600970_1_1_600970.jpg\" alt=\"Coupe-l\u00e9gumes<br>Prep4You Coupe-l\u00e9gumes, 2 disques inclus\" ><\/figure><h3>Coupe-l\u00e9gumes<br>Prep4You Coupe-l\u00e9gumes, 2 disques inclus<\/h3><\/a><div class=\"product-code\">602250<\/div><div class=\"product-model\">(DVGSUS)<\/div><div class=\"product-description\">Coupe-l\u00e9gumes, une vitesse (1800 tr\/min) avec 2 disques inclus (trancheur 5\/32\", r\u00e2peur 5\/64\"), prise NEMA 5-15P<\/div><\/div>\n        <div class=\"c21-dropdown\">\n          <button class=\"c21-dropbtn\">Documents<\/button>\n          <div class=\"c21-dropdown-content\">\n              \n                <a class=\"C21TG_documentDownload\" target=\"_blank\" href=\"https:\/\/tools.electroluxprofessional.com\/Mirror\/Doc\/MAD2\/Dito Sama\/French US\/602250_Prep4You Vegetable Slicers 1800 rpm, 2 discs included_French US.pdf?version=1777623473\" data-documentname=\"Prep4You Coupe-l\u00e9gumes, 2 disques inclus\" data-documenttype=\"C21TE\"><span class='c21-dropdown-code'>Data Sheet<\/span>: Prep4You Coupe-l\u00e9gumes, 2 disques inclus<\/a>\n                \n    <\/div>\n<\/div>\n    <div class=\"pre-actions\"><div class=\"reviews\"><\/div><\/div><\/div> <!-- end product-list-item --><\/li><li class=\"C21TE_viewItemList  col-sm-6 col-md-4 wow fadeIn single-product-list fix-list 602256\" data-index=\"0\" data-wow-delay=\"0ms\" data-name=\"Coupe-l\u00e9gumes<br>Coupe l\u00e9gumes, livr\u00e9 avec \u00e9jecteur, 1 vit.\" data-id=\"602256\" data-category=\"fr ca\/products\/coupe legumes\/\" data-list-name=\"Guides techniques\"><div class=\"product-list-item\"><div class=\"product-content\"><a class=\"C21TE_selectItem\"  href=\"https:\/\/www.ditosama.com\/fr-ca\/products\/coupe-legumes\/coupe-l\u00e9gumes-coupe-l\u00e9gumes-livr\u00e9-avec-\u00e9jecteur-1-vit.-602256\/\" data-index=\"0\" data-name=\"Coupe-l\u00e9gumes<br>Coupe l\u00e9gumes, livr\u00e9 avec \u00e9jecteur, 1 vit.\" data-id=\"602256\" data-category=\"fr ca\/products\/coupe legumes\/\" data-list-name=\"Guides techniques\"><figure class=\"wow fadeIn image-dito-sama-2\" style=\"padding: 0px\"><img decoding=\"async\" src=\"https:\/\/tools.electroluxprofessional.com\/Mirror\/Doc\/PH_255x255%2FPH_600110_1_1_600110.jpg\" alt=\"Coupe-l\u00e9gumes<br>Coupe l\u00e9gumes, livr\u00e9 avec \u00e9jecteur, 1 vit.\" ><\/figure><h3>Coupe-l\u00e9gumes<br>Coupe l\u00e9gumes, livr\u00e9 avec \u00e9jecteur, 1 vit.<\/h3><\/a><div class=\"product-code\">602256<\/div><div class=\"product-model\">(DTR24SNU)<\/div><div class=\"product-description\">Coupe-l\u00e9gumes TRS Classic, une vitesse, 640W\/1Hp (sans disques)<\/div><\/div>\n        <div class=\"c21-dropdown\">\n          <button class=\"c21-dropbtn\">Documents<\/button>\n          <div class=\"c21-dropdown-content\">\n              \n                <a class=\"C21TG_documentDownload\" target=\"_blank\" href=\"https:\/\/tools.electroluxprofessional.com\/Mirror\/Doc\/MAD2\/Dito Sama\/French US\/602256_TRS Vegetable Bench Cutter with Ejector-640W-US Plug_French US.pdf?version=1777623473\" data-documentname=\"Coupe l\u00e9gumes, livr\u00e9 avec \u00e9jecteur, 1 vit.\" data-documenttype=\"C21TE\"><span class='c21-dropdown-code'>Data Sheet<\/span>: Coupe l\u00e9gumes, livr\u00e9 avec \u00e9jecteur, 1 vit.<\/a>\n                \n    <\/div>\n<\/div>\n    <div class=\"pre-actions\"><div class=\"reviews\"><\/div><\/div><\/div> <!-- end product-list-item --><\/li>\n                            <\/ul>\n                            <div class=\"text-center more-products\">\n                        <\/div>\n                    <\/div>\n                    <!-- END PRODUCT LIST -->\n                    <\/div>\n                    <!-- END PRODUCT LIST --><\/div>[\/vc_column][\/vc_row][vc_row full_width=\u00a0\u00bbc21-full-width-no-padding\u00a0\u00bb][vc_column][vc_empty_space height=\u00a0\u00bb45px\u00a0\u00bb][\/vc_column][\/vc_row][vc_row full_width=\u00a0\u00bbc21-full-width-no-padding\u00a0\u00bb][vc_column][c21_image_text_full image=\u00a0\u00bb290&Prime; image_position=\u00a0\u00bbleft\u00a0\u00bb title=\u00a0\u00bbVOUS NE TROUVEZPAS L\u2019INFORMATIONDONT VOUS AVEZ BESOIN ?\u00a0\u00bb text=\u00a0\u00bbContactez-nous pour obtenir de l&rsquo;aide.\u00a0\u00bb link=\u00a0\u00bburl:https%3A%2F%2Fwww.ditosama.com%2Ffr%2Fcontactez-nous%2F|title:CONTACTEZ-NOUS\u00a0\u00bb][\/vc_column][\/vc_row]<\/p>\n<\/section>","protected":false},"excerpt":{"rendered":"<p>[vc_row full_width=\u00a0\u00bbc21-full-width-no-padding\u00a0\u00bb][vc_column][\/vc_column][\/vc_row][vc_row full_width=\u00a0\u00bbc21-full-width-no-padding\u00a0\u00bb][vc_column][vc_empty_space height=\u00a0\u00bb45px\u00a0\u00bb][\/vc_column][\/vc_row][vc_row full_width=\u00a0\u00bbc21-full-width-no-padding\u00a0\u00bb][vc_column][c21_image_text_full image=\u00a0\u00bb290&Prime; image_position=\u00a0\u00bbleft\u00a0\u00bb title=\u00a0\u00bbVOUS NE TROUVEZPAS L\u2019INFORMATIONDONT VOUS AVEZ BESOIN ?\u00a0\u00bb text=\u00a0\u00bbContactez-nous pour obtenir de l&rsquo;aide.\u00a0\u00bb link=\u00a0\u00bburl:https%3A%2F%2Fwww.ditosama.com%2Ffr%2Fcontactez-nous%2F|title:CONTACTEZ-NOUS\u00a0\u00bb][\/vc_column][\/vc_row]<\/p>\n","protected":false},"author":1,"featured_media":18428,"parent":21058,"menu_order":0,"comment_status":"closed","ping_status":"closed","template":"","meta":{"inline_featured_image":false,"footnotes":""},"class_list":["post-21060","page","type-page","status-publish","has-post-thumbnail","hentry"],"acf":[],"yoast_head":"<!-- This site is optimized with the Yoast SEO plugin v26.1.1 - https:\/\/yoast.com\/wordpress\/plugins\/seo\/ -->\n<title>Guides techniques | Dito Sama<\/title>\n<meta name=\"description\" content=\"Acc\u00e9dez aux guides techniques de l&#039;utilisateur de Dito Sama pour votre \u00e9quipement de restauration commerciale. Trouvez des manuels d\u00e9taill\u00e9s et des ressources d&#039;assistance pour une utilisation optimale\" \/>\n<meta name=\"robots\" content=\"index, follow, max-snippet:-1, max-image-preview:large, max-video-preview:-1\" \/>\n<link rel=\"canonical\" href=\"https:\/\/www.ditosama.com\/fr-ca\/wp-json\/wp\/v2\/pages\/21060\" \/>\n<meta property=\"og:locale\" content=\"fr_CA\" \/>\n<meta property=\"og:type\" content=\"article\" \/>\n<meta property=\"og:title\" content=\"Guides techniques | Dito Sama\" \/>\n<meta property=\"og:description\" content=\"Acc\u00e9dez aux guides techniques de l&#039;utilisateur de Dito Sama pour votre \u00e9quipement de restauration commerciale. Trouvez des manuels d\u00e9taill\u00e9s et des ressources d&#039;assistance pour une utilisation optimale\" \/>\n<meta property=\"og:url\" content=\"https:\/\/www.ditosama.com\/fr-ca\/services\/documentation\/\" \/>\n<meta property=\"og:site_name\" content=\"Dito Sama\" \/>\n<meta property=\"article:modified_time\" content=\"2026-04-07T09:20:50+00:00\" \/>\n<meta property=\"og:image\" content=\"https:\/\/www.ditosama.com\/wp-content\/uploads\/2024\/02\/tech-doc-1920x580-1.jpg\" \/>\n\t<meta property=\"og:image:width\" content=\"1920\" \/>\n\t<meta property=\"og:image:height\" content=\"580\" \/>\n\t<meta property=\"og:image:type\" content=\"image\/jpeg\" \/>\n<meta name=\"twitter:card\" content=\"summary_large_image\" \/>\n<meta name=\"twitter:label1\" content=\"Estimation du temps de lecture\" \/>\n\t<meta name=\"twitter:data1\" content=\"1 minute\" \/>\n<script type=\"application\/ld+json\" class=\"yoast-schema-graph\">{\"@context\":\"https:\/\/schema.org\",\"@graph\":[{\"@type\":\"WebPage\",\"@id\":\"https:\/\/www.ditosama.com\/fr-ca\/services\/documentation\/\",\"url\":\"https:\/\/www.ditosama.com\/fr-ca\/services\/documentation\/\",\"name\":\"Guides techniques | Dito Sama\",\"isPartOf\":{\"@id\":\"https:\/\/www.ditosama.com\/en\/#website\"},\"primaryImageOfPage\":{\"@id\":\"https:\/\/www.ditosama.com\/fr-ca\/services\/documentation\/#primaryimage\"},\"image\":{\"@id\":\"https:\/\/www.ditosama.com\/fr-ca\/services\/documentation\/#primaryimage\"},\"thumbnailUrl\":\"https:\/\/www.ditosama.com\/wp-content\/uploads\/2024\/02\/tech-doc-1920x580-1.jpg\",\"datePublished\":\"2024-05-16T09:12:37+00:00\",\"dateModified\":\"2026-04-07T09:20:50+00:00\",\"description\":\"Acc\u00e9dez aux guides techniques de l'utilisateur de Dito Sama pour votre \u00e9quipement de restauration commerciale. Trouvez des manuels d\u00e9taill\u00e9s et des ressources d'assistance pour une utilisation optimale\",\"breadcrumb\":{\"@id\":\"https:\/\/www.ditosama.com\/fr-ca\/services\/documentation\/#breadcrumb\"},\"inLanguage\":\"fr-CA\",\"potentialAction\":[{\"@type\":\"ReadAction\",\"target\":[\"https:\/\/www.ditosama.com\/fr-ca\/services\/documentation\/\"]}]},{\"@type\":\"ImageObject\",\"inLanguage\":\"fr-CA\",\"@id\":\"https:\/\/www.ditosama.com\/fr-ca\/services\/documentation\/#primaryimage\",\"url\":\"https:\/\/www.ditosama.com\/wp-content\/uploads\/2024\/02\/tech-doc-1920x580-1.jpg\",\"contentUrl\":\"https:\/\/www.ditosama.com\/wp-content\/uploads\/2024\/02\/tech-doc-1920x580-1.jpg\",\"width\":1920,\"height\":580},{\"@type\":\"BreadcrumbList\",\"@id\":\"https:\/\/www.ditosama.com\/fr-ca\/services\/documentation\/#breadcrumb\",\"itemListElement\":[{\"@type\":\"ListItem\",\"position\":1,\"name\":\"Home\",\"item\":\"https:\/\/www.ditosama.com\/fr-ca\/\"},{\"@type\":\"ListItem\",\"position\":2,\"name\":\"Services\",\"item\":\"https:\/\/www.ditosama.com\/fr-ca\/services\/\"},{\"@type\":\"ListItem\",\"position\":3,\"name\":\"Guides techniques\"}]},{\"@type\":\"WebSite\",\"@id\":\"https:\/\/www.ditosama.com\/en\/#website\",\"url\":\"https:\/\/www.ditosama.com\/en\/\",\"name\":\"Dito Sama\",\"description\":\"\",\"potentialAction\":[{\"@type\":\"SearchAction\",\"target\":{\"@type\":\"EntryPoint\",\"urlTemplate\":\"https:\/\/www.ditosama.com\/en\/?s={search_term_string}\"},\"query-input\":{\"@type\":\"PropertyValueSpecification\",\"valueRequired\":true,\"valueName\":\"search_term_string\"}}],\"inLanguage\":\"fr-CA\"}]}<\/script>\n<!-- \/ Yoast SEO plugin. -->","yoast_head_json":{"title":"Guides techniques | Dito Sama","description":"Acc\u00e9dez aux guides techniques de l'utilisateur de Dito Sama pour votre \u00e9quipement de restauration commerciale. Trouvez des manuels d\u00e9taill\u00e9s et des ressources d'assistance pour une utilisation optimale","robots":{"index":"index","follow":"follow","max-snippet":"max-snippet:-1","max-image-preview":"max-image-preview:large","max-video-preview":"max-video-preview:-1"},"canonical":"https:\/\/www.ditosama.com\/fr-ca\/wp-json\/wp\/v2\/pages\/21060","og_locale":"fr_CA","og_type":"article","og_title":"Guides techniques | Dito Sama","og_description":"Acc\u00e9dez aux guides techniques de l'utilisateur de Dito Sama pour votre \u00e9quipement de restauration commerciale. Trouvez des manuels d\u00e9taill\u00e9s et des ressources d'assistance pour une utilisation optimale","og_url":"https:\/\/www.ditosama.com\/fr-ca\/services\/documentation\/","og_site_name":"Dito Sama","article_modified_time":"2026-04-07T09:20:50+00:00","og_image":[{"width":1920,"height":580,"url":"https:\/\/www.ditosama.com\/wp-content\/uploads\/2024\/02\/tech-doc-1920x580-1.jpg","type":"image\/jpeg"}],"twitter_card":"summary_large_image","twitter_misc":{"Estimation du temps de lecture":"1 minute"},"schema":{"@context":"https:\/\/schema.org","@graph":[{"@type":"WebPage","@id":"https:\/\/www.ditosama.com\/fr-ca\/services\/documentation\/","url":"https:\/\/www.ditosama.com\/fr-ca\/services\/documentation\/","name":"Guides techniques | Dito Sama","isPartOf":{"@id":"https:\/\/www.ditosama.com\/en\/#website"},"primaryImageOfPage":{"@id":"https:\/\/www.ditosama.com\/fr-ca\/services\/documentation\/#primaryimage"},"image":{"@id":"https:\/\/www.ditosama.com\/fr-ca\/services\/documentation\/#primaryimage"},"thumbnailUrl":"https:\/\/www.ditosama.com\/wp-content\/uploads\/2024\/02\/tech-doc-1920x580-1.jpg","datePublished":"2024-05-16T09:12:37+00:00","dateModified":"2026-04-07T09:20:50+00:00","description":"Acc\u00e9dez aux guides techniques de l'utilisateur de Dito Sama pour votre \u00e9quipement de restauration commerciale. Trouvez des manuels d\u00e9taill\u00e9s et des ressources d'assistance pour une utilisation optimale","breadcrumb":{"@id":"https:\/\/www.ditosama.com\/fr-ca\/services\/documentation\/#breadcrumb"},"inLanguage":"fr-CA","potentialAction":[{"@type":"ReadAction","target":["https:\/\/www.ditosama.com\/fr-ca\/services\/documentation\/"]}]},{"@type":"ImageObject","inLanguage":"fr-CA","@id":"https:\/\/www.ditosama.com\/fr-ca\/services\/documentation\/#primaryimage","url":"https:\/\/www.ditosama.com\/wp-content\/uploads\/2024\/02\/tech-doc-1920x580-1.jpg","contentUrl":"https:\/\/www.ditosama.com\/wp-content\/uploads\/2024\/02\/tech-doc-1920x580-1.jpg","width":1920,"height":580},{"@type":"BreadcrumbList","@id":"https:\/\/www.ditosama.com\/fr-ca\/services\/documentation\/#breadcrumb","itemListElement":[{"@type":"ListItem","position":1,"name":"Home","item":"https:\/\/www.ditosama.com\/fr-ca\/"},{"@type":"ListItem","position":2,"name":"Services","item":"https:\/\/www.ditosama.com\/fr-ca\/services\/"},{"@type":"ListItem","position":3,"name":"Guides techniques"}]},{"@type":"WebSite","@id":"https:\/\/www.ditosama.com\/en\/#website","url":"https:\/\/www.ditosama.com\/en\/","name":"Dito Sama","description":"","potentialAction":[{"@type":"SearchAction","target":{"@type":"EntryPoint","urlTemplate":"https:\/\/www.ditosama.com\/en\/?s={search_term_string}"},"query-input":{"@type":"PropertyValueSpecification","valueRequired":true,"valueName":"search_term_string"}}],"inLanguage":"fr-CA"}]}},"_links":{"self":[{"href":"https:\/\/www.ditosama.com\/fr-ca\/wp-json\/wp\/v2\/pages\/21060","targetHints":{"allow":["GET"]}}],"collection":[{"href":"https:\/\/www.ditosama.com\/fr-ca\/wp-json\/wp\/v2\/pages"}],"about":[{"href":"https:\/\/www.ditosama.com\/fr-ca\/wp-json\/wp\/v2\/types\/page"}],"author":[{"embeddable":true,"href":"https:\/\/www.ditosama.com\/fr-ca\/wp-json\/wp\/v2\/users\/1"}],"replies":[{"embeddable":true,"href":"https:\/\/www.ditosama.com\/fr-ca\/wp-json\/wp\/v2\/comments?post=21060"}],"version-history":[{"count":7,"href":"https:\/\/www.ditosama.com\/fr-ca\/wp-json\/wp\/v2\/pages\/21060\/revisions"}],"predecessor-version":[{"id":33095,"href":"https:\/\/www.ditosama.com\/fr-ca\/wp-json\/wp\/v2\/pages\/21060\/revisions\/33095"}],"up":[{"embeddable":true,"href":"https:\/\/www.ditosama.com\/fr-ca\/wp-json\/wp\/v2\/pages\/21058"}],"wp:featuredmedia":[{"embeddable":true,"href":"https:\/\/www.ditosama.com\/fr-ca\/wp-json\/wp\/v2\/media\/18428"}],"wp:attachment":[{"href":"https:\/\/www.ditosama.com\/fr-ca\/wp-json\/wp\/v2\/media?parent=21060"}],"curies":[{"name":"wp","href":"https:\/\/api.w.org\/{rel}","templated":true}]}}