{"id":21046,"date":"2024-05-16T09:12:52","date_gmt":"2024-05-16T09:12:52","guid":{"rendered":"https:\/\/www.ditosama.com\/?page_id=21046"},"modified":"2026-03-04T15:20:21","modified_gmt":"2026-03-04T15:20:21","slug":"coupe-legumes","status":"publish","type":"page","link":"https:\/\/www.ditosama.com\/fr-ca\/products\/coupe-legumes\/","title":{"rendered":"Coupe-l\u00e9gumes"},"content":{"rendered":"<section class=\"wpb-content-wrapper\"><p>[vc_row][vc_column][vc_empty_space height=\u00a0\u00bb45px\u00a0\u00bb][c21_image_text image=\u00a0\u00bb1787&Prime; image_position=\u00a0\u00bbleft\u00a0\u00bb title=\u00a0\u00bbPREP4YOU effectue le travail pour vous !\u00a0\u00bb subtitle=\u00a0\u00bb\u00a0\u00bb text=\u00a0\u00bbLe coupe l\u00e9gume PREP4YOU vous offre un gain de temps allant jusqu\u2019\u00e0 95% par rapport \u00e0 la pr\u00e9paration manuelle. Il promet \u00e9galement des r\u00e9sultats de coupe r\u00e9guliers gr\u00e2ce au poussoir \u00e0 levier brevet\u00e9, m\u00eame pour couper en d\u00e9s des produits difficiles comme les tomates et les oignons. Il dispose d\u2019une grande goulotte de sortie pour une \u00e9jection efficace, d\u2019une capacit\u00e9 de chargement maximis\u00e9e allant jusqu\u2019\u00e0 1,25 litre et convient aux bacs GN jusqu\u2019\u00e0 200 mm. Toutes les pi\u00e8ces en contact avec les aliments sont 100% lavables au lave-vaisselle et sans BPA. 22 disques et grilles sont disponibles en option pour trancher, couper en d\u00e9s, \u00e9mincer, r\u00e2per et effiler, tandis que sa taille compacte lui permet de s\u2019adapter m\u00eame \u00e0 la plus petite cuisine.\u00a0\u00bb][vc_empty_space][c21_image_text image=\u00a0\u00bb104&Prime; image_position=\u00a0\u00bbright\u00a0\u00bb title=\u00a0\u00bbTRS : Le coupe l\u00e9gumes universel\u00a0\u00bb subtitle=\u00a0\u00bb\u00a0\u00bb text=\u00a0\u00bbLe coupe l\u00e9gumes professionnel TRS est id\u00e9al pour pr\u00e9parer et faciliter la pr\u00e9sentation de vos salades, garnitures, mac\u00e9doines et de nombreux autres plats. Il offre des performances et une productivit\u00e9 \u00e9lev\u00e9e avec plus de 80 types de coupes diff\u00e9rentes : des coupes rap\u00e9es et ondul\u00e9es, des juliennes aux frites.<br \/>\nIl est \u00e9galement simple d\u2019utilisation gr\u00e2ce \u00e0 sa base moteur inclin\u00e9e qui permet une meilleure \u00e9jection des l\u00e9gumes. De plus, toutes les parties en contact avec les aliments sont lavables au lave-vaisselle et garantis 100% sans BPA. Sa conception ergonomique et arrondie permet un nettoyage optimal.\u00a0\u00bb][vc_empty_space][c21_image_text image=\u00a0\u00bb105&Prime; image_position=\u00a0\u00bbleft\u00a0\u00bb title=\u00a0\u00bbTR260 : des coupes l\u00e9gumes \u00e0 rendement \u00e9lev\u00e9\u00a0\u00bb subtitle=\u00a0\u00bb\u00a0\u00bb text=\u00a0\u00bbAvec sa large gamme d\u2019accessoires, la TR260 est le coupe l\u00e9gumes de choix lors de la pr\u00e9paration de plats pour les grands \u00e9v\u00e9nements qui doivent \u00eatre g\u00e9r\u00e9s avec panache ! Le TR260 peut trancher jusqu\u2019\u00e0 2 500 kg\/h gr\u00e2ce \u00e0 sa tr\u00e9mie automatique, son moteur puissant et sa large gamme de disques, y compris des diam\u00e8tres allant jusqu\u2019\u00e0 300 mm. De plus, le TR260 est un choix s\u00fbr pour les op\u00e9rateurs, car de multiples dispositifs de s\u00e9curit\u00e9 les prot\u00e8gent en bloquant la machine en cas d\u2019utilisation incorrecte ou inappropri\u00e9e.\u00a0\u00bb][\/vc_column][\/vc_row][vc_row full_width=\u00a0\u00bbc21-full-width-no-padding\u00a0\u00bb][vc_column]<div class=\"com21-product-filter-container 13\"\n                    <!-- PROD FILTER -->\n                    \n                    <div class=\"container\">\n                        <h2 class=\"text-left\">\n                            Product line\n                            <span class=\"product_counter\">5<\/span>\n                        <\/h2>\n                    <\/div>\n                    <div class=\"specification-filter\">\n                        <div class=\"toggle-filter-container\">\n                            <div class=\"container text-center\">\n                                <a href=\"#filter\" class=\"toggle-filter small-toggle\" data-target=\".category-filter\"  data-class-toggle=\"category-filter-show\" aria-pressed=\"false\" role=\"button\" id=\"open-product-features\">Filter<\/a>\n                            <\/div>\n                        <\/div>\n                        <div class=\"category-filter \">\n                            <div class=\"container\">\n                    <div class=\"row\">\n                        <div class=\"col-md-4 text-left\">\n                            <fieldset>       \n                                <h5 class=\"h6\">Product line<\/h5>\n                                <div class=\"category-check\">\n                                    <input type=\"checkbox\" name=\"s\" id=\"s-coupe-legumes-prep4you\" data-code=\"S\" data-value=\"Coupe-l\u00e9gumes Prep4You\" >\n                                    <label for=\"s-coupe-legumes-prep4you\">Coupe-l\u00e9gumes Prep4You<\/label>\n                                <\/div>\n                            \n                                <div class=\"category-check\">\n                                    <input type=\"checkbox\" name=\"q\" id=\"q-trs-classic\" data-code=\"Q\" data-value=\"TRS Classic\" >\n                                    <label for=\"q-trs-classic\">TRS Classic<\/label>\n                                <\/div>\n                            \n                                <div class=\"category-check\">\n                                    <input type=\"checkbox\" name=\"c\" id=\"c-trs\" data-code=\"C\" data-value=\"TRS\" >\n                                    <label for=\"c-trs\">TRS<\/label>\n                                <\/div>\n                            \n                                <div class=\"category-check\">\n                                    <input type=\"checkbox\" name=\"f\" id=\"f-tr260\" data-code=\"F\" data-value=\"TR260\" >\n                                    <label for=\"f-tr260\">TR260<\/label>\n                                <\/div>\n                            \n                            <\/fieldset>\n                        <\/div><!-- end col -->\n                        <\/div>\n        \n                                <div class=\"row\">\n                                    <div class=\"col-md-6 text-left\">\n                                        <span class=\"number-of-products\"><span id=\"number-of-products\">5<\/span> Products<\/span> <a href=\"#\" class=\"btn btn-secondary-bordered\" id=\"filter-reset-btn\">Reset<\/a>\n                                    <\/div>\n                                    <div class=\"col-md-6 text-right\">\n                                        <a href=\"#\" class=\"close-toggle no-pd-toggle\" data-parent=\"open-product-features\"  aria-pressed=\"true\" role=\"button\">Close<\/a>\n                                    <\/div>\n                                <\/div>\n                                \n                            <\/div><!-- end container -->\n                        <\/div><!-- end category-filter -->\n                    <\/div><!-- end specification-filter -->\n        \n                    <!-- END PROD FILTER -->\n                    \n                    <!-- PROD LIST -->\n                    <div class=\"product-list container\">\n                        <!--Hidden parameters-->\n                        <input type=\"hidden\" name=\"navigation_level_1\" id=\"navigation_level_1\" value=\"X\">\n                        <input type=\"hidden\" name=\"navigation_level_2\" id=\"navigation_level_2\" value=\"A\">\n                        <input type=\"hidden\" name=\"navigation_level_3\" id=\"navigation_level_3\" value=\"A\">\n                        <input type=\"hidden\" name=\"navigation_level_4\" id=\"navigation_level_4\" value=\"\">\n                        <input type=\"hidden\" name=\"filter_id\" id=\"filter_id\" value=\"13\">\n                        <input type=\"hidden\" name=\"navigation_language\" id=\"navigation_language\" value=\"5056\">\n                        <input type=\"hidden\" name=\"navigation_language_code\" id=\"navigation_language\" value=\"5056\">\n                        <input type=\"hidden\" name=\"page_id\" id=\"page_id\" value=\"21046\">\n                        <!--END Hidden parameters--><ul class=\"row\" ><li class=\"C21TE_viewItemList  col-sm-6 col-md-4 wow fadeIn single-product-list fix-list 602255\" data-index=\"0\" data-wow-delay=\"0ms\" data-name=\"Coupe-l\u00e9gumes<br>Coupe-l\u00e9gumes, 2 vitesses, levier et tr\u00e9mie en inox\" data-id=\"602255\" data-category=\"fr ca\/products\/coupe legumes\/\" data-list-name=\"Coupe-l\u00e9gumes\"><div class=\"product-list-item\"><div class=\"product-content\"><a class=\"C21TE_selectItem\"  href=\"https:\/\/www.ditosama.com\/fr-ca\/products\/coupe-legumes\/coupe-l\u00e9gumes-coupe-l\u00e9gumes-2-vitesses-levier-et-tr\u00e9mie-en-inox-602255\/\" data-index=\"0\" data-name=\"Coupe-l\u00e9gumes<br>Coupe-l\u00e9gumes, 2 vitesses, levier et tr\u00e9mie en inox\" data-id=\"602255\" data-category=\"fr ca\/products\/coupe legumes\/\" data-list-name=\"Coupe-l\u00e9gumes\"><figure class=\"wow fadeIn image-dito-sama-2\" style=\"padding: 0px\"><img decoding=\"async\" src=\"https:\/\/tools.electroluxprofessional.com\/Mirror\/Doc\/PH_255x255%2FPH_600125_1_1_600125.jpg\" alt=\"Coupe-l\u00e9gumes<br>Coupe-l\u00e9gumes, 2 vitesses, levier et tr\u00e9mie en inox\" ><\/figure><h3>Coupe-l\u00e9gumes<br>Coupe-l\u00e9gumes, 2 vitesses, levier et tr\u00e9mie en inox<\/h3><\/a><div class=\"product-code\">602255<\/div><div class=\"product-model\">(DTR260-29)<\/div><div class=\"product-description\">Coupe-l\u00e9gumes grande capacit\u00e9, avec tr\u00e9mie \u00e0 levier, 2 vitesses, 2000W\/2-2\/3HP\/208-240V\/3ph\/60Hz. (disques non inclus).<\/div><\/div><div class=\"pre-actions\"><div class=\"reviews\"><\/div><div class=\"compare-product c21_product_compare form-check form-switch\"><label><input type=\"checkbox\" class=\"C21TG_comparison form-check-input product-comparer\" data-addedProduct=\"602255\">Compare<\/label><\/div><\/div><\/div> <!-- end product-list-item --><\/li><li class=\"C21TE_viewItemList  col-sm-6 col-md-4 wow fadeIn single-product-list fix-list 602250\" data-index=\"1\" data-wow-delay=\"0ms\" data-name=\"Coupe-l\u00e9gumes<br>Prep4You Coupe-l\u00e9gumes, 2 disques inclus\" data-id=\"602250\" data-category=\"fr ca\/products\/coupe legumes\/\" data-list-name=\"Coupe-l\u00e9gumes\"><div class=\"product-list-item\"><div class=\"product-content\"><a class=\"C21TE_selectItem\"  href=\"https:\/\/www.ditosama.com\/fr-ca\/products\/coupe-legumes\/coupe-l\u00e9gumes-prep4you-coupe-l\u00e9gumes-2-disques-inclus-602250\/\" data-index=\"1\" data-name=\"Coupe-l\u00e9gumes<br>Prep4You Coupe-l\u00e9gumes, 2 disques inclus\" data-id=\"602250\" data-category=\"fr ca\/products\/coupe legumes\/\" data-list-name=\"Coupe-l\u00e9gumes\"><figure class=\"wow fadeIn image-dito-sama-2\" style=\"padding: 0px\"><img decoding=\"async\" src=\"https:\/\/tools.electroluxprofessional.com\/Mirror\/Doc\/PH_255x255%2FPH_600970_1_1_600970.jpg\" alt=\"Coupe-l\u00e9gumes<br>Prep4You Coupe-l\u00e9gumes, 2 disques inclus\" ><\/figure><h3>Coupe-l\u00e9gumes<br>Prep4You Coupe-l\u00e9gumes, 2 disques inclus<\/h3><\/a><div class=\"product-code\">602250<\/div><div class=\"product-model\">(DVGSUS)<\/div><div class=\"product-description\">Coupe-l\u00e9gumes, une vitesse (1800 tr\/min) avec 2 disques inclus (trancheur 5\/32\", r\u00e2peur 5\/64\"), prise NEMA 5-15P<\/div><\/div><div class=\"pre-actions\"><div class=\"reviews\"><\/div><div class=\"compare-product c21_product_compare form-check form-switch\"><label><input type=\"checkbox\" class=\"C21TG_comparison form-check-input product-comparer\" data-addedProduct=\"602250\">Compare<\/label><\/div><\/div><\/div> <!-- end product-list-item --><\/li><li class=\"C21TE_viewItemList  col-sm-6 col-md-4 wow fadeIn single-product-list fix-list 602256\" data-index=\"2\" data-wow-delay=\"0ms\" data-name=\"Coupe-l\u00e9gumes<br>Coupe l\u00e9gumes, livr\u00e9 avec \u00e9jecteur, 1 vit.\" data-id=\"602256\" data-category=\"fr ca\/products\/coupe legumes\/\" data-list-name=\"Coupe-l\u00e9gumes\"><div class=\"product-list-item\"><div class=\"product-content\"><a class=\"C21TE_selectItem\"  href=\"https:\/\/www.ditosama.com\/fr-ca\/products\/coupe-legumes\/coupe-l\u00e9gumes-coupe-l\u00e9gumes-livr\u00e9-avec-\u00e9jecteur-1-vit.-602256\/\" data-index=\"2\" data-name=\"Coupe-l\u00e9gumes<br>Coupe l\u00e9gumes, livr\u00e9 avec \u00e9jecteur, 1 vit.\" data-id=\"602256\" data-category=\"fr ca\/products\/coupe legumes\/\" data-list-name=\"Coupe-l\u00e9gumes\"><figure class=\"wow fadeIn image-dito-sama-2\" style=\"padding: 0px\"><img decoding=\"async\" src=\"https:\/\/tools.electroluxprofessional.com\/Mirror\/Doc\/PH_255x255%2FPH_600110_1_1_600110.jpg\" alt=\"Coupe-l\u00e9gumes<br>Coupe l\u00e9gumes, livr\u00e9 avec \u00e9jecteur, 1 vit.\" ><\/figure><h3>Coupe-l\u00e9gumes<br>Coupe l\u00e9gumes, livr\u00e9 avec \u00e9jecteur, 1 vit.<\/h3><\/a><div class=\"product-code\">602256<\/div><div class=\"product-model\">(DTR24SNU)<\/div><div class=\"product-description\">Coupe-l\u00e9gumes TRS Classic, une vitesse, 640W\/1Hp (sans disques)<\/div><\/div><div class=\"pre-actions\"><div class=\"reviews\"><\/div><div class=\"compare-product c21_product_compare form-check form-switch\"><label><input type=\"checkbox\" class=\"C21TG_comparison form-check-input product-comparer\" data-addedProduct=\"602256\">Compare<\/label><\/div><\/div><\/div> <!-- end product-list-item --><\/li><li class=\"C21TE_viewItemList  col-sm-6 col-md-4 wow fadeIn single-product-list fix-list 602239\" data-index=\"3\" data-wow-delay=\"0ms\" data-name=\"Coupe-l\u00e9gumes<br>Coupe-l\u00e9gumes TRS,1 vit.\" data-id=\"602239\" data-category=\"fr ca\/products\/coupe legumes\/\" data-list-name=\"Coupe-l\u00e9gumes\"><div class=\"product-list-item\"><div class=\"product-content\"><a class=\"C21TE_selectItem\"  href=\"https:\/\/www.ditosama.com\/fr-ca\/products\/coupe-legumes\/coupe-l\u00e9gumes-coupe-l\u00e9gumes-trs1-vit.-602239\/\" data-index=\"3\" data-name=\"Coupe-l\u00e9gumes<br>Coupe-l\u00e9gumes TRS,1 vit.\" data-id=\"602239\" data-category=\"fr ca\/products\/coupe legumes\/\" data-list-name=\"Coupe-l\u00e9gumes\"><figure class=\"wow fadeIn image-dito-sama-2\" style=\"padding: 0px\"><img decoding=\"async\" src=\"https:\/\/tools.electroluxprofessional.com\/Mirror\/Doc\/PH_255x255%2FPH_600417_1_1_600417.jpg\" alt=\"Coupe-l\u00e9gumes<br>Coupe-l\u00e9gumes TRS,1 vit.\" ><\/figure><h3>Coupe-l\u00e9gumes<br>Coupe-l\u00e9gumes TRS,1 vit.<\/h3><\/a><div class=\"product-code\">602239<\/div><div class=\"product-model\">(DTRS)<\/div><div class=\"product-description\">Coupe-l\u00e9gumes TRS, une vitesse (400 tr\/min), tr\u00e9mie et levier en inox, chambre de coupe et \u00e9jecteur amovibles. Caisson moteur m\u00e9tal. 370W, 1\/2 HP, disques NON inclus.<\/div><\/div><div class=\"pre-actions\"><div class=\"reviews\"><\/div><div class=\"compare-product c21_product_compare form-check form-switch\"><label><input type=\"checkbox\" class=\"C21TG_comparison form-check-input product-comparer\" data-addedProduct=\"602239\">Compare<\/label><\/div><\/div><\/div> <!-- end product-list-item --><\/li><li class=\"C21TE_viewItemList  col-sm-6 col-md-4 wow fadeIn single-product-list fix-list 602240\" data-index=\"4\" data-wow-delay=\"0ms\" data-name=\"Coupe-l\u00e9gumes<br>Coupe-l\u00e9gumes TRS,1 vit.\" data-id=\"602240\" data-category=\"fr ca\/products\/coupe legumes\/\" data-list-name=\"Coupe-l\u00e9gumes\"><div class=\"product-list-item\"><div class=\"product-content\"><a class=\"C21TE_selectItem\"  href=\"https:\/\/www.ditosama.com\/fr-ca\/products\/coupe-legumes\/coupe-l\u00e9gumes-coupe-l\u00e9gumes-trs1-vit.-602240\/\" data-index=\"4\" data-name=\"Coupe-l\u00e9gumes<br>Coupe-l\u00e9gumes TRS,1 vit.\" data-id=\"602240\" data-category=\"fr ca\/products\/coupe legumes\/\" data-list-name=\"Coupe-l\u00e9gumes\"><figure class=\"wow fadeIn image-dito-sama-2\" style=\"padding: 0px\"><img decoding=\"async\" src=\"https:\/\/tools.electroluxprofessional.com\/Mirror\/Doc\/PH_255x255%2FPH_600417_1_1_600417.jpg\" alt=\"Coupe-l\u00e9gumes<br>Coupe-l\u00e9gumes TRS,1 vit.\" ><\/figure><h3>Coupe-l\u00e9gumes<br>Coupe-l\u00e9gumes TRS,1 vit.<\/h3><\/a><div class=\"product-code\">602240<\/div><div class=\"product-model\">(DTRS)<\/div><div class=\"product-description\">Coupe-l\u00e9gumes - 1 vitesse  - 750W - 100 - 120V\/1p-h\/60Hz<\/div><\/div><div class=\"pre-actions\"><div class=\"reviews\"><\/div><div class=\"compare-product c21_product_compare form-check form-switch\"><label><input type=\"checkbox\" class=\"C21TG_comparison form-check-input product-comparer\" data-addedProduct=\"602240\">Compare<\/label><\/div><\/div><\/div> <!-- end product-list-item --><\/li>\n                        <\/ul>\n                        <div class=\"text-center more-products\">\n                        <\/div>\n                    <\/div>\n                    <!-- END PRODUCT LIST -->\n                    <\/div>\n                    <!-- END PRODUCT LIST -->[\/vc_column][\/vc_row][vc_row full_width=\u00a0\u00bbc21-full-width-no-padding\u00a0\u00bb][vc_column][c21_image_text_full image=\u00a0\u00bb290&Prime; image_position=\u00a0\u00bbleft\u00a0\u00bb title=\u00a0\u00bbENVIE D\u2019EN SAVOIR PLUS ?\u00a0\u00bb text=\u00a0\u00bbContactez-nous pour plus d\u2019informations sur nos Coupes L\u00e9gumes\u00a0\u00bb link=\u00a0\u00bburl:https%3A%2F%2Fwww.ditosama.com%2Ffr-ca%2Fcontactez-nous%2F|title:CONTACTEZ-NOUS\u00a0\u00bb][\/vc_column][\/vc_row]<\/p>\n<\/section>","protected":false},"excerpt":{"rendered":"<p>[vc_row][vc_column][vc_empty_space height=\u00a0\u00bb45px\u00a0\u00bb][c21_image_text image=\u00a0\u00bb1787&Prime; image_position=\u00a0\u00bbleft\u00a0\u00bb title=\u00a0\u00bbPREP4YOU effectue le travail pour vous !\u00a0\u00bb subtitle=\u00a0\u00bb\u00a0\u00bb text=\u00a0\u00bbLe coupe l\u00e9gume PREP4YOU vous offre un gain de temps allant jusqu\u2019\u00e0 95% par rapport \u00e0 la pr\u00e9paration manuelle. Il promet \u00e9galement des r\u00e9sultats de coupe r\u00e9guliers gr\u00e2ce au poussoir \u00e0 levier brevet\u00e9, m\u00eame pour couper en d\u00e9s des produits difficiles comme les [&hellip;]<\/p>\n","protected":false},"author":1,"featured_media":17882,"parent":20942,"menu_order":0,"comment_status":"closed","ping_status":"closed","template":"","meta":{"inline_featured_image":false,"footnotes":""},"class_list":["post-21046","page","type-page","status-publish","has-post-thumbnail","hentry"],"acf":[],"yoast_head":"<!-- This site is optimized with the Yoast SEO plugin v26.1.1 - https:\/\/yoast.com\/wordpress\/plugins\/seo\/ -->\n<title>Coupe-l\u00e9gumes | Dito Sama<\/title>\n<meta name=\"description\" content=\"Boostez l&#039;efficacit\u00e9 de votre cuisine avec les coupe-l\u00e9gumes de Dito Sama. D\u00e9couvrez notre gamme d&#039;\u00e9quipements professionnels!\" \/>\n<meta name=\"robots\" content=\"index, follow, max-snippet:-1, max-image-preview:large, max-video-preview:-1\" \/>\n<link rel=\"canonical\" href=\"https:\/\/www.ditosama.com\/fr-ca\/wp-json\/wp\/v2\/pages\/21046\" \/>\n<meta property=\"og:locale\" content=\"fr_CA\" \/>\n<meta property=\"og:type\" content=\"article\" \/>\n<meta property=\"og:title\" content=\"Coupe-l\u00e9gumes | Dito Sama\" \/>\n<meta property=\"og:description\" content=\"Boostez l&#039;efficacit\u00e9 de votre cuisine avec les coupe-l\u00e9gumes de Dito Sama. D\u00e9couvrez notre gamme d&#039;\u00e9quipements professionnels!\" \/>\n<meta property=\"og:url\" content=\"https:\/\/www.ditosama.com\/fr-ca\/products\/coupe-legumes\/\" \/>\n<meta property=\"og:site_name\" content=\"Dito Sama\" \/>\n<meta property=\"article:modified_time\" content=\"2026-03-04T15:20:21+00:00\" \/>\n<meta property=\"og:image\" content=\"https:\/\/www.ditosama.com\/wp-content\/uploads\/2023\/09\/DitoSama-Copertine-TRS-Tagliaverdure-1.jpg\" \/>\n\t<meta property=\"og:image:width\" content=\"2560\" \/>\n\t<meta property=\"og:image:height\" content=\"1027\" \/>\n\t<meta property=\"og:image:type\" content=\"image\/jpeg\" \/>\n<meta name=\"twitter:card\" content=\"summary_large_image\" \/>\n<meta name=\"twitter:label1\" content=\"Estimation du temps de lecture\" \/>\n\t<meta name=\"twitter:data1\" content=\"3 minutes\" \/>\n<script type=\"application\/ld+json\" class=\"yoast-schema-graph\">{\"@context\":\"https:\/\/schema.org\",\"@graph\":[{\"@type\":\"WebPage\",\"@id\":\"https:\/\/www.ditosama.com\/fr-ca\/products\/coupe-legumes\/\",\"url\":\"https:\/\/www.ditosama.com\/fr-ca\/products\/coupe-legumes\/\",\"name\":\"Coupe-l\u00e9gumes | Dito Sama\",\"isPartOf\":{\"@id\":\"https:\/\/www.ditosama.com\/en\/#website\"},\"primaryImageOfPage\":{\"@id\":\"https:\/\/www.ditosama.com\/fr-ca\/products\/coupe-legumes\/#primaryimage\"},\"image\":{\"@id\":\"https:\/\/www.ditosama.com\/fr-ca\/products\/coupe-legumes\/#primaryimage\"},\"thumbnailUrl\":\"https:\/\/www.ditosama.com\/wp-content\/uploads\/2023\/09\/DitoSama-Copertine-TRS-Tagliaverdure-1.jpg\",\"datePublished\":\"2024-05-16T09:12:52+00:00\",\"dateModified\":\"2026-03-04T15:20:21+00:00\",\"description\":\"Boostez l'efficacit\u00e9 de votre cuisine avec les coupe-l\u00e9gumes de Dito Sama. D\u00e9couvrez notre gamme d'\u00e9quipements professionnels!\",\"breadcrumb\":{\"@id\":\"https:\/\/www.ditosama.com\/fr-ca\/products\/coupe-legumes\/#breadcrumb\"},\"inLanguage\":\"fr-CA\",\"potentialAction\":[{\"@type\":\"ReadAction\",\"target\":[\"https:\/\/www.ditosama.com\/fr-ca\/products\/coupe-legumes\/\"]}]},{\"@type\":\"ImageObject\",\"inLanguage\":\"fr-CA\",\"@id\":\"https:\/\/www.ditosama.com\/fr-ca\/products\/coupe-legumes\/#primaryimage\",\"url\":\"https:\/\/www.ditosama.com\/wp-content\/uploads\/2023\/09\/DitoSama-Copertine-TRS-Tagliaverdure-1.jpg\",\"contentUrl\":\"https:\/\/www.ditosama.com\/wp-content\/uploads\/2023\/09\/DitoSama-Copertine-TRS-Tagliaverdure-1.jpg\",\"width\":2560,\"height\":1027},{\"@type\":\"BreadcrumbList\",\"@id\":\"https:\/\/www.ditosama.com\/fr-ca\/products\/coupe-legumes\/#breadcrumb\",\"itemListElement\":[{\"@type\":\"ListItem\",\"position\":1,\"name\":\"Home\",\"item\":\"https:\/\/www.ditosama.com\/fr-ca\/\"},{\"@type\":\"ListItem\",\"position\":2,\"name\":\"Products\",\"item\":\"https:\/\/www.ditosama.com\/fr-ca\/products\/\"},{\"@type\":\"ListItem\",\"position\":3,\"name\":\"Coupe-l\u00e9gumes\"}]},{\"@type\":\"WebSite\",\"@id\":\"https:\/\/www.ditosama.com\/en\/#website\",\"url\":\"https:\/\/www.ditosama.com\/en\/\",\"name\":\"Dito Sama\",\"description\":\"\",\"potentialAction\":[{\"@type\":\"SearchAction\",\"target\":{\"@type\":\"EntryPoint\",\"urlTemplate\":\"https:\/\/www.ditosama.com\/en\/?s={search_term_string}\"},\"query-input\":{\"@type\":\"PropertyValueSpecification\",\"valueRequired\":true,\"valueName\":\"search_term_string\"}}],\"inLanguage\":\"fr-CA\"}]}<\/script>\n<!-- \/ Yoast SEO plugin. -->","yoast_head_json":{"title":"Coupe-l\u00e9gumes | Dito Sama","description":"Boostez l'efficacit\u00e9 de votre cuisine avec les coupe-l\u00e9gumes de Dito Sama. D\u00e9couvrez notre gamme d'\u00e9quipements professionnels!","robots":{"index":"index","follow":"follow","max-snippet":"max-snippet:-1","max-image-preview":"max-image-preview:large","max-video-preview":"max-video-preview:-1"},"canonical":"https:\/\/www.ditosama.com\/fr-ca\/wp-json\/wp\/v2\/pages\/21046","og_locale":"fr_CA","og_type":"article","og_title":"Coupe-l\u00e9gumes | Dito Sama","og_description":"Boostez l'efficacit\u00e9 de votre cuisine avec les coupe-l\u00e9gumes de Dito Sama. D\u00e9couvrez notre gamme d'\u00e9quipements professionnels!","og_url":"https:\/\/www.ditosama.com\/fr-ca\/products\/coupe-legumes\/","og_site_name":"Dito Sama","article_modified_time":"2026-03-04T15:20:21+00:00","og_image":[{"width":2560,"height":1027,"url":"https:\/\/www.ditosama.com\/wp-content\/uploads\/2023\/09\/DitoSama-Copertine-TRS-Tagliaverdure-1.jpg","type":"image\/jpeg"}],"twitter_card":"summary_large_image","twitter_misc":{"Estimation du temps de lecture":"3 minutes"},"schema":{"@context":"https:\/\/schema.org","@graph":[{"@type":"WebPage","@id":"https:\/\/www.ditosama.com\/fr-ca\/products\/coupe-legumes\/","url":"https:\/\/www.ditosama.com\/fr-ca\/products\/coupe-legumes\/","name":"Coupe-l\u00e9gumes | Dito Sama","isPartOf":{"@id":"https:\/\/www.ditosama.com\/en\/#website"},"primaryImageOfPage":{"@id":"https:\/\/www.ditosama.com\/fr-ca\/products\/coupe-legumes\/#primaryimage"},"image":{"@id":"https:\/\/www.ditosama.com\/fr-ca\/products\/coupe-legumes\/#primaryimage"},"thumbnailUrl":"https:\/\/www.ditosama.com\/wp-content\/uploads\/2023\/09\/DitoSama-Copertine-TRS-Tagliaverdure-1.jpg","datePublished":"2024-05-16T09:12:52+00:00","dateModified":"2026-03-04T15:20:21+00:00","description":"Boostez l'efficacit\u00e9 de votre cuisine avec les coupe-l\u00e9gumes de Dito Sama. D\u00e9couvrez notre gamme d'\u00e9quipements professionnels!","breadcrumb":{"@id":"https:\/\/www.ditosama.com\/fr-ca\/products\/coupe-legumes\/#breadcrumb"},"inLanguage":"fr-CA","potentialAction":[{"@type":"ReadAction","target":["https:\/\/www.ditosama.com\/fr-ca\/products\/coupe-legumes\/"]}]},{"@type":"ImageObject","inLanguage":"fr-CA","@id":"https:\/\/www.ditosama.com\/fr-ca\/products\/coupe-legumes\/#primaryimage","url":"https:\/\/www.ditosama.com\/wp-content\/uploads\/2023\/09\/DitoSama-Copertine-TRS-Tagliaverdure-1.jpg","contentUrl":"https:\/\/www.ditosama.com\/wp-content\/uploads\/2023\/09\/DitoSama-Copertine-TRS-Tagliaverdure-1.jpg","width":2560,"height":1027},{"@type":"BreadcrumbList","@id":"https:\/\/www.ditosama.com\/fr-ca\/products\/coupe-legumes\/#breadcrumb","itemListElement":[{"@type":"ListItem","position":1,"name":"Home","item":"https:\/\/www.ditosama.com\/fr-ca\/"},{"@type":"ListItem","position":2,"name":"Products","item":"https:\/\/www.ditosama.com\/fr-ca\/products\/"},{"@type":"ListItem","position":3,"name":"Coupe-l\u00e9gumes"}]},{"@type":"WebSite","@id":"https:\/\/www.ditosama.com\/en\/#website","url":"https:\/\/www.ditosama.com\/en\/","name":"Dito Sama","description":"","potentialAction":[{"@type":"SearchAction","target":{"@type":"EntryPoint","urlTemplate":"https:\/\/www.ditosama.com\/en\/?s={search_term_string}"},"query-input":{"@type":"PropertyValueSpecification","valueRequired":true,"valueName":"search_term_string"}}],"inLanguage":"fr-CA"}]}},"_links":{"self":[{"href":"https:\/\/www.ditosama.com\/fr-ca\/wp-json\/wp\/v2\/pages\/21046","targetHints":{"allow":["GET"]}}],"collection":[{"href":"https:\/\/www.ditosama.com\/fr-ca\/wp-json\/wp\/v2\/pages"}],"about":[{"href":"https:\/\/www.ditosama.com\/fr-ca\/wp-json\/wp\/v2\/types\/page"}],"author":[{"embeddable":true,"href":"https:\/\/www.ditosama.com\/fr-ca\/wp-json\/wp\/v2\/users\/1"}],"replies":[{"embeddable":true,"href":"https:\/\/www.ditosama.com\/fr-ca\/wp-json\/wp\/v2\/comments?post=21046"}],"version-history":[{"count":9,"href":"https:\/\/www.ditosama.com\/fr-ca\/wp-json\/wp\/v2\/pages\/21046\/revisions"}],"predecessor-version":[{"id":32785,"href":"https:\/\/www.ditosama.com\/fr-ca\/wp-json\/wp\/v2\/pages\/21046\/revisions\/32785"}],"up":[{"embeddable":true,"href":"https:\/\/www.ditosama.com\/fr-ca\/wp-json\/wp\/v2\/pages\/20942"}],"wp:featuredmedia":[{"embeddable":true,"href":"https:\/\/www.ditosama.com\/fr-ca\/wp-json\/wp\/v2\/media\/17882"}],"wp:attachment":[{"href":"https:\/\/www.ditosama.com\/fr-ca\/wp-json\/wp\/v2\/media?parent=21046"}],"curies":[{"name":"wp","href":"https:\/\/api.w.org\/{rel}","templated":true}]}}