{"id":20843,"date":"2024-05-16T09:12:51","date_gmt":"2024-05-16T09:12:51","guid":{"rendered":"https:\/\/www.ditosama.com\/?page_id=20843"},"modified":"2026-04-07T09:05:15","modified_gmt":"2026-04-07T09:05:15","slug":"inspiration-culinaire","status":"publish","type":"page","link":"https:\/\/www.ditosama.com\/fr-ca\/inspirations\/inspiration-culinaire\/","title":{"rendered":"Inspiration culinaire"},"content":{"rendered":"<section class=\"wpb-content-wrapper\"><p>[vc_row][vc_column][vc_empty_space height=\u00a0\u00bb100px\u00a0\u00bb][\/vc_column][\/vc_row][vc_row full_width=\u00a0\u00bbc21-full-width-no-padding\u00a0\u00bb][vc_column][c21_image_text_full_share image=\u00a0\u00bb2082&Prime; image_position=\u00a0\u00bbright\u00a0\u00bb title=\u00a0\u00bbENVIE DE PARTAGER VOTRE RECETTE SIGNATURE AVEC NOUS ?\u00a0\u00bb text=\u00a0\u00bbEnvoyez l\u00e0 nous avec tous les ingr\u00e9dients et les \u00e9tapes de pr\u00e9paration.<br \/>\nNos experts se feront un plaisir de la tester et de la publier sur notre site !\u00a0\u00bb subject=\u00a0\u00bbPartager votre recette avec nous\u00a0\u00bb email=\u00a0\u00bbcontact_ditosama@electroluxprofessional.com\u00a0\u00bb text_button=\u00a0\u00bbEnvoyer ma recette\u00a0\u00bb][\/vc_column][\/vc_row][vc_row full_width=\u00a0\u00bbc21-full-width-no-padding\u00a0\u00bb css=\u00a0\u00bb.vc_custom_1672392446879{margin-top: -60px !important;}\u00a0\u00bb][vc_column][c21_image_text_full image=\u00a0\u00bb290&Prime; image_position=\u00a0\u00bbleft\u00a0\u00bb title=\u00a0\u00bbENVIE D\u2019ESSAYER L\u2019UNE DE NOS RECETTES ?\u00a0\u00bb text=\u00a0\u00bbContactez-nous d\u00e8s maintenant<br \/>\nafin de vous recommander la machine DITO SAMA<br \/>\nadapt\u00e9e \u00e0 vos besoins !\u00a0\u00bb link=\u00a0\u00bburl:https%3A%2F%2Fwww.ditosama.com%2Ffr-ca%2Fcontactez-nous%2F|title:Contactez-nous\u00a0\u00bb][\/vc_column][\/vc_row]<\/p>\n<\/section>","protected":false},"excerpt":{"rendered":"<p>[vc_row][vc_column][vc_empty_space height=\u00a0\u00bb100px\u00a0\u00bb][\/vc_column][\/vc_row][vc_row full_width=\u00a0\u00bbc21-full-width-no-padding\u00a0\u00bb][vc_column][c21_image_text_full_share image=\u00a0\u00bb2082&Prime; image_position=\u00a0\u00bbright\u00a0\u00bb title=\u00a0\u00bbENVIE DE PARTAGER VOTRE RECETTE SIGNATURE AVEC NOUS ?\u00a0\u00bb text=\u00a0\u00bbEnvoyez l\u00e0 nous avec tous les ingr\u00e9dients et les \u00e9tapes de pr\u00e9paration. Nos experts se feront un plaisir de la tester et de la publier sur notre site !\u00a0\u00bb subject=\u00a0\u00bbPartager votre recette avec nous\u00a0\u00bb email=\u00a0\u00bbcontact_ditosama@electroluxprofessional.com\u00a0\u00bb text_button=\u00a0\u00bbEnvoyer ma recette\u00a0\u00bb][\/vc_column][\/vc_row][vc_row full_width=\u00a0\u00bbc21-full-width-no-padding\u00a0\u00bb css=\u00a0\u00bb.vc_custom_1672392446879{margin-top: -60px [&hellip;]<\/p>\n","protected":false},"author":1,"featured_media":18422,"parent":20835,"menu_order":0,"comment_status":"closed","ping_status":"closed","template":"template-recipes.php","meta":{"inline_featured_image":false,"footnotes":""},"class_list":["post-20843","page","type-page","status-publish","has-post-thumbnail","hentry"],"acf":[],"yoast_head":"<!-- This site is optimized with the Yoast SEO plugin v26.1.1 - https:\/\/yoast.com\/wordpress\/plugins\/seo\/ -->\n<title>Chef Inspiration: Id\u00e9es et tendances culinaires | Dito Sama<\/title>\n<meta name=\"description\" content=\"Alimentez votre cr\u00e9ativit\u00e9 culinaire gr\u00e2ce aux conseils d&#039;experts. D\u00e9couvrez les derni\u00e8res tendances alimentaires, l&#039;inspiration des chefs et des id\u00e9es de cuisine pratiques pour votre cuisine professionnelle.\" \/>\n<meta name=\"robots\" content=\"index, follow, max-snippet:-1, max-image-preview:large, max-video-preview:-1\" \/>\n<link rel=\"canonical\" href=\"https:\/\/www.ditosama.com\/fr-ca\/wp-json\/wp\/v2\/pages\/20843\" \/>\n<meta property=\"og:locale\" content=\"fr_CA\" \/>\n<meta property=\"og:type\" content=\"article\" \/>\n<meta property=\"og:title\" content=\"Chef Inspiration: Id\u00e9es et tendances culinaires | Dito Sama\" \/>\n<meta property=\"og:description\" content=\"Alimentez votre cr\u00e9ativit\u00e9 culinaire gr\u00e2ce aux conseils d&#039;experts. D\u00e9couvrez les derni\u00e8res tendances alimentaires, l&#039;inspiration des chefs et des id\u00e9es de cuisine pratiques pour votre cuisine professionnelle.\" \/>\n<meta property=\"og:url\" content=\"https:\/\/www.ditosama.com\/fr-ca\/inspirations\/inspiration-culinaire\/\" \/>\n<meta property=\"og:site_name\" content=\"Dito Sama\" \/>\n<meta property=\"article:modified_time\" content=\"2026-04-07T09:05:15+00:00\" \/>\n<meta property=\"og:image\" content=\"https:\/\/www.ditosama.com\/wp-content\/uploads\/2024\/02\/culinary-inspiration-1920x580-1.jpg\" \/>\n\t<meta property=\"og:image:width\" content=\"1920\" \/>\n\t<meta property=\"og:image:height\" content=\"580\" \/>\n\t<meta property=\"og:image:type\" content=\"image\/jpeg\" \/>\n<meta name=\"twitter:card\" content=\"summary_large_image\" \/>\n<meta name=\"twitter:label1\" content=\"Estimation du temps de lecture\" \/>\n\t<meta name=\"twitter:data1\" content=\"1 minute\" \/>\n<script type=\"application\/ld+json\" class=\"yoast-schema-graph\">{\"@context\":\"https:\/\/schema.org\",\"@graph\":[{\"@type\":\"WebPage\",\"@id\":\"https:\/\/www.ditosama.com\/fr-ca\/inspirations\/inspiration-culinaire\/\",\"url\":\"https:\/\/www.ditosama.com\/fr-ca\/inspirations\/inspiration-culinaire\/\",\"name\":\"Chef Inspiration: Id\u00e9es et tendances culinaires | Dito Sama\",\"isPartOf\":{\"@id\":\"https:\/\/www.ditosama.com\/en\/#website\"},\"primaryImageOfPage\":{\"@id\":\"https:\/\/www.ditosama.com\/fr-ca\/inspirations\/inspiration-culinaire\/#primaryimage\"},\"image\":{\"@id\":\"https:\/\/www.ditosama.com\/fr-ca\/inspirations\/inspiration-culinaire\/#primaryimage\"},\"thumbnailUrl\":\"https:\/\/www.ditosama.com\/wp-content\/uploads\/2024\/02\/culinary-inspiration-1920x580-1.jpg\",\"datePublished\":\"2024-05-16T09:12:51+00:00\",\"dateModified\":\"2026-04-07T09:05:15+00:00\",\"description\":\"Alimentez votre cr\u00e9ativit\u00e9 culinaire gr\u00e2ce aux conseils d'experts. D\u00e9couvrez les derni\u00e8res tendances alimentaires, l'inspiration des chefs et des id\u00e9es de cuisine pratiques pour votre cuisine professionnelle.\",\"breadcrumb\":{\"@id\":\"https:\/\/www.ditosama.com\/fr-ca\/inspirations\/inspiration-culinaire\/#breadcrumb\"},\"inLanguage\":\"fr-CA\",\"potentialAction\":[{\"@type\":\"ReadAction\",\"target\":[\"https:\/\/www.ditosama.com\/fr-ca\/inspirations\/inspiration-culinaire\/\"]}]},{\"@type\":\"ImageObject\",\"inLanguage\":\"fr-CA\",\"@id\":\"https:\/\/www.ditosama.com\/fr-ca\/inspirations\/inspiration-culinaire\/#primaryimage\",\"url\":\"https:\/\/www.ditosama.com\/wp-content\/uploads\/2024\/02\/culinary-inspiration-1920x580-1.jpg\",\"contentUrl\":\"https:\/\/www.ditosama.com\/wp-content\/uploads\/2024\/02\/culinary-inspiration-1920x580-1.jpg\",\"width\":1920,\"height\":580},{\"@type\":\"BreadcrumbList\",\"@id\":\"https:\/\/www.ditosama.com\/fr-ca\/inspirations\/inspiration-culinaire\/#breadcrumb\",\"itemListElement\":[{\"@type\":\"ListItem\",\"position\":1,\"name\":\"Home\",\"item\":\"https:\/\/www.ditosama.com\/fr-ca\/\"},{\"@type\":\"ListItem\",\"position\":2,\"name\":\"Inspirations\",\"item\":\"https:\/\/www.ditosama.com\/fr-ca\/inspirations\/\"},{\"@type\":\"ListItem\",\"position\":3,\"name\":\"Inspiration culinaire\"}]},{\"@type\":\"WebSite\",\"@id\":\"https:\/\/www.ditosama.com\/en\/#website\",\"url\":\"https:\/\/www.ditosama.com\/en\/\",\"name\":\"Dito Sama\",\"description\":\"\",\"potentialAction\":[{\"@type\":\"SearchAction\",\"target\":{\"@type\":\"EntryPoint\",\"urlTemplate\":\"https:\/\/www.ditosama.com\/en\/?s={search_term_string}\"},\"query-input\":{\"@type\":\"PropertyValueSpecification\",\"valueRequired\":true,\"valueName\":\"search_term_string\"}}],\"inLanguage\":\"fr-CA\"}]}<\/script>\n<!-- \/ Yoast SEO plugin. -->","yoast_head_json":{"title":"Chef Inspiration: Id\u00e9es et tendances culinaires | Dito Sama","description":"Alimentez votre cr\u00e9ativit\u00e9 culinaire gr\u00e2ce aux conseils d'experts. D\u00e9couvrez les derni\u00e8res tendances alimentaires, l'inspiration des chefs et des id\u00e9es de cuisine pratiques pour votre cuisine professionnelle.","robots":{"index":"index","follow":"follow","max-snippet":"max-snippet:-1","max-image-preview":"max-image-preview:large","max-video-preview":"max-video-preview:-1"},"canonical":"https:\/\/www.ditosama.com\/fr-ca\/wp-json\/wp\/v2\/pages\/20843","og_locale":"fr_CA","og_type":"article","og_title":"Chef Inspiration: Id\u00e9es et tendances culinaires | Dito Sama","og_description":"Alimentez votre cr\u00e9ativit\u00e9 culinaire gr\u00e2ce aux conseils d'experts. D\u00e9couvrez les derni\u00e8res tendances alimentaires, l'inspiration des chefs et des id\u00e9es de cuisine pratiques pour votre cuisine professionnelle.","og_url":"https:\/\/www.ditosama.com\/fr-ca\/inspirations\/inspiration-culinaire\/","og_site_name":"Dito Sama","article_modified_time":"2026-04-07T09:05:15+00:00","og_image":[{"width":1920,"height":580,"url":"https:\/\/www.ditosama.com\/wp-content\/uploads\/2024\/02\/culinary-inspiration-1920x580-1.jpg","type":"image\/jpeg"}],"twitter_card":"summary_large_image","twitter_misc":{"Estimation du temps de lecture":"1 minute"},"schema":{"@context":"https:\/\/schema.org","@graph":[{"@type":"WebPage","@id":"https:\/\/www.ditosama.com\/fr-ca\/inspirations\/inspiration-culinaire\/","url":"https:\/\/www.ditosama.com\/fr-ca\/inspirations\/inspiration-culinaire\/","name":"Chef Inspiration: Id\u00e9es et tendances culinaires | Dito Sama","isPartOf":{"@id":"https:\/\/www.ditosama.com\/en\/#website"},"primaryImageOfPage":{"@id":"https:\/\/www.ditosama.com\/fr-ca\/inspirations\/inspiration-culinaire\/#primaryimage"},"image":{"@id":"https:\/\/www.ditosama.com\/fr-ca\/inspirations\/inspiration-culinaire\/#primaryimage"},"thumbnailUrl":"https:\/\/www.ditosama.com\/wp-content\/uploads\/2024\/02\/culinary-inspiration-1920x580-1.jpg","datePublished":"2024-05-16T09:12:51+00:00","dateModified":"2026-04-07T09:05:15+00:00","description":"Alimentez votre cr\u00e9ativit\u00e9 culinaire gr\u00e2ce aux conseils d'experts. D\u00e9couvrez les derni\u00e8res tendances alimentaires, l'inspiration des chefs et des id\u00e9es de cuisine pratiques pour votre cuisine professionnelle.","breadcrumb":{"@id":"https:\/\/www.ditosama.com\/fr-ca\/inspirations\/inspiration-culinaire\/#breadcrumb"},"inLanguage":"fr-CA","potentialAction":[{"@type":"ReadAction","target":["https:\/\/www.ditosama.com\/fr-ca\/inspirations\/inspiration-culinaire\/"]}]},{"@type":"ImageObject","inLanguage":"fr-CA","@id":"https:\/\/www.ditosama.com\/fr-ca\/inspirations\/inspiration-culinaire\/#primaryimage","url":"https:\/\/www.ditosama.com\/wp-content\/uploads\/2024\/02\/culinary-inspiration-1920x580-1.jpg","contentUrl":"https:\/\/www.ditosama.com\/wp-content\/uploads\/2024\/02\/culinary-inspiration-1920x580-1.jpg","width":1920,"height":580},{"@type":"BreadcrumbList","@id":"https:\/\/www.ditosama.com\/fr-ca\/inspirations\/inspiration-culinaire\/#breadcrumb","itemListElement":[{"@type":"ListItem","position":1,"name":"Home","item":"https:\/\/www.ditosama.com\/fr-ca\/"},{"@type":"ListItem","position":2,"name":"Inspirations","item":"https:\/\/www.ditosama.com\/fr-ca\/inspirations\/"},{"@type":"ListItem","position":3,"name":"Inspiration culinaire"}]},{"@type":"WebSite","@id":"https:\/\/www.ditosama.com\/en\/#website","url":"https:\/\/www.ditosama.com\/en\/","name":"Dito Sama","description":"","potentialAction":[{"@type":"SearchAction","target":{"@type":"EntryPoint","urlTemplate":"https:\/\/www.ditosama.com\/en\/?s={search_term_string}"},"query-input":{"@type":"PropertyValueSpecification","valueRequired":true,"valueName":"search_term_string"}}],"inLanguage":"fr-CA"}]}},"_links":{"self":[{"href":"https:\/\/www.ditosama.com\/fr-ca\/wp-json\/wp\/v2\/pages\/20843","targetHints":{"allow":["GET"]}}],"collection":[{"href":"https:\/\/www.ditosama.com\/fr-ca\/wp-json\/wp\/v2\/pages"}],"about":[{"href":"https:\/\/www.ditosama.com\/fr-ca\/wp-json\/wp\/v2\/types\/page"}],"author":[{"embeddable":true,"href":"https:\/\/www.ditosama.com\/fr-ca\/wp-json\/wp\/v2\/users\/1"}],"replies":[{"embeddable":true,"href":"https:\/\/www.ditosama.com\/fr-ca\/wp-json\/wp\/v2\/comments?post=20843"}],"version-history":[{"count":6,"href":"https:\/\/www.ditosama.com\/fr-ca\/wp-json\/wp\/v2\/pages\/20843\/revisions"}],"predecessor-version":[{"id":33082,"href":"https:\/\/www.ditosama.com\/fr-ca\/wp-json\/wp\/v2\/pages\/20843\/revisions\/33082"}],"up":[{"embeddable":true,"href":"https:\/\/www.ditosama.com\/fr-ca\/wp-json\/wp\/v2\/pages\/20835"}],"wp:featuredmedia":[{"embeddable":true,"href":"https:\/\/www.ditosama.com\/fr-ca\/wp-json\/wp\/v2\/media\/18422"}],"wp:attachment":[{"href":"https:\/\/www.ditosama.com\/fr-ca\/wp-json\/wp\/v2\/media?parent=20843"}],"curies":[{"name":"wp","href":"https:\/\/api.w.org\/{rel}","templated":true}]}}