{"id":20817,"date":"2024-05-16T09:12:50","date_gmt":"2024-05-16T09:12:50","guid":{"rendered":"https:\/\/www.ditosama.com\/?page_id=20817"},"modified":"2026-04-07T09:23:18","modified_gmt":"2026-04-07T09:23:18","slug":"cookie-policy","status":"publish","type":"page","link":"https:\/\/www.ditosama.com\/fr-ca\/cookie-policy\/","title":{"rendered":"Politique en mati\u00e8re de cookies"},"content":{"rendered":"<section class=\"wpb-content-wrapper\"><p>[vc_row][vc_column][vc_column_text]<!-- OneTrust Cookies List start -->\n        <div id=\"ot-sdk-cookie-policy\"><\/div>\n        <!-- OneTrust Cookies List end -->[\/vc_column_text][\/vc_column][\/vc_row]<\/p>\n<\/section>","protected":false},"excerpt":{"rendered":"<p>[vc_row][vc_column][vc_column_text][\/vc_column_text][\/vc_column][\/vc_row]<\/p>\n","protected":false},"author":1,"featured_media":18383,"parent":0,"menu_order":0,"comment_status":"closed","ping_status":"closed","template":"","meta":{"inline_featured_image":false,"footnotes":""},"class_list":["post-20817","page","type-page","status-publish","has-post-thumbnail","hentry"],"acf":[],"yoast_head":"<!-- This site is optimized with the Yoast SEO plugin v26.1.1 - https:\/\/yoast.com\/wordpress\/plugins\/seo\/ -->\n<title>Politique en mati\u00e8re de cookies | Dito Sama<\/title>\n<meta name=\"description\" content=\"Comprenez la politique de Dito Sama en mati\u00e8re de cookies. D\u00e9couvrez comment nous utilisons les cookies pour am\u00e9liorer votre exp\u00e9rience de navigation et assurer la fonctionnalit\u00e9 du site Web. Lisez notre politique ici.\" \/>\n<meta name=\"robots\" content=\"index, follow, max-snippet:-1, max-image-preview:large, max-video-preview:-1\" \/>\n<link rel=\"canonical\" href=\"https:\/\/www.ditosama.com\/fr-ca\/wp-json\/wp\/v2\/pages\/20817\" \/>\n<meta property=\"og:locale\" content=\"fr_CA\" \/>\n<meta property=\"og:type\" content=\"article\" \/>\n<meta property=\"og:title\" content=\"Politique en mati\u00e8re de cookies | Dito Sama\" \/>\n<meta property=\"og:description\" content=\"Comprenez la politique de Dito Sama en mati\u00e8re de cookies. D\u00e9couvrez comment nous utilisons les cookies pour am\u00e9liorer votre exp\u00e9rience de navigation et assurer la fonctionnalit\u00e9 du site Web. Lisez notre politique ici.\" \/>\n<meta property=\"og:url\" content=\"https:\/\/www.ditosama.com\/fr-ca\/cookie-policy\/\" \/>\n<meta property=\"og:site_name\" content=\"Dito Sama\" \/>\n<meta property=\"article:modified_time\" content=\"2026-04-07T09:23:18+00:00\" \/>\n<meta property=\"og:image\" content=\"https:\/\/www.ditosama.com\/wp-content\/uploads\/2024\/01\/cookie-policy.jpg\" \/>\n\t<meta property=\"og:image:width\" content=\"1920\" \/>\n\t<meta property=\"og:image:height\" content=\"580\" \/>\n\t<meta property=\"og:image:type\" content=\"image\/jpeg\" \/>\n<meta name=\"twitter:card\" content=\"summary_large_image\" \/>\n<meta name=\"twitter:label1\" content=\"Estimation du temps de lecture\" \/>\n\t<meta name=\"twitter:data1\" content=\"1 minute\" \/>\n<script type=\"application\/ld+json\" class=\"yoast-schema-graph\">{\"@context\":\"https:\/\/schema.org\",\"@graph\":[{\"@type\":\"WebPage\",\"@id\":\"https:\/\/www.ditosama.com\/fr-ca\/cookie-policy\/\",\"url\":\"https:\/\/www.ditosama.com\/fr-ca\/cookie-policy\/\",\"name\":\"Politique en mati\u00e8re de cookies | Dito Sama\",\"isPartOf\":{\"@id\":\"https:\/\/www.ditosama.com\/en\/#website\"},\"primaryImageOfPage\":{\"@id\":\"https:\/\/www.ditosama.com\/fr-ca\/cookie-policy\/#primaryimage\"},\"image\":{\"@id\":\"https:\/\/www.ditosama.com\/fr-ca\/cookie-policy\/#primaryimage\"},\"thumbnailUrl\":\"https:\/\/www.ditosama.com\/wp-content\/uploads\/2024\/01\/cookie-policy.jpg\",\"datePublished\":\"2024-05-16T09:12:50+00:00\",\"dateModified\":\"2026-04-07T09:23:18+00:00\",\"description\":\"Comprenez la politique de Dito Sama en mati\u00e8re de cookies. D\u00e9couvrez comment nous utilisons les cookies pour am\u00e9liorer votre exp\u00e9rience de navigation et assurer la fonctionnalit\u00e9 du site Web. Lisez notre politique ici.\",\"breadcrumb\":{\"@id\":\"https:\/\/www.ditosama.com\/fr-ca\/cookie-policy\/#breadcrumb\"},\"inLanguage\":\"fr-CA\",\"potentialAction\":[{\"@type\":\"ReadAction\",\"target\":[\"https:\/\/www.ditosama.com\/fr-ca\/cookie-policy\/\"]}]},{\"@type\":\"ImageObject\",\"inLanguage\":\"fr-CA\",\"@id\":\"https:\/\/www.ditosama.com\/fr-ca\/cookie-policy\/#primaryimage\",\"url\":\"https:\/\/www.ditosama.com\/wp-content\/uploads\/2024\/01\/cookie-policy.jpg\",\"contentUrl\":\"https:\/\/www.ditosama.com\/wp-content\/uploads\/2024\/01\/cookie-policy.jpg\",\"width\":1920,\"height\":580},{\"@type\":\"BreadcrumbList\",\"@id\":\"https:\/\/www.ditosama.com\/fr-ca\/cookie-policy\/#breadcrumb\",\"itemListElement\":[{\"@type\":\"ListItem\",\"position\":1,\"name\":\"Home\",\"item\":\"https:\/\/www.ditosama.com\/fr-ca\/\"},{\"@type\":\"ListItem\",\"position\":2,\"name\":\"Politique en mati\u00e8re de cookies\"}]},{\"@type\":\"WebSite\",\"@id\":\"https:\/\/www.ditosama.com\/en\/#website\",\"url\":\"https:\/\/www.ditosama.com\/en\/\",\"name\":\"Dito Sama\",\"description\":\"\",\"potentialAction\":[{\"@type\":\"SearchAction\",\"target\":{\"@type\":\"EntryPoint\",\"urlTemplate\":\"https:\/\/www.ditosama.com\/en\/?s={search_term_string}\"},\"query-input\":{\"@type\":\"PropertyValueSpecification\",\"valueRequired\":true,\"valueName\":\"search_term_string\"}}],\"inLanguage\":\"fr-CA\"}]}<\/script>\n<!-- \/ Yoast SEO plugin. -->","yoast_head_json":{"title":"Politique en mati\u00e8re de cookies | Dito Sama","description":"Comprenez la politique de Dito Sama en mati\u00e8re de cookies. D\u00e9couvrez comment nous utilisons les cookies pour am\u00e9liorer votre exp\u00e9rience de navigation et assurer la fonctionnalit\u00e9 du site Web. Lisez notre politique ici.","robots":{"index":"index","follow":"follow","max-snippet":"max-snippet:-1","max-image-preview":"max-image-preview:large","max-video-preview":"max-video-preview:-1"},"canonical":"https:\/\/www.ditosama.com\/fr-ca\/wp-json\/wp\/v2\/pages\/20817","og_locale":"fr_CA","og_type":"article","og_title":"Politique en mati\u00e8re de cookies | Dito Sama","og_description":"Comprenez la politique de Dito Sama en mati\u00e8re de cookies. D\u00e9couvrez comment nous utilisons les cookies pour am\u00e9liorer votre exp\u00e9rience de navigation et assurer la fonctionnalit\u00e9 du site Web. Lisez notre politique ici.","og_url":"https:\/\/www.ditosama.com\/fr-ca\/cookie-policy\/","og_site_name":"Dito Sama","article_modified_time":"2026-04-07T09:23:18+00:00","og_image":[{"width":1920,"height":580,"url":"https:\/\/www.ditosama.com\/wp-content\/uploads\/2024\/01\/cookie-policy.jpg","type":"image\/jpeg"}],"twitter_card":"summary_large_image","twitter_misc":{"Estimation du temps de lecture":"1 minute"},"schema":{"@context":"https:\/\/schema.org","@graph":[{"@type":"WebPage","@id":"https:\/\/www.ditosama.com\/fr-ca\/cookie-policy\/","url":"https:\/\/www.ditosama.com\/fr-ca\/cookie-policy\/","name":"Politique en mati\u00e8re de cookies | Dito Sama","isPartOf":{"@id":"https:\/\/www.ditosama.com\/en\/#website"},"primaryImageOfPage":{"@id":"https:\/\/www.ditosama.com\/fr-ca\/cookie-policy\/#primaryimage"},"image":{"@id":"https:\/\/www.ditosama.com\/fr-ca\/cookie-policy\/#primaryimage"},"thumbnailUrl":"https:\/\/www.ditosama.com\/wp-content\/uploads\/2024\/01\/cookie-policy.jpg","datePublished":"2024-05-16T09:12:50+00:00","dateModified":"2026-04-07T09:23:18+00:00","description":"Comprenez la politique de Dito Sama en mati\u00e8re de cookies. D\u00e9couvrez comment nous utilisons les cookies pour am\u00e9liorer votre exp\u00e9rience de navigation et assurer la fonctionnalit\u00e9 du site Web. Lisez notre politique ici.","breadcrumb":{"@id":"https:\/\/www.ditosama.com\/fr-ca\/cookie-policy\/#breadcrumb"},"inLanguage":"fr-CA","potentialAction":[{"@type":"ReadAction","target":["https:\/\/www.ditosama.com\/fr-ca\/cookie-policy\/"]}]},{"@type":"ImageObject","inLanguage":"fr-CA","@id":"https:\/\/www.ditosama.com\/fr-ca\/cookie-policy\/#primaryimage","url":"https:\/\/www.ditosama.com\/wp-content\/uploads\/2024\/01\/cookie-policy.jpg","contentUrl":"https:\/\/www.ditosama.com\/wp-content\/uploads\/2024\/01\/cookie-policy.jpg","width":1920,"height":580},{"@type":"BreadcrumbList","@id":"https:\/\/www.ditosama.com\/fr-ca\/cookie-policy\/#breadcrumb","itemListElement":[{"@type":"ListItem","position":1,"name":"Home","item":"https:\/\/www.ditosama.com\/fr-ca\/"},{"@type":"ListItem","position":2,"name":"Politique en mati\u00e8re de cookies"}]},{"@type":"WebSite","@id":"https:\/\/www.ditosama.com\/en\/#website","url":"https:\/\/www.ditosama.com\/en\/","name":"Dito Sama","description":"","potentialAction":[{"@type":"SearchAction","target":{"@type":"EntryPoint","urlTemplate":"https:\/\/www.ditosama.com\/en\/?s={search_term_string}"},"query-input":{"@type":"PropertyValueSpecification","valueRequired":true,"valueName":"search_term_string"}}],"inLanguage":"fr-CA"}]}},"_links":{"self":[{"href":"https:\/\/www.ditosama.com\/fr-ca\/wp-json\/wp\/v2\/pages\/20817","targetHints":{"allow":["GET"]}}],"collection":[{"href":"https:\/\/www.ditosama.com\/fr-ca\/wp-json\/wp\/v2\/pages"}],"about":[{"href":"https:\/\/www.ditosama.com\/fr-ca\/wp-json\/wp\/v2\/types\/page"}],"author":[{"embeddable":true,"href":"https:\/\/www.ditosama.com\/fr-ca\/wp-json\/wp\/v2\/users\/1"}],"replies":[{"embeddable":true,"href":"https:\/\/www.ditosama.com\/fr-ca\/wp-json\/wp\/v2\/comments?post=20817"}],"version-history":[{"count":3,"href":"https:\/\/www.ditosama.com\/fr-ca\/wp-json\/wp\/v2\/pages\/20817\/revisions"}],"predecessor-version":[{"id":33097,"href":"https:\/\/www.ditosama.com\/fr-ca\/wp-json\/wp\/v2\/pages\/20817\/revisions\/33097"}],"wp:featuredmedia":[{"embeddable":true,"href":"https:\/\/www.ditosama.com\/fr-ca\/wp-json\/wp\/v2\/media\/18383"}],"wp:attachment":[{"href":"https:\/\/www.ditosama.com\/fr-ca\/wp-json\/wp\/v2\/media?parent=20817"}],"curies":[{"name":"wp","href":"https:\/\/api.w.org\/{rel}","templated":true}]}}