{"id":20815,"date":"2024-05-16T09:12:50","date_gmt":"2024-05-16T09:12:50","guid":{"rendered":"https:\/\/www.ditosama.com\/?page_id=20815"},"modified":"2025-11-16T11:29:06","modified_gmt":"2025-11-16T11:29:06","slug":"contactez-nous","status":"publish","type":"page","link":"https:\/\/www.ditosama.com\/fr-ca\/contactez-nous\/","title":{"rendered":"Contactez-nous"},"content":{"rendered":"<section class=\"wpb-content-wrapper\"><p>[vc_row css=\u00a0\u00bb.vc_custom_1672309580663{background-color: #f5f3f0 !important;}\u00a0\u00bb][vc_column][vc_empty_space height=\u00a0\u00bb70px\u00a0\u00bb][vc_column_text]<\/p>\n<h3>POUR TOUT ACCOMPAGNEMENT OU RENSEIGNEMENT, N\u2019H\u00c9SITEZ PAS \u00c0 NOUS CONTACTER!<\/h3>\n<p>Il vous suffit de renseigner vos coordonn\u00e9es ci-dessous avec votre question et nous vous r\u00e9pondrons prochainement.[\/vc_column_text][c21_o2000_contact_us country=\u00a0\u00bbCanada\u00a0\u00bb l=\u00a0\u00bbfr\u00a0\u00bb][vc_empty_space height=\u00a0\u00bb70px\u00a0\u00bb][\/vc_column][\/vc_row][vc_row][vc_column][vc_empty_space][\/vc_column][\/vc_row][vc_row][vc_column][c21_image_text image=\u00a0\u00bb2096&Prime; image_position=\u00a0\u00bbleft\u00a0\u00bb title=\u00a0\u00bbSI\u00c8GE SOCIAL\u00a0\u00bb subtitle=\u00a0\u00bbDito Sama Factory\u00a0\u00bb text=\u00a0\u00bbZ.I. du Mont<br \/>\n23200 Aubusson<br \/>\nFRANCE\u00a0\u00bb][\/vc_column][\/vc_row][vc_row full_width=\u00a0\u00bbc21-full-width-no-padding\u00a0\u00bb css=\u00a0\u00bb.vc_custom_1741170148831{background-color: #f5f3f0 !important;}\u00a0\u00bb][vc_column width=\u00a0\u00bb1\/5&Prime;][vc_empty_space][\/vc_column][vc_column width=\u00a0\u00bb3\/5&Prime;][vc_column_text]<\/p>\n<h3 style=\"text-align: center;\">Devenez un partenaire de service certifi\u00e9 !<\/h3>\n<p>[\/vc_column_text][vc_column_text]<\/p>\n<p style=\"text-align: center;\">Rejoignez notre r\u00e9seau de services certifi\u00e9s ! D\u00e9veloppez votre entreprise en devenant un partenaire de service autoris\u00e9.<br \/>\nAcc\u00e9dez \u00e0 des formations exclusives, un support et des opportunit\u00e9s de croissance.<\/p>\n<p>[\/vc_column_text][c21_o2000_contact_us request_type=\u00a0\u00bbCustomer support\u00a0\u00bb button_mode=\u00a0\u00bbtrue\u00a0\u00bb alignment=\u00a0\u00bbcenter\u00a0\u00bb r=\u00a0\u00bbJe souhaite \u00eatre contact\u00e9 pour devenir votre partenaire de service. Merci.\u00a0\u00bb label_btn=\u00a0\u00bbPostulez d\u00e8s aujourd&rsquo;hui !\u00a0\u00bb image_modale=\u00a0\u00bb29618&Prime; title_modale=\u00a0\u00bbUne question ? Contactez-nous !\u00a0\u00bb][vc_empty_space height=\u00a0\u00bb50px\u00a0\u00bb][\/vc_column][vc_column width=\u00a0\u00bb1\/5&Prime;][\/vc_column][\/vc_row]<\/p>\n<\/section>","protected":false},"excerpt":{"rendered":"<p>[vc_row css=\u00a0\u00bb.vc_custom_1672309580663{background-color: #f5f3f0 !important;}\u00a0\u00bb][vc_column][vc_empty_space height=\u00a0\u00bb70px\u00a0\u00bb][vc_column_text] POUR TOUT ACCOMPAGNEMENT OU RENSEIGNEMENT, N\u2019H\u00c9SITEZ PAS \u00c0 NOUS CONTACTER! Il vous suffit de renseigner vos coordonn\u00e9es ci-dessous avec votre question et nous vous r\u00e9pondrons prochainement.[\/vc_column_text][c21_o2000_contact_us country=\u00a0\u00bbCanada\u00a0\u00bb l=\u00a0\u00bbfr\u00a0\u00bb][vc_empty_space height=\u00a0\u00bb70px\u00a0\u00bb][\/vc_column][\/vc_row][vc_row][vc_column][vc_empty_space][\/vc_column][\/vc_row][vc_row][vc_column][c21_image_text image=\u00a0\u00bb2096&Prime; image_position=\u00a0\u00bbleft\u00a0\u00bb title=\u00a0\u00bbSI\u00c8GE SOCIAL\u00a0\u00bb subtitle=\u00a0\u00bbDito Sama Factory\u00a0\u00bb text=\u00a0\u00bbZ.I. du Mont 23200 Aubusson FRANCE\u00a0\u00bb][\/vc_column][\/vc_row][vc_row full_width=\u00a0\u00bbc21-full-width-no-padding\u00a0\u00bb css=\u00a0\u00bb.vc_custom_1741170148831{background-color: #f5f3f0 !important;}\u00a0\u00bb][vc_column width=\u00a0\u00bb1\/5&Prime;][vc_empty_space][\/vc_column][vc_column width=\u00a0\u00bb3\/5&Prime;][vc_column_text] Devenez un [&hellip;]<\/p>\n","protected":false},"author":1,"featured_media":17061,"parent":0,"menu_order":0,"comment_status":"closed","ping_status":"closed","template":"","meta":{"inline_featured_image":false,"footnotes":""},"class_list":["post-20815","page","type-page","status-publish","has-post-thumbnail","hentry"],"acf":[],"yoast_head":"<!-- This site is optimized with the Yoast SEO plugin v26.1.1 - https:\/\/yoast.com\/wordpress\/plugins\/seo\/ -->\n<title>Nous contacter | Dito Sama<\/title>\n<meta name=\"description\" content=\"Communiquez avec Dito Sama pour obtenir le soutien d&#039;experts et des renseignements. Contactez notre \u00e9quipe pour obtenir de l&#039;aide sur l&#039;\u00e9quipement et les services de restauration commerciale. Prenez contact avec nous d\u00e8s aujourd&#039;hui !\" \/>\n<meta name=\"robots\" content=\"index, follow, max-snippet:-1, max-image-preview:large, max-video-preview:-1\" \/>\n<link rel=\"canonical\" href=\"https:\/\/www.ditosama.com\/fr-ca\/wp-json\/wp\/v2\/pages\/20815\" \/>\n<meta property=\"og:locale\" content=\"fr_CA\" \/>\n<meta property=\"og:type\" content=\"article\" \/>\n<meta property=\"og:title\" content=\"Nous contacter | Dito Sama\" \/>\n<meta property=\"og:description\" content=\"Communiquez avec Dito Sama pour obtenir le soutien d&#039;experts et des renseignements. Contactez notre \u00e9quipe pour obtenir de l&#039;aide sur l&#039;\u00e9quipement et les services de restauration commerciale. Prenez contact avec nous d\u00e8s aujourd&#039;hui !\" \/>\n<meta property=\"og:url\" content=\"https:\/\/www.ditosama.com\/fr-ca\/contactez-nous\/\" \/>\n<meta property=\"og:site_name\" content=\"Dito Sama\" \/>\n<meta property=\"article:modified_time\" content=\"2025-11-16T11:29:06+00:00\" \/>\n<meta property=\"og:image\" content=\"https:\/\/www.ditosama.com\/wp-content\/uploads\/2022\/12\/p2_Bloc-7_Contact-us_-dito-sama-_0O3A4281-scaled.jpg\" \/>\n\t<meta property=\"og:image:width\" content=\"2560\" \/>\n\t<meta property=\"og:image:height\" content=\"1440\" \/>\n\t<meta property=\"og:image:type\" content=\"image\/jpeg\" \/>\n<meta name=\"twitter:card\" content=\"summary_large_image\" \/>\n<meta name=\"twitter:label1\" content=\"Estimation du temps de lecture\" \/>\n\t<meta name=\"twitter:data1\" content=\"2 minutes\" \/>\n<script type=\"application\/ld+json\" class=\"yoast-schema-graph\">{\"@context\":\"https:\/\/schema.org\",\"@graph\":[{\"@type\":\"WebPage\",\"@id\":\"https:\/\/www.ditosama.com\/fr-ca\/contactez-nous\/\",\"url\":\"https:\/\/www.ditosama.com\/fr-ca\/contactez-nous\/\",\"name\":\"Nous contacter | Dito Sama\",\"isPartOf\":{\"@id\":\"https:\/\/www.ditosama.com\/en\/#website\"},\"primaryImageOfPage\":{\"@id\":\"https:\/\/www.ditosama.com\/fr-ca\/contactez-nous\/#primaryimage\"},\"image\":{\"@id\":\"https:\/\/www.ditosama.com\/fr-ca\/contactez-nous\/#primaryimage\"},\"thumbnailUrl\":\"https:\/\/www.ditosama.com\/wp-content\/uploads\/2022\/12\/p2_Bloc-7_Contact-us_-dito-sama-_0O3A4281-scaled.jpg\",\"datePublished\":\"2024-05-16T09:12:50+00:00\",\"dateModified\":\"2025-11-16T11:29:06+00:00\",\"description\":\"Communiquez avec Dito Sama pour obtenir le soutien d'experts et des renseignements. Contactez notre \u00e9quipe pour obtenir de l'aide sur l'\u00e9quipement et les services de restauration commerciale. Prenez contact avec nous d\u00e8s aujourd'hui !\",\"breadcrumb\":{\"@id\":\"https:\/\/www.ditosama.com\/fr-ca\/contactez-nous\/#breadcrumb\"},\"inLanguage\":\"fr-CA\",\"potentialAction\":[{\"@type\":\"ReadAction\",\"target\":[\"https:\/\/www.ditosama.com\/fr-ca\/contactez-nous\/\"]}]},{\"@type\":\"ImageObject\",\"inLanguage\":\"fr-CA\",\"@id\":\"https:\/\/www.ditosama.com\/fr-ca\/contactez-nous\/#primaryimage\",\"url\":\"https:\/\/www.ditosama.com\/wp-content\/uploads\/2022\/12\/p2_Bloc-7_Contact-us_-dito-sama-_0O3A4281-scaled.jpg\",\"contentUrl\":\"https:\/\/www.ditosama.com\/wp-content\/uploads\/2022\/12\/p2_Bloc-7_Contact-us_-dito-sama-_0O3A4281-scaled.jpg\",\"width\":2560,\"height\":1440},{\"@type\":\"BreadcrumbList\",\"@id\":\"https:\/\/www.ditosama.com\/fr-ca\/contactez-nous\/#breadcrumb\",\"itemListElement\":[{\"@type\":\"ListItem\",\"position\":1,\"name\":\"Home\",\"item\":\"https:\/\/www.ditosama.com\/fr-ca\/\"},{\"@type\":\"ListItem\",\"position\":2,\"name\":\"Contactez-nous\"}]},{\"@type\":\"WebSite\",\"@id\":\"https:\/\/www.ditosama.com\/en\/#website\",\"url\":\"https:\/\/www.ditosama.com\/en\/\",\"name\":\"Dito Sama\",\"description\":\"\",\"potentialAction\":[{\"@type\":\"SearchAction\",\"target\":{\"@type\":\"EntryPoint\",\"urlTemplate\":\"https:\/\/www.ditosama.com\/en\/?s={search_term_string}\"},\"query-input\":{\"@type\":\"PropertyValueSpecification\",\"valueRequired\":true,\"valueName\":\"search_term_string\"}}],\"inLanguage\":\"fr-CA\"}]}<\/script>\n<!-- \/ Yoast SEO plugin. -->","yoast_head_json":{"title":"Nous contacter | Dito Sama","description":"Communiquez avec Dito Sama pour obtenir le soutien d'experts et des renseignements. Contactez notre \u00e9quipe pour obtenir de l'aide sur l'\u00e9quipement et les services de restauration commerciale. Prenez contact avec nous d\u00e8s aujourd'hui !","robots":{"index":"index","follow":"follow","max-snippet":"max-snippet:-1","max-image-preview":"max-image-preview:large","max-video-preview":"max-video-preview:-1"},"canonical":"https:\/\/www.ditosama.com\/fr-ca\/wp-json\/wp\/v2\/pages\/20815","og_locale":"fr_CA","og_type":"article","og_title":"Nous contacter | Dito Sama","og_description":"Communiquez avec Dito Sama pour obtenir le soutien d'experts et des renseignements. Contactez notre \u00e9quipe pour obtenir de l'aide sur l'\u00e9quipement et les services de restauration commerciale. Prenez contact avec nous d\u00e8s aujourd'hui !","og_url":"https:\/\/www.ditosama.com\/fr-ca\/contactez-nous\/","og_site_name":"Dito Sama","article_modified_time":"2025-11-16T11:29:06+00:00","og_image":[{"width":2560,"height":1440,"url":"https:\/\/www.ditosama.com\/wp-content\/uploads\/2022\/12\/p2_Bloc-7_Contact-us_-dito-sama-_0O3A4281-scaled.jpg","type":"image\/jpeg"}],"twitter_card":"summary_large_image","twitter_misc":{"Estimation du temps de lecture":"2 minutes"},"schema":{"@context":"https:\/\/schema.org","@graph":[{"@type":"WebPage","@id":"https:\/\/www.ditosama.com\/fr-ca\/contactez-nous\/","url":"https:\/\/www.ditosama.com\/fr-ca\/contactez-nous\/","name":"Nous contacter | Dito Sama","isPartOf":{"@id":"https:\/\/www.ditosama.com\/en\/#website"},"primaryImageOfPage":{"@id":"https:\/\/www.ditosama.com\/fr-ca\/contactez-nous\/#primaryimage"},"image":{"@id":"https:\/\/www.ditosama.com\/fr-ca\/contactez-nous\/#primaryimage"},"thumbnailUrl":"https:\/\/www.ditosama.com\/wp-content\/uploads\/2022\/12\/p2_Bloc-7_Contact-us_-dito-sama-_0O3A4281-scaled.jpg","datePublished":"2024-05-16T09:12:50+00:00","dateModified":"2025-11-16T11:29:06+00:00","description":"Communiquez avec Dito Sama pour obtenir le soutien d'experts et des renseignements. Contactez notre \u00e9quipe pour obtenir de l'aide sur l'\u00e9quipement et les services de restauration commerciale. Prenez contact avec nous d\u00e8s aujourd'hui !","breadcrumb":{"@id":"https:\/\/www.ditosama.com\/fr-ca\/contactez-nous\/#breadcrumb"},"inLanguage":"fr-CA","potentialAction":[{"@type":"ReadAction","target":["https:\/\/www.ditosama.com\/fr-ca\/contactez-nous\/"]}]},{"@type":"ImageObject","inLanguage":"fr-CA","@id":"https:\/\/www.ditosama.com\/fr-ca\/contactez-nous\/#primaryimage","url":"https:\/\/www.ditosama.com\/wp-content\/uploads\/2022\/12\/p2_Bloc-7_Contact-us_-dito-sama-_0O3A4281-scaled.jpg","contentUrl":"https:\/\/www.ditosama.com\/wp-content\/uploads\/2022\/12\/p2_Bloc-7_Contact-us_-dito-sama-_0O3A4281-scaled.jpg","width":2560,"height":1440},{"@type":"BreadcrumbList","@id":"https:\/\/www.ditosama.com\/fr-ca\/contactez-nous\/#breadcrumb","itemListElement":[{"@type":"ListItem","position":1,"name":"Home","item":"https:\/\/www.ditosama.com\/fr-ca\/"},{"@type":"ListItem","position":2,"name":"Contactez-nous"}]},{"@type":"WebSite","@id":"https:\/\/www.ditosama.com\/en\/#website","url":"https:\/\/www.ditosama.com\/en\/","name":"Dito Sama","description":"","potentialAction":[{"@type":"SearchAction","target":{"@type":"EntryPoint","urlTemplate":"https:\/\/www.ditosama.com\/en\/?s={search_term_string}"},"query-input":{"@type":"PropertyValueSpecification","valueRequired":true,"valueName":"search_term_string"}}],"inLanguage":"fr-CA"}]}},"_links":{"self":[{"href":"https:\/\/www.ditosama.com\/fr-ca\/wp-json\/wp\/v2\/pages\/20815","targetHints":{"allow":["GET"]}}],"collection":[{"href":"https:\/\/www.ditosama.com\/fr-ca\/wp-json\/wp\/v2\/pages"}],"about":[{"href":"https:\/\/www.ditosama.com\/fr-ca\/wp-json\/wp\/v2\/types\/page"}],"author":[{"embeddable":true,"href":"https:\/\/www.ditosama.com\/fr-ca\/wp-json\/wp\/v2\/users\/1"}],"replies":[{"embeddable":true,"href":"https:\/\/www.ditosama.com\/fr-ca\/wp-json\/wp\/v2\/comments?post=20815"}],"version-history":[{"count":8,"href":"https:\/\/www.ditosama.com\/fr-ca\/wp-json\/wp\/v2\/pages\/20815\/revisions"}],"predecessor-version":[{"id":30998,"href":"https:\/\/www.ditosama.com\/fr-ca\/wp-json\/wp\/v2\/pages\/20815\/revisions\/30998"}],"wp:featuredmedia":[{"embeddable":true,"href":"https:\/\/www.ditosama.com\/fr-ca\/wp-json\/wp\/v2\/media\/17061"}],"wp:attachment":[{"href":"https:\/\/www.ditosama.com\/fr-ca\/wp-json\/wp\/v2\/media?parent=20815"}],"curies":[{"name":"wp","href":"https:\/\/api.w.org\/{rel}","templated":true}]}}