{"id":20784,"date":"2024-05-16T09:12:49","date_gmt":"2024-05-16T09:12:49","guid":{"rendered":"https:\/\/www.ditosama.com\/?page_id=20784"},"modified":"2026-04-07T09:11:37","modified_gmt":"2026-04-07T09:11:37","slug":"valeurs-et-mission","status":"publish","type":"page","link":"https:\/\/www.ditosama.com\/fr-ca\/about-us\/valeurs-et-mission\/","title":{"rendered":"Mission"},"content":{"rendered":"<section class=\"wpb-content-wrapper\"><p>[vc_row][vc_column][vc_empty_space height=\u00a0\u00bb45px\u00a0\u00bb][\/vc_column][\/vc_row][vc_row][vc_column][c21_image_text image=\u00a0\u00bb140&Prime; image_position=\u00a0\u00bbleft\u00a0\u00bb title=\u00a0\u00bbNOS CLIENTS\u00a0\u00bb subtitle=\u00a0\u00bb\u00a0\u00bb text=\u00a0\u00bbH\u00f4pitaux, maisons de retraite, institutions publiques et collectivit\u00e9s, grandes entreprises de restauration, restaurants commerciaux, petites cha\u00eenes de restaurants et cha\u00eenes alimentaires locales, p\u00e2tisseries et boulangeries, boucheries, bars, Food trucks, aires de restauration et petites et moyennes entreprises de production alimentaire.\u00a0\u00bb][vc_empty_space][c21_image_text image=\u00a0\u00bb1747&Prime; image_position=\u00a0\u00bbright\u00a0\u00bb title=\u00a0\u00bbNOTRE PROMESSE\u00a0\u00bb subtitle=\u00a0\u00bb\u00a0\u00bb text=\u00a0\u00bbYour Fresh Experience. Que vous souhaitiez \u00e9plucher, couper, trancher, \u00e9mincer, m\u00e9langer, mixer, p\u00e9trir ou fouetter &#8211; Dito Sama r\u00e9pond \u00e0 vos attentes, avec une promesse d\u2019ex\u00e9cution pr\u00e9cise et rapide. Des machines ergonomiques pour un travail de qualit\u00e9 en toute s\u00e9curit\u00e9. Des designs con\u00e7us pour r\u00e9pondre \u00e0 toutes les normes d\u2019hygi\u00e8ne et assurer une alimentation saine \u00e0 vos clients.\u00a0\u00bb][vc_empty_space][c21_image_text image=\u00a0\u00bb1751&Prime; image_position=\u00a0\u00bbleft\u00a0\u00bb title=\u00a0\u00bbNOS VALEURS\u00a0\u00bb subtitle=\u00a0\u00bb\u00a0\u00bb text=\u00a0\u00bbNotre identit\u00e9 et nos valeurs soulignent notre comp\u00e9tence et notre professionnalisme en tant que sp\u00e9cialiste de notre march\u00e9. Frais, fougueux, astucieux, original, passionn\u00e9, fiable, attentionn\u00e9 : Nous sommes Dito Sama.\u00a0\u00bb][\/vc_column][\/vc_row][vc_row full_width=\u00a0\u00bbc21-full-width-no-padding\u00a0\u00bb][vc_column][c21_image_text_full image=\u00a0\u00bb290&Prime; image_position=\u00a0\u00bbleft\u00a0\u00bb title=\u00a0\u00bbENVIE D\u2019EN SAVOIR PLUS ?\u00a0\u00bb text=\u00a0\u00bbD\u00e9couvrez tous nos produits\u00a0\u00bb link=\u00a0\u00bburl:https%3A%2F%2Fwww.ditosama.com%2Ffr-ca%2Fcontactez-nous%2F|title:CONTACTEZ-NOUS\u00a0\u00bb][\/vc_column][\/vc_row]<\/p>\n<\/section>","protected":false},"excerpt":{"rendered":"<p>[vc_row][vc_column][vc_empty_space height=\u00a0\u00bb45px\u00a0\u00bb][\/vc_column][\/vc_row][vc_row][vc_column][c21_image_text image=\u00a0\u00bb140&Prime; image_position=\u00a0\u00bbleft\u00a0\u00bb title=\u00a0\u00bbNOS CLIENTS\u00a0\u00bb subtitle=\u00a0\u00bb\u00a0\u00bb text=\u00a0\u00bbH\u00f4pitaux, maisons de retraite, institutions publiques et collectivit\u00e9s, grandes entreprises de restauration, restaurants commerciaux, petites cha\u00eenes de restaurants et cha\u00eenes alimentaires locales, p\u00e2tisseries et boulangeries, boucheries, bars, Food trucks, aires de restauration et petites et moyennes entreprises de production alimentaire.\u00a0\u00bb][vc_empty_space][c21_image_text image=\u00a0\u00bb1747&Prime; image_position=\u00a0\u00bbright\u00a0\u00bb title=\u00a0\u00bbNOTRE PROMESSE\u00a0\u00bb subtitle=\u00a0\u00bb\u00a0\u00bb text=\u00a0\u00bbYour Fresh Experience. [&hellip;]<\/p>\n","protected":false},"author":1,"featured_media":17223,"parent":20773,"menu_order":0,"comment_status":"closed","ping_status":"closed","template":"","meta":{"inline_featured_image":false,"footnotes":""},"class_list":["post-20784","page","type-page","status-publish","has-post-thumbnail","hentry"],"acf":[],"yoast_head":"<!-- This site is optimized with the Yoast SEO plugin v26.1.1 - https:\/\/yoast.com\/wordpress\/plugins\/seo\/ -->\n<title>Mission | Dito Sama<\/title>\n<meta name=\"description\" content=\"D\u00e9couvrez les valeurs fondamentales et la mission de Dito Sama. D\u00e9couvrez comment nos principes guident notre travail et notre engagement. D\u00e9couvrez notre vision de l&#039;avenir.\" \/>\n<meta name=\"robots\" content=\"index, follow, max-snippet:-1, max-image-preview:large, max-video-preview:-1\" \/>\n<link rel=\"canonical\" href=\"https:\/\/www.ditosama.com\/fr-ca\/wp-json\/wp\/v2\/pages\/20784\" \/>\n<meta property=\"og:locale\" content=\"fr_CA\" \/>\n<meta property=\"og:type\" content=\"article\" \/>\n<meta property=\"og:title\" content=\"Mission | Dito Sama\" \/>\n<meta property=\"og:description\" content=\"D\u00e9couvrez les valeurs fondamentales et la mission de Dito Sama. D\u00e9couvrez comment nos principes guident notre travail et notre engagement. D\u00e9couvrez notre vision de l&#039;avenir.\" \/>\n<meta property=\"og:url\" content=\"https:\/\/www.ditosama.com\/fr-ca\/about-us\/valeurs-et-mission\/\" \/>\n<meta property=\"og:site_name\" content=\"Dito Sama\" \/>\n<meta property=\"article:modified_time\" content=\"2026-04-07T09:11:37+00:00\" \/>\n<meta property=\"og:image\" content=\"https:\/\/www.ditosama.com\/wp-content\/uploads\/2022\/12\/MicrosoftTeams-image-67-scaled.jpg\" \/>\n\t<meta property=\"og:image:width\" content=\"2560\" \/>\n\t<meta property=\"og:image:height\" content=\"1440\" \/>\n\t<meta property=\"og:image:type\" content=\"image\/jpeg\" \/>\n<meta name=\"twitter:card\" content=\"summary_large_image\" \/>\n<meta name=\"twitter:label1\" content=\"Estimation du temps de lecture\" \/>\n\t<meta name=\"twitter:data1\" content=\"2 minutes\" \/>\n<script type=\"application\/ld+json\" class=\"yoast-schema-graph\">{\"@context\":\"https:\/\/schema.org\",\"@graph\":[{\"@type\":\"WebPage\",\"@id\":\"https:\/\/www.ditosama.com\/fr-ca\/about-us\/valeurs-et-mission\/\",\"url\":\"https:\/\/www.ditosama.com\/fr-ca\/about-us\/valeurs-et-mission\/\",\"name\":\"Mission | Dito Sama\",\"isPartOf\":{\"@id\":\"https:\/\/www.ditosama.com\/en\/#website\"},\"primaryImageOfPage\":{\"@id\":\"https:\/\/www.ditosama.com\/fr-ca\/about-us\/valeurs-et-mission\/#primaryimage\"},\"image\":{\"@id\":\"https:\/\/www.ditosama.com\/fr-ca\/about-us\/valeurs-et-mission\/#primaryimage\"},\"thumbnailUrl\":\"https:\/\/www.ditosama.com\/wp-content\/uploads\/2022\/12\/MicrosoftTeams-image-67-scaled.jpg\",\"datePublished\":\"2024-05-16T09:12:49+00:00\",\"dateModified\":\"2026-04-07T09:11:37+00:00\",\"description\":\"D\u00e9couvrez les valeurs fondamentales et la mission de Dito Sama. D\u00e9couvrez comment nos principes guident notre travail et notre engagement. D\u00e9couvrez notre vision de l'avenir.\",\"breadcrumb\":{\"@id\":\"https:\/\/www.ditosama.com\/fr-ca\/about-us\/valeurs-et-mission\/#breadcrumb\"},\"inLanguage\":\"fr-CA\",\"potentialAction\":[{\"@type\":\"ReadAction\",\"target\":[\"https:\/\/www.ditosama.com\/fr-ca\/about-us\/valeurs-et-mission\/\"]}]},{\"@type\":\"ImageObject\",\"inLanguage\":\"fr-CA\",\"@id\":\"https:\/\/www.ditosama.com\/fr-ca\/about-us\/valeurs-et-mission\/#primaryimage\",\"url\":\"https:\/\/www.ditosama.com\/wp-content\/uploads\/2022\/12\/MicrosoftTeams-image-67-scaled.jpg\",\"contentUrl\":\"https:\/\/www.ditosama.com\/wp-content\/uploads\/2022\/12\/MicrosoftTeams-image-67-scaled.jpg\",\"width\":2560,\"height\":1440},{\"@type\":\"BreadcrumbList\",\"@id\":\"https:\/\/www.ditosama.com\/fr-ca\/about-us\/valeurs-et-mission\/#breadcrumb\",\"itemListElement\":[{\"@type\":\"ListItem\",\"position\":1,\"name\":\"Home\",\"item\":\"https:\/\/www.ditosama.com\/fr-ca\/\"},{\"@type\":\"ListItem\",\"position\":2,\"name\":\"About us\",\"item\":\"https:\/\/www.ditosama.com\/fr-ca\/about-us\/\"},{\"@type\":\"ListItem\",\"position\":3,\"name\":\"Mission\"}]},{\"@type\":\"WebSite\",\"@id\":\"https:\/\/www.ditosama.com\/en\/#website\",\"url\":\"https:\/\/www.ditosama.com\/en\/\",\"name\":\"Dito Sama\",\"description\":\"\",\"potentialAction\":[{\"@type\":\"SearchAction\",\"target\":{\"@type\":\"EntryPoint\",\"urlTemplate\":\"https:\/\/www.ditosama.com\/en\/?s={search_term_string}\"},\"query-input\":{\"@type\":\"PropertyValueSpecification\",\"valueRequired\":true,\"valueName\":\"search_term_string\"}}],\"inLanguage\":\"fr-CA\"}]}<\/script>\n<!-- \/ Yoast SEO plugin. -->","yoast_head_json":{"title":"Mission | Dito Sama","description":"D\u00e9couvrez les valeurs fondamentales et la mission de Dito Sama. D\u00e9couvrez comment nos principes guident notre travail et notre engagement. D\u00e9couvrez notre vision de l'avenir.","robots":{"index":"index","follow":"follow","max-snippet":"max-snippet:-1","max-image-preview":"max-image-preview:large","max-video-preview":"max-video-preview:-1"},"canonical":"https:\/\/www.ditosama.com\/fr-ca\/wp-json\/wp\/v2\/pages\/20784","og_locale":"fr_CA","og_type":"article","og_title":"Mission | Dito Sama","og_description":"D\u00e9couvrez les valeurs fondamentales et la mission de Dito Sama. D\u00e9couvrez comment nos principes guident notre travail et notre engagement. D\u00e9couvrez notre vision de l'avenir.","og_url":"https:\/\/www.ditosama.com\/fr-ca\/about-us\/valeurs-et-mission\/","og_site_name":"Dito Sama","article_modified_time":"2026-04-07T09:11:37+00:00","og_image":[{"width":2560,"height":1440,"url":"https:\/\/www.ditosama.com\/wp-content\/uploads\/2022\/12\/MicrosoftTeams-image-67-scaled.jpg","type":"image\/jpeg"}],"twitter_card":"summary_large_image","twitter_misc":{"Estimation du temps de lecture":"2 minutes"},"schema":{"@context":"https:\/\/schema.org","@graph":[{"@type":"WebPage","@id":"https:\/\/www.ditosama.com\/fr-ca\/about-us\/valeurs-et-mission\/","url":"https:\/\/www.ditosama.com\/fr-ca\/about-us\/valeurs-et-mission\/","name":"Mission | Dito Sama","isPartOf":{"@id":"https:\/\/www.ditosama.com\/en\/#website"},"primaryImageOfPage":{"@id":"https:\/\/www.ditosama.com\/fr-ca\/about-us\/valeurs-et-mission\/#primaryimage"},"image":{"@id":"https:\/\/www.ditosama.com\/fr-ca\/about-us\/valeurs-et-mission\/#primaryimage"},"thumbnailUrl":"https:\/\/www.ditosama.com\/wp-content\/uploads\/2022\/12\/MicrosoftTeams-image-67-scaled.jpg","datePublished":"2024-05-16T09:12:49+00:00","dateModified":"2026-04-07T09:11:37+00:00","description":"D\u00e9couvrez les valeurs fondamentales et la mission de Dito Sama. D\u00e9couvrez comment nos principes guident notre travail et notre engagement. D\u00e9couvrez notre vision de l'avenir.","breadcrumb":{"@id":"https:\/\/www.ditosama.com\/fr-ca\/about-us\/valeurs-et-mission\/#breadcrumb"},"inLanguage":"fr-CA","potentialAction":[{"@type":"ReadAction","target":["https:\/\/www.ditosama.com\/fr-ca\/about-us\/valeurs-et-mission\/"]}]},{"@type":"ImageObject","inLanguage":"fr-CA","@id":"https:\/\/www.ditosama.com\/fr-ca\/about-us\/valeurs-et-mission\/#primaryimage","url":"https:\/\/www.ditosama.com\/wp-content\/uploads\/2022\/12\/MicrosoftTeams-image-67-scaled.jpg","contentUrl":"https:\/\/www.ditosama.com\/wp-content\/uploads\/2022\/12\/MicrosoftTeams-image-67-scaled.jpg","width":2560,"height":1440},{"@type":"BreadcrumbList","@id":"https:\/\/www.ditosama.com\/fr-ca\/about-us\/valeurs-et-mission\/#breadcrumb","itemListElement":[{"@type":"ListItem","position":1,"name":"Home","item":"https:\/\/www.ditosama.com\/fr-ca\/"},{"@type":"ListItem","position":2,"name":"About us","item":"https:\/\/www.ditosama.com\/fr-ca\/about-us\/"},{"@type":"ListItem","position":3,"name":"Mission"}]},{"@type":"WebSite","@id":"https:\/\/www.ditosama.com\/en\/#website","url":"https:\/\/www.ditosama.com\/en\/","name":"Dito Sama","description":"","potentialAction":[{"@type":"SearchAction","target":{"@type":"EntryPoint","urlTemplate":"https:\/\/www.ditosama.com\/en\/?s={search_term_string}"},"query-input":{"@type":"PropertyValueSpecification","valueRequired":true,"valueName":"search_term_string"}}],"inLanguage":"fr-CA"}]}},"_links":{"self":[{"href":"https:\/\/www.ditosama.com\/fr-ca\/wp-json\/wp\/v2\/pages\/20784","targetHints":{"allow":["GET"]}}],"collection":[{"href":"https:\/\/www.ditosama.com\/fr-ca\/wp-json\/wp\/v2\/pages"}],"about":[{"href":"https:\/\/www.ditosama.com\/fr-ca\/wp-json\/wp\/v2\/types\/page"}],"author":[{"embeddable":true,"href":"https:\/\/www.ditosama.com\/fr-ca\/wp-json\/wp\/v2\/users\/1"}],"replies":[{"embeddable":true,"href":"https:\/\/www.ditosama.com\/fr-ca\/wp-json\/wp\/v2\/comments?post=20784"}],"version-history":[{"count":5,"href":"https:\/\/www.ditosama.com\/fr-ca\/wp-json\/wp\/v2\/pages\/20784\/revisions"}],"predecessor-version":[{"id":33086,"href":"https:\/\/www.ditosama.com\/fr-ca\/wp-json\/wp\/v2\/pages\/20784\/revisions\/33086"}],"up":[{"embeddable":true,"href":"https:\/\/www.ditosama.com\/fr-ca\/wp-json\/wp\/v2\/pages\/20773"}],"wp:featuredmedia":[{"embeddable":true,"href":"https:\/\/www.ditosama.com\/fr-ca\/wp-json\/wp\/v2\/media\/17223"}],"wp:attachment":[{"href":"https:\/\/www.ditosama.com\/fr-ca\/wp-json\/wp\/v2\/media?parent=20784"}],"curies":[{"name":"wp","href":"https:\/\/api.w.org\/{rel}","templated":true}]}}