{"id":21065,"date":"2024-05-16T08:53:27","date_gmt":"2024-05-16T08:53:27","guid":{"rendered":"https:\/\/www.ditosama.com\/?page_id=21065"},"modified":"2026-04-07T13:50:19","modified_gmt":"2026-04-07T13:50:19","slug":"documentacion-tecnica-y-de-usuario","status":"publish","type":"page","link":"https:\/\/www.ditosama.com\/es-us\/servicios\/documentacion-tecnica-y-de-usuario\/","title":{"rendered":"Gu\u00edas t\u00e9cnicas"},"content":{"rendered":"<section class=\"wpb-content-wrapper\"><p>[vc_row full_width=&#8221;c21-full-width-no-padding&#8221;][vc_column]<div class=\"c21_user_tecnical_guide\">\n    <div class=\"c21_image_tabs_header w-100\" style=\"display:none\">\n        <ul class=\"nav nav-tabs row owl-carousel owl-theme\" role=\"tablist\">\n    \n            <li class=\"nav-item col mt-3\" role=\"presentation\">\n                <a class=\"c21_category_user_guide \" data-filter=\"11\" data-lang=\"5057\">\n                                <img decoding=\"async\" class=\"img_override\" src=\"https:\/\/www.ditosama.com\/wp-content\/uploads\/2023\/02\/p2_Bloc-6_1-Vegetable-Slicers_DitoSama-Copertine-TRS-Tagliaverdure-2.jpg\" alt=\"\">\n                            <h6 class=\"text-center mb-3 category_title\">Cortadoras de hortalizas<\/h6>\n                <\/a>\n            <\/li>   \n        \n            <li class=\"nav-item col mt-3\" role=\"presentation\">\n                <a class=\"c21_category_user_guide \" data-filter=\"5\" data-lang=\"5057\">\n                                <img decoding=\"async\" class=\"img_override\" src=\"https:\/\/www.ditosama.com\/wp-content\/uploads\/2023\/02\/p2_Bloc-6_2-Food-Processors_DitoSama-K55-Food-Processor.jpg\" alt=\"\">\n                            <h6 class=\"text-center mb-3 category_title\">Cortadoras mezcladoras<\/h6>\n                <\/a>\n            <\/li>   \n        \n            <li class=\"nav-item col mt-3\" role=\"presentation\">\n                <a class=\"c21_category_user_guide \" data-filter=\"3\" data-lang=\"5057\">\n                                <img decoding=\"async\" class=\"img_override\" src=\"https:\/\/www.ditosama.com\/wp-content\/uploads\/2023\/02\/p2_Bloc-6_3-Combined-cutter-and-vegetable-slicers_DitoSama-Prep4you.jpg\" alt=\"\">\n                            <h6 class=\"text-center mb-3 category_title\">Cortadoras-rebanadoras combinadas<\/h6>\n                <\/a>\n            <\/li>   \n        \n            <li class=\"nav-item col mt-3\" role=\"presentation\">\n                <a class=\"c21_category_user_guide \" data-filter=\"6\" data-lang=\"5057\">\n                                <img decoding=\"async\" class=\"img_override\" src=\"https:\/\/www.ditosama.com\/wp-content\/uploads\/2023\/02\/p2_Bloc-6_4-Hand-mixers-and-turbo-liquidizers_DitoSama-Copertine-Bermixer-Ristoranti.jpg\" alt=\"\">\n                            <h6 class=\"text-center mb-3 category_title\">Trituradores port\u00e1tiles<\/h6>\n                <\/a>\n            <\/li>   \n        \n    <\/ul>\n<\/div>\n    <div id=\"product-list\"><div class=\"com21-product-filter-container\"\n                    <!-- PROD LIST -->\n                    <div class=\"product-list container\">\n                        <!--Hidden parameters-->\n                        <input type=\"hidden\" name=\"navigation_level_1\" id=\"navigation_level_1\" value=\"X\">\n                        <input type=\"hidden\" name=\"navigation_level_2\" id=\"navigation_level_2\" value=\"A\">\n                        <input type=\"hidden\" name=\"navigation_level_3\" id=\"navigation_level_3\" value=\"\">\n                        <input type=\"hidden\" name=\"navigation_level_4\" id=\"navigation_level_4\" value=\"\">\n                        <input type=\"hidden\" name=\"filter_id\" id=\"filter_id\" value=\"11\">\n                        <input type=\"hidden\" name=\"navigation_language_code\" id=\"navigation_language\" value=\"5057\">\n                        <input type=\"hidden\" name=\"navigation_language\" id=\"navigation_pass\" value=\"es-us\">\n                        <!--END Hidden parameters--><ul class=\"row\" ><li class=\"C21TE_viewItemList  col-sm-6 col-md-4 wow fadeIn single-product-list fix-list 602239\" data-index=\"0\" data-wow-delay=\"0ms\" data-name=\"Cortadora de hortalizas<br>Cortadora de hortalizas TRS, una velocidad\" data-id=\"602239\" data-category=\"es us\/products\/cortadoras de hortalizas\/\" data-list-name=\"Gu\u00edas t\u00e9cnicas\"><div class=\"product-list-item\"><div class=\"product-content\"><a class=\"C21TE_selectItem\"  href=\"https:\/\/www.ditosama.com\/es-us\/products\/cortadoras-de-hortalizas\/cortadora-de-hortalizas-cortadora-de-hortalizas-trs-una-velocidad-602239\/\" data-index=\"0\" data-name=\"Cortadora de hortalizas<br>Cortadora de hortalizas TRS, una velocidad\" data-id=\"602239\" data-category=\"es us\/products\/cortadoras de hortalizas\/\" data-list-name=\"Gu\u00edas t\u00e9cnicas\"><figure class=\"wow fadeIn image-dito-sama-2\" style=\"padding: 0px\"><img decoding=\"async\" src=\"https:\/\/tools.electroluxprofessional.com\/Mirror\/Doc\/PH_255x255%2FPH_600417_1_1_600417.jpg\" alt=\"Cortadora de hortalizas<br>Cortadora de hortalizas TRS, una velocidad\" ><\/figure><h3>Cortadora de hortalizas<br>Cortadora de hortalizas TRS, una velocidad<\/h3><\/a><div class=\"product-code\">602239<\/div><div class=\"product-model\">(DTRS)<\/div><div class=\"product-description\">Cortadora de verduras TRS, 1 velocidad (400 rpm), tolva y palanca de acero inox, la c\u00e1mara de corte y el eyector son desmontables, la carcasa de motor es met\u00e1lica. 370W, 1\/2 HP, discos NO incluidos<\/div><\/div>\n        <div class=\"c21-dropdown\">\n          <button class=\"c21-dropbtn\">Documents<\/button>\n          <div class=\"c21-dropdown-content\">\n              \n                <a class=\"C21TG_documentDownload\" target=\"_blank\" href=\"https:\/\/tools.electroluxprofessional.com\/Mirror\/Doc\/MAD2\/Dito Sama\/Spanish US\/602240-602239_TRS Vegetable Slicer, 1 speed_Spanish US.pdf?version=1777683274\" data-documentname=\"Cortadora de hortalizas TRS, una velocidad\" data-documenttype=\"C21TE\"><span class='c21-dropdown-code'>Data Sheet<\/span>: Cortadora de hortalizas TRS, una velocidad<\/a>\n                \n    <\/div>\n<\/div>\n    <div class=\"pre-actions\"><div class=\"reviews\"><\/div><\/div><\/div> <!-- end product-list-item --><\/li><li class=\"C21TE_viewItemList  col-sm-6 col-md-4 wow fadeIn single-product-list fix-list 602240\" data-index=\"0\" data-wow-delay=\"0ms\" data-name=\"Cortadora de hortalizas<br>Cortadora de hortalizas TRS, una velocidad\" data-id=\"602240\" data-category=\"es us\/products\/cortadoras de hortalizas\/\" data-list-name=\"Gu\u00edas t\u00e9cnicas\"><div class=\"product-list-item\"><div class=\"product-content\"><a class=\"C21TE_selectItem\"  href=\"https:\/\/www.ditosama.com\/es-us\/products\/cortadoras-de-hortalizas\/cortadora-de-hortalizas-cortadora-de-hortalizas-trs-una-velocidad-602240\/\" data-index=\"0\" data-name=\"Cortadora de hortalizas<br>Cortadora de hortalizas TRS, una velocidad\" data-id=\"602240\" data-category=\"es us\/products\/cortadoras de hortalizas\/\" data-list-name=\"Gu\u00edas t\u00e9cnicas\"><figure class=\"wow fadeIn image-dito-sama-2\" style=\"padding: 0px\"><img decoding=\"async\" src=\"https:\/\/tools.electroluxprofessional.com\/Mirror\/Doc\/PH_255x255%2FPH_600417_1_1_600417.jpg\" alt=\"Cortadora de hortalizas<br>Cortadora de hortalizas TRS, una velocidad\" ><\/figure><h3>Cortadora de hortalizas<br>Cortadora de hortalizas TRS, una velocidad<\/h3><\/a><div class=\"product-code\">602240<\/div><div class=\"product-model\">(DTRS)<\/div><div class=\"product-description\">Cortadora de verduras TRS, 1 velocidad, 750W\/100-120V\/1PH\/60HZ<\/div><\/div>\n        <div class=\"c21-dropdown\">\n          <button class=\"c21-dropbtn\">Documents<\/button>\n          <div class=\"c21-dropdown-content\">\n              \n                <a class=\"C21TG_documentDownload\" target=\"_blank\" href=\"https:\/\/tools.electroluxprofessional.com\/Mirror\/Doc\/MAD2\/Dito Sama\/Spanish US\/602240-602239_TRS Vegetable Slicer, 1 speed_Spanish US.pdf?version=1777683274\" data-documentname=\"Cortadora de hortalizas TRS, una velocidad\" data-documenttype=\"C21TE\"><span class='c21-dropdown-code'>Data Sheet<\/span>: Cortadora de hortalizas TRS, una velocidad<\/a>\n                \n    <\/div>\n<\/div>\n    <div class=\"pre-actions\"><div class=\"reviews\"><\/div><\/div><\/div> <!-- end product-list-item --><\/li><li class=\"C21TE_viewItemList  col-sm-6 col-md-4 wow fadeIn single-product-list fix-list 602255\" data-index=\"0\" data-wow-delay=\"0ms\" data-name=\"Cortadora de hortalizas<br>Cortadora de verduras, tolva y palanca, 2 velocidades\" data-id=\"602255\" data-category=\"es us\/products\/cortadoras de hortalizas\/\" data-list-name=\"Gu\u00edas t\u00e9cnicas\"><div class=\"product-list-item\"><div class=\"product-content\"><a class=\"C21TE_selectItem\"  href=\"https:\/\/www.ditosama.com\/es-us\/products\/cortadoras-de-hortalizas\/cortadora-de-hortalizas-cortadora-de-verduras-tolva-y-palanca-2-velocidades-602255\/\" data-index=\"0\" data-name=\"Cortadora de hortalizas<br>Cortadora de verduras, tolva y palanca, 2 velocidades\" data-id=\"602255\" data-category=\"es us\/products\/cortadoras de hortalizas\/\" data-list-name=\"Gu\u00edas t\u00e9cnicas\"><figure class=\"wow fadeIn image-dito-sama-2\" style=\"padding: 0px\"><img decoding=\"async\" src=\"https:\/\/tools.electroluxprofessional.com\/Mirror\/Doc\/PH_255x255%2FPH_600125_1_1_600125.jpg\" alt=\"Cortadora de hortalizas<br>Cortadora de verduras, tolva y palanca, 2 velocidades\" ><\/figure><h3>Cortadora de hortalizas<br>Cortadora de verduras, tolva y palanca, 2 velocidades<\/h3><\/a><div class=\"product-code\">602255<\/div><div class=\"product-model\">(DTR260-29)<\/div><div class=\"product-description\">Cortadora de verduras de grande capacidad con tolva y palancha, 2 velocidades, 2000W\/2-2\/3HP\/208-240V\/3ph\/60Hz. (Discos NO incluidos).<\/div><\/div>\n        <div class=\"c21-dropdown\">\n          <button class=\"c21-dropbtn\">Documents<\/button>\n          <div class=\"c21-dropdown-content\">\n              \n                <a class=\"C21TG_documentDownload\" target=\"_blank\" href=\"https:\/\/tools.electroluxprofessional.com\/Mirror\/Doc\/MAD2\/Dito Sama\/Spanish US\/602255_TR260 Vegetable Slicer - 2 Speed - lever hopper_Spanish US.pdf?version=1777683274\" data-documentname=\"Cortadora de verduras, tolva y palanca, 2 velocidades\" data-documenttype=\"C21TE\"><span class='c21-dropdown-code'>Data Sheet<\/span>: Cortadora de verduras, tolva y palanca, 2 velocidades<\/a>\n                \n    <\/div>\n<\/div>\n    <div class=\"pre-actions\"><div class=\"reviews\"><\/div><\/div><\/div> <!-- end product-list-item --><\/li><li class=\"C21TE_viewItemList  col-sm-6 col-md-4 wow fadeIn single-product-list fix-list 602250\" data-index=\"0\" data-wow-delay=\"0ms\" data-name=\"Cortadora de hortalizas<br>Prep4You Cortadora de hortalizas, 1 veloc, 2 discos incluidos\" data-id=\"602250\" data-category=\"es us\/products\/cortadoras de hortalizas\/\" data-list-name=\"Gu\u00edas t\u00e9cnicas\"><div class=\"product-list-item\"><div class=\"product-content\"><a class=\"C21TE_selectItem\"  href=\"https:\/\/www.ditosama.com\/es-us\/products\/cortadoras-de-hortalizas\/cortadora-de-hortalizas-prep4you-cortadora-de-hortalizas-1-veloc-2-discos-incluidos-602250\/\" data-index=\"0\" data-name=\"Cortadora de hortalizas<br>Prep4You Cortadora de hortalizas, 1 veloc, 2 discos incluidos\" data-id=\"602250\" data-category=\"es us\/products\/cortadoras de hortalizas\/\" data-list-name=\"Gu\u00edas t\u00e9cnicas\"><figure class=\"wow fadeIn image-dito-sama-2\" style=\"padding: 0px\"><img decoding=\"async\" src=\"https:\/\/tools.electroluxprofessional.com\/Mirror\/Doc\/PH_255x255%2FPH_600970_1_1_600970.jpg\" alt=\"Cortadora de hortalizas<br>Prep4You Cortadora de hortalizas, 1 veloc, 2 discos incluidos\" ><\/figure><h3>Cortadora de hortalizas<br>Prep4You Cortadora de hortalizas, 1 veloc, 2 discos incluidos<\/h3><\/a><div class=\"product-code\">602250<\/div><div class=\"product-model\">(DVGSUS)<\/div><div class=\"product-description\">Cortadora de verduras, 1 velocidad (1800 rpm) con 2 discos incluidos (rebanador 5\/32\", rallador 5\/64\"), NEMA 5-15P enchufe<\/div><\/div>\n        <div class=\"c21-dropdown\">\n          <button class=\"c21-dropbtn\">Documents<\/button>\n          <div class=\"c21-dropdown-content\">\n              \n                <a class=\"C21TG_documentDownload\" target=\"_blank\" href=\"https:\/\/tools.electroluxprofessional.com\/Mirror\/Doc\/MAD2\/Dito Sama\/Spanish US\/602250_Prep4You Vegetable Slicers 1800 rpm, 2 discs included_Spanish US.pdf?version=1777683274\" data-documentname=\"Prep4You Cortadora de hortalizas, 1 veloc, 2 discos incluidos\" data-documenttype=\"C21TE\"><span class='c21-dropdown-code'>Data Sheet<\/span>: Prep4You Cortadora de hortalizas, 1 veloc, 2 discos incluidos<\/a>\n                \n    <\/div>\n<\/div>\n    <div class=\"pre-actions\"><div class=\"reviews\"><\/div><\/div><\/div> <!-- end product-list-item --><\/li><li class=\"C21TE_viewItemList  col-sm-6 col-md-4 wow fadeIn single-product-list fix-list 602256\" data-index=\"0\" data-wow-delay=\"0ms\" data-name=\"Cortadora de hortalizas<br>Cortadora de verduras TRS con eyector, 1 velocidad\" data-id=\"602256\" data-category=\"es us\/products\/cortadoras de hortalizas\/\" data-list-name=\"Gu\u00edas t\u00e9cnicas\"><div class=\"product-list-item\"><div class=\"product-content\"><a class=\"C21TE_selectItem\"  href=\"https:\/\/www.ditosama.com\/es-us\/products\/cortadoras-de-hortalizas\/cortadora-de-hortalizas-cortadora-de-verduras-trs-con-eyector-1-velocidad-602256\/\" data-index=\"0\" data-name=\"Cortadora de hortalizas<br>Cortadora de verduras TRS con eyector, 1 velocidad\" data-id=\"602256\" data-category=\"es us\/products\/cortadoras de hortalizas\/\" data-list-name=\"Gu\u00edas t\u00e9cnicas\"><figure class=\"wow fadeIn image-dito-sama-2\" style=\"padding: 0px\"><img decoding=\"async\" src=\"https:\/\/tools.electroluxprofessional.com\/Mirror\/Doc\/PH_255x255%2FPH_600110_1_1_600110.jpg\" alt=\"Cortadora de hortalizas<br>Cortadora de verduras TRS con eyector, 1 velocidad\" ><\/figure><h3>Cortadora de hortalizas<br>Cortadora de verduras TRS con eyector, 1 velocidad<\/h3><\/a><div class=\"product-code\">602256<\/div><div class=\"product-model\">(DTR24SNU)<\/div><div class=\"product-description\">Cortadora de verduras TRS, 1 velocidad, 640W\/1Hp. (Discos NO incluidos).<\/div><\/div>\n        <div class=\"c21-dropdown\">\n          <button class=\"c21-dropbtn\">Documents<\/button>\n          <div class=\"c21-dropdown-content\">\n              \n                <a class=\"C21TG_documentDownload\" target=\"_blank\" href=\"https:\/\/tools.electroluxprofessional.com\/Mirror\/Doc\/MAD2\/Dito Sama\/Spanish US\/602256_TRS Vegetable Bench Cutter with Ejector-640W-US Plug_Spanish US.pdf?version=1777683274\" data-documentname=\"Cortadora de verduras TRS con eyector, 1 velocidad\" data-documenttype=\"C21TE\"><span class='c21-dropdown-code'>Data Sheet<\/span>: Cortadora de verduras TRS con eyector, 1 velocidad<\/a>\n                \n    <\/div>\n<\/div>\n    <div class=\"pre-actions\"><div class=\"reviews\"><\/div><\/div><\/div> <!-- end product-list-item --><\/li>\n                            <\/ul>\n                            <div class=\"text-center more-products\">\n                        <\/div>\n                    <\/div>\n                    <!-- END PRODUCT LIST -->\n                    <\/div>\n                    <!-- END PRODUCT LIST --><\/div>[\/vc_column][\/vc_row][vc_row full_width=&#8221;c21-full-width-no-padding&#8221;][vc_column][c21_image_text_full image=&#8221;290&#8243; image_position=&#8221;left&#8221; title=&#8221;\u00bfNO HA ENCONTRADO LA INFORMACI\u00d3N QUE BUSCABA?&#8221; text=&#8221;P\u00d3NGASE EN CONTACTO CON NOSOTROS&#8221; link=&#8221;url:https%3A%2F%2Fwww.ditosama.com%2Fes-us%2Fcontactanos%2F|title:CONT%C3%81CTANOS&#8221;][\/vc_column][\/vc_row]<\/p>\n<\/section>","protected":false},"excerpt":{"rendered":"<p>[vc_row full_width=&#8221;c21-full-width-no-padding&#8221;][vc_column][\/vc_column][\/vc_row][vc_row full_width=&#8221;c21-full-width-no-padding&#8221;][vc_column][c21_image_text_full image=&#8221;290&#8243; image_position=&#8221;left&#8221; title=&#8221;\u00bfNO HA ENCONTRADO LA INFORMACI\u00d3N QUE BUSCABA?&#8221; text=&#8221;P\u00d3NGASE EN CONTACTO CON NOSOTROS&#8221; link=&#8221;url:https%3A%2F%2Fwww.ditosama.com%2Fes-us%2Fcontactanos%2F|title:CONT%C3%81CTANOS&#8221;][\/vc_column][\/vc_row]<\/p>\n","protected":false},"author":1,"featured_media":21112,"parent":21056,"menu_order":0,"comment_status":"closed","ping_status":"closed","template":"","meta":{"inline_featured_image":false,"footnotes":""},"class_list":["post-21065","page","type-page","status-publish","has-post-thumbnail","hentry"],"acf":[],"yoast_head":"<!-- This site is optimized with the Yoast SEO plugin v26.1.1 - https:\/\/yoast.com\/wordpress\/plugins\/seo\/ -->\n<title>Gu\u00edas t\u00e9cnicas | Dito Sama<\/title>\n<meta name=\"description\" content=\"Acceda a las gu\u00edas t\u00e9cnicas de usuario de Dito Sama para su equipamiento para restaurantes comerciales. Encuentre manuales detallados y recursos de asistencia para un uso \u00f3ptimo.\" \/>\n<meta name=\"robots\" content=\"index, follow, max-snippet:-1, max-image-preview:large, max-video-preview:-1\" \/>\n<link rel=\"canonical\" href=\"https:\/\/www.ditosama.com\/es-us\/wp-json\/wp\/v2\/pages\/21065\" \/>\n<meta property=\"og:locale\" content=\"es_ES\" \/>\n<meta property=\"og:type\" content=\"article\" \/>\n<meta property=\"og:title\" content=\"Gu\u00edas t\u00e9cnicas | Dito Sama\" \/>\n<meta property=\"og:description\" content=\"Acceda a las gu\u00edas t\u00e9cnicas de usuario de Dito Sama para su equipamiento para restaurantes comerciales. Encuentre manuales detallados y recursos de asistencia para un uso \u00f3ptimo.\" \/>\n<meta property=\"og:url\" content=\"https:\/\/www.ditosama.com\/es-us\/servicios\/documentacion-tecnica-y-de-usuario\/\" \/>\n<meta property=\"og:site_name\" content=\"Dito Sama\" \/>\n<meta property=\"article:modified_time\" content=\"2026-04-07T13:50:19+00:00\" \/>\n<meta property=\"og:image\" content=\"https:\/\/www.ditosama.com\/wp-content\/uploads\/2024\/02\/tech-doc-1920x580-1.jpg\" \/>\n\t<meta property=\"og:image:width\" content=\"1920\" \/>\n\t<meta property=\"og:image:height\" content=\"580\" \/>\n\t<meta property=\"og:image:type\" content=\"image\/jpeg\" \/>\n<meta name=\"twitter:card\" content=\"summary_large_image\" \/>\n<meta name=\"twitter:label1\" content=\"Est. reading time\" \/>\n\t<meta name=\"twitter:data1\" content=\"1 minute\" \/>\n<script type=\"application\/ld+json\" class=\"yoast-schema-graph\">{\"@context\":\"https:\/\/schema.org\",\"@graph\":[{\"@type\":\"WebPage\",\"@id\":\"https:\/\/www.ditosama.com\/es-us\/servicios\/documentacion-tecnica-y-de-usuario\/\",\"url\":\"https:\/\/www.ditosama.com\/es-us\/servicios\/documentacion-tecnica-y-de-usuario\/\",\"name\":\"Gu\u00edas t\u00e9cnicas | Dito Sama\",\"isPartOf\":{\"@id\":\"https:\/\/www.ditosama.com\/en\/#website\"},\"primaryImageOfPage\":{\"@id\":\"https:\/\/www.ditosama.com\/es-us\/servicios\/documentacion-tecnica-y-de-usuario\/#primaryimage\"},\"image\":{\"@id\":\"https:\/\/www.ditosama.com\/es-us\/servicios\/documentacion-tecnica-y-de-usuario\/#primaryimage\"},\"thumbnailUrl\":\"https:\/\/www.ditosama.com\/wp-content\/uploads\/2024\/02\/tech-doc-1920x580-1.jpg\",\"datePublished\":\"2024-05-16T08:53:27+00:00\",\"dateModified\":\"2026-04-07T13:50:19+00:00\",\"description\":\"Acceda a las gu\u00edas t\u00e9cnicas de usuario de Dito Sama para su equipamiento para restaurantes comerciales. Encuentre manuales detallados y recursos de asistencia para un uso \u00f3ptimo.\",\"breadcrumb\":{\"@id\":\"https:\/\/www.ditosama.com\/es-us\/servicios\/documentacion-tecnica-y-de-usuario\/#breadcrumb\"},\"inLanguage\":\"es-US\",\"potentialAction\":[{\"@type\":\"ReadAction\",\"target\":[\"https:\/\/www.ditosama.com\/es-us\/servicios\/documentacion-tecnica-y-de-usuario\/\"]}]},{\"@type\":\"ImageObject\",\"inLanguage\":\"es-US\",\"@id\":\"https:\/\/www.ditosama.com\/es-us\/servicios\/documentacion-tecnica-y-de-usuario\/#primaryimage\",\"url\":\"https:\/\/www.ditosama.com\/wp-content\/uploads\/2024\/02\/tech-doc-1920x580-1.jpg\",\"contentUrl\":\"https:\/\/www.ditosama.com\/wp-content\/uploads\/2024\/02\/tech-doc-1920x580-1.jpg\",\"width\":1920,\"height\":580},{\"@type\":\"BreadcrumbList\",\"@id\":\"https:\/\/www.ditosama.com\/es-us\/servicios\/documentacion-tecnica-y-de-usuario\/#breadcrumb\",\"itemListElement\":[{\"@type\":\"ListItem\",\"position\":1,\"name\":\"Home\",\"item\":\"https:\/\/www.ditosama.com\/es-us\/\"},{\"@type\":\"ListItem\",\"position\":2,\"name\":\"Servicios\",\"item\":\"https:\/\/www.ditosama.com\/es-us\/servicios\/\"},{\"@type\":\"ListItem\",\"position\":3,\"name\":\"Gu\u00edas t\u00e9cnicas\"}]},{\"@type\":\"WebSite\",\"@id\":\"https:\/\/www.ditosama.com\/en\/#website\",\"url\":\"https:\/\/www.ditosama.com\/en\/\",\"name\":\"Dito Sama\",\"description\":\"\",\"potentialAction\":[{\"@type\":\"SearchAction\",\"target\":{\"@type\":\"EntryPoint\",\"urlTemplate\":\"https:\/\/www.ditosama.com\/en\/?s={search_term_string}\"},\"query-input\":{\"@type\":\"PropertyValueSpecification\",\"valueRequired\":true,\"valueName\":\"search_term_string\"}}],\"inLanguage\":\"es-US\"}]}<\/script>\n<!-- \/ Yoast SEO plugin. -->","yoast_head_json":{"title":"Gu\u00edas t\u00e9cnicas | Dito Sama","description":"Acceda a las gu\u00edas t\u00e9cnicas de usuario de Dito Sama para su equipamiento para restaurantes comerciales. Encuentre manuales detallados y recursos de asistencia para un uso \u00f3ptimo.","robots":{"index":"index","follow":"follow","max-snippet":"max-snippet:-1","max-image-preview":"max-image-preview:large","max-video-preview":"max-video-preview:-1"},"canonical":"https:\/\/www.ditosama.com\/es-us\/wp-json\/wp\/v2\/pages\/21065","og_locale":"es_ES","og_type":"article","og_title":"Gu\u00edas t\u00e9cnicas | Dito Sama","og_description":"Acceda a las gu\u00edas t\u00e9cnicas de usuario de Dito Sama para su equipamiento para restaurantes comerciales. Encuentre manuales detallados y recursos de asistencia para un uso \u00f3ptimo.","og_url":"https:\/\/www.ditosama.com\/es-us\/servicios\/documentacion-tecnica-y-de-usuario\/","og_site_name":"Dito Sama","article_modified_time":"2026-04-07T13:50:19+00:00","og_image":[{"width":1920,"height":580,"url":"https:\/\/www.ditosama.com\/wp-content\/uploads\/2024\/02\/tech-doc-1920x580-1.jpg","type":"image\/jpeg"}],"twitter_card":"summary_large_image","twitter_misc":{"Est. reading time":"1 minute"},"schema":{"@context":"https:\/\/schema.org","@graph":[{"@type":"WebPage","@id":"https:\/\/www.ditosama.com\/es-us\/servicios\/documentacion-tecnica-y-de-usuario\/","url":"https:\/\/www.ditosama.com\/es-us\/servicios\/documentacion-tecnica-y-de-usuario\/","name":"Gu\u00edas t\u00e9cnicas | Dito Sama","isPartOf":{"@id":"https:\/\/www.ditosama.com\/en\/#website"},"primaryImageOfPage":{"@id":"https:\/\/www.ditosama.com\/es-us\/servicios\/documentacion-tecnica-y-de-usuario\/#primaryimage"},"image":{"@id":"https:\/\/www.ditosama.com\/es-us\/servicios\/documentacion-tecnica-y-de-usuario\/#primaryimage"},"thumbnailUrl":"https:\/\/www.ditosama.com\/wp-content\/uploads\/2024\/02\/tech-doc-1920x580-1.jpg","datePublished":"2024-05-16T08:53:27+00:00","dateModified":"2026-04-07T13:50:19+00:00","description":"Acceda a las gu\u00edas t\u00e9cnicas de usuario de Dito Sama para su equipamiento para restaurantes comerciales. Encuentre manuales detallados y recursos de asistencia para un uso \u00f3ptimo.","breadcrumb":{"@id":"https:\/\/www.ditosama.com\/es-us\/servicios\/documentacion-tecnica-y-de-usuario\/#breadcrumb"},"inLanguage":"es-US","potentialAction":[{"@type":"ReadAction","target":["https:\/\/www.ditosama.com\/es-us\/servicios\/documentacion-tecnica-y-de-usuario\/"]}]},{"@type":"ImageObject","inLanguage":"es-US","@id":"https:\/\/www.ditosama.com\/es-us\/servicios\/documentacion-tecnica-y-de-usuario\/#primaryimage","url":"https:\/\/www.ditosama.com\/wp-content\/uploads\/2024\/02\/tech-doc-1920x580-1.jpg","contentUrl":"https:\/\/www.ditosama.com\/wp-content\/uploads\/2024\/02\/tech-doc-1920x580-1.jpg","width":1920,"height":580},{"@type":"BreadcrumbList","@id":"https:\/\/www.ditosama.com\/es-us\/servicios\/documentacion-tecnica-y-de-usuario\/#breadcrumb","itemListElement":[{"@type":"ListItem","position":1,"name":"Home","item":"https:\/\/www.ditosama.com\/es-us\/"},{"@type":"ListItem","position":2,"name":"Servicios","item":"https:\/\/www.ditosama.com\/es-us\/servicios\/"},{"@type":"ListItem","position":3,"name":"Gu\u00edas t\u00e9cnicas"}]},{"@type":"WebSite","@id":"https:\/\/www.ditosama.com\/en\/#website","url":"https:\/\/www.ditosama.com\/en\/","name":"Dito Sama","description":"","potentialAction":[{"@type":"SearchAction","target":{"@type":"EntryPoint","urlTemplate":"https:\/\/www.ditosama.com\/en\/?s={search_term_string}"},"query-input":{"@type":"PropertyValueSpecification","valueRequired":true,"valueName":"search_term_string"}}],"inLanguage":"es-US"}]}},"_links":{"self":[{"href":"https:\/\/www.ditosama.com\/es-us\/wp-json\/wp\/v2\/pages\/21065","targetHints":{"allow":["GET"]}}],"collection":[{"href":"https:\/\/www.ditosama.com\/es-us\/wp-json\/wp\/v2\/pages"}],"about":[{"href":"https:\/\/www.ditosama.com\/es-us\/wp-json\/wp\/v2\/types\/page"}],"author":[{"embeddable":true,"href":"https:\/\/www.ditosama.com\/es-us\/wp-json\/wp\/v2\/users\/1"}],"replies":[{"embeddable":true,"href":"https:\/\/www.ditosama.com\/es-us\/wp-json\/wp\/v2\/comments?post=21065"}],"version-history":[{"count":8,"href":"https:\/\/www.ditosama.com\/es-us\/wp-json\/wp\/v2\/pages\/21065\/revisions"}],"predecessor-version":[{"id":33119,"href":"https:\/\/www.ditosama.com\/es-us\/wp-json\/wp\/v2\/pages\/21065\/revisions\/33119"}],"up":[{"embeddable":true,"href":"https:\/\/www.ditosama.com\/es-us\/wp-json\/wp\/v2\/pages\/21056"}],"wp:featuredmedia":[{"embeddable":true,"href":"https:\/\/www.ditosama.com\/es-us\/wp-json\/wp\/v2\/media\/21112"}],"wp:attachment":[{"href":"https:\/\/www.ditosama.com\/es-us\/wp-json\/wp\/v2\/media?parent=21065"}],"curies":[{"name":"wp","href":"https:\/\/api.w.org\/{rel}","templated":true}]}}