{"id":20841,"date":"2024-05-16T08:53:02","date_gmt":"2024-05-16T08:53:02","guid":{"rendered":"https:\/\/www.ditosama.com\/?page_id=20841"},"modified":"2026-04-07T13:39:54","modified_gmt":"2026-04-07T13:39:54","slug":"inspiracion-culinaria","status":"publish","type":"page","link":"https:\/\/www.ditosama.com\/es-us\/inspiraciones\/inspiracion-culinaria\/","title":{"rendered":"Inspiraci\u00f3n culinaria"},"content":{"rendered":"<section class=\"wpb-content-wrapper\"><p>[vc_row][vc_column][vc_empty_space height=&#8221;100px&#8221;][\/vc_column][\/vc_row][vc_row full_width=&#8221;c21-full-width-no-padding&#8221;][vc_column][c21_image_text_full_share image=&#8221;102&#8243; image_position=&#8221;right&#8221; title=&#8221;\u00bfTE GUSTAR\u00cdA COMPARTIR TU RECETA CON NOSOTROS?&#8221; text=&#8221;ENV\u00cdANOS TU RECETA CON TODOS LOS INGREDIENTES<br \/>\nY PASOS DE PREPARACI\u00d3N.<br \/>\n\u00a1NUESTROS EXPERTOS EST\u00c1RAN ENCANTADOS DE PROBARLA<br \/>\nY PUBLICARLA EN NUESTRO SITIO WEB!&#8221; subject=&#8221;Comparta con nosotros su propia receta&#8221; email=&#8221;contact_ditosama@electroluxprofessional.com&#8221; text_button=&#8221;Compartir&#8221;][\/vc_column][\/vc_row][vc_row full_width=&#8221;c21-full-width-no-padding&#8221;][vc_column css=&#8221;.vc_custom_1672311355801{margin-top: -80px !important;}&#8221;][vc_empty_space][c21_image_text_full image=&#8221;96&#8243; image_position=&#8221;left&#8221; title=&#8221;\u00bfQUIERES PROBARLA?&#8221; text=&#8221;CONT\u00c1CTANOS<br \/>\nPARA ENCONTRAR LAS M\u00c1QUINAS DITO SAMA<br \/>\n\u00a1PARA PREPARAR DELICIOSAS RECETAS!&#8221; link=&#8221;url:https%3A%2F%2Fwww.ditosama.com%2Fes-us%2Fcontactanos%2F|title:CONT%C3%81CTANOS&#8221;][\/vc_column][\/vc_row]<\/p>\n<\/section>","protected":false},"excerpt":{"rendered":"<p>[vc_row][vc_column][vc_empty_space height=&#8221;100px&#8221;][\/vc_column][\/vc_row][vc_row full_width=&#8221;c21-full-width-no-padding&#8221;][vc_column][c21_image_text_full_share image=&#8221;102&#8243; image_position=&#8221;right&#8221; title=&#8221;\u00bfTE GUSTAR\u00cdA COMPARTIR TU RECETA CON NOSOTROS?&#8221; text=&#8221;ENV\u00cdANOS TU RECETA CON TODOS LOS INGREDIENTES Y PASOS DE PREPARACI\u00d3N. \u00a1NUESTROS EXPERTOS EST\u00c1RAN ENCANTADOS DE PROBARLA Y PUBLICARLA EN NUESTRO SITIO WEB!&#8221; subject=&#8221;Comparta con nosotros su propia receta&#8221; email=&#8221;contact_ditosama@electroluxprofessional.com&#8221; text_button=&#8221;Compartir&#8221;][\/vc_column][\/vc_row][vc_row full_width=&#8221;c21-full-width-no-padding&#8221;][vc_column css=&#8221;.vc_custom_1672311355801{margin-top: -80px !important;}&#8221;][vc_empty_space][c21_image_text_full image=&#8221;96&#8243; image_position=&#8221;left&#8221; title=&#8221;\u00bfQUIERES PROBARLA?&#8221; text=&#8221;CONT\u00c1CTANOS PARA ENCONTRAR LAS [&hellip;]<\/p>\n","protected":false},"author":1,"featured_media":20894,"parent":20834,"menu_order":0,"comment_status":"closed","ping_status":"closed","template":"template-recipes.php","meta":{"inline_featured_image":false,"footnotes":""},"class_list":["post-20841","page","type-page","status-publish","has-post-thumbnail","hentry"],"acf":[],"yoast_head":"<!-- This site is optimized with the Yoast SEO plugin v26.1.1 - https:\/\/yoast.com\/wordpress\/plugins\/seo\/ -->\n<title>Inspiraci\u00f3n para chefs: ideas y tendencias culinarias | Dito Sama<\/title>\n<meta name=\"description\" content=\"Alimente su creatividad culinaria con conocimientos expertos. Descubra las \u00faltimas tendencias gastron\u00f3micas, la inspiraci\u00f3n de chefs y pr\u00e1cticas ideas de cocina para su cocina profesional.\" \/>\n<meta name=\"robots\" content=\"index, follow, max-snippet:-1, max-image-preview:large, max-video-preview:-1\" \/>\n<link rel=\"canonical\" href=\"https:\/\/www.ditosama.com\/es-us\/wp-json\/wp\/v2\/pages\/20841\" \/>\n<meta property=\"og:locale\" content=\"es_ES\" \/>\n<meta property=\"og:type\" content=\"article\" \/>\n<meta property=\"og:title\" content=\"Inspiraci\u00f3n para chefs: ideas y tendencias culinarias | Dito Sama\" \/>\n<meta property=\"og:description\" content=\"Alimente su creatividad culinaria con conocimientos expertos. Descubra las \u00faltimas tendencias gastron\u00f3micas, la inspiraci\u00f3n de chefs y pr\u00e1cticas ideas de cocina para su cocina profesional.\" \/>\n<meta property=\"og:url\" content=\"https:\/\/www.ditosama.com\/es-us\/inspiraciones\/inspiracion-culinaria\/\" \/>\n<meta property=\"og:site_name\" content=\"Dito Sama\" \/>\n<meta property=\"article:modified_time\" content=\"2026-04-07T13:39:54+00:00\" \/>\n<meta property=\"og:image\" content=\"https:\/\/www.ditosama.com\/wp-content\/uploads\/2024\/02\/culinary-inspiration-1920x580-1.jpg\" \/>\n\t<meta property=\"og:image:width\" content=\"1920\" \/>\n\t<meta property=\"og:image:height\" content=\"580\" \/>\n\t<meta property=\"og:image:type\" content=\"image\/jpeg\" \/>\n<meta name=\"twitter:card\" content=\"summary_large_image\" \/>\n<meta name=\"twitter:label1\" content=\"Est. reading time\" \/>\n\t<meta name=\"twitter:data1\" content=\"1 minute\" \/>\n<script type=\"application\/ld+json\" class=\"yoast-schema-graph\">{\"@context\":\"https:\/\/schema.org\",\"@graph\":[{\"@type\":\"WebPage\",\"@id\":\"https:\/\/www.ditosama.com\/es-us\/inspiraciones\/inspiracion-culinaria\/\",\"url\":\"https:\/\/www.ditosama.com\/es-us\/inspiraciones\/inspiracion-culinaria\/\",\"name\":\"Inspiraci\u00f3n para chefs: ideas y tendencias culinarias | Dito Sama\",\"isPartOf\":{\"@id\":\"https:\/\/www.ditosama.com\/en\/#website\"},\"primaryImageOfPage\":{\"@id\":\"https:\/\/www.ditosama.com\/es-us\/inspiraciones\/inspiracion-culinaria\/#primaryimage\"},\"image\":{\"@id\":\"https:\/\/www.ditosama.com\/es-us\/inspiraciones\/inspiracion-culinaria\/#primaryimage\"},\"thumbnailUrl\":\"https:\/\/www.ditosama.com\/wp-content\/uploads\/2024\/02\/culinary-inspiration-1920x580-1.jpg\",\"datePublished\":\"2024-05-16T08:53:02+00:00\",\"dateModified\":\"2026-04-07T13:39:54+00:00\",\"description\":\"Alimente su creatividad culinaria con conocimientos expertos. Descubra las \u00faltimas tendencias gastron\u00f3micas, la inspiraci\u00f3n de chefs y pr\u00e1cticas ideas de cocina para su cocina profesional.\",\"breadcrumb\":{\"@id\":\"https:\/\/www.ditosama.com\/es-us\/inspiraciones\/inspiracion-culinaria\/#breadcrumb\"},\"inLanguage\":\"es-US\",\"potentialAction\":[{\"@type\":\"ReadAction\",\"target\":[\"https:\/\/www.ditosama.com\/es-us\/inspiraciones\/inspiracion-culinaria\/\"]}]},{\"@type\":\"ImageObject\",\"inLanguage\":\"es-US\",\"@id\":\"https:\/\/www.ditosama.com\/es-us\/inspiraciones\/inspiracion-culinaria\/#primaryimage\",\"url\":\"https:\/\/www.ditosama.com\/wp-content\/uploads\/2024\/02\/culinary-inspiration-1920x580-1.jpg\",\"contentUrl\":\"https:\/\/www.ditosama.com\/wp-content\/uploads\/2024\/02\/culinary-inspiration-1920x580-1.jpg\",\"width\":1920,\"height\":580},{\"@type\":\"BreadcrumbList\",\"@id\":\"https:\/\/www.ditosama.com\/es-us\/inspiraciones\/inspiracion-culinaria\/#breadcrumb\",\"itemListElement\":[{\"@type\":\"ListItem\",\"position\":1,\"name\":\"Home\",\"item\":\"https:\/\/www.ditosama.com\/es-us\/\"},{\"@type\":\"ListItem\",\"position\":2,\"name\":\"Inspiraciones\",\"item\":\"https:\/\/www.ditosama.com\/es-us\/inspiraciones\/\"},{\"@type\":\"ListItem\",\"position\":3,\"name\":\"Inspiraci\u00f3n culinaria\"}]},{\"@type\":\"WebSite\",\"@id\":\"https:\/\/www.ditosama.com\/en\/#website\",\"url\":\"https:\/\/www.ditosama.com\/en\/\",\"name\":\"Dito Sama\",\"description\":\"\",\"potentialAction\":[{\"@type\":\"SearchAction\",\"target\":{\"@type\":\"EntryPoint\",\"urlTemplate\":\"https:\/\/www.ditosama.com\/en\/?s={search_term_string}\"},\"query-input\":{\"@type\":\"PropertyValueSpecification\",\"valueRequired\":true,\"valueName\":\"search_term_string\"}}],\"inLanguage\":\"es-US\"}]}<\/script>\n<!-- \/ Yoast SEO plugin. -->","yoast_head_json":{"title":"Inspiraci\u00f3n para chefs: ideas y tendencias culinarias | Dito Sama","description":"Alimente su creatividad culinaria con conocimientos expertos. Descubra las \u00faltimas tendencias gastron\u00f3micas, la inspiraci\u00f3n de chefs y pr\u00e1cticas ideas de cocina para su cocina profesional.","robots":{"index":"index","follow":"follow","max-snippet":"max-snippet:-1","max-image-preview":"max-image-preview:large","max-video-preview":"max-video-preview:-1"},"canonical":"https:\/\/www.ditosama.com\/es-us\/wp-json\/wp\/v2\/pages\/20841","og_locale":"es_ES","og_type":"article","og_title":"Inspiraci\u00f3n para chefs: ideas y tendencias culinarias | Dito Sama","og_description":"Alimente su creatividad culinaria con conocimientos expertos. Descubra las \u00faltimas tendencias gastron\u00f3micas, la inspiraci\u00f3n de chefs y pr\u00e1cticas ideas de cocina para su cocina profesional.","og_url":"https:\/\/www.ditosama.com\/es-us\/inspiraciones\/inspiracion-culinaria\/","og_site_name":"Dito Sama","article_modified_time":"2026-04-07T13:39:54+00:00","og_image":[{"width":1920,"height":580,"url":"https:\/\/www.ditosama.com\/wp-content\/uploads\/2024\/02\/culinary-inspiration-1920x580-1.jpg","type":"image\/jpeg"}],"twitter_card":"summary_large_image","twitter_misc":{"Est. reading time":"1 minute"},"schema":{"@context":"https:\/\/schema.org","@graph":[{"@type":"WebPage","@id":"https:\/\/www.ditosama.com\/es-us\/inspiraciones\/inspiracion-culinaria\/","url":"https:\/\/www.ditosama.com\/es-us\/inspiraciones\/inspiracion-culinaria\/","name":"Inspiraci\u00f3n para chefs: ideas y tendencias culinarias | Dito Sama","isPartOf":{"@id":"https:\/\/www.ditosama.com\/en\/#website"},"primaryImageOfPage":{"@id":"https:\/\/www.ditosama.com\/es-us\/inspiraciones\/inspiracion-culinaria\/#primaryimage"},"image":{"@id":"https:\/\/www.ditosama.com\/es-us\/inspiraciones\/inspiracion-culinaria\/#primaryimage"},"thumbnailUrl":"https:\/\/www.ditosama.com\/wp-content\/uploads\/2024\/02\/culinary-inspiration-1920x580-1.jpg","datePublished":"2024-05-16T08:53:02+00:00","dateModified":"2026-04-07T13:39:54+00:00","description":"Alimente su creatividad culinaria con conocimientos expertos. Descubra las \u00faltimas tendencias gastron\u00f3micas, la inspiraci\u00f3n de chefs y pr\u00e1cticas ideas de cocina para su cocina profesional.","breadcrumb":{"@id":"https:\/\/www.ditosama.com\/es-us\/inspiraciones\/inspiracion-culinaria\/#breadcrumb"},"inLanguage":"es-US","potentialAction":[{"@type":"ReadAction","target":["https:\/\/www.ditosama.com\/es-us\/inspiraciones\/inspiracion-culinaria\/"]}]},{"@type":"ImageObject","inLanguage":"es-US","@id":"https:\/\/www.ditosama.com\/es-us\/inspiraciones\/inspiracion-culinaria\/#primaryimage","url":"https:\/\/www.ditosama.com\/wp-content\/uploads\/2024\/02\/culinary-inspiration-1920x580-1.jpg","contentUrl":"https:\/\/www.ditosama.com\/wp-content\/uploads\/2024\/02\/culinary-inspiration-1920x580-1.jpg","width":1920,"height":580},{"@type":"BreadcrumbList","@id":"https:\/\/www.ditosama.com\/es-us\/inspiraciones\/inspiracion-culinaria\/#breadcrumb","itemListElement":[{"@type":"ListItem","position":1,"name":"Home","item":"https:\/\/www.ditosama.com\/es-us\/"},{"@type":"ListItem","position":2,"name":"Inspiraciones","item":"https:\/\/www.ditosama.com\/es-us\/inspiraciones\/"},{"@type":"ListItem","position":3,"name":"Inspiraci\u00f3n culinaria"}]},{"@type":"WebSite","@id":"https:\/\/www.ditosama.com\/en\/#website","url":"https:\/\/www.ditosama.com\/en\/","name":"Dito Sama","description":"","potentialAction":[{"@type":"SearchAction","target":{"@type":"EntryPoint","urlTemplate":"https:\/\/www.ditosama.com\/en\/?s={search_term_string}"},"query-input":{"@type":"PropertyValueSpecification","valueRequired":true,"valueName":"search_term_string"}}],"inLanguage":"es-US"}]}},"_links":{"self":[{"href":"https:\/\/www.ditosama.com\/es-us\/wp-json\/wp\/v2\/pages\/20841","targetHints":{"allow":["GET"]}}],"collection":[{"href":"https:\/\/www.ditosama.com\/es-us\/wp-json\/wp\/v2\/pages"}],"about":[{"href":"https:\/\/www.ditosama.com\/es-us\/wp-json\/wp\/v2\/types\/page"}],"author":[{"embeddable":true,"href":"https:\/\/www.ditosama.com\/es-us\/wp-json\/wp\/v2\/users\/1"}],"replies":[{"embeddable":true,"href":"https:\/\/www.ditosama.com\/es-us\/wp-json\/wp\/v2\/comments?post=20841"}],"version-history":[{"count":5,"href":"https:\/\/www.ditosama.com\/es-us\/wp-json\/wp\/v2\/pages\/20841\/revisions"}],"predecessor-version":[{"id":33111,"href":"https:\/\/www.ditosama.com\/es-us\/wp-json\/wp\/v2\/pages\/20841\/revisions\/33111"}],"up":[{"embeddable":true,"href":"https:\/\/www.ditosama.com\/es-us\/wp-json\/wp\/v2\/pages\/20834"}],"wp:featuredmedia":[{"embeddable":true,"href":"https:\/\/www.ditosama.com\/es-us\/wp-json\/wp\/v2\/media\/20894"}],"wp:attachment":[{"href":"https:\/\/www.ditosama.com\/es-us\/wp-json\/wp\/v2\/media?parent=20841"}],"curies":[{"name":"wp","href":"https:\/\/api.w.org\/{rel}","templated":true}]}}