{"id":20782,"date":"2024-05-16T08:53:28","date_gmt":"2024-05-16T08:53:28","guid":{"rendered":"https:\/\/www.ditosama.com\/?page_id=20782"},"modified":"2026-04-07T13:43:16","modified_gmt":"2026-04-07T13:43:16","slug":"value-mission","status":"publish","type":"page","link":"https:\/\/www.ditosama.com\/es-us\/sobre-nosotros\/value-mission\/","title":{"rendered":"Misi\u00f3n"},"content":{"rendered":"<section class=\"wpb-content-wrapper\"><p>[vc_row][vc_column][c21_image_text image=&#8221;140&#8243; image_position=&#8221;left&#8221; title=&#8221;NUESTROS CLIENTES&#8221; subtitle=&#8221;&#8221; text=&#8221;Hospitales, hogares de ancianos, instituciones p\u00fablicas y grandes empresas de catering. Grandes restaurantes, peque\u00f1as filiales de restaurantes y cadenas de alimentaci\u00f3n locales, pasteler\u00edas y panader\u00edas, carnicer\u00edas, bares, quioscos m\u00f3viles de comida, food courts, peque\u00f1as y medianas empresas de producci\u00f3n de alimentos.&#8221;][vc_empty_space][c21_image_text image=&#8221;1746&#8243; image_position=&#8221;right&#8221; title=&#8221;QU\u00c9 TE PROMETEMOS&#8221; subtitle=&#8221;&#8221; text=&#8221;Tu Fresh experience. Dito Sama te proporciona los resultados que deseas en menos tiempo, ya se trate de pelar, cortar, rebanar, picar, triturar, mezclar, amasar o batir. Te ofrecemos la mejor ergonom\u00eda del mercado para que trabajes de una forma m\u00e1s segura e higiene certificada para que tus clientes disfruten con comida sana. Esto nos permite ofrecerte una Fresh experience sin precedentes gracias a productos dise\u00f1ados para durar en el tiempo.&#8221;][vc_empty_space][c21_image_text image=&#8221;1750&#8243; image_position=&#8221;left&#8221; title=&#8221;C\u00d3MO TE LO PROPORCIONAMOS&#8221; subtitle=&#8221;&#8221; text=&#8221;Nuestra identidad y nuestros valores reflejan nuestra competencia y profesionalidad como especialistas en el sector de preparaci\u00f3n de alimentos.<br \/>\nFresco, vital, ingenioso, original, apasionado, confiable, atento: somos Dito Sama<br \/>\n&#8220;][\/vc_column][\/vc_row][vc_row full_width=&#8221;c21-full-width-no-padding&#8221;][vc_column][vc_empty_space height=&#8221;75px&#8221;][c21_image_text_full image=&#8221;290&#8243; image_position=&#8221;left&#8221; title=&#8221;WANT TO KNOW MORE?&#8221; text=&#8221;DISCOVER ALL OUR PRODUCTS.&#8221; link=&#8221;url:https%3A%2F%2Fwww.ditosama.com%2Fen%2Fservices%2Fuser-technical-guides%2F|title:DISCOVER%20MORE&#8221;][\/vc_column][\/vc_row]<\/p>\n<\/section>","protected":false},"excerpt":{"rendered":"<p>[vc_row][vc_column][c21_image_text image=&#8221;140&#8243; image_position=&#8221;left&#8221; title=&#8221;NUESTROS CLIENTES&#8221; subtitle=&#8221;&#8221; text=&#8221;Hospitales, hogares de ancianos, instituciones p\u00fablicas y grandes empresas de catering. Grandes restaurantes, peque\u00f1as filiales de restaurantes y cadenas de alimentaci\u00f3n locales, pasteler\u00edas y panader\u00edas, carnicer\u00edas, bares, quioscos m\u00f3viles de comida, food courts, peque\u00f1as y medianas empresas de producci\u00f3n de alimentos.&#8221;][vc_empty_space][c21_image_text image=&#8221;1746&#8243; image_position=&#8221;right&#8221; title=&#8221;QU\u00c9 TE PROMETEMOS&#8221; subtitle=&#8221;&#8221; text=&#8221;Tu Fresh [&hellip;]<\/p>\n","protected":false},"author":1,"featured_media":20750,"parent":20771,"menu_order":0,"comment_status":"closed","ping_status":"closed","template":"","meta":{"inline_featured_image":false,"footnotes":""},"class_list":["post-20782","page","type-page","status-publish","has-post-thumbnail","hentry"],"acf":[],"yoast_head":"<!-- This site is optimized with the Yoast SEO plugin v26.1.1 - https:\/\/yoast.com\/wordpress\/plugins\/seo\/ -->\n<title>Misi\u00f3n | Dito Sama<\/title>\n<meta name=\"description\" content=\"Descubra los valores fundamentales y la misi\u00f3n de Dito Sama. Descubra c\u00f3mo nuestros principios impulsan nuestro trabajo y nuestro compromiso. Explore nuestra visi\u00f3n de futuro.\" \/>\n<meta name=\"robots\" content=\"index, follow, max-snippet:-1, max-image-preview:large, max-video-preview:-1\" \/>\n<link rel=\"canonical\" href=\"https:\/\/www.ditosama.com\/es-us\/wp-json\/wp\/v2\/pages\/20782\" \/>\n<meta property=\"og:locale\" content=\"es_ES\" \/>\n<meta property=\"og:type\" content=\"article\" \/>\n<meta property=\"og:title\" content=\"Misi\u00f3n | Dito Sama\" \/>\n<meta property=\"og:description\" content=\"Descubra los valores fundamentales y la misi\u00f3n de Dito Sama. Descubra c\u00f3mo nuestros principios impulsan nuestro trabajo y nuestro compromiso. Explore nuestra visi\u00f3n de futuro.\" \/>\n<meta property=\"og:url\" content=\"https:\/\/www.ditosama.com\/es-us\/sobre-nosotros\/value-mission\/\" \/>\n<meta property=\"og:site_name\" content=\"Dito Sama\" \/>\n<meta property=\"article:modified_time\" content=\"2026-04-07T13:43:16+00:00\" \/>\n<meta property=\"og:image\" content=\"https:\/\/www.ditosama.com\/wp-content\/uploads\/2022\/12\/MicrosoftTeams-image-67-scaled.jpg\" \/>\n\t<meta property=\"og:image:width\" content=\"2560\" \/>\n\t<meta property=\"og:image:height\" content=\"1440\" \/>\n\t<meta property=\"og:image:type\" content=\"image\/jpeg\" \/>\n<meta name=\"twitter:card\" content=\"summary_large_image\" \/>\n<meta name=\"twitter:label1\" content=\"Est. reading time\" \/>\n\t<meta name=\"twitter:data1\" content=\"2 minutes\" \/>\n<script type=\"application\/ld+json\" class=\"yoast-schema-graph\">{\"@context\":\"https:\/\/schema.org\",\"@graph\":[{\"@type\":\"WebPage\",\"@id\":\"https:\/\/www.ditosama.com\/es-us\/sobre-nosotros\/value-mission\/\",\"url\":\"https:\/\/www.ditosama.com\/es-us\/sobre-nosotros\/value-mission\/\",\"name\":\"Misi\u00f3n | Dito Sama\",\"isPartOf\":{\"@id\":\"https:\/\/www.ditosama.com\/en\/#website\"},\"primaryImageOfPage\":{\"@id\":\"https:\/\/www.ditosama.com\/es-us\/sobre-nosotros\/value-mission\/#primaryimage\"},\"image\":{\"@id\":\"https:\/\/www.ditosama.com\/es-us\/sobre-nosotros\/value-mission\/#primaryimage\"},\"thumbnailUrl\":\"https:\/\/www.ditosama.com\/wp-content\/uploads\/2022\/12\/MicrosoftTeams-image-67-scaled.jpg\",\"datePublished\":\"2024-05-16T08:53:28+00:00\",\"dateModified\":\"2026-04-07T13:43:16+00:00\",\"description\":\"Descubra los valores fundamentales y la misi\u00f3n de Dito Sama. Descubra c\u00f3mo nuestros principios impulsan nuestro trabajo y nuestro compromiso. Explore nuestra visi\u00f3n de futuro.\",\"breadcrumb\":{\"@id\":\"https:\/\/www.ditosama.com\/es-us\/sobre-nosotros\/value-mission\/#breadcrumb\"},\"inLanguage\":\"es-US\",\"potentialAction\":[{\"@type\":\"ReadAction\",\"target\":[\"https:\/\/www.ditosama.com\/es-us\/sobre-nosotros\/value-mission\/\"]}]},{\"@type\":\"ImageObject\",\"inLanguage\":\"es-US\",\"@id\":\"https:\/\/www.ditosama.com\/es-us\/sobre-nosotros\/value-mission\/#primaryimage\",\"url\":\"https:\/\/www.ditosama.com\/wp-content\/uploads\/2022\/12\/MicrosoftTeams-image-67-scaled.jpg\",\"contentUrl\":\"https:\/\/www.ditosama.com\/wp-content\/uploads\/2022\/12\/MicrosoftTeams-image-67-scaled.jpg\",\"width\":2560,\"height\":1440},{\"@type\":\"BreadcrumbList\",\"@id\":\"https:\/\/www.ditosama.com\/es-us\/sobre-nosotros\/value-mission\/#breadcrumb\",\"itemListElement\":[{\"@type\":\"ListItem\",\"position\":1,\"name\":\"Home\",\"item\":\"https:\/\/www.ditosama.com\/es-us\/\"},{\"@type\":\"ListItem\",\"position\":2,\"name\":\"Sobre nosotros\",\"item\":\"https:\/\/www.ditosama.com\/es-us\/sobre-nosotros\/\"},{\"@type\":\"ListItem\",\"position\":3,\"name\":\"Misi\u00f3n\"}]},{\"@type\":\"WebSite\",\"@id\":\"https:\/\/www.ditosama.com\/en\/#website\",\"url\":\"https:\/\/www.ditosama.com\/en\/\",\"name\":\"Dito Sama\",\"description\":\"\",\"potentialAction\":[{\"@type\":\"SearchAction\",\"target\":{\"@type\":\"EntryPoint\",\"urlTemplate\":\"https:\/\/www.ditosama.com\/en\/?s={search_term_string}\"},\"query-input\":{\"@type\":\"PropertyValueSpecification\",\"valueRequired\":true,\"valueName\":\"search_term_string\"}}],\"inLanguage\":\"es-US\"}]}<\/script>\n<!-- \/ Yoast SEO plugin. -->","yoast_head_json":{"title":"Misi\u00f3n | Dito Sama","description":"Descubra los valores fundamentales y la misi\u00f3n de Dito Sama. Descubra c\u00f3mo nuestros principios impulsan nuestro trabajo y nuestro compromiso. Explore nuestra visi\u00f3n de futuro.","robots":{"index":"index","follow":"follow","max-snippet":"max-snippet:-1","max-image-preview":"max-image-preview:large","max-video-preview":"max-video-preview:-1"},"canonical":"https:\/\/www.ditosama.com\/es-us\/wp-json\/wp\/v2\/pages\/20782","og_locale":"es_ES","og_type":"article","og_title":"Misi\u00f3n | Dito Sama","og_description":"Descubra los valores fundamentales y la misi\u00f3n de Dito Sama. Descubra c\u00f3mo nuestros principios impulsan nuestro trabajo y nuestro compromiso. Explore nuestra visi\u00f3n de futuro.","og_url":"https:\/\/www.ditosama.com\/es-us\/sobre-nosotros\/value-mission\/","og_site_name":"Dito Sama","article_modified_time":"2026-04-07T13:43:16+00:00","og_image":[{"width":2560,"height":1440,"url":"https:\/\/www.ditosama.com\/wp-content\/uploads\/2022\/12\/MicrosoftTeams-image-67-scaled.jpg","type":"image\/jpeg"}],"twitter_card":"summary_large_image","twitter_misc":{"Est. reading time":"2 minutes"},"schema":{"@context":"https:\/\/schema.org","@graph":[{"@type":"WebPage","@id":"https:\/\/www.ditosama.com\/es-us\/sobre-nosotros\/value-mission\/","url":"https:\/\/www.ditosama.com\/es-us\/sobre-nosotros\/value-mission\/","name":"Misi\u00f3n | Dito Sama","isPartOf":{"@id":"https:\/\/www.ditosama.com\/en\/#website"},"primaryImageOfPage":{"@id":"https:\/\/www.ditosama.com\/es-us\/sobre-nosotros\/value-mission\/#primaryimage"},"image":{"@id":"https:\/\/www.ditosama.com\/es-us\/sobre-nosotros\/value-mission\/#primaryimage"},"thumbnailUrl":"https:\/\/www.ditosama.com\/wp-content\/uploads\/2022\/12\/MicrosoftTeams-image-67-scaled.jpg","datePublished":"2024-05-16T08:53:28+00:00","dateModified":"2026-04-07T13:43:16+00:00","description":"Descubra los valores fundamentales y la misi\u00f3n de Dito Sama. Descubra c\u00f3mo nuestros principios impulsan nuestro trabajo y nuestro compromiso. Explore nuestra visi\u00f3n de futuro.","breadcrumb":{"@id":"https:\/\/www.ditosama.com\/es-us\/sobre-nosotros\/value-mission\/#breadcrumb"},"inLanguage":"es-US","potentialAction":[{"@type":"ReadAction","target":["https:\/\/www.ditosama.com\/es-us\/sobre-nosotros\/value-mission\/"]}]},{"@type":"ImageObject","inLanguage":"es-US","@id":"https:\/\/www.ditosama.com\/es-us\/sobre-nosotros\/value-mission\/#primaryimage","url":"https:\/\/www.ditosama.com\/wp-content\/uploads\/2022\/12\/MicrosoftTeams-image-67-scaled.jpg","contentUrl":"https:\/\/www.ditosama.com\/wp-content\/uploads\/2022\/12\/MicrosoftTeams-image-67-scaled.jpg","width":2560,"height":1440},{"@type":"BreadcrumbList","@id":"https:\/\/www.ditosama.com\/es-us\/sobre-nosotros\/value-mission\/#breadcrumb","itemListElement":[{"@type":"ListItem","position":1,"name":"Home","item":"https:\/\/www.ditosama.com\/es-us\/"},{"@type":"ListItem","position":2,"name":"Sobre nosotros","item":"https:\/\/www.ditosama.com\/es-us\/sobre-nosotros\/"},{"@type":"ListItem","position":3,"name":"Misi\u00f3n"}]},{"@type":"WebSite","@id":"https:\/\/www.ditosama.com\/en\/#website","url":"https:\/\/www.ditosama.com\/en\/","name":"Dito Sama","description":"","potentialAction":[{"@type":"SearchAction","target":{"@type":"EntryPoint","urlTemplate":"https:\/\/www.ditosama.com\/en\/?s={search_term_string}"},"query-input":{"@type":"PropertyValueSpecification","valueRequired":true,"valueName":"search_term_string"}}],"inLanguage":"es-US"}]}},"_links":{"self":[{"href":"https:\/\/www.ditosama.com\/es-us\/wp-json\/wp\/v2\/pages\/20782","targetHints":{"allow":["GET"]}}],"collection":[{"href":"https:\/\/www.ditosama.com\/es-us\/wp-json\/wp\/v2\/pages"}],"about":[{"href":"https:\/\/www.ditosama.com\/es-us\/wp-json\/wp\/v2\/types\/page"}],"author":[{"embeddable":true,"href":"https:\/\/www.ditosama.com\/es-us\/wp-json\/wp\/v2\/users\/1"}],"replies":[{"embeddable":true,"href":"https:\/\/www.ditosama.com\/es-us\/wp-json\/wp\/v2\/comments?post=20782"}],"version-history":[{"count":8,"href":"https:\/\/www.ditosama.com\/es-us\/wp-json\/wp\/v2\/pages\/20782\/revisions"}],"predecessor-version":[{"id":33114,"href":"https:\/\/www.ditosama.com\/es-us\/wp-json\/wp\/v2\/pages\/20782\/revisions\/33114"}],"up":[{"embeddable":true,"href":"https:\/\/www.ditosama.com\/es-us\/wp-json\/wp\/v2\/pages\/20771"}],"wp:featuredmedia":[{"embeddable":true,"href":"https:\/\/www.ditosama.com\/es-us\/wp-json\/wp\/v2\/media\/20750"}],"wp:attachment":[{"href":"https:\/\/www.ditosama.com\/es-us\/wp-json\/wp\/v2\/media?parent=20782"}],"curies":[{"name":"wp","href":"https:\/\/api.w.org\/{rel}","templated":true}]}}