{"id":20774,"date":"2024-05-08T15:29:28","date_gmt":"2024-05-08T15:29:28","guid":{"rendered":"https:\/\/www.ditosama.com\/?page_id=20774"},"modified":"2026-04-07T13:47:09","modified_gmt":"2026-04-07T13:47:09","slug":"nuestra-historia","status":"publish","type":"page","link":"https:\/\/www.ditosama.com\/es-us\/sobre-nosotros\/nuestra-historia\/","title":{"rendered":"Historia de la empresa"},"content":{"rendered":"<section class=\"wpb-content-wrapper\"><p>[vc_row][vc_column][vc_empty_space][c21_image_text image=&#8221;2143&#8243; image_position=&#8221;left&#8221; title=&#8221;&#8221; subtitle=&#8221;&#8221; text=&#8221;Desde la fundaci\u00f3n en 1945, Dito Sama ten\u00eda todas las caracter\u00edsticas para convertirse en el l\u00edder mundial en el sector de equipos para la preparaci\u00f3n din\u00e1mica de alimentos: desde batidoras planetarias hasta procesadores de alimentos, pasando por trituradores port\u00e1tiles y cortadoras de hortalizas. En 1987, Dito Sama se incorpor\u00f3 al grupo Electrolux Professional, obteniendo posteriormente las certificaciones de calidad ISO 9001 en 1996 y la certificaci\u00f3n ISO 14001 en 2006.&#8221;][vc_empty_space][c21_history title=&#8221;DITO SAMA: THE WIDEST RANGE OF FOOD PREPARATION EQUIPMENT&#8221; values=&#8221;%5B%7B%22year%22%3A%221945%22%2C%22text%22%3A%22Fundaci%C3%B3n%20de%20la%20empresa%20%5C%22Sama%5C%22%20(Soci%C3%A9t%C3%A9%20d&#8217;Appareils%20M%C3%A9nagers%20et%20d&#8217;Alimentation)%20en%20Montlu%C3%A7on%20e%20inicio%20de%20la%20producci%C3%B3n%20de%20peladoras%22%7D%2C%7B%22year%22%3A%221948%22%2C%22text%22%3A%22La%20l%C3%ADnea%20de%20producci%C3%B3n%20se%20ampli%C3%B3%20para%20incluir%20las%20cortadoras%20manuales%20de%20patatas%20fritas%22%7D%2C%7B%22year%22%3A%221954%22%2C%22text%22%3A%22Participaci%C3%B3n%20en%20la%20primera%20edici%C3%B3n%20de%20Equip&#8217;%20Hotel%2C%20una%20feria%20especializada%20en%20equipamiento%20profesional%20para%20la%20hospitalidad%22%7D%2C%7B%22year%22%3A%221955%22%2C%22text%22%3A%22El%20traslado%20de%20la%20empresa%20a%20Aubusson%20se%20caracteriza%20por%20un%20aumento%20significativo%20de%20la%20intensidad%20productiva%20y%20una%20optimizaci%C3%B3n%20del%20enfoque%20operativo%22%7D%2C%7B%22year%22%3A%221962%22%2C%22text%22%3A%22La%20producci%C3%B3n%20comienza%20a%20diversificarse%2C%20marcando%20la%20introducci%C3%B3n%20de%20la%20primera%20batidora%20planetaria%2C%20el%20modelo%20B20%20(20%20litros)%22%7D%2C%7B%22year%22%3A%221965%22%2C%22text%22%3A%22La%20introducci%C3%B3n%20del%20modelo%20B40%20(40%20litros)%20representa%20un%20momento%20significativo%20en%20la%20ampliaci%C3%B3n%20de%20la%20gama%20de%20batidoras%20planetarias%22%7D%2C%7B%22year%22%3A%221969%22%2C%22text%22%3A%22Dito%20se%20convierte%20en%20el%20distribuidor%20general%20de%20las%20m%C3%A1quinas%20Sama%20en%20Francia%2C%20y%20el%20nombre%20de%20la%20empresa%20cambia%20a%20%5C%22Dito%20Machine%20Sama%5C%22%22%7D%2C%7B%22year%22%3A%221970%22%2C%22text%22%3A%22El%20lanzamiento%20de%20la%20cortadora%20de%20verduras%20TR21%20fue%20un%20%C3%A9xito%2C%20con%20m%C3%A1s%20de%20100%2C000%20unidades%20vendidas%20en%20todo%20el%20mundo.%22%7D%2C%7B%22year%22%3A%221974%22%2C%22text%22%3A%22El%20primer%20procesador%20de%20alimentos%20MV50%20fue%20creado%22%7D%2C%7B%22year%22%3A%221978%22%2C%22text%22%3A%22%5C%22Dito%20Machine%20Sama%5C%22%20se%20convierte%20en%20%5C%22Dito%20Sama%5C%22.%20Innovaci%C3%B3n%20en%20el%20proceso%20de%20peladura%3A%20el%20disco%20de%20cuchillas%20se%20agrega%20al%20disco%20abrasivo%20y%20la%20estructura%20de%20la%20m%C3%A1quina%2C%20antes%20de%20aluminio%2C%20se%20convierte%20en%20acero%20inoxidable%2C%20comenzando%20desde%20los%20modelos%20T5%2C%20T10%20y%20T15.%22%7D%2C%7B%22year%22%3A%221982%22%2C%22text%22%3A%22Dito%20Sama%20rejuvenece%20a%20su%20c%C3%A9lebre%20chef%20y%20adopta%20un%20nuevo%20logo.%20Es%20el%20comienzo%20de%20una%20larga%20serie%20de%20innovaciones%20y%20creaciones%20para%20la%20empresa.%22%7D%2C%7B%22year%22%3A%221987%22%2C%22text%22%3A%22Dito%20Sama%20se%20une%20al%20grupo%20Electrolux.%20%20%3Cbr%3E%20Dito%20Sama%20se%20distingue%20por%20su%20innovaci%C3%B3n%20al%20introducir%20la%20regulaci%C3%B3n%20de%20la%20velocidad%20variable%20en%20sus%20batidoras%20planetarias.%20%20%3Cbr%3E%20El%20lanzamiento%20de%20la%20l%C3%ADnea%20de%20%5C%22Procesador%20de%20alimentos%5C%22%20marca%20otro%20hito%20importante%22%7D%2C%7B%22year%22%3A%221989%22%2C%22text%22%3A%22Expansi%C3%B3n%20de%20la%20unidad%20de%20producci%C3%B3n%20en%20Aubusson.%20Dito%20Sama%20supera%20la%20marca%20de%20las%2030%2C000%20m%C3%A1quinas%20con%20motor%20al%20a%C3%B1o.%20La%20cuota%20de%20exportaciones%20se%20ha%20vuelto%20muy%20significativa%2C%20representando%20casi%20el%2040%25%20de%20las%20ventas%22%7D%2C%7B%22year%22%3A%221990%22%2C%22text%22%3A%22La%20creaci%C3%B3n%20del%20Grupo%20Dito%20representa%20un%20momento%20de%20consolidaci%C3%B3n%20y%20expansi%C3%B3n%20estrat%C3%A9gica%20hacia%20nuevos%20horizontes%20comerciales%20e%20industriales%22%7D%2C%7B%22year%22%3A%221993%22%2C%22text%22%3A%22Lanzamiento%20de%20la%20gama%20de%20cortadoras%20de%20verduras%20Minigreen%20-%20Multigreen%20en%20la%20feria%20Equip%E2%80%99H%C3%B4tel%20de%20Par%C3%ADs%22%7D%2C%7B%22year%22%3A%221995%22%2C%22text%22%3A%2250%C2%BA%20aniversario%20-%20Nace%20SAMIX%E2%80%99R%2C%20la%20primera%20batidora%20planetaria%20profesional%20de%205%20litros%22%7D%2C%7B%22year%22%3A%221996%22%2C%22text%22%3A%22La%20f%C3%A1brica%20ha%20obtenido%20la%20certificaci%C3%B3n%20ISO%209001%22%7D%2C%7B%22year%22%3A%222000%22%2C%22text%22%3A%22Apertura%20de%20la%20nueva%20f%C3%A1brica%20en%20Aubusson%2C%20donde%20la%20empresa%20todav%C3%ADa%20tiene%20su%20sede%20hoy%20en%20d%C3%ADa%22%7D%2C%7B%22year%22%3A%222004%22%2C%22text%22%3A%22Premio%20%5C%22APRIA%202004%5C%22%20para%20el%20pelador%20de%20verduras%20T8E%20en%20la%20categor%C3%ADa%20%5C%22Small%20Materials%20and%20Kitchen%20or%20Counter%20Equipment%5C%22%22%7D%2C%7B%22year%22%3A%222006%22%2C%22text%22%3A%22La%20f%C3%A1brica%20ha%20obtenido%20la%20certificaci%C3%B3n%20ISO%2014001%20(Sistema%20de%20Gesti%C3%B3n%20Ambiental)%22%7D%2C%7B%22year%22%3A%222007%22%2C%22text%22%3A%22Presentaci%C3%B3n%20de%20la%20nueva%20gama%20de%20cortadoras%20de%20verduras%2C%20procesadores%20de%20alimentos%20y%20cortadoras%20combinadas%20(TRS%2C%20K45-55-70%2C%20TRK45-55-70)%2C%20acompa%C3%B1ada%20por%20la%20prestigiosa%20victoria%20del%20premio%20de%20dise%C3%B1o%20%5C%22Janus%20de%20l&#8217;Industrie%202007%5C%22%20para%20estos%20productos%22%7D%2C%7B%22year%22%3A%222012%22%2C%22text%22%3A%2250%20a%C3%B1os%20de%20experiencia%20en%20la%20producci%C3%B3n%20de%20batidoras%20planetarias.%20Lanzamiento%20de%20las%20nuevas%20batidoras%20planetarias%20y%20los%20nuevos%20discos%20de%20corte%20de%20acero%20inoxidable%20para%20TRS%2FTRK%22%7D%2C%7B%22year%22%3A%222015%22%2C%22text%22%3A%22Dito%20Sama%20celebra%2070%20a%C3%B1os%20de%20excelencia%20en%20la%20Preparaci%C3%B3n%20Din%C3%A1mica%22%7D%2C%7B%22year%22%3A%222020%22%2C%22text%22%3A%22El%20Grupo%20Electrolux%20Professional%20cotiza%20en%20la%20Bolsa%20de%20Estocolmo%22%7D%2C%7B%22year%22%3A%222021%22%2C%22text%22%3A%22Lanzamiento%20de%20la%20gama%20PREP4YOU%20que%20incluye%20cortadoras%20de%20verduras%2C%20procesadores%20de%20alimentos%20y%20m%C3%A1quinas%20combinadas%22%7D%2C%7B%22year%22%3A%222022%22%2C%22text%22%3A%22PREP4YOU%20recibe%20el%20prestigioso%20premio%20de%20dise%C3%B1o%20Red%20Dot%22%7D%2C%7B%22year%22%3A%222023%22%2C%22text%22%3A%22La%20nueva%20identidad%20de%20la%20marca%20Dito%20Sama%20se%20fortalece%20con%20la%20implementaci%C3%B3n%20de%20una%20estrategia%20digital%20integrada%22%7D%2C%7B%22year%22%3A%222025%22%2C%22text%22%3A%22Dito%20Sama%20celebra%2080%20a%C3%B1os%20de%20historia%20y%20%C3%A9xitos%22%7D%5D&#8221;][\/vc_column][\/vc_row][vc_row full_width=&#8221;c21-full-width-no-padding&#8221;][vc_column][c21_image_text_full image=&#8221;290&#8243; image_position=&#8221;left&#8221; title=&#8221;\u00bfQUIERES SABER M\u00c1S?&#8221; text=&#8221;LEA M\u00c1S SOBRE<br \/>\nLA HISTORIA DE NUESTRA EMPRESA, NUESTRAS F\u00c1BRICAS<br \/>\nY LO QUE NUESTROS CLIENTES DICEN DE NOSOTROS.&#8221; link=&#8221;url:https%3A%2F%2Fwww.ditosama.com%2Fes-us%2Fsobre-nosotros%2Ftestimonios%2F|title:DESCUBRE%20M%C3%81S&#8221;][\/vc_column][\/vc_row]<\/p>\n<\/section>","protected":false},"excerpt":{"rendered":"<p>[vc_row][vc_column][vc_empty_space][c21_image_text image=&#8221;2143&#8243; image_position=&#8221;left&#8221; title=&#8221;&#8221; subtitle=&#8221;&#8221; text=&#8221;Desde la fundaci\u00f3n en 1945, Dito Sama ten\u00eda todas las caracter\u00edsticas para convertirse en el l\u00edder mundial en el sector de equipos para la preparaci\u00f3n din\u00e1mica de alimentos: desde batidoras planetarias hasta procesadores de alimentos, pasando por trituradores port\u00e1tiles y cortadoras de hortalizas. En 1987, Dito Sama se incorpor\u00f3 al [&hellip;]<\/p>\n","protected":false},"author":1,"featured_media":20789,"parent":20771,"menu_order":0,"comment_status":"closed","ping_status":"closed","template":"","meta":{"inline_featured_image":false,"footnotes":""},"class_list":["post-20774","page","type-page","status-publish","has-post-thumbnail","hentry"],"acf":[],"yoast_head":"<!-- This site is optimized with the Yoast SEO plugin v26.1.1 - https:\/\/yoast.com\/wordpress\/plugins\/seo\/ -->\n<title>Historia de la empresa | Dito Sama<\/title>\n<meta name=\"description\" content=\"Explore la historia de la empresa Dito Sama. Descubra nuestro recorrido, nuestros hitos y nuestro compromiso con la fabricaci\u00f3n de equipos de restauraci\u00f3n profesional de calidad.\" \/>\n<meta name=\"robots\" content=\"index, follow, max-snippet:-1, max-image-preview:large, max-video-preview:-1\" \/>\n<link rel=\"canonical\" href=\"https:\/\/www.ditosama.com\/es-us\/wp-json\/wp\/v2\/pages\/20774\" \/>\n<meta property=\"og:locale\" content=\"es_ES\" \/>\n<meta property=\"og:type\" content=\"article\" \/>\n<meta property=\"og:title\" content=\"Historia de la empresa | Dito Sama\" \/>\n<meta property=\"og:description\" content=\"Explore la historia de la empresa Dito Sama. Descubra nuestro recorrido, nuestros hitos y nuestro compromiso con la fabricaci\u00f3n de equipos de restauraci\u00f3n profesional de calidad.\" \/>\n<meta property=\"og:url\" content=\"https:\/\/www.ditosama.com\/es-us\/sobre-nosotros\/nuestra-historia\/\" \/>\n<meta property=\"og:site_name\" content=\"Dito Sama\" \/>\n<meta property=\"article:modified_time\" content=\"2026-04-07T13:47:09+00:00\" \/>\n<meta property=\"og:image\" content=\"https:\/\/www.ditosama.com\/wp-content\/uploads\/2022\/12\/MicrosoftTeams-image-69-1024x682.jpg\" \/>\n\t<meta property=\"og:image:width\" content=\"1024\" \/>\n\t<meta property=\"og:image:height\" content=\"682\" \/>\n\t<meta property=\"og:image:type\" content=\"image\/jpeg\" \/>\n<meta name=\"twitter:card\" content=\"summary_large_image\" \/>\n<meta name=\"twitter:label1\" content=\"Est. reading time\" \/>\n\t<meta name=\"twitter:data1\" content=\"1 minute\" \/>\n<script type=\"application\/ld+json\" class=\"yoast-schema-graph\">{\"@context\":\"https:\/\/schema.org\",\"@graph\":[{\"@type\":\"WebPage\",\"@id\":\"https:\/\/www.ditosama.com\/es-us\/sobre-nosotros\/nuestra-historia\/\",\"url\":\"https:\/\/www.ditosama.com\/es-us\/sobre-nosotros\/nuestra-historia\/\",\"name\":\"Historia de la empresa | Dito Sama\",\"isPartOf\":{\"@id\":\"https:\/\/www.ditosama.com\/en\/#website\"},\"primaryImageOfPage\":{\"@id\":\"https:\/\/www.ditosama.com\/es-us\/sobre-nosotros\/nuestra-historia\/#primaryimage\"},\"image\":{\"@id\":\"https:\/\/www.ditosama.com\/es-us\/sobre-nosotros\/nuestra-historia\/#primaryimage\"},\"thumbnailUrl\":\"https:\/\/www.ditosama.com\/wp-content\/uploads\/2022\/12\/MicrosoftTeams-image-69.jpg\",\"datePublished\":\"2024-05-08T15:29:28+00:00\",\"dateModified\":\"2026-04-07T13:47:09+00:00\",\"description\":\"Explore la historia de la empresa Dito Sama. Descubra nuestro recorrido, nuestros hitos y nuestro compromiso con la fabricaci\u00f3n de equipos de restauraci\u00f3n profesional de calidad.\",\"breadcrumb\":{\"@id\":\"https:\/\/www.ditosama.com\/es-us\/sobre-nosotros\/nuestra-historia\/#breadcrumb\"},\"inLanguage\":\"es-US\",\"potentialAction\":[{\"@type\":\"ReadAction\",\"target\":[\"https:\/\/www.ditosama.com\/es-us\/sobre-nosotros\/nuestra-historia\/\"]}]},{\"@type\":\"ImageObject\",\"inLanguage\":\"es-US\",\"@id\":\"https:\/\/www.ditosama.com\/es-us\/sobre-nosotros\/nuestra-historia\/#primaryimage\",\"url\":\"https:\/\/www.ditosama.com\/wp-content\/uploads\/2022\/12\/MicrosoftTeams-image-69.jpg\",\"contentUrl\":\"https:\/\/www.ditosama.com\/wp-content\/uploads\/2022\/12\/MicrosoftTeams-image-69.jpg\",\"width\":2032,\"height\":1354},{\"@type\":\"BreadcrumbList\",\"@id\":\"https:\/\/www.ditosama.com\/es-us\/sobre-nosotros\/nuestra-historia\/#breadcrumb\",\"itemListElement\":[{\"@type\":\"ListItem\",\"position\":1,\"name\":\"Home\",\"item\":\"https:\/\/www.ditosama.com\/es-us\/\"},{\"@type\":\"ListItem\",\"position\":2,\"name\":\"Sobre nosotros\",\"item\":\"https:\/\/www.ditosama.com\/es-us\/sobre-nosotros\/\"},{\"@type\":\"ListItem\",\"position\":3,\"name\":\"Historia de la empresa\"}]},{\"@type\":\"WebSite\",\"@id\":\"https:\/\/www.ditosama.com\/en\/#website\",\"url\":\"https:\/\/www.ditosama.com\/en\/\",\"name\":\"Dito Sama\",\"description\":\"\",\"potentialAction\":[{\"@type\":\"SearchAction\",\"target\":{\"@type\":\"EntryPoint\",\"urlTemplate\":\"https:\/\/www.ditosama.com\/en\/?s={search_term_string}\"},\"query-input\":{\"@type\":\"PropertyValueSpecification\",\"valueRequired\":true,\"valueName\":\"search_term_string\"}}],\"inLanguage\":\"es-US\"}]}<\/script>\n<!-- \/ Yoast SEO plugin. -->","yoast_head_json":{"title":"Historia de la empresa | Dito Sama","description":"Explore la historia de la empresa Dito Sama. Descubra nuestro recorrido, nuestros hitos y nuestro compromiso con la fabricaci\u00f3n de equipos de restauraci\u00f3n profesional de calidad.","robots":{"index":"index","follow":"follow","max-snippet":"max-snippet:-1","max-image-preview":"max-image-preview:large","max-video-preview":"max-video-preview:-1"},"canonical":"https:\/\/www.ditosama.com\/es-us\/wp-json\/wp\/v2\/pages\/20774","og_locale":"es_ES","og_type":"article","og_title":"Historia de la empresa | Dito Sama","og_description":"Explore la historia de la empresa Dito Sama. Descubra nuestro recorrido, nuestros hitos y nuestro compromiso con la fabricaci\u00f3n de equipos de restauraci\u00f3n profesional de calidad.","og_url":"https:\/\/www.ditosama.com\/es-us\/sobre-nosotros\/nuestra-historia\/","og_site_name":"Dito Sama","article_modified_time":"2026-04-07T13:47:09+00:00","og_image":[{"width":1024,"height":682,"url":"https:\/\/www.ditosama.com\/wp-content\/uploads\/2022\/12\/MicrosoftTeams-image-69-1024x682.jpg","type":"image\/jpeg"}],"twitter_card":"summary_large_image","twitter_misc":{"Est. reading time":"1 minute"},"schema":{"@context":"https:\/\/schema.org","@graph":[{"@type":"WebPage","@id":"https:\/\/www.ditosama.com\/es-us\/sobre-nosotros\/nuestra-historia\/","url":"https:\/\/www.ditosama.com\/es-us\/sobre-nosotros\/nuestra-historia\/","name":"Historia de la empresa | Dito Sama","isPartOf":{"@id":"https:\/\/www.ditosama.com\/en\/#website"},"primaryImageOfPage":{"@id":"https:\/\/www.ditosama.com\/es-us\/sobre-nosotros\/nuestra-historia\/#primaryimage"},"image":{"@id":"https:\/\/www.ditosama.com\/es-us\/sobre-nosotros\/nuestra-historia\/#primaryimage"},"thumbnailUrl":"https:\/\/www.ditosama.com\/wp-content\/uploads\/2022\/12\/MicrosoftTeams-image-69.jpg","datePublished":"2024-05-08T15:29:28+00:00","dateModified":"2026-04-07T13:47:09+00:00","description":"Explore la historia de la empresa Dito Sama. Descubra nuestro recorrido, nuestros hitos y nuestro compromiso con la fabricaci\u00f3n de equipos de restauraci\u00f3n profesional de calidad.","breadcrumb":{"@id":"https:\/\/www.ditosama.com\/es-us\/sobre-nosotros\/nuestra-historia\/#breadcrumb"},"inLanguage":"es-US","potentialAction":[{"@type":"ReadAction","target":["https:\/\/www.ditosama.com\/es-us\/sobre-nosotros\/nuestra-historia\/"]}]},{"@type":"ImageObject","inLanguage":"es-US","@id":"https:\/\/www.ditosama.com\/es-us\/sobre-nosotros\/nuestra-historia\/#primaryimage","url":"https:\/\/www.ditosama.com\/wp-content\/uploads\/2022\/12\/MicrosoftTeams-image-69.jpg","contentUrl":"https:\/\/www.ditosama.com\/wp-content\/uploads\/2022\/12\/MicrosoftTeams-image-69.jpg","width":2032,"height":1354},{"@type":"BreadcrumbList","@id":"https:\/\/www.ditosama.com\/es-us\/sobre-nosotros\/nuestra-historia\/#breadcrumb","itemListElement":[{"@type":"ListItem","position":1,"name":"Home","item":"https:\/\/www.ditosama.com\/es-us\/"},{"@type":"ListItem","position":2,"name":"Sobre nosotros","item":"https:\/\/www.ditosama.com\/es-us\/sobre-nosotros\/"},{"@type":"ListItem","position":3,"name":"Historia de la empresa"}]},{"@type":"WebSite","@id":"https:\/\/www.ditosama.com\/en\/#website","url":"https:\/\/www.ditosama.com\/en\/","name":"Dito Sama","description":"","potentialAction":[{"@type":"SearchAction","target":{"@type":"EntryPoint","urlTemplate":"https:\/\/www.ditosama.com\/en\/?s={search_term_string}"},"query-input":{"@type":"PropertyValueSpecification","valueRequired":true,"valueName":"search_term_string"}}],"inLanguage":"es-US"}]}},"_links":{"self":[{"href":"https:\/\/www.ditosama.com\/es-us\/wp-json\/wp\/v2\/pages\/20774","targetHints":{"allow":["GET"]}}],"collection":[{"href":"https:\/\/www.ditosama.com\/es-us\/wp-json\/wp\/v2\/pages"}],"about":[{"href":"https:\/\/www.ditosama.com\/es-us\/wp-json\/wp\/v2\/types\/page"}],"author":[{"embeddable":true,"href":"https:\/\/www.ditosama.com\/es-us\/wp-json\/wp\/v2\/users\/1"}],"replies":[{"embeddable":true,"href":"https:\/\/www.ditosama.com\/es-us\/wp-json\/wp\/v2\/comments?post=20774"}],"version-history":[{"count":11,"href":"https:\/\/www.ditosama.com\/es-us\/wp-json\/wp\/v2\/pages\/20774\/revisions"}],"predecessor-version":[{"id":33116,"href":"https:\/\/www.ditosama.com\/es-us\/wp-json\/wp\/v2\/pages\/20774\/revisions\/33116"}],"up":[{"embeddable":true,"href":"https:\/\/www.ditosama.com\/es-us\/wp-json\/wp\/v2\/pages\/20771"}],"wp:featuredmedia":[{"embeddable":true,"href":"https:\/\/www.ditosama.com\/es-us\/wp-json\/wp\/v2\/media\/20789"}],"wp:attachment":[{"href":"https:\/\/www.ditosama.com\/es-us\/wp-json\/wp\/v2\/media?parent=20774"}],"curies":[{"name":"wp","href":"https:\/\/api.w.org\/{rel}","templated":true}]}}