{"id":3443,"date":"2024-03-28T08:03:30","date_gmt":"2024-03-28T08:03:30","guid":{"rendered":"https:\/\/www.ditosama.com\/products\/"},"modified":"2025-09-26T06:02:55","modified_gmt":"2025-09-26T06:02:55","slug":"products","status":"publish","type":"page","link":"https:\/\/www.ditosama.com\/de\/products\/","title":{"rendered":"Products"},"content":{"rendered":"<section class=\"wpb-content-wrapper\"><p>[vc_row][vc_column][vc_empty_space][vc_column_text]<\/p>\n<h1>Produkte<\/h1>\n<p>[\/vc_column_text][vc_column_text]<\/p>\n<h3>Unsere Produktpalette<\/h3>\n<p>[\/vc_column_text][vc_empty_space][\/vc_column][\/vc_row][vc_row][vc_column][vc_column_text]<\/p>\n<h4>Gem\u00fcseschneider<\/h4>\n<p>Optimieren Sie Ihre Gem\u00fcsezubereitung mit unseren leistungsstarken Reibe- und Schneidemaschinen. Mit patentierten Hebeldr\u00fccken und Pr\u00e4zisionsklingen liefern unsere Ger\u00e4te schnelle, pr\u00e4zise Schnitte \u2013 ideal f\u00fcr den Einsatz in der Profi-K\u00fcche.[\/vc_column_text][vc_empty_space][\/vc_column][\/vc_row][vc_row][vc_column][vc_column_text]<\/p>\n<h4>Kutter, Mixer und Emulgatoren<\/h4>\n<p>Verwandeln Sie Rohstoffe in raffinierte Kreationen. Unsere Kutter und Mixer bieten variable Geschwindigkeiten und austauschbare Klingen, mit denen Sie die perfekte Textur erzielen k\u00f6nnen \u2013 egal ob es sich um glatte Saucen oder fein gehacktes Gem\u00fcse handelt.[\/vc_column_text][vc_empty_space][\/vc_column][\/vc_row][vc_row][vc_column][vc_column_text]<\/p>\n<h4>Kombinierte Gem\u00fcseschneider und Kutter<\/h4>\n<p>Sparen Sie wertvollen Platz und Zeit mit unseren multifunktionalen Maschinen, die mehrere Aufgaben in einem Ger\u00e4t vereinen, wodurch der Platzbedarf reduziert, und der Arbeitsablauf vereinfacht wird.[\/vc_column_text][vc_empty_space][\/vc_column][\/vc_row][vc_row][vc_column][vc_column_text]<\/p>\n<h4>Stab- und Standmixer<\/h4>\n<p>Unsere vielseitigen und leistungsstarken Mixer passen sich nahtlos an alle Ihre Zubereitungsanforderungen an \u2013 vom P\u00fcrieren von Suppen und Saucen bis hin zum Mixen von Smoothies \u2013 mit gleichbleibender Leistung.[\/vc_column_text][vc_empty_space][\/vc_column][\/vc_row][vc_row][vc_column][vc_column_text]<\/p>\n<h4>Planetenr\u00fchrmaschinen<\/h4>\n<p>Ob Backen, Konditorei oder Kochen, unsere Planetenr\u00fchrmaschinen sind in verschiedenen Gr\u00f6\u00dfen und Geschwindigkeiten erh\u00e4ltlich, um Ihre Produktionsanforderungen zu erf\u00fcllen und perfekt Teige zu Kneten oder zu R\u00fchren und um schnelles Aufschlagen zu gew\u00e4hrleisten.[\/vc_column_text][vc_empty_space][\/vc_column][\/vc_row][vc_row][vc_column][vc_column_text]<\/p>\n<h4>Gem\u00fcsesch\u00e4lmaschinen<\/h4>\n<p>Verk\u00fcrzen Sie die Vorbereitungszeit mit unseren Gem\u00fcsesch\u00e4lmaschinen, die f\u00fcr eine Reihe von Gem\u00fcse- und Obstsorten entwickelt wurden und ein schnelles, effizientes Sch\u00e4len bei gleichzeitiger Beibehaltung der Produktkonsistenz erm\u00f6glichen.[\/vc_column_text][vc_empty_space][\/vc_column][\/vc_row][vc_row][vc_column][vc_column_text]<\/p>\n<h4>Gem\u00fcsewaschmaschinen und -trockner<\/h4>\n<p>Sorgen Sie mit unseren Gem\u00fcsewaschmaschinen und Trocknern f\u00fcr eine tadellose Zubereitung der Produkte \u2013 sie bieten eine gr\u00fcndliche Reinigung und schnelles Trocknen, die f\u00fcr die Pr\u00e4sentation und Hygiene unerl\u00e4sslich sind.[\/vc_column_text][vc_empty_space][\/vc_column][\/vc_row][vc_row][vc_column][vc_column_text]<\/p>\n<h4>Baguette- Schneidemaschinen<\/h4>\n<p>Unsere elektrischen Baguette- Schneidemaschinen wurden f\u00fcr Hochleistungsk\u00fcchen entwickelt und liefern schnelle, gleichm\u00e4\u00dfige Scheiben, um mit Ihren Serviceanforderungen Schritt zu halten.[\/vc_column_text][vc_empty_space][\/vc_column][\/vc_row][vc_row][vc_column][vc_column_text]<\/p>\n<h4>B\u00e4ckerei-Ausr\u00fcstung<\/h4>\n<p>Entdecken Sie unser B\u00e4ckereisortiment, darunter Spiralkneter und Teigausrollmaschinen \u2013 alle entwickelt, um die Produktion zu rationalisieren und eine gleichbleibende Qualit\u00e4t zu gew\u00e4hrleisten.[\/vc_column_text][vc_empty_space][\/vc_column][\/vc_row][vc_row][vc_column][vc_column_text]<\/p>\n<h4>Vakuumierer<\/h4>\n<p>Verl\u00e4ngern Sie die Frische Ihrer Produkte mit unseren Vakuumverpackungsl\u00f6sungen, die mit mehreren Verpackungsformaten kompatibel sind, um die Konservierung zu optimieren.[\/vc_column_text][vc_empty_space][\/vc_column][\/vc_row][vc_row][vc_column][vc_column_text]<\/p>\n<h3>Warum Dito Sama w\u00e4hlen?<\/h3>\n<ul>\n<li><strong>Franz\u00f6sisches Know-how:<\/strong> 100% in Frankreich hergestellt, mit einer Mischung aus industrieller Innovation und handwerklicher Tradition.<\/li>\n<li><strong>Langlebigkeit:<\/strong> Robust gebaut, um den Strapazen professioneller K\u00fcchen standzuhalten.<\/li>\n<li><strong>Innovation:<\/strong> Spitzentechnologie, die sich mit Ihren Bed\u00fcrfnissen weiterentwickelt.<\/li>\n<li><strong>Engagierte Unterst\u00fctzung:<\/strong> Unser Team arbeitet mit Ihnen zusammen, um die richtige Ausr\u00fcstung f\u00fcr Ihre K\u00fcche auszuw\u00e4hlen und zu warten.<\/li>\n<\/ul>\n<p>[\/vc_column_text][vc_empty_space][\/vc_column][\/vc_row][vc_row][vc_column][vc_column_text]<\/p>\n<h3>Sind Sie bereit, Ihre K\u00fcche auszustatten?<\/h3>\n<p>Entdecken Sie unser gesamtes Produktsortiment und erfahren Sie, wie Dito Sama die Effizienz und Leistung Ihrer K\u00fcche steigern kann.[\/vc_column_text][\/vc_column][\/vc_row]<\/p>\n<\/section>","protected":false},"excerpt":{"rendered":"<p>[vc_row][vc_column][vc_empty_space][vc_column_text] Produkte [\/vc_column_text][vc_column_text] Unsere Produktpalette [\/vc_column_text][vc_empty_space][\/vc_column][\/vc_row][vc_row][vc_column][vc_column_text] Gem\u00fcseschneider Optimieren Sie Ihre Gem\u00fcsezubereitung mit unseren leistungsstarken Reibe- und Schneidemaschinen. Mit patentierten Hebeldr\u00fccken und Pr\u00e4zisionsklingen liefern unsere Ger\u00e4te schnelle, pr\u00e4zise Schnitte \u2013 ideal f\u00fcr den Einsatz in der Profi-K\u00fcche.[\/vc_column_text][vc_empty_space][\/vc_column][\/vc_row][vc_row][vc_column][vc_column_text] Kutter, Mixer und Emulgatoren Verwandeln Sie Rohstoffe in raffinierte Kreationen. Unsere Kutter und Mixer bieten variable Geschwindigkeiten und austauschbare [&hellip;]<\/p>\n","protected":false},"author":1,"featured_media":0,"parent":0,"menu_order":0,"comment_status":"closed","ping_status":"closed","template":"","meta":{"inline_featured_image":false,"footnotes":""},"class_list":["post-3443","page","type-page","status-publish","hentry"],"acf":[],"yoast_head":"<!-- This site is optimized with the Yoast SEO plugin v26.1.1 - https:\/\/yoast.com\/wordpress\/plugins\/seo\/ -->\n<title>Products | Dito Sama<\/title>\n<meta name=\"robots\" content=\"index, follow, max-snippet:-1, max-image-preview:large, max-video-preview:-1\" \/>\n<link rel=\"canonical\" href=\"https:\/\/www.ditosama.com\/de\/wp-json\/wp\/v2\/pages\/3443\" \/>\n<meta property=\"og:locale\" content=\"de_DE\" \/>\n<meta property=\"og:type\" content=\"article\" \/>\n<meta property=\"og:title\" content=\"Products | Dito Sama\" \/>\n<meta property=\"og:description\" content=\"[vc_row][vc_column][vc_empty_space][vc_column_text] Produkte [\/vc_column_text][vc_column_text] Unsere Produktpalette [\/vc_column_text][vc_empty_space][\/vc_column][\/vc_row][vc_row][vc_column][vc_column_text] Gem\u00fcseschneider Optimieren Sie Ihre Gem\u00fcsezubereitung mit unseren leistungsstarken Reibe- und Schneidemaschinen. Mit patentierten Hebeldr\u00fccken und Pr\u00e4zisionsklingen liefern unsere Ger\u00e4te schnelle, pr\u00e4zise Schnitte \u2013 ideal f\u00fcr den Einsatz in der Profi-K\u00fcche.[\/vc_column_text][vc_empty_space][\/vc_column][\/vc_row][vc_row][vc_column][vc_column_text] Kutter, Mixer und Emulgatoren Verwandeln Sie Rohstoffe in raffinierte Kreationen. Unsere Kutter und Mixer bieten variable Geschwindigkeiten und austauschbare [&hellip;]\" \/>\n<meta property=\"og:url\" content=\"https:\/\/www.ditosama.com\/de\/products\/\" \/>\n<meta property=\"og:site_name\" content=\"Dito Sama\" \/>\n<meta property=\"article:modified_time\" content=\"2025-09-26T06:02:55+00:00\" \/>\n<meta name=\"twitter:card\" content=\"summary_large_image\" \/>\n<meta name=\"twitter:label1\" content=\"Gesch\u00e4tzte Lesezeit\" \/>\n\t<meta name=\"twitter:data1\" content=\"2\u00a0Minuten\" \/>\n<script type=\"application\/ld+json\" class=\"yoast-schema-graph\">{\"@context\":\"https:\/\/schema.org\",\"@graph\":[{\"@type\":\"WebPage\",\"@id\":\"https:\/\/www.ditosama.com\/de\/products\/\",\"url\":\"https:\/\/www.ditosama.com\/de\/products\/\",\"name\":\"Products | Dito Sama\",\"isPartOf\":{\"@id\":\"https:\/\/www.ditosama.com\/en\/#website\"},\"datePublished\":\"2024-03-28T08:03:30+00:00\",\"dateModified\":\"2025-09-26T06:02:55+00:00\",\"breadcrumb\":{\"@id\":\"https:\/\/www.ditosama.com\/de\/products\/#breadcrumb\"},\"inLanguage\":\"de\",\"potentialAction\":[{\"@type\":\"ReadAction\",\"target\":[\"https:\/\/www.ditosama.com\/de\/products\/\"]}]},{\"@type\":\"BreadcrumbList\",\"@id\":\"https:\/\/www.ditosama.com\/de\/products\/#breadcrumb\",\"itemListElement\":[{\"@type\":\"ListItem\",\"position\":1,\"name\":\"Home\",\"item\":\"https:\/\/www.ditosama.com\/de\/\"},{\"@type\":\"ListItem\",\"position\":2,\"name\":\"Products\"}]},{\"@type\":\"WebSite\",\"@id\":\"https:\/\/www.ditosama.com\/en\/#website\",\"url\":\"https:\/\/www.ditosama.com\/en\/\",\"name\":\"Dito Sama\",\"description\":\"\",\"potentialAction\":[{\"@type\":\"SearchAction\",\"target\":{\"@type\":\"EntryPoint\",\"urlTemplate\":\"https:\/\/www.ditosama.com\/en\/?s={search_term_string}\"},\"query-input\":{\"@type\":\"PropertyValueSpecification\",\"valueRequired\":true,\"valueName\":\"search_term_string\"}}],\"inLanguage\":\"de\"}]}<\/script>\n<!-- \/ Yoast SEO plugin. -->","yoast_head_json":{"title":"Products | Dito Sama","robots":{"index":"index","follow":"follow","max-snippet":"max-snippet:-1","max-image-preview":"max-image-preview:large","max-video-preview":"max-video-preview:-1"},"canonical":"https:\/\/www.ditosama.com\/de\/wp-json\/wp\/v2\/pages\/3443","og_locale":"de_DE","og_type":"article","og_title":"Products | Dito Sama","og_description":"[vc_row][vc_column][vc_empty_space][vc_column_text] Produkte [\/vc_column_text][vc_column_text] Unsere Produktpalette [\/vc_column_text][vc_empty_space][\/vc_column][\/vc_row][vc_row][vc_column][vc_column_text] Gem\u00fcseschneider Optimieren Sie Ihre Gem\u00fcsezubereitung mit unseren leistungsstarken Reibe- und Schneidemaschinen. Mit patentierten Hebeldr\u00fccken und Pr\u00e4zisionsklingen liefern unsere Ger\u00e4te schnelle, pr\u00e4zise Schnitte \u2013 ideal f\u00fcr den Einsatz in der Profi-K\u00fcche.[\/vc_column_text][vc_empty_space][\/vc_column][\/vc_row][vc_row][vc_column][vc_column_text] Kutter, Mixer und Emulgatoren Verwandeln Sie Rohstoffe in raffinierte Kreationen. Unsere Kutter und Mixer bieten variable Geschwindigkeiten und austauschbare [&hellip;]","og_url":"https:\/\/www.ditosama.com\/de\/products\/","og_site_name":"Dito Sama","article_modified_time":"2025-09-26T06:02:55+00:00","twitter_card":"summary_large_image","twitter_misc":{"Gesch\u00e4tzte Lesezeit":"2\u00a0Minuten"},"schema":{"@context":"https:\/\/schema.org","@graph":[{"@type":"WebPage","@id":"https:\/\/www.ditosama.com\/de\/products\/","url":"https:\/\/www.ditosama.com\/de\/products\/","name":"Products | Dito Sama","isPartOf":{"@id":"https:\/\/www.ditosama.com\/en\/#website"},"datePublished":"2024-03-28T08:03:30+00:00","dateModified":"2025-09-26T06:02:55+00:00","breadcrumb":{"@id":"https:\/\/www.ditosama.com\/de\/products\/#breadcrumb"},"inLanguage":"de","potentialAction":[{"@type":"ReadAction","target":["https:\/\/www.ditosama.com\/de\/products\/"]}]},{"@type":"BreadcrumbList","@id":"https:\/\/www.ditosama.com\/de\/products\/#breadcrumb","itemListElement":[{"@type":"ListItem","position":1,"name":"Home","item":"https:\/\/www.ditosama.com\/de\/"},{"@type":"ListItem","position":2,"name":"Products"}]},{"@type":"WebSite","@id":"https:\/\/www.ditosama.com\/en\/#website","url":"https:\/\/www.ditosama.com\/en\/","name":"Dito Sama","description":"","potentialAction":[{"@type":"SearchAction","target":{"@type":"EntryPoint","urlTemplate":"https:\/\/www.ditosama.com\/en\/?s={search_term_string}"},"query-input":{"@type":"PropertyValueSpecification","valueRequired":true,"valueName":"search_term_string"}}],"inLanguage":"de"}]}},"_links":{"self":[{"href":"https:\/\/www.ditosama.com\/de\/wp-json\/wp\/v2\/pages\/3443","targetHints":{"allow":["GET"]}}],"collection":[{"href":"https:\/\/www.ditosama.com\/de\/wp-json\/wp\/v2\/pages"}],"about":[{"href":"https:\/\/www.ditosama.com\/de\/wp-json\/wp\/v2\/types\/page"}],"author":[{"embeddable":true,"href":"https:\/\/www.ditosama.com\/de\/wp-json\/wp\/v2\/users\/1"}],"replies":[{"embeddable":true,"href":"https:\/\/www.ditosama.com\/de\/wp-json\/wp\/v2\/comments?post=3443"}],"version-history":[{"count":7,"href":"https:\/\/www.ditosama.com\/de\/wp-json\/wp\/v2\/pages\/3443\/revisions"}],"predecessor-version":[{"id":30807,"href":"https:\/\/www.ditosama.com\/de\/wp-json\/wp\/v2\/pages\/3443\/revisions\/30807"}],"wp:attachment":[{"href":"https:\/\/www.ditosama.com\/de\/wp-json\/wp\/v2\/media?parent=3443"}],"curies":[{"name":"wp","href":"https:\/\/api.w.org\/{rel}","templated":true}]}}