{"id":2819,"date":"2024-03-28T08:03:34","date_gmt":"2024-03-28T08:03:34","guid":{"rendered":"https:\/\/www.ditosama.com\/services\/"},"modified":"2025-09-26T06:36:57","modified_gmt":"2025-09-26T06:36:57","slug":"services","status":"publish","type":"page","link":"https:\/\/www.ditosama.com\/de\/services\/","title":{"rendered":"Services"},"content":{"rendered":"<section class=\"wpb-content-wrapper\"><p>[vc_row][vc_column][vc_empty_space][vc_column_text]<\/p>\n<h1><strong>Unsere Leistungen<\/strong><\/h1>\n<p>[\/vc_column_text][vc_column_text]<\/p>\n<h3>Wir unterst\u00fctzen Sie \u00fcber die Ausr\u00fcstung hinaus<\/h3>\n<p>[\/vc_column_text][vc_column_text]Unser Engagement bei Dito Sama geht \u00fcber die Herstellung hochwertiger K\u00fcchenger\u00e4te hinaus. Wir bieten ein umfassendes Angebot an Dienstleistungen, die Ihnen helfen, die Leistung und Lebensdauer Ihrer Maschinen zu maximieren \u2013 von der Produktregistrierung \u00fcber die detaillierte Dokumentation bis hin zum laufenden technischen Support.[\/vc_column_text][vc_empty_space][\/vc_column][\/vc_row][vc_row][vc_column][vc_column_text]<\/p>\n<h3>Unser Angebot<\/h3>\n<p>[\/vc_column_text][vc_column_text]<strong>Technischer Support und Unterst\u00fctzung<br \/>\n<\/strong>Unser Expertenteam ist immer bereit, Ihnen bei allen technischen Fragen oder Herausforderungen zu helfen. Ganz gleich, ob Sie Hilfe ben\u00f6tigen, um eine Funktion vollst\u00e4ndig zu verstehen, oder Hilfe bei der Fehlerbehebung ben\u00f6tigen, wir sind nur einen Anruf oder eine E-Mail entfernt.[\/vc_column_text][vc_empty_space][\/vc_column][\/vc_row][vc_row][vc_column][vc_column_text]<\/p>\n<p style=\"text-align: left;\"><strong>Wartung &amp; Reparaturen<br \/>\n<\/strong>\u00dcber unser Netzwerk von vertrauensw\u00fcrdigen Servicepartnern bieten wir vorbeugende Wartungspl\u00e4ne und zuverl\u00e4ssige Reparaturdienste. Diese sind darauf zugeschnitten, Ausfallzeiten zu minimieren und sicherzustellen, dass Ihre K\u00fcchenger\u00e4te reibungslos und effizient funktionieren.<\/p>\n<p>[\/vc_column_text][vc_empty_space][\/vc_column][\/vc_row][vc_row][vc_column][vc_column_text]<strong>Verf\u00fcgbarkeit von Ersatzteilen<br \/>\n<\/strong>Dito Sama garantiert die Verf\u00fcgbarkeit von Original-Ersatzteilen f\u00fcr mindestens 10 Jahre nach dem Kauf und hilft Ihnen so, Ihre Ger\u00e4te langfristig zu warten und zu reparieren.[\/vc_column_text][vc_empty_space][\/vc_column][\/vc_row][vc_row][vc_column][vc_column_text]<strong>Produktregistrierung<br \/>\n<\/strong>Registrieren Sie Ihre Ger\u00e4te ganz einfach, um auf personalisierten Support, Garantievorteile und zeitnahe Updates zuzugreifen. Wenn Sie sich registrieren, bleiben Sie \u00fcber die neuesten Serviceangebote und technischen Informationen von Dito Sama auf dem Laufenden.[\/vc_column_text][c21_button cta=&#8220;url:https%3A%2F%2Fwww.ditosama.com%2Fde%2Fservices%2Fregistrieren-sie-ihr-produkt%2F|title:Learn%20more|target:_blank&#8220; extra_class=&#8220;MEHR LESEN&#8220;][vc_empty_space height=&#8220;80px&#8220;][\/vc_column][\/vc_row][vc_row][vc_column][vc_column_text]<strong>Umfassende Dokumentation<br \/>\n<\/strong>Erhalten Sie sofortigen Zugriff auf ausf\u00fchrliche Benutzerhandb\u00fccher, Wartungsanleitungen und technische Datenbl\u00e4tter f\u00fcr alle unsere Produkte. Unsere umfassende Dokumentation hilft Ihnen, Ihre Ger\u00e4te zuverl\u00e4ssig zu betreiben, zu warten und Fehler zu beheben.[\/vc_column_text][c21_button cta=&#8220;url:https%3A%2F%2Fwww.ditosama.com%2Fde%2Fservices%2Fbenutzerhandbucher-und-technische-anleitungen-via-qr-code%2F|title:Learn%20more|target:_blank&#8220; extra_class=&#8220;MEHR LESEN&#8220;][vc_empty_space height=&#8220;80px&#8220;][\/vc_column][\/vc_row][vc_row][vc_column][vc_column_text]<\/p>\n<h3>Sind Sie bereit, das Potenzial Ihrer Ausr\u00fcstung zu maximieren?<\/h3>\n<p>Registrieren Sie Ihr Produkt noch heute und erkunden Sie unser umfassendes Angebot an Dokumentationen und Services. Bei Dito Sama haben wir es uns zur Aufgabe gemacht, Ihren Erfolg in der K\u00fcche zu unterst\u00fctzen.[\/vc_column_text][\/vc_column][\/vc_row]<\/p>\n<\/section>","protected":false},"excerpt":{"rendered":"<p>[vc_row][vc_column][vc_empty_space][vc_column_text] Unsere Leistungen [\/vc_column_text][vc_column_text] Wir unterst\u00fctzen Sie \u00fcber die Ausr\u00fcstung hinaus [\/vc_column_text][vc_column_text]Unser Engagement bei Dito Sama geht \u00fcber die Herstellung hochwertiger K\u00fcchenger\u00e4te hinaus. Wir bieten ein umfassendes Angebot an Dienstleistungen, die Ihnen helfen, die Leistung und Lebensdauer Ihrer Maschinen zu maximieren \u2013 von der Produktregistrierung \u00fcber die detaillierte Dokumentation bis hin zum laufenden technischen Support.[\/vc_column_text][vc_empty_space][\/vc_column][\/vc_row][vc_row][vc_column][vc_column_text] [&hellip;]<\/p>\n","protected":false},"author":1,"featured_media":0,"parent":0,"menu_order":0,"comment_status":"closed","ping_status":"closed","template":"","meta":{"inline_featured_image":false,"footnotes":""},"class_list":["post-2819","page","type-page","status-publish","hentry"],"acf":[],"yoast_head":"<!-- This site is optimized with the Yoast SEO plugin v26.1.1 - https:\/\/yoast.com\/wordpress\/plugins\/seo\/ -->\n<title>Services | Dito Sama<\/title>\n<meta name=\"robots\" content=\"index, follow, max-snippet:-1, max-image-preview:large, max-video-preview:-1\" \/>\n<link rel=\"canonical\" href=\"https:\/\/www.ditosama.com\/de\/wp-json\/wp\/v2\/pages\/2819\" \/>\n<meta property=\"og:locale\" content=\"de_DE\" \/>\n<meta property=\"og:type\" content=\"article\" \/>\n<meta property=\"og:title\" content=\"Services | Dito Sama\" \/>\n<meta property=\"og:description\" content=\"[vc_row][vc_column][vc_empty_space][vc_column_text] Unsere Leistungen [\/vc_column_text][vc_column_text] Wir unterst\u00fctzen Sie \u00fcber die Ausr\u00fcstung hinaus [\/vc_column_text][vc_column_text]Unser Engagement bei Dito Sama geht \u00fcber die Herstellung hochwertiger K\u00fcchenger\u00e4te hinaus. Wir bieten ein umfassendes Angebot an Dienstleistungen, die Ihnen helfen, die Leistung und Lebensdauer Ihrer Maschinen zu maximieren \u2013 von der Produktregistrierung \u00fcber die detaillierte Dokumentation bis hin zum laufenden technischen Support.[\/vc_column_text][vc_empty_space][\/vc_column][\/vc_row][vc_row][vc_column][vc_column_text] [&hellip;]\" \/>\n<meta property=\"og:url\" content=\"https:\/\/www.ditosama.com\/de\/services\/\" \/>\n<meta property=\"og:site_name\" content=\"Dito Sama\" \/>\n<meta property=\"article:modified_time\" content=\"2025-09-26T06:36:57+00:00\" \/>\n<meta name=\"twitter:card\" content=\"summary_large_image\" \/>\n<meta name=\"twitter:label1\" content=\"Gesch\u00e4tzte Lesezeit\" \/>\n\t<meta name=\"twitter:data1\" content=\"2\u00a0Minuten\" \/>\n<script type=\"application\/ld+json\" class=\"yoast-schema-graph\">{\"@context\":\"https:\/\/schema.org\",\"@graph\":[{\"@type\":\"WebPage\",\"@id\":\"https:\/\/www.ditosama.com\/de\/services\/\",\"url\":\"https:\/\/www.ditosama.com\/de\/services\/\",\"name\":\"Services | Dito Sama\",\"isPartOf\":{\"@id\":\"https:\/\/www.ditosama.com\/en\/#website\"},\"datePublished\":\"2024-03-28T08:03:34+00:00\",\"dateModified\":\"2025-09-26T06:36:57+00:00\",\"breadcrumb\":{\"@id\":\"https:\/\/www.ditosama.com\/de\/services\/#breadcrumb\"},\"inLanguage\":\"de\",\"potentialAction\":[{\"@type\":\"ReadAction\",\"target\":[\"https:\/\/www.ditosama.com\/de\/services\/\"]}]},{\"@type\":\"BreadcrumbList\",\"@id\":\"https:\/\/www.ditosama.com\/de\/services\/#breadcrumb\",\"itemListElement\":[{\"@type\":\"ListItem\",\"position\":1,\"name\":\"Home\",\"item\":\"https:\/\/www.ditosama.com\/de\/\"},{\"@type\":\"ListItem\",\"position\":2,\"name\":\"Services\"}]},{\"@type\":\"WebSite\",\"@id\":\"https:\/\/www.ditosama.com\/en\/#website\",\"url\":\"https:\/\/www.ditosama.com\/en\/\",\"name\":\"Dito Sama\",\"description\":\"\",\"potentialAction\":[{\"@type\":\"SearchAction\",\"target\":{\"@type\":\"EntryPoint\",\"urlTemplate\":\"https:\/\/www.ditosama.com\/en\/?s={search_term_string}\"},\"query-input\":{\"@type\":\"PropertyValueSpecification\",\"valueRequired\":true,\"valueName\":\"search_term_string\"}}],\"inLanguage\":\"de\"}]}<\/script>\n<!-- \/ Yoast SEO plugin. -->","yoast_head_json":{"title":"Services | Dito Sama","robots":{"index":"index","follow":"follow","max-snippet":"max-snippet:-1","max-image-preview":"max-image-preview:large","max-video-preview":"max-video-preview:-1"},"canonical":"https:\/\/www.ditosama.com\/de\/wp-json\/wp\/v2\/pages\/2819","og_locale":"de_DE","og_type":"article","og_title":"Services | Dito Sama","og_description":"[vc_row][vc_column][vc_empty_space][vc_column_text] Unsere Leistungen [\/vc_column_text][vc_column_text] Wir unterst\u00fctzen Sie \u00fcber die Ausr\u00fcstung hinaus [\/vc_column_text][vc_column_text]Unser Engagement bei Dito Sama geht \u00fcber die Herstellung hochwertiger K\u00fcchenger\u00e4te hinaus. Wir bieten ein umfassendes Angebot an Dienstleistungen, die Ihnen helfen, die Leistung und Lebensdauer Ihrer Maschinen zu maximieren \u2013 von der Produktregistrierung \u00fcber die detaillierte Dokumentation bis hin zum laufenden technischen Support.[\/vc_column_text][vc_empty_space][\/vc_column][\/vc_row][vc_row][vc_column][vc_column_text] [&hellip;]","og_url":"https:\/\/www.ditosama.com\/de\/services\/","og_site_name":"Dito Sama","article_modified_time":"2025-09-26T06:36:57+00:00","twitter_card":"summary_large_image","twitter_misc":{"Gesch\u00e4tzte Lesezeit":"2\u00a0Minuten"},"schema":{"@context":"https:\/\/schema.org","@graph":[{"@type":"WebPage","@id":"https:\/\/www.ditosama.com\/de\/services\/","url":"https:\/\/www.ditosama.com\/de\/services\/","name":"Services | Dito Sama","isPartOf":{"@id":"https:\/\/www.ditosama.com\/en\/#website"},"datePublished":"2024-03-28T08:03:34+00:00","dateModified":"2025-09-26T06:36:57+00:00","breadcrumb":{"@id":"https:\/\/www.ditosama.com\/de\/services\/#breadcrumb"},"inLanguage":"de","potentialAction":[{"@type":"ReadAction","target":["https:\/\/www.ditosama.com\/de\/services\/"]}]},{"@type":"BreadcrumbList","@id":"https:\/\/www.ditosama.com\/de\/services\/#breadcrumb","itemListElement":[{"@type":"ListItem","position":1,"name":"Home","item":"https:\/\/www.ditosama.com\/de\/"},{"@type":"ListItem","position":2,"name":"Services"}]},{"@type":"WebSite","@id":"https:\/\/www.ditosama.com\/en\/#website","url":"https:\/\/www.ditosama.com\/en\/","name":"Dito Sama","description":"","potentialAction":[{"@type":"SearchAction","target":{"@type":"EntryPoint","urlTemplate":"https:\/\/www.ditosama.com\/en\/?s={search_term_string}"},"query-input":{"@type":"PropertyValueSpecification","valueRequired":true,"valueName":"search_term_string"}}],"inLanguage":"de"}]}},"_links":{"self":[{"href":"https:\/\/www.ditosama.com\/de\/wp-json\/wp\/v2\/pages\/2819","targetHints":{"allow":["GET"]}}],"collection":[{"href":"https:\/\/www.ditosama.com\/de\/wp-json\/wp\/v2\/pages"}],"about":[{"href":"https:\/\/www.ditosama.com\/de\/wp-json\/wp\/v2\/types\/page"}],"author":[{"embeddable":true,"href":"https:\/\/www.ditosama.com\/de\/wp-json\/wp\/v2\/users\/1"}],"replies":[{"embeddable":true,"href":"https:\/\/www.ditosama.com\/de\/wp-json\/wp\/v2\/comments?post=2819"}],"version-history":[{"count":7,"href":"https:\/\/www.ditosama.com\/de\/wp-json\/wp\/v2\/pages\/2819\/revisions"}],"predecessor-version":[{"id":30845,"href":"https:\/\/www.ditosama.com\/de\/wp-json\/wp\/v2\/pages\/2819\/revisions\/30845"}],"wp:attachment":[{"href":"https:\/\/www.ditosama.com\/de\/wp-json\/wp\/v2\/media?parent=2819"}],"curies":[{"name":"wp","href":"https:\/\/api.w.org\/{rel}","templated":true}]}}