{"id":2811,"date":"2024-03-28T08:02:54","date_gmt":"2024-03-28T08:02:54","guid":{"rendered":"https:\/\/www.ditosama.com\/inspirations\/"},"modified":"2025-09-25T14:44:07","modified_gmt":"2025-09-25T14:44:07","slug":"inspirations","status":"publish","type":"page","link":"https:\/\/www.ditosama.com\/de\/inspirations\/","title":{"rendered":"Inspirations"},"content":{"rendered":"<section class=\"wpb-content-wrapper\"><p>[vc_row][vc_column][vc_empty_space][vc_column_text]<\/p>\n<h2>Lassen Sie sich inspirieren<\/h2>\n<p>[\/vc_column_text][vc_column_text]Wir bei Dito Sama glauben, dass Innovation in der K\u00fcche mit den richtigen Werkzeugen und dem richtigen Wissen beginnt. Mit 80 Jahren Erfahrung in der Bereitstellung erstklassiger Ausr\u00fcstung f\u00fcr kulinarische Profis sind wir hier, um Ihre kulinarische Reise zu inspirieren.[\/vc_column_text][vc_empty_space][\/vc_column][\/vc_row][vc_row][vc_column][vc_column_text]<\/p>\n<h3>Kulinarische Inspiration<\/h3>\n<p>Entdecken Sie eine kuratierte Auswahl an Rezepten und kreativen Ideen, die die Vielseitigkeit unserer Ger\u00e4te zur Geltung bringen. Ganz gleich, ob Sie delikates Geb\u00e4ck oder herzhafte Mahlzeiten zubereiten m\u00f6chten, unsere kulinarischen Inspirationen sind darauf zugeschnitten, Ihre Kreativit\u00e4t zu entfachen.[\/vc_column_text][c21_button cta=&#8220;url:https%3A%2F%2Fwww.ditosama.com%2Fde%2Finspirations%2Fkulinarische-inspiration%2F|title:Learn%20more|target:_blank&#8220; extra_class=&#8220;MEHR LESEN&#8220;][vc_empty_space height=&#8220;80px&#8220;][\/vc_column][\/vc_row][vc_row][vc_column][vc_column_text]<\/p>\n<h3>Professionelle Beratung<\/h3>\n<p>Nutzen Sie unsere jahrzehntelange Erfahrung mit Expertentipps und -techniken, um Ihren K\u00fcchenbetrieb zu verbessern. Von der Optimierung der Lebensmittelzubereitungsprozesse bis hin zur Wartung der Ger\u00e4te basieren unsere Ratschl\u00e4ge auf realen Anwendungen und helfen Ihnen, fundierte Entscheidungen zu treffen, die die Effizienz und Leistung Ihrer K\u00fcche verbessern.[\/vc_column_text][c21_button cta=&#8220;url:https%3A%2F%2Fwww.ditosama.com%2Fde%2Finspirations%2Fberatungsseite%2F|title:Learn%20more|target:_blank&#8220; extra_class=&#8220;MEHR LESEN&#8220;][vc_empty_space height=&#8220;80px&#8220;][\/vc_column][\/vc_row]<\/p>\n<\/section>","protected":false},"excerpt":{"rendered":"<p>[vc_row][vc_column][vc_empty_space][vc_column_text] Lassen Sie sich inspirieren [\/vc_column_text][vc_column_text]Wir bei Dito Sama glauben, dass Innovation in der K\u00fcche mit den richtigen Werkzeugen und dem richtigen Wissen beginnt. Mit 80 Jahren Erfahrung in der Bereitstellung erstklassiger Ausr\u00fcstung f\u00fcr kulinarische Profis sind wir hier, um Ihre kulinarische Reise zu inspirieren.[\/vc_column_text][vc_empty_space][\/vc_column][\/vc_row][vc_row][vc_column][vc_column_text] Kulinarische Inspiration Entdecken Sie eine kuratierte Auswahl an Rezepten und [&hellip;]<\/p>\n","protected":false},"author":1,"featured_media":0,"parent":0,"menu_order":0,"comment_status":"closed","ping_status":"closed","template":"","meta":{"inline_featured_image":false,"footnotes":""},"class_list":["post-2811","page","type-page","status-publish","hentry"],"acf":[],"yoast_head":"<!-- This site is optimized with the Yoast SEO plugin v26.1.1 - https:\/\/yoast.com\/wordpress\/plugins\/seo\/ -->\n<title>Inspirations - Dito Sama Global<\/title>\n<meta name=\"robots\" content=\"index, follow, max-snippet:-1, max-image-preview:large, max-video-preview:-1\" \/>\n<link rel=\"canonical\" href=\"https:\/\/www.ditosama.com\/de\/wp-json\/wp\/v2\/pages\/2811\" \/>\n<meta property=\"og:locale\" content=\"de_DE\" \/>\n<meta property=\"og:type\" content=\"article\" \/>\n<meta property=\"og:title\" content=\"Inspirations - Dito Sama Global\" \/>\n<meta property=\"og:description\" content=\"[vc_row][vc_column][vc_empty_space][vc_column_text] Lassen Sie sich inspirieren [\/vc_column_text][vc_column_text]Wir bei Dito Sama glauben, dass Innovation in der K\u00fcche mit den richtigen Werkzeugen und dem richtigen Wissen beginnt. Mit 80 Jahren Erfahrung in der Bereitstellung erstklassiger Ausr\u00fcstung f\u00fcr kulinarische Profis sind wir hier, um Ihre kulinarische Reise zu inspirieren.[\/vc_column_text][vc_empty_space][\/vc_column][\/vc_row][vc_row][vc_column][vc_column_text] Kulinarische Inspiration Entdecken Sie eine kuratierte Auswahl an Rezepten und [&hellip;]\" \/>\n<meta property=\"og:url\" content=\"https:\/\/www.ditosama.com\/de\/inspirations\/\" \/>\n<meta property=\"og:site_name\" content=\"Dito Sama\" \/>\n<meta property=\"article:modified_time\" content=\"2025-09-25T14:44:07+00:00\" \/>\n<meta name=\"twitter:card\" content=\"summary_large_image\" \/>\n<meta name=\"twitter:label1\" content=\"Gesch\u00e4tzte Lesezeit\" \/>\n\t<meta name=\"twitter:data1\" content=\"1\u00a0Minute\" \/>\n<script type=\"application\/ld+json\" class=\"yoast-schema-graph\">{\"@context\":\"https:\/\/schema.org\",\"@graph\":[{\"@type\":\"WebPage\",\"@id\":\"https:\/\/www.ditosama.com\/de\/inspirations\/\",\"url\":\"https:\/\/www.ditosama.com\/de\/inspirations\/\",\"name\":\"Inspirations - Dito Sama Global\",\"isPartOf\":{\"@id\":\"https:\/\/www.ditosama.com\/en\/#website\"},\"datePublished\":\"2024-03-28T08:02:54+00:00\",\"dateModified\":\"2025-09-25T14:44:07+00:00\",\"breadcrumb\":{\"@id\":\"https:\/\/www.ditosama.com\/de\/inspirations\/#breadcrumb\"},\"inLanguage\":\"de\",\"potentialAction\":[{\"@type\":\"ReadAction\",\"target\":[\"https:\/\/www.ditosama.com\/de\/inspirations\/\"]}]},{\"@type\":\"BreadcrumbList\",\"@id\":\"https:\/\/www.ditosama.com\/de\/inspirations\/#breadcrumb\",\"itemListElement\":[{\"@type\":\"ListItem\",\"position\":1,\"name\":\"Home\",\"item\":\"https:\/\/www.ditosama.com\/de\/\"},{\"@type\":\"ListItem\",\"position\":2,\"name\":\"Inspirations\"}]},{\"@type\":\"WebSite\",\"@id\":\"https:\/\/www.ditosama.com\/en\/#website\",\"url\":\"https:\/\/www.ditosama.com\/en\/\",\"name\":\"Dito Sama\",\"description\":\"\",\"potentialAction\":[{\"@type\":\"SearchAction\",\"target\":{\"@type\":\"EntryPoint\",\"urlTemplate\":\"https:\/\/www.ditosama.com\/en\/?s={search_term_string}\"},\"query-input\":{\"@type\":\"PropertyValueSpecification\",\"valueRequired\":true,\"valueName\":\"search_term_string\"}}],\"inLanguage\":\"de\"}]}<\/script>\n<!-- \/ Yoast SEO plugin. -->","yoast_head_json":{"title":"Inspirations - Dito Sama Global","robots":{"index":"index","follow":"follow","max-snippet":"max-snippet:-1","max-image-preview":"max-image-preview:large","max-video-preview":"max-video-preview:-1"},"canonical":"https:\/\/www.ditosama.com\/de\/wp-json\/wp\/v2\/pages\/2811","og_locale":"de_DE","og_type":"article","og_title":"Inspirations - Dito Sama Global","og_description":"[vc_row][vc_column][vc_empty_space][vc_column_text] Lassen Sie sich inspirieren [\/vc_column_text][vc_column_text]Wir bei Dito Sama glauben, dass Innovation in der K\u00fcche mit den richtigen Werkzeugen und dem richtigen Wissen beginnt. Mit 80 Jahren Erfahrung in der Bereitstellung erstklassiger Ausr\u00fcstung f\u00fcr kulinarische Profis sind wir hier, um Ihre kulinarische Reise zu inspirieren.[\/vc_column_text][vc_empty_space][\/vc_column][\/vc_row][vc_row][vc_column][vc_column_text] Kulinarische Inspiration Entdecken Sie eine kuratierte Auswahl an Rezepten und [&hellip;]","og_url":"https:\/\/www.ditosama.com\/de\/inspirations\/","og_site_name":"Dito Sama","article_modified_time":"2025-09-25T14:44:07+00:00","twitter_card":"summary_large_image","twitter_misc":{"Gesch\u00e4tzte Lesezeit":"1\u00a0Minute"},"schema":{"@context":"https:\/\/schema.org","@graph":[{"@type":"WebPage","@id":"https:\/\/www.ditosama.com\/de\/inspirations\/","url":"https:\/\/www.ditosama.com\/de\/inspirations\/","name":"Inspirations - Dito Sama Global","isPartOf":{"@id":"https:\/\/www.ditosama.com\/en\/#website"},"datePublished":"2024-03-28T08:02:54+00:00","dateModified":"2025-09-25T14:44:07+00:00","breadcrumb":{"@id":"https:\/\/www.ditosama.com\/de\/inspirations\/#breadcrumb"},"inLanguage":"de","potentialAction":[{"@type":"ReadAction","target":["https:\/\/www.ditosama.com\/de\/inspirations\/"]}]},{"@type":"BreadcrumbList","@id":"https:\/\/www.ditosama.com\/de\/inspirations\/#breadcrumb","itemListElement":[{"@type":"ListItem","position":1,"name":"Home","item":"https:\/\/www.ditosama.com\/de\/"},{"@type":"ListItem","position":2,"name":"Inspirations"}]},{"@type":"WebSite","@id":"https:\/\/www.ditosama.com\/en\/#website","url":"https:\/\/www.ditosama.com\/en\/","name":"Dito Sama","description":"","potentialAction":[{"@type":"SearchAction","target":{"@type":"EntryPoint","urlTemplate":"https:\/\/www.ditosama.com\/en\/?s={search_term_string}"},"query-input":{"@type":"PropertyValueSpecification","valueRequired":true,"valueName":"search_term_string"}}],"inLanguage":"de"}]}},"_links":{"self":[{"href":"https:\/\/www.ditosama.com\/de\/wp-json\/wp\/v2\/pages\/2811","targetHints":{"allow":["GET"]}}],"collection":[{"href":"https:\/\/www.ditosama.com\/de\/wp-json\/wp\/v2\/pages"}],"about":[{"href":"https:\/\/www.ditosama.com\/de\/wp-json\/wp\/v2\/types\/page"}],"author":[{"embeddable":true,"href":"https:\/\/www.ditosama.com\/de\/wp-json\/wp\/v2\/users\/1"}],"replies":[{"embeddable":true,"href":"https:\/\/www.ditosama.com\/de\/wp-json\/wp\/v2\/comments?post=2811"}],"version-history":[{"count":5,"href":"https:\/\/www.ditosama.com\/de\/wp-json\/wp\/v2\/pages\/2811\/revisions"}],"predecessor-version":[{"id":30794,"href":"https:\/\/www.ditosama.com\/de\/wp-json\/wp\/v2\/pages\/2811\/revisions\/30794"}],"wp:attachment":[{"href":"https:\/\/www.ditosama.com\/de\/wp-json\/wp\/v2\/media?parent=2811"}],"curies":[{"name":"wp","href":"https:\/\/api.w.org\/{rel}","templated":true}]}}