{"id":28041,"date":"2024-07-12T12:43:41","date_gmt":"2024-07-12T12:43:41","guid":{"rendered":"https:\/\/www.ditosama.com\/promotion-eplucheuse-t10e-t15e\/"},"modified":"2024-10-08T15:48:54","modified_gmt":"2024-10-08T15:48:54","slug":"mit-schleuderkorb-t10e-t15e","status":"publish","type":"page","link":"https:\/\/www.ditosama.com\/de\/mit-schleuderkorb-t10e-t15e\/","title":{"rendered":"T10E &#038; T15E MIT SCHLEUDERKORB"},"content":{"rendered":"<section class=\"wpb-content-wrapper\"><p>[vc_row full_width=&#8220;c21-full-width-no-padding&#8220; equal_height=&#8220;yes&#8220; css=&#8220;.vc_custom_1720606882953{background-image: url(https:\/\/www.ditosama.com\/wp-content\/uploads\/2024\/07\/DitoSama-Copertine-T10E-1-2560&#215;1027-6-e1720606841116.jpg?id=26082) !important;background-position: center !important;background-repeat: no-repeat !important;background-size: cover !important;}&#8220;][vc_column width=&#8220;2\/3&#8243; css=&#8220;.vc_custom_1711615089493{background-color: rgba(255,255,255,0.3) !important;*background-color: rgb(255,255,255) !important;}&#8220;][vc_empty_space][vc_row_inner][vc_column_inner width=&#8220;2\/3&#8243;][vc_column_text css=&#8220;.vc_custom_1727787181556{padding-left: 60px !important;}&#8220;]<\/p>\n<h1><strong>T10E &amp; T15E <\/strong><strong>Gem\u00fcsesch\u00e4lmaschinen <\/strong><strong>mit Schleuderkorb<\/strong><\/h1>\n<p>[\/vc_column_text][vc_column_text css=&#8220;.vc_custom_1726473765166{padding-left: 60px !important;}&#8220;]<\/p>\n<h1><strong>Erhalte einen Schleuderkorb GRATIS<\/strong><\/h1>\n<p>[\/vc_column_text][\/vc_column_inner][vc_column_inner width=&#8220;1\/3&#8243;][\/vc_column_inner][\/vc_row_inner][vc_empty_space][\/vc_column][vc_column width=&#8220;1\/3&#8243; css=&#8220;.vc_custom_1711617894771{border-right-width: 20px !important;border-left-width: 20px !important;}&#8220; offset=&#8220;vc_hidden-xs&#8220;][vc_empty_space height=&#8220;50px&#8220;][c21_o2000_contact_us campaign=&#8220;701SX000009qCb1YAE&#8220; flag_campaign=&#8220;true&#8220; country=&#8220;Germany&#8220; b=&#8220;food&#8220; container=&#8220;be5be8&#8243;][vc_empty_space][\/vc_column][\/vc_row][vc_row][vc_column offset=&#8220;vc_hidden-lg vc_hidden-md vc_hidden-sm&#8220;][vc_empty_space][c21_o2000_contact_us campaign=&#8220;701SX000009qCb1YAE&#8220; flag_campaign=&#8220;true&#8220; country=&#8220;Germany&#8220; b=&#8220;food&#8220;][vc_empty_space][\/vc_column][\/vc_row][vc_row full_width=&#8220;c21-full-width-no-padding&#8220;][vc_column][vc_empty_space height=&#8220;50px&#8220;][\/vc_column][\/vc_row][vc_row full_width=&#8220;c21-full-width&#8220; css=&#8220;.vc_custom_1711448643442{padding-right: 50px !important;padding-left: 50px !important;}&#8220;][vc_column width=&#8220;1\/3&#8243;][vc_row_inner content_placement=&#8220;top&#8220;][vc_column_inner width=&#8220;1\/4&#8243;][vc_single_image image=&#8220;25801&#8243; img_size=&#8220;full&#8220; alignment=&#8220;center&#8220; el_class=&#8220;icon-mobile&#8220;][\/vc_column_inner][vc_column_inner el_class=&#8220;text-center text-md-start&#8220; width=&#8220;3\/4&#8243;][vc_column_text]<strong>Anwender<\/strong>: Restaurants \/ Gemeinschaftsverpflegung \/ Caterer<\/p>\n<p><strong>F\u00fcr 50 bis 300 Portionen<\/strong>[\/vc_column_text][\/vc_column_inner][\/vc_row_inner][vc_empty_space][\/vc_column][vc_column width=&#8220;1\/3&#8243;][vc_row_inner content_placement=&#8220;top&#8220;][vc_column_inner width=&#8220;1\/4&#8243;][vc_single_image image=&#8220;25785&#8243; img_size=&#8220;full&#8220; alignment=&#8220;center&#8220; el_class=&#8220;icon-mobile&#8220;][\/vc_column_inner][vc_column_inner el_class=&#8220;text-center text-md-start&#8220; width=&#8220;3\/4&#8243;][vc_column_text]<strong>Haupteinsatz:<\/strong> Sch\u00e4len, Reinigen, Waschen und Trocknen von Gem\u00fcse[\/vc_column_text][\/vc_column_inner][\/vc_row_inner][vc_empty_space][\/vc_column][vc_column width=&#8220;1\/3&#8243;][vc_row_inner content_placement=&#8220;top&#8220;][vc_column_inner width=&#8220;1\/4&#8243;][vc_single_image image=&#8220;25793&#8243; img_size=&#8220;full&#8220; alignment=&#8220;center&#8220; el_class=&#8220;icon-mobile&#8220;][\/vc_column_inner][vc_column_inner el_class=&#8220;text-center text-md-start&#8220; width=&#8220;3\/4&#8243;][vc_column_text]<strong>Kapazit\u00e4t 10 und 15 kg<\/strong><\/p>\n<p>T10E: Maximale Leistung: 160 Kg\/Std.<\/p>\n<p>T15E: Maximale Leistung: 240 Kg\/Std.[\/vc_column_text][\/vc_column_inner][\/vc_row_inner][vc_empty_space][\/vc_column][\/vc_row][vc_row full_width=&#8220;c21-full-width&#8220; equal_height=&#8220;yes&#8220; content_placement=&#8220;middle&#8220; css=&#8220;.vc_custom_1720520536773{margin-top: 0px !important;padding-right: 50px !important;padding-left: 50px !important;background-color: rgba(155,192,98,0.21) !important;*background-color: rgb(155,192,98) !important;}&#8220;][vc_column width=&#8220;3\/5&#8243;][vc_row_inner content_placement=&#8220;middle&#8220;][vc_column_inner width=&#8220;2\/3&#8243;][vc_column_text]<\/p>\n<h2><strong>Schleuderkorb<\/strong> GRATIS*<\/h2>\n<p>Code: 603509 (T10E)<\/p>\n<p>Code: 603511 (T15E)<\/p>\n<p>Preis: 400,-\u20ac (T10E) \/ 416,-\u20ac (T15E)<\/p>\n<p>&nbsp;<\/p>\n<p>&nbsp;<\/p>\n<p><span style=\"font-size: 30px; line-height: 32px;\">Promocode: <strong><span style=\"color: #9bc062;\">TESSO24<\/span><\/strong><\/span><\/p>\n<p>&nbsp;<\/p>\n<h5>Verwandeln Sie Ihre Gem\u00fcsesch\u00e4lmaschine mit dem kostenlosen Schleuderkorb in eine Salat &amp; Gem\u00fcseschleudermaschine!<\/h5>\n<p>&nbsp;<\/p>\n<p>&nbsp;<\/p>\n<p>*In der Zeit vom 1.10. bis 31.12.2024 erhalten Sie zwei Zubeh\u00f6rteile f\u00fcr den Preis von einem! Beim Kauf einer 10 Kg oder 15 Kg Gem\u00fcsesch\u00e4lmaschine und dem dazugeh\u00f6rigen Filtergestell.[\/vc_column_text][\/vc_column_inner][vc_column_inner width=&#8220;1\/3&#8243;][vc_single_image image=&#8220;25889&#8243; img_size=&#8220;222&#215;207&#8243; alignment=&#8220;center&#8220; css=&#8220;.vc_custom_1720528187250{margin-top: 0px !important;margin-bottom: 0px !important;}&#8220;][vc_empty_space][\/vc_column_inner][\/vc_row_inner][\/vc_column][vc_column width=&#8220;2\/5&#8243; css=&#8220;.vc_custom_1711448728775{margin-top: 0px !important;border-top-width: 0px !important;padding-top: 0px !important;}&#8220; offset=&#8220;vc_hidden-xs&#8220;][vc_single_image image=&#8220;25825&#8243; img_size=&#8220;full&#8220; css=&#8220;.vc_custom_1720520063619{margin-top: 0px !important;margin-bottom: 0px !important;border-top-width: 0px !important;padding-top: 0px !important;}&#8220;][\/vc_column][\/vc_row][vc_row full_width=&#8220;c21-full-width-no-padding&#8220;][vc_column][vc_empty_space height=&#8220;22px&#8220;][\/vc_column][\/vc_row][vc_row css=&#8220;.vc_custom_1711621260497{background-color: #eaf4fb !important;}&#8220;][vc_column offset=&#8220;vc_hidden-lg vc_hidden-md vc_hidden-sm&#8220;][vc_single_image image=&#8220;25825&#8243; img_size=&#8220;full&#8220; css=&#8220;.vc_custom_1720520083415{margin-top: 0px !important;margin-bottom: 0px !important;border-top-width: 0px !important;padding-top: 0px !important;}&#8220;][vc_empty_space][\/vc_column][\/vc_row][vc_row][vc_column][vc_column_text]<\/p>\n<h2 style=\"text-align: center;\">Weiteres Zubeh\u00f6r<\/h2>\n<h2 style=\"text-align: center;\"><\/h2>\n<p>[\/vc_column_text][vc_row_inner equal_height=&#8220;yes&#8220; content_placement=&#8220;middle&#8220;][vc_column_inner width=&#8220;1\/4&#8243;][vc_column_text]<\/p>\n<p style=\"text-align: center; font-size: 25px;\"><strong>Abrasive- Sch\u00e4lscheibe<\/strong><\/p>\n<p>[\/vc_column_text][vc_empty_space height=&#8220;45px&#8220;][vc_single_image image=&#8220;25929&#8243; img_size=&#8220;222&#215;205&#8243; alignment=&#8220;center&#8220; css=&#8220;.vc_custom_1720527466050{margin-left: -30px !important;}&#8220;][vc_single_image image=&#8220;25897&#8243; img_size=&#8220;500&#215;333&#8243;][\/vc_column_inner][vc_column_inner width=&#8220;1\/4&#8243;][vc_column_text]<\/p>\n<p style=\"text-align: center; font-size: 25px;\"><strong>Messer-<br \/>\nSch\u00e4lscheibe<\/strong><\/p>\n<p>[\/vc_column_text][vc_empty_space height=&#8220;20px&#8220;][vc_single_image image=&#8220;25921&#8243; img_size=&#8220;222&#215;207&#8243; alignment=&#8220;center&#8220;][vc_single_image image=&#8220;25841&#8243; img_size=&#8220;500&#215;333&#8243;][\/vc_column_inner][vc_column_inner width=&#8220;1\/4&#8243;][vc_column_text]<\/p>\n<p style=\"text-align: center; font-size: 25px;\"><strong>B\u00fcrsten-<br \/>\nScheibe<\/strong><\/p>\n<p>[\/vc_column_text][vc_empty_space height=&#8220;22px&#8220;][vc_single_image image=&#8220;25881&#8243; img_size=&#8220;222&#215;205&#8243; alignment=&#8220;center&#8220;][vc_single_image image=&#8220;25849&#8243; img_size=&#8220;500&#215;333&#8243;][\/vc_column_inner][vc_column_inner width=&#8220;1\/4&#8243;][vc_column_text]<\/p>\n<p style=\"text-align: center; font-size: 25px;\"><strong>Knoblauch- Sch\u00e4lscheibe<\/strong><\/p>\n<p>[\/vc_column_text][vc_empty_space height=&#8220;25px&#8220;][vc_single_image image=&#8220;25913&#8243; img_size=&#8220;222&#215;205&#8243; alignment=&#8220;center&#8220;][vc_single_image image=&#8220;25873&#8243; img_size=&#8220;500&#215;333&#8243;][\/vc_column_inner][\/vc_row_inner][\/vc_column][\/vc_row][vc_row][vc_column][vc_column_text]<\/p>\n<h2 style=\"text-align: center;\">ENTDECKEN SIE DIE VIELF\u00c4LTIGEN M\u00d6GLICHKEITEN<\/h2>\n<h2 style=\"text-align: center;\">DER GEM\u00dcSESCH\u00c4LMASCHINE<\/h2>\n<p>[\/vc_column_text][vc_video link=&#8220;https:\/\/youtu.be\/WFahy_AFy-s&#8220; el_width=&#8220;60&#8243; align=&#8220;center&#8220;][vc_empty_space][vc_empty_space][\/vc_column][\/vc_row][vc_row][vc_column width=&#8220;1\/5&#8243;][vc_single_image image=&#8220;25809&#8243; img_size=&#8220;222&#215;227&#8243;][\/vc_column][vc_column width=&#8220;4\/5&#8243;][vc_empty_space height=&#8220;60px&#8220;][vc_column_text]<strong>Abnehmbare Sch\u00e4lscheibe<\/strong><\/p>\n<p>Alle Zubeh\u00f6rteile sind zum einfachen Austausch sowie der Reinigung leicht herausnehmbar. Die aus abrasivem Material bestehende Sch\u00e4lscheibe garantiert Haltbarkeit und Langlebigkeit.[\/vc_column_text][\/vc_column][\/vc_row][vc_row][vc_column width=&#8220;4\/5&#8243;][vc_empty_space height=&#8220;60px&#8220;][vc_column_text]<strong>Sicherheit:<\/strong><\/p>\n<p>Der Motor h\u00e4lt an, wenn der Deckel w\u00e4hrend des Betriebs ge\u00f6ffnet wird.[\/vc_column_text][\/vc_column][vc_column width=&#8220;1\/5&#8243;][vc_single_image image=&#8220;25817&#8243; img_size=&#8220;222&#215;227&#8243;][\/vc_column][\/vc_row][vc_row][vc_column width=&#8220;1\/5&#8243;][vc_single_image image=&#8220;25833&#8243; img_size=&#8220;222&#215;227&#8243;][\/vc_column][vc_column width=&#8220;4\/5&#8243;][vc_empty_space height=&#8220;60px&#8220;][vc_column_text]<strong>Einfaches Entladen:<\/strong><\/p>\n<p>Schnelles und leichtes Entladen durch Dr\u00fccken der \u201ePush\u201c-Taste auf der flachen, wasserdichten Bedienblende.[\/vc_column_text][\/vc_column][\/vc_row][vc_row][vc_column width=&#8220;4\/5&#8243;][vc_empty_space height=&#8220;60px&#8220;][vc_column_text]<strong>Einfache Reinigung:<\/strong><\/p>\n<p>Serienm\u00e4\u00dfig ist die Gem\u00fcsesch\u00e4lmaschine mit einer abnehmbaren Spr\u00fchpistole ausgestattet. Diese erm\u00f6glicht das einfache Reinigen der Sch\u00e4lkammer. Unsere Gem\u00fcsesch\u00e4lmaschinen bieten einwandfreie Hygiene, sowohl f\u00fcr Lebensmittel als auch f\u00fcr die Maschine.[\/vc_column_text][\/vc_column][vc_column width=&#8220;1\/5&#8243;][vc_single_image image=&#8220;25905&#8243; img_size=&#8220;222&#215;227&#8243;][\/vc_column][\/vc_row][vc_row][vc_column][vc_column_text]<\/p>\n<h2 style=\"text-align: center;\"><strong>W\u00e4hlen Sie Ihre Gem\u00fcsesch\u00e4lmaschine<\/strong><\/h2>\n<p>[\/vc_column_text][vc_row_inner][vc_column_inner width=&#8220;1\/2&#8243;][vc_single_image image=&#8220;25857&#8243; img_size=&#8220;320&#215;502&#8243; alignment=&#8220;center&#8220;][vc_column_text]<\/p>\n<p style=\"text-align: center; font-size: 25px;\"><strong>Modell T10E\u00a0<\/strong><\/p>\n<p>[\/vc_column_text][vc_column_text]<\/p>\n<p style=\"text-align: center; font-size: 20px;\">Kapazit\u00e4t: 10 kg<\/p>\n<p style=\"text-align: center; font-size: 20px;\">Art.Nr. 603509 (T10E) + Filtergestell (653783)<\/p>\n<p>[\/vc_column_text][c21_button alignment=&#8220;center&#8220; cta=&#8220;url:https%3A%2F%2Ftools.electroluxprofessional.com%2FMirror%2FDoc%2FMAD2%2FDito%2520Sama%2FGerman%2FVegetable%2520Peeler%2520-%252010%2520kg%2520-%2520Abrasive%2520Plate_603509-603510_German.pdf%3Fversion%3D1726483642|title:DOWNLOAD|target:_blank&#8220;][vc_empty_space][\/vc_column_inner][vc_column_inner width=&#8220;1\/2&#8243;][vc_single_image image=&#8220;25857&#8243; img_size=&#8220;320&#215;502&#8243; alignment=&#8220;center&#8220;][vc_column_text]<\/p>\n<p style=\"text-align: center; font-size: 25px;\"><strong>Modell T15E\u00a0<\/strong><\/p>\n<p>[\/vc_column_text][vc_column_text]<\/p>\n<p style=\"text-align: center; font-size: 20px;\">Kapazit\u00e4t: 15 kg<\/p>\n<p style=\"text-align: center; font-size: 20px;\">Art.Nr. 603511 (T15E) + Filtergestell (653783)<\/p>\n<p>[\/vc_column_text][c21_button alignment=&#8220;center&#8220; cta=&#8220;url:https%3A%2F%2Ftools.electroluxprofessional.com%2FMirror%2FDoc%2FMAD2%2FDito%2520Sama%2FGerman%2FVegetable%2520Peeler%2520-%252015%2520kg%2520-%2520Abrasive%2520Plate_603511-603512_German.pdf%3Fversion%3D1726483646|title:DOWNLOAD|target:_blank&#8220;][vc_empty_space][\/vc_column_inner][\/vc_row_inner][\/vc_column][\/vc_row][vc_row css=&#8220;.vc_custom_1720520484734{background-color: #9bc062 !important;}&#8220;][vc_column][vc_empty_space][c21_o2000_contact_us campaign=&#8220;701SX00000D2EU3YAN&#8220; flag_campaign=&#8220;true&#8220; country=&#8220;France&#8220; b=&#8220;food&#8220; text_color=&#8220;#FFFFFF&#8220;][vc_empty_space][\/vc_column][\/vc_row][vc_row][vc_column][vc_column_text]<\/p>\n<p>&nbsp;<\/p>\n<p>[\/vc_column_text][\/vc_column][\/vc_row]<\/p>\n<\/section>","protected":false},"excerpt":{"rendered":"<p>[vc_row full_width=&#8220;c21-full-width-no-padding&#8220; equal_height=&#8220;yes&#8220; css=&#8220;.vc_custom_1720606882953{background-image: url(https:\/\/www.ditosama.com\/wp-content\/uploads\/2024\/07\/DitoSama-Copertine-T10E-1-2560&#215;1027-6-e1720606841116.jpg?id=26082) !important;background-position: center !important;background-repeat: no-repeat !important;background-size: cover !important;}&#8220;][vc_column width=&#8220;2\/3&#8243; css=&#8220;.vc_custom_1711615089493{background-color: rgba(255,255,255,0.3) !important;*background-color: rgb(255,255,255) !important;}&#8220;][vc_empty_space][vc_row_inner][vc_column_inner width=&#8220;2\/3&#8243;][vc_column_text css=&#8220;.vc_custom_1727787181556{padding-left: 60px !important;}&#8220;] T10E &amp; T15E Gem\u00fcsesch\u00e4lmaschinen mit Schleuderkorb [\/vc_column_text][vc_column_text css=&#8220;.vc_custom_1726473765166{padding-left: 60px !important;}&#8220;] Erhalte einen Schleuderkorb GRATIS [\/vc_column_text][\/vc_column_inner][vc_column_inner width=&#8220;1\/3&#8243;][\/vc_column_inner][\/vc_row_inner][vc_empty_space][\/vc_column][vc_column width=&#8220;1\/3&#8243; css=&#8220;.vc_custom_1711617894771{border-right-width: 20px !important;border-left-width: 20px !important;}&#8220; offset=&#8220;vc_hidden-xs&#8220;][vc_empty_space height=&#8220;50px&#8220;][c21_o2000_contact_us campaign=&#8220;701SX000009qCb1YAE&#8220; flag_campaign=&#8220;true&#8220; country=&#8220;Germany&#8220; b=&#8220;food&#8220; container=&#8220;be5be8&#8243;][vc_empty_space][\/vc_column][\/vc_row][vc_row][vc_column offset=&#8220;vc_hidden-lg vc_hidden-md vc_hidden-sm&#8220;][vc_empty_space][c21_o2000_contact_us campaign=&#8220;701SX000009qCb1YAE&#8220; [&hellip;]<\/p>\n","protected":false},"author":15,"featured_media":26011,"parent":0,"menu_order":0,"comment_status":"closed","ping_status":"closed","template":"template-promo.php","meta":{"inline_featured_image":false,"footnotes":""},"class_list":["post-28041","page","type-page","status-publish","has-post-thumbnail","hentry"],"acf":[],"yoast_head":"<!-- This site is optimized with the Yoast SEO plugin v26.1.1 - https:\/\/yoast.com\/wordpress\/plugins\/seo\/ -->\n<title>Dito Sama: MIT SCHLEUDERKORB<\/title>\n<meta name=\"robots\" content=\"index, follow, max-snippet:-1, max-image-preview:large, max-video-preview:-1\" \/>\n<link rel=\"canonical\" href=\"https:\/\/www.ditosama.com\/de\/wp-json\/wp\/v2\/pages\/28041\" \/>\n<meta property=\"og:locale\" content=\"de_DE\" \/>\n<meta property=\"og:type\" content=\"article\" \/>\n<meta property=\"og:title\" content=\"Dito Sama: MIT SCHLEUDERKORB\" \/>\n<meta property=\"og:description\" content=\"[vc_row full_width=&#8220;c21-full-width-no-padding&#8220; equal_height=&#8220;yes&#8220; css=&#8220;.vc_custom_1720606882953{background-image: url(https:\/\/www.ditosama.com\/wp-content\/uploads\/2024\/07\/DitoSama-Copertine-T10E-1-2560&#215;1027-6-e1720606841116.jpg?id=26082) !important;background-position: center !important;background-repeat: no-repeat !important;background-size: cover !important;}&#8220;][vc_column width=&#8220;2\/3&#8243; css=&#8220;.vc_custom_1711615089493{background-color: rgba(255,255,255,0.3) !important;*background-color: rgb(255,255,255) !important;}&#8220;][vc_empty_space][vc_row_inner][vc_column_inner width=&#8220;2\/3&#8243;][vc_column_text css=&#8220;.vc_custom_1727787181556{padding-left: 60px !important;}&#8220;] T10E &amp; T15E Gem\u00fcsesch\u00e4lmaschinen mit Schleuderkorb [\/vc_column_text][vc_column_text css=&#8220;.vc_custom_1726473765166{padding-left: 60px !important;}&#8220;] Erhalte einen Schleuderkorb GRATIS [\/vc_column_text][\/vc_column_inner][vc_column_inner width=&#8220;1\/3&#8243;][\/vc_column_inner][\/vc_row_inner][vc_empty_space][\/vc_column][vc_column width=&#8220;1\/3&#8243; css=&#8220;.vc_custom_1711617894771{border-right-width: 20px !important;border-left-width: 20px !important;}&#8220; offset=&#8220;vc_hidden-xs&#8220;][vc_empty_space height=&#8220;50px&#8220;][c21_o2000_contact_us campaign=&#8220;701SX000009qCb1YAE&#8220; flag_campaign=&#8220;true&#8220; country=&#8220;Germany&#8220; b=&#8220;food&#8220; container=&#8220;be5be8&#8243;][vc_empty_space][\/vc_column][\/vc_row][vc_row][vc_column offset=&#8220;vc_hidden-lg vc_hidden-md vc_hidden-sm&#8220;][vc_empty_space][c21_o2000_contact_us campaign=&#8220;701SX000009qCb1YAE&#8220; [&hellip;]\" \/>\n<meta property=\"og:url\" content=\"https:\/\/www.ditosama.com\/de\/mit-schleuderkorb-t10e-t15e\/\" \/>\n<meta property=\"og:site_name\" content=\"Dito Sama\" \/>\n<meta property=\"article:modified_time\" content=\"2024-10-08T15:48:54+00:00\" \/>\n<meta property=\"og:image\" content=\"https:\/\/www.ditosama.com\/wp-content\/uploads\/2024\/07\/T10-pop-up-340x310-1.jpg\" \/>\n\t<meta property=\"og:image:width\" content=\"340\" \/>\n\t<meta property=\"og:image:height\" content=\"310\" \/>\n\t<meta property=\"og:image:type\" content=\"image\/jpeg\" \/>\n<meta name=\"twitter:card\" content=\"summary_large_image\" \/>\n<meta name=\"twitter:label1\" content=\"Gesch\u00e4tzte Lesezeit\" \/>\n\t<meta name=\"twitter:data1\" content=\"3\u00a0Minuten\" \/>\n<script type=\"application\/ld+json\" class=\"yoast-schema-graph\">{\"@context\":\"https:\/\/schema.org\",\"@graph\":[{\"@type\":\"WebPage\",\"@id\":\"https:\/\/www.ditosama.com\/de\/mit-schleuderkorb-t10e-t15e\/\",\"url\":\"https:\/\/www.ditosama.com\/de\/mit-schleuderkorb-t10e-t15e\/\",\"name\":\"Dito Sama: MIT SCHLEUDERKORB\",\"isPartOf\":{\"@id\":\"https:\/\/www.ditosama.com\/en\/#website\"},\"primaryImageOfPage\":{\"@id\":\"https:\/\/www.ditosama.com\/de\/mit-schleuderkorb-t10e-t15e\/#primaryimage\"},\"image\":{\"@id\":\"https:\/\/www.ditosama.com\/de\/mit-schleuderkorb-t10e-t15e\/#primaryimage\"},\"thumbnailUrl\":\"https:\/\/www.ditosama.com\/wp-content\/uploads\/2024\/07\/T10-pop-up-340x310-1.jpg\",\"datePublished\":\"2024-07-12T12:43:41+00:00\",\"dateModified\":\"2024-10-08T15:48:54+00:00\",\"breadcrumb\":{\"@id\":\"https:\/\/www.ditosama.com\/de\/mit-schleuderkorb-t10e-t15e\/#breadcrumb\"},\"inLanguage\":\"de\",\"potentialAction\":[{\"@type\":\"ReadAction\",\"target\":[\"https:\/\/www.ditosama.com\/de\/mit-schleuderkorb-t10e-t15e\/\"]}]},{\"@type\":\"ImageObject\",\"inLanguage\":\"de\",\"@id\":\"https:\/\/www.ditosama.com\/de\/mit-schleuderkorb-t10e-t15e\/#primaryimage\",\"url\":\"https:\/\/www.ditosama.com\/wp-content\/uploads\/2024\/07\/T10-pop-up-340x310-1.jpg\",\"contentUrl\":\"https:\/\/www.ditosama.com\/wp-content\/uploads\/2024\/07\/T10-pop-up-340x310-1.jpg\",\"width\":340,\"height\":310},{\"@type\":\"BreadcrumbList\",\"@id\":\"https:\/\/www.ditosama.com\/de\/mit-schleuderkorb-t10e-t15e\/#breadcrumb\",\"itemListElement\":[{\"@type\":\"ListItem\",\"position\":1,\"name\":\"Home\",\"item\":\"https:\/\/www.ditosama.com\/de\/\"},{\"@type\":\"ListItem\",\"position\":2,\"name\":\"T10E &#038; T15E MIT SCHLEUDERKORB\"}]},{\"@type\":\"WebSite\",\"@id\":\"https:\/\/www.ditosama.com\/en\/#website\",\"url\":\"https:\/\/www.ditosama.com\/en\/\",\"name\":\"Dito Sama\",\"description\":\"\",\"potentialAction\":[{\"@type\":\"SearchAction\",\"target\":{\"@type\":\"EntryPoint\",\"urlTemplate\":\"https:\/\/www.ditosama.com\/en\/?s={search_term_string}\"},\"query-input\":{\"@type\":\"PropertyValueSpecification\",\"valueRequired\":true,\"valueName\":\"search_term_string\"}}],\"inLanguage\":\"de\"}]}<\/script>\n<!-- \/ Yoast SEO plugin. -->","yoast_head_json":{"title":"Dito Sama: MIT SCHLEUDERKORB","robots":{"index":"index","follow":"follow","max-snippet":"max-snippet:-1","max-image-preview":"max-image-preview:large","max-video-preview":"max-video-preview:-1"},"canonical":"https:\/\/www.ditosama.com\/de\/wp-json\/wp\/v2\/pages\/28041","og_locale":"de_DE","og_type":"article","og_title":"Dito Sama: MIT SCHLEUDERKORB","og_description":"[vc_row full_width=&#8220;c21-full-width-no-padding&#8220; equal_height=&#8220;yes&#8220; css=&#8220;.vc_custom_1720606882953{background-image: url(https:\/\/www.ditosama.com\/wp-content\/uploads\/2024\/07\/DitoSama-Copertine-T10E-1-2560&#215;1027-6-e1720606841116.jpg?id=26082) !important;background-position: center !important;background-repeat: no-repeat !important;background-size: cover !important;}&#8220;][vc_column width=&#8220;2\/3&#8243; css=&#8220;.vc_custom_1711615089493{background-color: rgba(255,255,255,0.3) !important;*background-color: rgb(255,255,255) !important;}&#8220;][vc_empty_space][vc_row_inner][vc_column_inner width=&#8220;2\/3&#8243;][vc_column_text css=&#8220;.vc_custom_1727787181556{padding-left: 60px !important;}&#8220;] T10E &amp; T15E Gem\u00fcsesch\u00e4lmaschinen mit Schleuderkorb [\/vc_column_text][vc_column_text css=&#8220;.vc_custom_1726473765166{padding-left: 60px !important;}&#8220;] Erhalte einen Schleuderkorb GRATIS [\/vc_column_text][\/vc_column_inner][vc_column_inner width=&#8220;1\/3&#8243;][\/vc_column_inner][\/vc_row_inner][vc_empty_space][\/vc_column][vc_column width=&#8220;1\/3&#8243; css=&#8220;.vc_custom_1711617894771{border-right-width: 20px !important;border-left-width: 20px !important;}&#8220; offset=&#8220;vc_hidden-xs&#8220;][vc_empty_space height=&#8220;50px&#8220;][c21_o2000_contact_us campaign=&#8220;701SX000009qCb1YAE&#8220; flag_campaign=&#8220;true&#8220; country=&#8220;Germany&#8220; b=&#8220;food&#8220; container=&#8220;be5be8&#8243;][vc_empty_space][\/vc_column][\/vc_row][vc_row][vc_column offset=&#8220;vc_hidden-lg vc_hidden-md vc_hidden-sm&#8220;][vc_empty_space][c21_o2000_contact_us campaign=&#8220;701SX000009qCb1YAE&#8220; [&hellip;]","og_url":"https:\/\/www.ditosama.com\/de\/mit-schleuderkorb-t10e-t15e\/","og_site_name":"Dito Sama","article_modified_time":"2024-10-08T15:48:54+00:00","og_image":[{"width":340,"height":310,"url":"https:\/\/www.ditosama.com\/wp-content\/uploads\/2024\/07\/T10-pop-up-340x310-1.jpg","type":"image\/jpeg"}],"twitter_card":"summary_large_image","twitter_misc":{"Gesch\u00e4tzte Lesezeit":"3\u00a0Minuten"},"schema":{"@context":"https:\/\/schema.org","@graph":[{"@type":"WebPage","@id":"https:\/\/www.ditosama.com\/de\/mit-schleuderkorb-t10e-t15e\/","url":"https:\/\/www.ditosama.com\/de\/mit-schleuderkorb-t10e-t15e\/","name":"Dito Sama: MIT SCHLEUDERKORB","isPartOf":{"@id":"https:\/\/www.ditosama.com\/en\/#website"},"primaryImageOfPage":{"@id":"https:\/\/www.ditosama.com\/de\/mit-schleuderkorb-t10e-t15e\/#primaryimage"},"image":{"@id":"https:\/\/www.ditosama.com\/de\/mit-schleuderkorb-t10e-t15e\/#primaryimage"},"thumbnailUrl":"https:\/\/www.ditosama.com\/wp-content\/uploads\/2024\/07\/T10-pop-up-340x310-1.jpg","datePublished":"2024-07-12T12:43:41+00:00","dateModified":"2024-10-08T15:48:54+00:00","breadcrumb":{"@id":"https:\/\/www.ditosama.com\/de\/mit-schleuderkorb-t10e-t15e\/#breadcrumb"},"inLanguage":"de","potentialAction":[{"@type":"ReadAction","target":["https:\/\/www.ditosama.com\/de\/mit-schleuderkorb-t10e-t15e\/"]}]},{"@type":"ImageObject","inLanguage":"de","@id":"https:\/\/www.ditosama.com\/de\/mit-schleuderkorb-t10e-t15e\/#primaryimage","url":"https:\/\/www.ditosama.com\/wp-content\/uploads\/2024\/07\/T10-pop-up-340x310-1.jpg","contentUrl":"https:\/\/www.ditosama.com\/wp-content\/uploads\/2024\/07\/T10-pop-up-340x310-1.jpg","width":340,"height":310},{"@type":"BreadcrumbList","@id":"https:\/\/www.ditosama.com\/de\/mit-schleuderkorb-t10e-t15e\/#breadcrumb","itemListElement":[{"@type":"ListItem","position":1,"name":"Home","item":"https:\/\/www.ditosama.com\/de\/"},{"@type":"ListItem","position":2,"name":"T10E &#038; T15E MIT SCHLEUDERKORB"}]},{"@type":"WebSite","@id":"https:\/\/www.ditosama.com\/en\/#website","url":"https:\/\/www.ditosama.com\/en\/","name":"Dito Sama","description":"","potentialAction":[{"@type":"SearchAction","target":{"@type":"EntryPoint","urlTemplate":"https:\/\/www.ditosama.com\/en\/?s={search_term_string}"},"query-input":{"@type":"PropertyValueSpecification","valueRequired":true,"valueName":"search_term_string"}}],"inLanguage":"de"}]}},"_links":{"self":[{"href":"https:\/\/www.ditosama.com\/de\/wp-json\/wp\/v2\/pages\/28041","targetHints":{"allow":["GET"]}}],"collection":[{"href":"https:\/\/www.ditosama.com\/de\/wp-json\/wp\/v2\/pages"}],"about":[{"href":"https:\/\/www.ditosama.com\/de\/wp-json\/wp\/v2\/types\/page"}],"author":[{"embeddable":true,"href":"https:\/\/www.ditosama.com\/de\/wp-json\/wp\/v2\/users\/15"}],"replies":[{"embeddable":true,"href":"https:\/\/www.ditosama.com\/de\/wp-json\/wp\/v2\/comments?post=28041"}],"version-history":[{"count":22,"href":"https:\/\/www.ditosama.com\/de\/wp-json\/wp\/v2\/pages\/28041\/revisions"}],"predecessor-version":[{"id":29182,"href":"https:\/\/www.ditosama.com\/de\/wp-json\/wp\/v2\/pages\/28041\/revisions\/29182"}],"wp:featuredmedia":[{"embeddable":true,"href":"https:\/\/www.ditosama.com\/de\/wp-json\/wp\/v2\/media\/26011"}],"wp:attachment":[{"href":"https:\/\/www.ditosama.com\/de\/wp-json\/wp\/v2\/media?parent=28041"}],"curies":[{"name":"wp","href":"https:\/\/api.w.org\/{rel}","templated":true}]}}