{"id":2804,"date":"2024-03-28T08:02:53","date_gmt":"2024-03-28T08:02:53","guid":{"rendered":"https:\/\/www.ditosama.com\/about-us\/"},"modified":"2025-09-25T13:33:04","modified_gmt":"2025-09-25T13:33:04","slug":"about-us","status":"publish","type":"page","link":"https:\/\/www.ditosama.com\/de\/about-us\/","title":{"rendered":"About us"},"content":{"rendered":"<section class=\"wpb-content-wrapper\"><p>[vc_row][vc_column][vc_empty_space][vc_column_text]<\/p>\n<h3>Ein Verm\u00e4chtnis der Exzellenz in der professionellen K\u00fcchenausstattung<\/h3>\n<p>[\/vc_column_text][vc_column_text]Bei Dito Sama sind wir stolz darauf, seit 80 Jahren Premium-K\u00fcchenger\u00e4te zu entwerfen und herzustellen, die auf die sich wandelnden Bed\u00fcrfnisse von kulinarischen Profis weltweit zugeschnitten sind. Unsere Produkte basieren auf Innovation, Langlebigkeit und authentischer franz\u00f6sischer Handwerkskunst und wurden entwickelt, um die Effizienz, Zuverl\u00e4ssigkeit und Kreativit\u00e4t Ihrer K\u00fcche zu steigern.[\/vc_column_text][vc_empty_space][\/vc_column][\/vc_row][vc_row][vc_column][vc_column_text]<\/p>\n<h3>Unsere Geschichte<\/h3>\n<p>Dito Sama wurde Mitte des 20. Jahrhunderts gegr\u00fcndet und entwickelte sich schnell zu einem vertrauensw\u00fcrdigen Partner f\u00fcr K\u00f6che, B\u00e4cker und Caterer. Mit jahrzehntelangem Know-how und kontinuierlicher Innovation haben wir eine vielf\u00e4ltige Palette von Maschinen entwickelt, die modernste Technologie mit benutzerfreundlichem Design verbinden. Unsere Mission war es schon immer, Profis in die Lage zu versetzen, au\u00dfergew\u00f6hnliche kulinarische Erlebnisse mit Zuversicht zu schaffen.[\/vc_column_text][c21_button cta=&#8220;url:https%3A%2F%2Fwww.ditosama.com%2Fde%2Fabout-us%2Funternehmensgeschichte%2F|title:Erfahren%20Sie%20mehr%20|target:_blank&#8220;][vc_empty_space][\/vc_column][\/vc_row][vc_row][vc_column][vc_column_text]<\/p>\n<h3>Unsere Mission<\/h3>\n<p>Wir sind bestrebt, Ger\u00e4te zu liefern, die den h\u00f6chsten Qualit\u00e4ts- und Leistungsstandards entsprechen und gleichzeitig die t\u00e4glichen Herausforderungen in stark frequentierten K\u00fcchen bew\u00e4ltigen. Durch den Fokus auf robustes Design, Benutzerfreundlichkeit und umfassenden After-Sales-Service helfen wir Ihnen, Ihre Abl\u00e4ufe zu rationalisieren und die Konsistenz zu wahren, die Ihre Kunden erwarten.[\/vc_column_text][c21_button cta=&#8220;url:https%3A%2F%2Fwww.ditosama.com%2Fde%2Fabout-us%2Fwerte-und-mission%2F|title:Erfahren%20Sie%20mehr|target:_blank&#8220;][vc_empty_space][\/vc_column][\/vc_row][vc_row][vc_column][vc_column_text]<\/p>\n<h3>Warum Dito Sama w\u00e4hlen?<\/h3>\n<ul>\n<li><strong>Franz\u00f6sische Handwerkskunst und Innovation<br \/>\n<\/strong>Unsere Produkte werden in Frankreich entworfen und hergestellt und verbinden industrielle Exzellenz mit traditionellem Know-how.<\/li>\n<li><strong>Zuverl\u00e4ssigkeit, auf die Sie sich verlassen k\u00f6nnen<br \/>\n<\/strong>Wir bauen Maschinen, die auch in den anspruchsvollsten professionellen Umgebungen auf Langlebigkeit ausgelegt sind.<\/li>\n<li><strong>Umfassender Support<br \/>\n<\/strong>Neben der Bereitstellung von Ger\u00e4ten bieten wir fachkundigen technischen Support, garantierte Ersatzteilverf\u00fcgbarkeit f\u00fcr mindestens 10 Jahre und ma\u00dfgeschneiderte Wartungsservices.<\/li>\n<li><strong>Kundenzentrierter Ansatz<br \/>\n<\/strong>\u00a0Ihr Erfolg ist unsere Priorit\u00e4t. Unser engagiertes Team h\u00f6rt Ihnen zu, ber\u00e4t Sie und unterst\u00fctzt Sie bei jedem Schritt.<\/li>\n<\/ul>\n<p>[\/vc_column_text][c21_button cta=&#8220;url:https%3A%2F%2Fwww.ditosama.com%2Fde%2Fabout-us%2Ftestimonials%2F|title:Erfahren%20Sie%2C%20warum%20unsere%20Kunden%20uns%20vertrauen|target:_blank&#8220;][vc_empty_space][\/vc_column][\/vc_row][vc_row][vc_column][vc_column_text]<\/p>\n<h3>Werden Sie Teil der Dito Sama Familie<\/h3>\n<p>Ganz gleich, ob Sie Koch, B\u00e4cker oder Caterer sind, eine Partnerschaft mit Dito Sama bedeutet, in Ger\u00e4te und Dienstleistungen zu investieren, die darauf ausgelegt sind, Ihre kulinarischen Kreationen aufzuwerten. Entdecken Sie, wie wir den Erfolg Ihrer K\u00fcche noch heute unterst\u00fctzen k\u00f6nnen.[\/vc_column_text][\/vc_column][\/vc_row]<\/p>\n<\/section>","protected":false},"excerpt":{"rendered":"<p>[vc_row][vc_column][vc_empty_space][vc_column_text] Ein Verm\u00e4chtnis der Exzellenz in der professionellen K\u00fcchenausstattung [\/vc_column_text][vc_column_text]Bei Dito Sama sind wir stolz darauf, seit 80 Jahren Premium-K\u00fcchenger\u00e4te zu entwerfen und herzustellen, die auf die sich wandelnden Bed\u00fcrfnisse von kulinarischen Profis weltweit zugeschnitten sind. Unsere Produkte basieren auf Innovation, Langlebigkeit und authentischer franz\u00f6sischer Handwerkskunst und wurden entwickelt, um die Effizienz, Zuverl\u00e4ssigkeit und Kreativit\u00e4t [&hellip;]<\/p>\n","protected":false},"author":1,"featured_media":0,"parent":0,"menu_order":0,"comment_status":"closed","ping_status":"closed","template":"","meta":{"inline_featured_image":false,"footnotes":""},"class_list":["post-2804","page","type-page","status-publish","hentry"],"acf":[],"yoast_head":"<!-- This site is optimized with the Yoast SEO plugin v26.1.1 - https:\/\/yoast.com\/wordpress\/plugins\/seo\/ -->\n<title>About us | Dito Sama<\/title>\n<meta name=\"robots\" content=\"index, follow, max-snippet:-1, max-image-preview:large, max-video-preview:-1\" \/>\n<link rel=\"canonical\" href=\"https:\/\/www.ditosama.com\/de\/wp-json\/wp\/v2\/pages\/2804\" \/>\n<meta property=\"og:locale\" content=\"de_DE\" \/>\n<meta property=\"og:type\" content=\"article\" \/>\n<meta property=\"og:title\" content=\"About us | Dito Sama\" \/>\n<meta property=\"og:description\" content=\"[vc_row][vc_column][vc_empty_space][vc_column_text] Ein Verm\u00e4chtnis der Exzellenz in der professionellen K\u00fcchenausstattung [\/vc_column_text][vc_column_text]Bei Dito Sama sind wir stolz darauf, seit 80 Jahren Premium-K\u00fcchenger\u00e4te zu entwerfen und herzustellen, die auf die sich wandelnden Bed\u00fcrfnisse von kulinarischen Profis weltweit zugeschnitten sind. Unsere Produkte basieren auf Innovation, Langlebigkeit und authentischer franz\u00f6sischer Handwerkskunst und wurden entwickelt, um die Effizienz, Zuverl\u00e4ssigkeit und Kreativit\u00e4t [&hellip;]\" \/>\n<meta property=\"og:url\" content=\"https:\/\/www.ditosama.com\/de\/about-us\/\" \/>\n<meta property=\"og:site_name\" content=\"Dito Sama\" \/>\n<meta property=\"article:modified_time\" content=\"2025-09-25T13:33:04+00:00\" \/>\n<meta name=\"twitter:card\" content=\"summary_large_image\" \/>\n<meta name=\"twitter:label1\" content=\"Gesch\u00e4tzte Lesezeit\" \/>\n\t<meta name=\"twitter:data1\" content=\"2\u00a0Minuten\" \/>\n<script type=\"application\/ld+json\" class=\"yoast-schema-graph\">{\"@context\":\"https:\/\/schema.org\",\"@graph\":[{\"@type\":\"WebPage\",\"@id\":\"https:\/\/www.ditosama.com\/de\/about-us\/\",\"url\":\"https:\/\/www.ditosama.com\/de\/about-us\/\",\"name\":\"About us | Dito Sama\",\"isPartOf\":{\"@id\":\"https:\/\/www.ditosama.com\/en\/#website\"},\"datePublished\":\"2024-03-28T08:02:53+00:00\",\"dateModified\":\"2025-09-25T13:33:04+00:00\",\"breadcrumb\":{\"@id\":\"https:\/\/www.ditosama.com\/de\/about-us\/#breadcrumb\"},\"inLanguage\":\"de\",\"potentialAction\":[{\"@type\":\"ReadAction\",\"target\":[\"https:\/\/www.ditosama.com\/de\/about-us\/\"]}]},{\"@type\":\"BreadcrumbList\",\"@id\":\"https:\/\/www.ditosama.com\/de\/about-us\/#breadcrumb\",\"itemListElement\":[{\"@type\":\"ListItem\",\"position\":1,\"name\":\"Home\",\"item\":\"https:\/\/www.ditosama.com\/de\/\"},{\"@type\":\"ListItem\",\"position\":2,\"name\":\"About us\"}]},{\"@type\":\"WebSite\",\"@id\":\"https:\/\/www.ditosama.com\/en\/#website\",\"url\":\"https:\/\/www.ditosama.com\/en\/\",\"name\":\"Dito Sama\",\"description\":\"\",\"potentialAction\":[{\"@type\":\"SearchAction\",\"target\":{\"@type\":\"EntryPoint\",\"urlTemplate\":\"https:\/\/www.ditosama.com\/en\/?s={search_term_string}\"},\"query-input\":{\"@type\":\"PropertyValueSpecification\",\"valueRequired\":true,\"valueName\":\"search_term_string\"}}],\"inLanguage\":\"de\"}]}<\/script>\n<!-- \/ Yoast SEO plugin. -->","yoast_head_json":{"title":"About us | Dito Sama","robots":{"index":"index","follow":"follow","max-snippet":"max-snippet:-1","max-image-preview":"max-image-preview:large","max-video-preview":"max-video-preview:-1"},"canonical":"https:\/\/www.ditosama.com\/de\/wp-json\/wp\/v2\/pages\/2804","og_locale":"de_DE","og_type":"article","og_title":"About us | Dito Sama","og_description":"[vc_row][vc_column][vc_empty_space][vc_column_text] Ein Verm\u00e4chtnis der Exzellenz in der professionellen K\u00fcchenausstattung [\/vc_column_text][vc_column_text]Bei Dito Sama sind wir stolz darauf, seit 80 Jahren Premium-K\u00fcchenger\u00e4te zu entwerfen und herzustellen, die auf die sich wandelnden Bed\u00fcrfnisse von kulinarischen Profis weltweit zugeschnitten sind. Unsere Produkte basieren auf Innovation, Langlebigkeit und authentischer franz\u00f6sischer Handwerkskunst und wurden entwickelt, um die Effizienz, Zuverl\u00e4ssigkeit und Kreativit\u00e4t [&hellip;]","og_url":"https:\/\/www.ditosama.com\/de\/about-us\/","og_site_name":"Dito Sama","article_modified_time":"2025-09-25T13:33:04+00:00","twitter_card":"summary_large_image","twitter_misc":{"Gesch\u00e4tzte Lesezeit":"2\u00a0Minuten"},"schema":{"@context":"https:\/\/schema.org","@graph":[{"@type":"WebPage","@id":"https:\/\/www.ditosama.com\/de\/about-us\/","url":"https:\/\/www.ditosama.com\/de\/about-us\/","name":"About us | Dito Sama","isPartOf":{"@id":"https:\/\/www.ditosama.com\/en\/#website"},"datePublished":"2024-03-28T08:02:53+00:00","dateModified":"2025-09-25T13:33:04+00:00","breadcrumb":{"@id":"https:\/\/www.ditosama.com\/de\/about-us\/#breadcrumb"},"inLanguage":"de","potentialAction":[{"@type":"ReadAction","target":["https:\/\/www.ditosama.com\/de\/about-us\/"]}]},{"@type":"BreadcrumbList","@id":"https:\/\/www.ditosama.com\/de\/about-us\/#breadcrumb","itemListElement":[{"@type":"ListItem","position":1,"name":"Home","item":"https:\/\/www.ditosama.com\/de\/"},{"@type":"ListItem","position":2,"name":"About us"}]},{"@type":"WebSite","@id":"https:\/\/www.ditosama.com\/en\/#website","url":"https:\/\/www.ditosama.com\/en\/","name":"Dito Sama","description":"","potentialAction":[{"@type":"SearchAction","target":{"@type":"EntryPoint","urlTemplate":"https:\/\/www.ditosama.com\/en\/?s={search_term_string}"},"query-input":{"@type":"PropertyValueSpecification","valueRequired":true,"valueName":"search_term_string"}}],"inLanguage":"de"}]}},"_links":{"self":[{"href":"https:\/\/www.ditosama.com\/de\/wp-json\/wp\/v2\/pages\/2804","targetHints":{"allow":["GET"]}}],"collection":[{"href":"https:\/\/www.ditosama.com\/de\/wp-json\/wp\/v2\/pages"}],"about":[{"href":"https:\/\/www.ditosama.com\/de\/wp-json\/wp\/v2\/types\/page"}],"author":[{"embeddable":true,"href":"https:\/\/www.ditosama.com\/de\/wp-json\/wp\/v2\/users\/1"}],"replies":[{"embeddable":true,"href":"https:\/\/www.ditosama.com\/de\/wp-json\/wp\/v2\/comments?post=2804"}],"version-history":[{"count":4,"href":"https:\/\/www.ditosama.com\/de\/wp-json\/wp\/v2\/pages\/2804\/revisions"}],"predecessor-version":[{"id":30763,"href":"https:\/\/www.ditosama.com\/de\/wp-json\/wp\/v2\/pages\/2804\/revisions\/30763"}],"wp:attachment":[{"href":"https:\/\/www.ditosama.com\/de\/wp-json\/wp\/v2\/media?parent=2804"}],"curies":[{"name":"wp","href":"https:\/\/api.w.org\/{rel}","templated":true}]}}