{"id":2735,"date":"2022-12-19T09:29:07","date_gmt":"2022-12-19T09:29:07","guid":{"rendered":"https:\/\/www.ditosama.com\/contact-us\/"},"modified":"2026-04-07T10:02:05","modified_gmt":"2026-04-07T10:02:05","slug":"kontaktiere-uns","status":"publish","type":"page","link":"https:\/\/www.ditosama.com\/de\/kontaktiere-uns\/","title":{"rendered":"Kontaktieren Sie uns"},"content":{"rendered":"<section class=\"wpb-content-wrapper\"><p>[vc_row css=&#8220;.vc_custom_1672309360199{background-color: #f5f3f0 !important;}&#8220;][vc_column][vc_empty_space height=&#8220;70px&#8220;][vc_column_text]<\/p>\n<h3>SCHICKEN SIE UNS EINE KONTAKTANFRAGE MIT IHREM ANLIEGEN, WIR WERDEN UNS SCHNELLSTM\u00d6GLICH BEI IHNEN MELDEN!<\/h3>\n<p>Wir freuen uns \u00fcber ihre fragen und anregungen.[\/vc_column_text][c21_o2000_contact_us country=&#8220;Germany&#8220; l=&#8220;de&#8220;][vc_empty_space height=&#8220;70px&#8220;][\/vc_column][\/vc_row][vc_row][vc_column][vc_empty_space][\/vc_column][\/vc_row][vc_row][vc_column][c21_image_text image=&#8220;2097&#8243; image_position=&#8220;left&#8220; title=&#8220;WERK&#8220; subtitle=&#8220;Dito Sama&#8220; text=&#8220;Z.I. du Mont<br \/>\n23200 Aubusson<br \/>\nFRANCE&#8220;][\/vc_column][\/vc_row][vc_row full_width=&#8220;c21-full-width-no-padding&#8220; css=&#8220;.vc_custom_1741170148831{background-color: #f5f3f0 !important;}&#8220;][vc_column width=&#8220;1\/5&#8243;][vc_empty_space][\/vc_column][vc_column width=&#8220;3\/5&#8243;][vc_column_text]<\/p>\n<h3 style=\"text-align: center;\">Werden Sie ein zertifizierter Servicepartner!<\/h3>\n<p>[\/vc_column_text][vc_column_text]<\/p>\n<p style=\"text-align: center;\">Treten Sie unserem zertifizierten Servicenetzwerk bei! Erweitern Sie Ihr Gesch\u00e4ft, indem Sie ein autorisierter Servicepartner werden. Erhalten Sie Zugang zu exklusiven Schulungen, Unterst\u00fctzung und Wachstumschancen.<\/p>\n<p>[\/vc_column_text][c21_o2000_contact_us request_type=&#8220;Customer support&#8220; button_mode=&#8220;true&#8220; alignment=&#8220;center&#8220; r=&#8220;Ich m\u00f6chte kontaktiert werden, um Ihr Servicepartner zu werden. Danke.&#8220; label_btn=&#8220;Bewerben Sie sich noch heute!&#8220; image_modale=&#8220;29621&#8243; title_modale=&#8220;Treten Sie mit uns in Kontakt!&#8220;][vc_empty_space height=&#8220;50px&#8220;][\/vc_column][vc_column width=&#8220;1\/5&#8243;][\/vc_column][\/vc_row]<\/p>\n<\/section>","protected":false},"excerpt":{"rendered":"<p>[vc_row css=&#8220;.vc_custom_1672309360199{background-color: #f5f3f0 !important;}&#8220;][vc_column][vc_empty_space height=&#8220;70px&#8220;][vc_column_text] SCHICKEN SIE UNS EINE KONTAKTANFRAGE MIT IHREM ANLIEGEN, WIR WERDEN UNS SCHNELLSTM\u00d6GLICH BEI IHNEN MELDEN! Wir freuen uns \u00fcber ihre fragen und anregungen.[\/vc_column_text][c21_o2000_contact_us country=&#8220;Germany&#8220; l=&#8220;de&#8220;][vc_empty_space height=&#8220;70px&#8220;][\/vc_column][\/vc_row][vc_row][vc_column][vc_empty_space][\/vc_column][\/vc_row][vc_row][vc_column][c21_image_text image=&#8220;2097&#8243; image_position=&#8220;left&#8220; title=&#8220;WERK&#8220; subtitle=&#8220;Dito Sama&#8220; text=&#8220;Z.I. du Mont 23200 Aubusson FRANCE&#8220;][\/vc_column][\/vc_row][vc_row full_width=&#8220;c21-full-width-no-padding&#8220; css=&#8220;.vc_custom_1741170148831{background-color: #f5f3f0 !important;}&#8220;][vc_column width=&#8220;1\/5&#8243;][vc_empty_space][\/vc_column][vc_column width=&#8220;3\/5&#8243;][vc_column_text] Werden Sie ein zertifizierter Servicepartner! [\/vc_column_text][vc_column_text] Treten [&hellip;]<\/p>\n","protected":false},"author":1,"featured_media":1256,"parent":0,"menu_order":0,"comment_status":"closed","ping_status":"closed","template":"","meta":{"inline_featured_image":false,"footnotes":""},"class_list":["post-2735","page","type-page","status-publish","has-post-thumbnail","hentry"],"acf":[],"yoast_head":"<!-- This site is optimized with the Yoast SEO plugin v26.1.1 - https:\/\/yoast.com\/wordpress\/plugins\/seo\/ -->\n<title>Kontakt | Dito Sama<\/title>\n<meta name=\"description\" content=\"Kontaktieren Sie Dito Sama f\u00fcr fachkundige Unterst\u00fctzung und Anfragen. Wenden Sie sich an unser Team, wenn Sie Hilfe bei kommerziellen Restaurantausr\u00fcstungen und Dienstleistungen ben\u00f6tigen. Nehmen Sie noch heute Kontakt auf!\" \/>\n<meta name=\"robots\" content=\"index, follow, max-snippet:-1, max-image-preview:large, max-video-preview:-1\" \/>\n<link rel=\"canonical\" href=\"https:\/\/www.ditosama.com\/de\/wp-json\/wp\/v2\/pages\/2735\" \/>\n<meta property=\"og:locale\" content=\"de_DE\" \/>\n<meta property=\"og:type\" content=\"article\" \/>\n<meta property=\"og:title\" content=\"Kontakt | Dito Sama\" \/>\n<meta property=\"og:description\" content=\"Kontaktieren Sie Dito Sama f\u00fcr fachkundige Unterst\u00fctzung und Anfragen. Wenden Sie sich an unser Team, wenn Sie Hilfe bei kommerziellen Restaurantausr\u00fcstungen und Dienstleistungen ben\u00f6tigen. Nehmen Sie noch heute Kontakt auf!\" \/>\n<meta property=\"og:url\" content=\"https:\/\/www.ditosama.com\/de\/kontaktiere-uns\/\" \/>\n<meta property=\"og:site_name\" content=\"Dito Sama\" \/>\n<meta property=\"article:modified_time\" content=\"2026-04-07T10:02:05+00:00\" \/>\n<meta property=\"og:image\" content=\"https:\/\/www.ditosama.com\/wp-content\/uploads\/2022\/12\/p2_Bloc-7_Contact-us_-dito-sama-_0O3A4281-scaled.jpg\" \/>\n\t<meta property=\"og:image:width\" content=\"2560\" \/>\n\t<meta property=\"og:image:height\" content=\"1440\" \/>\n\t<meta property=\"og:image:type\" content=\"image\/jpeg\" \/>\n<meta name=\"twitter:card\" content=\"summary_large_image\" \/>\n<meta name=\"twitter:label1\" content=\"Gesch\u00e4tzte Lesezeit\" \/>\n\t<meta name=\"twitter:data1\" content=\"2\u00a0Minuten\" \/>\n<script type=\"application\/ld+json\" class=\"yoast-schema-graph\">{\"@context\":\"https:\/\/schema.org\",\"@graph\":[{\"@type\":\"WebPage\",\"@id\":\"https:\/\/www.ditosama.com\/de\/kontaktiere-uns\/\",\"url\":\"https:\/\/www.ditosama.com\/de\/kontaktiere-uns\/\",\"name\":\"Kontakt | Dito Sama\",\"isPartOf\":{\"@id\":\"https:\/\/www.ditosama.com\/en\/#website\"},\"primaryImageOfPage\":{\"@id\":\"https:\/\/www.ditosama.com\/de\/kontaktiere-uns\/#primaryimage\"},\"image\":{\"@id\":\"https:\/\/www.ditosama.com\/de\/kontaktiere-uns\/#primaryimage\"},\"thumbnailUrl\":\"https:\/\/www.ditosama.com\/wp-content\/uploads\/2022\/12\/p2_Bloc-7_Contact-us_-dito-sama-_0O3A4281-scaled.jpg\",\"datePublished\":\"2022-12-19T09:29:07+00:00\",\"dateModified\":\"2026-04-07T10:02:05+00:00\",\"description\":\"Kontaktieren Sie Dito Sama f\u00fcr fachkundige Unterst\u00fctzung und Anfragen. Wenden Sie sich an unser Team, wenn Sie Hilfe bei kommerziellen Restaurantausr\u00fcstungen und Dienstleistungen ben\u00f6tigen. Nehmen Sie noch heute Kontakt auf!\",\"breadcrumb\":{\"@id\":\"https:\/\/www.ditosama.com\/de\/kontaktiere-uns\/#breadcrumb\"},\"inLanguage\":\"de\",\"potentialAction\":[{\"@type\":\"ReadAction\",\"target\":[\"https:\/\/www.ditosama.com\/de\/kontaktiere-uns\/\"]}]},{\"@type\":\"ImageObject\",\"inLanguage\":\"de\",\"@id\":\"https:\/\/www.ditosama.com\/de\/kontaktiere-uns\/#primaryimage\",\"url\":\"https:\/\/www.ditosama.com\/wp-content\/uploads\/2022\/12\/p2_Bloc-7_Contact-us_-dito-sama-_0O3A4281-scaled.jpg\",\"contentUrl\":\"https:\/\/www.ditosama.com\/wp-content\/uploads\/2022\/12\/p2_Bloc-7_Contact-us_-dito-sama-_0O3A4281-scaled.jpg\",\"width\":2560,\"height\":1440},{\"@type\":\"BreadcrumbList\",\"@id\":\"https:\/\/www.ditosama.com\/de\/kontaktiere-uns\/#breadcrumb\",\"itemListElement\":[{\"@type\":\"ListItem\",\"position\":1,\"name\":\"Home\",\"item\":\"https:\/\/www.ditosama.com\/de\/\"},{\"@type\":\"ListItem\",\"position\":2,\"name\":\"Kontaktieren Sie uns\"}]},{\"@type\":\"WebSite\",\"@id\":\"https:\/\/www.ditosama.com\/en\/#website\",\"url\":\"https:\/\/www.ditosama.com\/en\/\",\"name\":\"Dito Sama\",\"description\":\"\",\"potentialAction\":[{\"@type\":\"SearchAction\",\"target\":{\"@type\":\"EntryPoint\",\"urlTemplate\":\"https:\/\/www.ditosama.com\/en\/?s={search_term_string}\"},\"query-input\":{\"@type\":\"PropertyValueSpecification\",\"valueRequired\":true,\"valueName\":\"search_term_string\"}}],\"inLanguage\":\"de\"}]}<\/script>\n<!-- \/ Yoast SEO plugin. -->","yoast_head_json":{"title":"Kontakt | Dito Sama","description":"Kontaktieren Sie Dito Sama f\u00fcr fachkundige Unterst\u00fctzung und Anfragen. Wenden Sie sich an unser Team, wenn Sie Hilfe bei kommerziellen Restaurantausr\u00fcstungen und Dienstleistungen ben\u00f6tigen. Nehmen Sie noch heute Kontakt auf!","robots":{"index":"index","follow":"follow","max-snippet":"max-snippet:-1","max-image-preview":"max-image-preview:large","max-video-preview":"max-video-preview:-1"},"canonical":"https:\/\/www.ditosama.com\/de\/wp-json\/wp\/v2\/pages\/2735","og_locale":"de_DE","og_type":"article","og_title":"Kontakt | Dito Sama","og_description":"Kontaktieren Sie Dito Sama f\u00fcr fachkundige Unterst\u00fctzung und Anfragen. Wenden Sie sich an unser Team, wenn Sie Hilfe bei kommerziellen Restaurantausr\u00fcstungen und Dienstleistungen ben\u00f6tigen. Nehmen Sie noch heute Kontakt auf!","og_url":"https:\/\/www.ditosama.com\/de\/kontaktiere-uns\/","og_site_name":"Dito Sama","article_modified_time":"2026-04-07T10:02:05+00:00","og_image":[{"width":2560,"height":1440,"url":"https:\/\/www.ditosama.com\/wp-content\/uploads\/2022\/12\/p2_Bloc-7_Contact-us_-dito-sama-_0O3A4281-scaled.jpg","type":"image\/jpeg"}],"twitter_card":"summary_large_image","twitter_misc":{"Gesch\u00e4tzte Lesezeit":"2\u00a0Minuten"},"schema":{"@context":"https:\/\/schema.org","@graph":[{"@type":"WebPage","@id":"https:\/\/www.ditosama.com\/de\/kontaktiere-uns\/","url":"https:\/\/www.ditosama.com\/de\/kontaktiere-uns\/","name":"Kontakt | Dito Sama","isPartOf":{"@id":"https:\/\/www.ditosama.com\/en\/#website"},"primaryImageOfPage":{"@id":"https:\/\/www.ditosama.com\/de\/kontaktiere-uns\/#primaryimage"},"image":{"@id":"https:\/\/www.ditosama.com\/de\/kontaktiere-uns\/#primaryimage"},"thumbnailUrl":"https:\/\/www.ditosama.com\/wp-content\/uploads\/2022\/12\/p2_Bloc-7_Contact-us_-dito-sama-_0O3A4281-scaled.jpg","datePublished":"2022-12-19T09:29:07+00:00","dateModified":"2026-04-07T10:02:05+00:00","description":"Kontaktieren Sie Dito Sama f\u00fcr fachkundige Unterst\u00fctzung und Anfragen. Wenden Sie sich an unser Team, wenn Sie Hilfe bei kommerziellen Restaurantausr\u00fcstungen und Dienstleistungen ben\u00f6tigen. Nehmen Sie noch heute Kontakt auf!","breadcrumb":{"@id":"https:\/\/www.ditosama.com\/de\/kontaktiere-uns\/#breadcrumb"},"inLanguage":"de","potentialAction":[{"@type":"ReadAction","target":["https:\/\/www.ditosama.com\/de\/kontaktiere-uns\/"]}]},{"@type":"ImageObject","inLanguage":"de","@id":"https:\/\/www.ditosama.com\/de\/kontaktiere-uns\/#primaryimage","url":"https:\/\/www.ditosama.com\/wp-content\/uploads\/2022\/12\/p2_Bloc-7_Contact-us_-dito-sama-_0O3A4281-scaled.jpg","contentUrl":"https:\/\/www.ditosama.com\/wp-content\/uploads\/2022\/12\/p2_Bloc-7_Contact-us_-dito-sama-_0O3A4281-scaled.jpg","width":2560,"height":1440},{"@type":"BreadcrumbList","@id":"https:\/\/www.ditosama.com\/de\/kontaktiere-uns\/#breadcrumb","itemListElement":[{"@type":"ListItem","position":1,"name":"Home","item":"https:\/\/www.ditosama.com\/de\/"},{"@type":"ListItem","position":2,"name":"Kontaktieren Sie uns"}]},{"@type":"WebSite","@id":"https:\/\/www.ditosama.com\/en\/#website","url":"https:\/\/www.ditosama.com\/en\/","name":"Dito Sama","description":"","potentialAction":[{"@type":"SearchAction","target":{"@type":"EntryPoint","urlTemplate":"https:\/\/www.ditosama.com\/en\/?s={search_term_string}"},"query-input":{"@type":"PropertyValueSpecification","valueRequired":true,"valueName":"search_term_string"}}],"inLanguage":"de"}]}},"_links":{"self":[{"href":"https:\/\/www.ditosama.com\/de\/wp-json\/wp\/v2\/pages\/2735","targetHints":{"allow":["GET"]}}],"collection":[{"href":"https:\/\/www.ditosama.com\/de\/wp-json\/wp\/v2\/pages"}],"about":[{"href":"https:\/\/www.ditosama.com\/de\/wp-json\/wp\/v2\/types\/page"}],"author":[{"embeddable":true,"href":"https:\/\/www.ditosama.com\/de\/wp-json\/wp\/v2\/users\/1"}],"replies":[{"embeddable":true,"href":"https:\/\/www.ditosama.com\/de\/wp-json\/wp\/v2\/comments?post=2735"}],"version-history":[{"count":20,"href":"https:\/\/www.ditosama.com\/de\/wp-json\/wp\/v2\/pages\/2735\/revisions"}],"predecessor-version":[{"id":33104,"href":"https:\/\/www.ditosama.com\/de\/wp-json\/wp\/v2\/pages\/2735\/revisions\/33104"}],"wp:featuredmedia":[{"embeddable":true,"href":"https:\/\/www.ditosama.com\/de\/wp-json\/wp\/v2\/media\/1256"}],"wp:attachment":[{"href":"https:\/\/www.ditosama.com\/de\/wp-json\/wp\/v2\/media?parent=2735"}],"curies":[{"name":"wp","href":"https:\/\/api.w.org\/{rel}","templated":true}]}}