{"id":1501,"date":"2022-12-06T09:22:20","date_gmt":"2022-12-06T09:22:20","guid":{"rendered":"https:\/\/www.ditosama.com\/value-and-mission\/"},"modified":"2026-04-07T10:00:50","modified_gmt":"2026-04-07T10:00:50","slug":"werte-und-mission","status":"publish","type":"page","link":"https:\/\/www.ditosama.com\/de\/about-us\/werte-und-mission\/","title":{"rendered":"Mission"},"content":{"rendered":"<section class=\"wpb-content-wrapper\"><p>[vc_row][vc_column][vc_empty_space height=&#8220;45px&#8220;][\/vc_column][\/vc_row][vc_row][vc_column][c21_image_text image=&#8220;140&#8243; image_position=&#8220;left&#8220; title=&#8220;UNSERE KUNDEN&#8220; subtitle=&#8220;&#8220; text=&#8220;Krankenh\u00e4user, Pflegeheime, \u00f6ffentliche Einrichtungen und Gemeinden, gro\u00dfe Catering-Unternehmen. Gewerbliche Restaurants, kleine Restaurantketten und lokale Lebensmittelketten, Konditoreien und B\u00e4ckereien, Metzgereien, Bars, mobile Food-Konzepte, Food Courts und kleine bis mittlere Lebensmittelproduktionsbetriebe.&#8220;][vc_empty_space][c21_image_text image=&#8220;1748&#8243; image_position=&#8220;right&#8220; title=&#8220;WAS WIR VERSPRECHEN&#8220; subtitle=&#8220;&#8220; text=&#8220;Ihr Frische-Erlebnis. Ob Sie sch\u00e4len, schneiden, hacken, mixen, mischen, kneten oder aufschlagen wollen \u2013 Dito Sama liefert Ihnen das gew\u00fcnschte Ergebnis in k\u00fcrzerer Zeit. Profitieren Sie von der klassenbesten Ergonomie f\u00fcr ein sicheres Arbeiten und der zertifizierten Hygiene f\u00fcr den gesunden Lebensmittelgenuss Ihrer Kunden. Das macht uns zuversichtlich, das ultimative Frischeerlebnis \u00fcber Produkte mit einem Qualit\u00e4tsversprechen f\u00fcr \u201ebuilt to last\u201c zu liefern.&#8220;][vc_empty_space][c21_image_text image=&#8220;1752&#8243; image_position=&#8220;left&#8220; title=&#8220;WOF\u00dcR WIR STEHEN&#8220; subtitle=&#8220;&#8220; text=&#8220;Unsere Identit\u00e4t und unsere Werte verdeutlichen unsere Kompetenz und Professionalit\u00e4t als Spezialist f\u00fcr die Zubereitung von Lebensmitteln in dem von uns bedienten Markt.<\/p>\n<p>Frisch, temperamentvoll, clever, originell, leidenschaftlich, zuverl\u00e4ssig, f\u00fcrsorglich.&#8220;][\/vc_column][\/vc_row][vc_row full_width=&#8220;c21-full-width-no-padding&#8220;][vc_column][c21_image_text_full image=&#8220;290&#8243; image_position=&#8220;left&#8220; title=&#8220;W\u00dcRDEN SIE GERN MEHR ERFAHREN?&#8220; text=&#8220;Entdecken Sie alle unsere Produkte&#8220; link=&#8220;url:https%3A%2F%2Fwww.ditosama.com%2Fde%2Fkontaktiere-uns%2F|title:KONTAKTIERE%20UNS&#8220;][\/vc_column][\/vc_row]<\/p>\n<\/section>","protected":false},"excerpt":{"rendered":"<p>[vc_row][vc_column][vc_empty_space height=&#8220;45px&#8220;][\/vc_column][\/vc_row][vc_row][vc_column][c21_image_text image=&#8220;140&#8243; image_position=&#8220;left&#8220; title=&#8220;UNSERE KUNDEN&#8220; subtitle=&#8220;&#8220; text=&#8220;Krankenh\u00e4user, Pflegeheime, \u00f6ffentliche Einrichtungen und Gemeinden, gro\u00dfe Catering-Unternehmen. Gewerbliche Restaurants, kleine Restaurantketten und lokale Lebensmittelketten, Konditoreien und B\u00e4ckereien, Metzgereien, Bars, mobile Food-Konzepte, Food Courts und kleine bis mittlere Lebensmittelproduktionsbetriebe.&#8220;][vc_empty_space][c21_image_text image=&#8220;1748&#8243; image_position=&#8220;right&#8220; title=&#8220;WAS WIR VERSPRECHEN&#8220; subtitle=&#8220;&#8220; text=&#8220;Ihr Frische-Erlebnis. Ob Sie sch\u00e4len, schneiden, hacken, mixen, mischen, kneten oder aufschlagen wollen [&hellip;]<\/p>\n","protected":false},"author":1,"featured_media":2101,"parent":2804,"menu_order":0,"comment_status":"closed","ping_status":"closed","template":"","meta":{"inline_featured_image":false,"footnotes":""},"class_list":["post-1501","page","type-page","status-publish","has-post-thumbnail","hentry"],"acf":[],"yoast_head":"<!-- This site is optimized with the Yoast SEO plugin v26.1.1 - https:\/\/yoast.com\/wordpress\/plugins\/seo\/ -->\n<title>Mission | Dito Sama<\/title>\n<meta name=\"description\" content=\"Entdecken Sie die Grundwerte und die Mission von Dito Sama. Erfahren Sie, wie unsere Grunds\u00e4tze unsere Arbeit und unser Engagement bestimmen. Erforschen Sie unsere Vision f\u00fcr die Zukunft.\" \/>\n<meta name=\"robots\" content=\"index, follow, max-snippet:-1, max-image-preview:large, max-video-preview:-1\" \/>\n<link rel=\"canonical\" href=\"https:\/\/www.ditosama.com\/de\/wp-json\/wp\/v2\/pages\/1501\" \/>\n<meta property=\"og:locale\" content=\"de_DE\" \/>\n<meta property=\"og:type\" content=\"article\" \/>\n<meta property=\"og:title\" content=\"Mission | Dito Sama\" \/>\n<meta property=\"og:description\" content=\"Entdecken Sie die Grundwerte und die Mission von Dito Sama. Erfahren Sie, wie unsere Grunds\u00e4tze unsere Arbeit und unser Engagement bestimmen. Erforschen Sie unsere Vision f\u00fcr die Zukunft.\" \/>\n<meta property=\"og:url\" content=\"https:\/\/www.ditosama.com\/de\/about-us\/werte-und-mission\/\" \/>\n<meta property=\"og:site_name\" content=\"Dito Sama\" \/>\n<meta property=\"article:modified_time\" content=\"2026-04-07T10:00:50+00:00\" \/>\n<meta property=\"og:image\" content=\"https:\/\/www.ditosama.com\/wp-content\/uploads\/2022\/12\/MicrosoftTeams-image-67-scaled.jpg\" \/>\n\t<meta property=\"og:image:width\" content=\"2560\" \/>\n\t<meta property=\"og:image:height\" content=\"1440\" \/>\n\t<meta property=\"og:image:type\" content=\"image\/jpeg\" \/>\n<meta name=\"twitter:card\" content=\"summary_large_image\" \/>\n<meta name=\"twitter:label1\" content=\"Gesch\u00e4tzte Lesezeit\" \/>\n\t<meta name=\"twitter:data1\" content=\"2\u00a0Minuten\" \/>\n<script type=\"application\/ld+json\" class=\"yoast-schema-graph\">{\"@context\":\"https:\/\/schema.org\",\"@graph\":[{\"@type\":\"WebPage\",\"@id\":\"https:\/\/www.ditosama.com\/de\/about-us\/werte-und-mission\/\",\"url\":\"https:\/\/www.ditosama.com\/de\/about-us\/werte-und-mission\/\",\"name\":\"Mission | Dito Sama\",\"isPartOf\":{\"@id\":\"https:\/\/www.ditosama.com\/en\/#website\"},\"primaryImageOfPage\":{\"@id\":\"https:\/\/www.ditosama.com\/de\/about-us\/werte-und-mission\/#primaryimage\"},\"image\":{\"@id\":\"https:\/\/www.ditosama.com\/de\/about-us\/werte-und-mission\/#primaryimage\"},\"thumbnailUrl\":\"https:\/\/www.ditosama.com\/wp-content\/uploads\/2022\/12\/MicrosoftTeams-image-67-scaled.jpg\",\"datePublished\":\"2022-12-06T09:22:20+00:00\",\"dateModified\":\"2026-04-07T10:00:50+00:00\",\"description\":\"Entdecken Sie die Grundwerte und die Mission von Dito Sama. Erfahren Sie, wie unsere Grunds\u00e4tze unsere Arbeit und unser Engagement bestimmen. Erforschen Sie unsere Vision f\u00fcr die Zukunft.\",\"breadcrumb\":{\"@id\":\"https:\/\/www.ditosama.com\/de\/about-us\/werte-und-mission\/#breadcrumb\"},\"inLanguage\":\"de\",\"potentialAction\":[{\"@type\":\"ReadAction\",\"target\":[\"https:\/\/www.ditosama.com\/de\/about-us\/werte-und-mission\/\"]}]},{\"@type\":\"ImageObject\",\"inLanguage\":\"de\",\"@id\":\"https:\/\/www.ditosama.com\/de\/about-us\/werte-und-mission\/#primaryimage\",\"url\":\"https:\/\/www.ditosama.com\/wp-content\/uploads\/2022\/12\/MicrosoftTeams-image-67-scaled.jpg\",\"contentUrl\":\"https:\/\/www.ditosama.com\/wp-content\/uploads\/2022\/12\/MicrosoftTeams-image-67-scaled.jpg\",\"width\":2560,\"height\":1440},{\"@type\":\"BreadcrumbList\",\"@id\":\"https:\/\/www.ditosama.com\/de\/about-us\/werte-und-mission\/#breadcrumb\",\"itemListElement\":[{\"@type\":\"ListItem\",\"position\":1,\"name\":\"Home\",\"item\":\"https:\/\/www.ditosama.com\/de\/\"},{\"@type\":\"ListItem\",\"position\":2,\"name\":\"About us\",\"item\":\"https:\/\/www.ditosama.com\/de\/about-us\/\"},{\"@type\":\"ListItem\",\"position\":3,\"name\":\"Mission\"}]},{\"@type\":\"WebSite\",\"@id\":\"https:\/\/www.ditosama.com\/en\/#website\",\"url\":\"https:\/\/www.ditosama.com\/en\/\",\"name\":\"Dito Sama\",\"description\":\"\",\"potentialAction\":[{\"@type\":\"SearchAction\",\"target\":{\"@type\":\"EntryPoint\",\"urlTemplate\":\"https:\/\/www.ditosama.com\/en\/?s={search_term_string}\"},\"query-input\":{\"@type\":\"PropertyValueSpecification\",\"valueRequired\":true,\"valueName\":\"search_term_string\"}}],\"inLanguage\":\"de\"}]}<\/script>\n<!-- \/ Yoast SEO plugin. -->","yoast_head_json":{"title":"Mission | Dito Sama","description":"Entdecken Sie die Grundwerte und die Mission von Dito Sama. Erfahren Sie, wie unsere Grunds\u00e4tze unsere Arbeit und unser Engagement bestimmen. Erforschen Sie unsere Vision f\u00fcr die Zukunft.","robots":{"index":"index","follow":"follow","max-snippet":"max-snippet:-1","max-image-preview":"max-image-preview:large","max-video-preview":"max-video-preview:-1"},"canonical":"https:\/\/www.ditosama.com\/de\/wp-json\/wp\/v2\/pages\/1501","og_locale":"de_DE","og_type":"article","og_title":"Mission | Dito Sama","og_description":"Entdecken Sie die Grundwerte und die Mission von Dito Sama. Erfahren Sie, wie unsere Grunds\u00e4tze unsere Arbeit und unser Engagement bestimmen. Erforschen Sie unsere Vision f\u00fcr die Zukunft.","og_url":"https:\/\/www.ditosama.com\/de\/about-us\/werte-und-mission\/","og_site_name":"Dito Sama","article_modified_time":"2026-04-07T10:00:50+00:00","og_image":[{"width":2560,"height":1440,"url":"https:\/\/www.ditosama.com\/wp-content\/uploads\/2022\/12\/MicrosoftTeams-image-67-scaled.jpg","type":"image\/jpeg"}],"twitter_card":"summary_large_image","twitter_misc":{"Gesch\u00e4tzte Lesezeit":"2\u00a0Minuten"},"schema":{"@context":"https:\/\/schema.org","@graph":[{"@type":"WebPage","@id":"https:\/\/www.ditosama.com\/de\/about-us\/werte-und-mission\/","url":"https:\/\/www.ditosama.com\/de\/about-us\/werte-und-mission\/","name":"Mission | Dito Sama","isPartOf":{"@id":"https:\/\/www.ditosama.com\/en\/#website"},"primaryImageOfPage":{"@id":"https:\/\/www.ditosama.com\/de\/about-us\/werte-und-mission\/#primaryimage"},"image":{"@id":"https:\/\/www.ditosama.com\/de\/about-us\/werte-und-mission\/#primaryimage"},"thumbnailUrl":"https:\/\/www.ditosama.com\/wp-content\/uploads\/2022\/12\/MicrosoftTeams-image-67-scaled.jpg","datePublished":"2022-12-06T09:22:20+00:00","dateModified":"2026-04-07T10:00:50+00:00","description":"Entdecken Sie die Grundwerte und die Mission von Dito Sama. Erfahren Sie, wie unsere Grunds\u00e4tze unsere Arbeit und unser Engagement bestimmen. Erforschen Sie unsere Vision f\u00fcr die Zukunft.","breadcrumb":{"@id":"https:\/\/www.ditosama.com\/de\/about-us\/werte-und-mission\/#breadcrumb"},"inLanguage":"de","potentialAction":[{"@type":"ReadAction","target":["https:\/\/www.ditosama.com\/de\/about-us\/werte-und-mission\/"]}]},{"@type":"ImageObject","inLanguage":"de","@id":"https:\/\/www.ditosama.com\/de\/about-us\/werte-und-mission\/#primaryimage","url":"https:\/\/www.ditosama.com\/wp-content\/uploads\/2022\/12\/MicrosoftTeams-image-67-scaled.jpg","contentUrl":"https:\/\/www.ditosama.com\/wp-content\/uploads\/2022\/12\/MicrosoftTeams-image-67-scaled.jpg","width":2560,"height":1440},{"@type":"BreadcrumbList","@id":"https:\/\/www.ditosama.com\/de\/about-us\/werte-und-mission\/#breadcrumb","itemListElement":[{"@type":"ListItem","position":1,"name":"Home","item":"https:\/\/www.ditosama.com\/de\/"},{"@type":"ListItem","position":2,"name":"About us","item":"https:\/\/www.ditosama.com\/de\/about-us\/"},{"@type":"ListItem","position":3,"name":"Mission"}]},{"@type":"WebSite","@id":"https:\/\/www.ditosama.com\/en\/#website","url":"https:\/\/www.ditosama.com\/en\/","name":"Dito Sama","description":"","potentialAction":[{"@type":"SearchAction","target":{"@type":"EntryPoint","urlTemplate":"https:\/\/www.ditosama.com\/en\/?s={search_term_string}"},"query-input":{"@type":"PropertyValueSpecification","valueRequired":true,"valueName":"search_term_string"}}],"inLanguage":"de"}]}},"_links":{"self":[{"href":"https:\/\/www.ditosama.com\/de\/wp-json\/wp\/v2\/pages\/1501","targetHints":{"allow":["GET"]}}],"collection":[{"href":"https:\/\/www.ditosama.com\/de\/wp-json\/wp\/v2\/pages"}],"about":[{"href":"https:\/\/www.ditosama.com\/de\/wp-json\/wp\/v2\/types\/page"}],"author":[{"embeddable":true,"href":"https:\/\/www.ditosama.com\/de\/wp-json\/wp\/v2\/users\/1"}],"replies":[{"embeddable":true,"href":"https:\/\/www.ditosama.com\/de\/wp-json\/wp\/v2\/comments?post=1501"}],"version-history":[{"count":8,"href":"https:\/\/www.ditosama.com\/de\/wp-json\/wp\/v2\/pages\/1501\/revisions"}],"predecessor-version":[{"id":33102,"href":"https:\/\/www.ditosama.com\/de\/wp-json\/wp\/v2\/pages\/1501\/revisions\/33102"}],"up":[{"embeddable":true,"href":"https:\/\/www.ditosama.com\/de\/wp-json\/wp\/v2\/pages\/2804"}],"wp:featuredmedia":[{"embeddable":true,"href":"https:\/\/www.ditosama.com\/de\/wp-json\/wp\/v2\/media\/2101"}],"wp:attachment":[{"href":"https:\/\/www.ditosama.com\/de\/wp-json\/wp\/v2\/media?parent=1501"}],"curies":[{"name":"wp","href":"https:\/\/api.w.org\/{rel}","templated":true}]}}