{"id":1498,"date":"2022-12-06T09:17:52","date_gmt":"2022-12-06T09:17:52","guid":{"rendered":"https:\/\/www.ditosama.com\/company-history\/"},"modified":"2026-04-07T10:10:10","modified_gmt":"2026-04-07T10:10:10","slug":"unternehmensgeschichte","status":"publish","type":"page","link":"https:\/\/www.ditosama.com\/de\/about-us\/unternehmensgeschichte\/","title":{"rendered":"Firmengeschichte"},"content":{"rendered":"<section class=\"wpb-content-wrapper\"><p>[vc_row full_width=&#8220;c21-full-width-no-padding&#8220;][vc_column][vc_empty_space height=&#8220;45px&#8220;][\/vc_column][\/vc_row][vc_row][vc_column][c21_image_text image=&#8220;2145&#8243; image_position=&#8220;left&#8220; title=&#8220;&#8220; subtitle=&#8220;&#8220; text=&#8220;Seit unserer Gr\u00fcndung im Jahr 1945 hat sich Dito Sama zum Weltmarktf\u00fchrer f\u00fcr professionelle Vorbereitungsger\u00e4te entwickelt, die von Planetenr\u00fchrmaschinen und Gem\u00fcseschneidern bis hin zu Teigknetern und Vakuumierern reichen. Wir sind stolz darauf, seit 1987 zur Electrolux-Gruppe zu geh\u00f6ren, und haben 1996 die ISO 9001-Zertifizierung sowie 2006 die ISO 14001-Zertifizierung erhalten.&#8220;][vc_empty_space][c21_history title=&#8220;DITO SAMA: IHR SPEZIALIST SEIT MEHR ALS 75 JAHREN&#8220; values=&#8220;%5B%7B%22year%22%3A%221945%22%2C%22text%22%3A%22Gr%C3%BCndung%20des%20Unternehmens%20%5C%22Sama%5C%22%20(Soci%C3%A9t%C3%A9%20d&#8217;%20Appareils%20M%C3%A9nagers%20et%20d&#8217;%20Alimentation)%20in%20Montlu%C3%A7on%20als%20Hersteller%20von%20Gem%C3%BCsesch%C3%A4lern%22%7D%2C%7B%22year%22%3A%221948%22%2C%22text%22%3A%22Erweiterung%20der%20Produktion%20um%20manuelle%20Pommes%20frites-Schneider%22%7D%2C%7B%22year%22%3A%221954%22%2C%22text%22%3A%22Teilnahme%20an%20der%20Er%C3%B6ffnungsausgabe%20der%20Equip%E2%80%99Hotel%2C%20einer%20auf%20professionelle%20Ger%C3%A4te%20f%C3%BCr%20die%20Hotellerie%20spezialisierten%20Fachmesse%22%7D%2C%7B%22year%22%3A%221955%22%2C%22text%22%3A%22Umzug%20des%20Unternehmens%20nach%20Aubusson%20f%C3%BChrt%20zu%20einer%20deutlichen%20Steigerung%20der%20Produktionsintensit%C3%A4t%20und%20einer%20Rationalisierung%20der%20Betriebsabl%C3%A4ufe%22%7D%2C%7B%22year%22%3A%221962%22%2C%22text%22%3A%22Zunehmende%20Diversifizierung%20der%20Produktion%2C%20Vorstellung%20der%20ersten%20Planetenr%C3%BChrmaschine%20(Modell%20B20%2C%2020%20l)%22%7D%2C%7B%22year%22%3A%221965%22%2C%22text%22%3A%22Einf%C3%BChrung%20des%20Modells%20B40%20(40%20Liter)%20f%C3%BChrt%20zu%20einer%20signifikanten%20Erweiterung%20des%20Angebots%20an%20Planetenr%C3%BChrmaschinen%22%7D%2C%7B%22year%22%3A%221969%22%2C%22text%22%3A%22Dito%20wird%20Hauptvertriebsh%C3%A4ndler%20f%C3%BCr%20Sama-Ger%C3%A4te%20in%20Frankreich%2C%20Umbenennung%20des%20Unternehmes%20in%20%E2%80%9EDito%20Machine%20Sama%E2%80%9C%20%22%7D%2C%7B%22year%22%3A%221970%22%2C%22text%22%3A%22Launch%20des%20Gem%C3%BCseschneiders%20TR21%2C%20der%20sich%20weltweit%20%C3%BCber%20100.000-mal%20verkauft%22%7D%2C%7B%22year%22%3A%221974%22%2C%22text%22%3A%22Entwicklung%20des%20ersten%20Kutters%20MV50%22%7D%2C%7B%22year%22%3A%221978%22%2C%22text%22%3A%22Umbenennung%20von%20%E2%80%9EDito%20Machine%20Sama%E2%80%9C%20in%20%E2%80%9EDito%20Sama%E2%80%9C.%20%3Cbr%3E%20Innovationen%20beim%20Sch%C3%A4len%3A%20Erg%C3%A4nzen%20der%20abrasiven%20Sch%C3%A4lscheibe%20um%20die%20Messersch%C3%A4lscheibe%2C%20Umstellung%20des%20Maschinengeh%C3%A4uses%20von%20Aluminium%20in%20Edelstahl%20bei%20den%20Modellen%20T5%2C%20T10%20und%20T15%22%7D%2C%7B%22year%22%3A%221982%22%2C%22text%22%3A%22Einf%C3%BChrung%20eines%20neuen%20Dito%20Sama-Logos%20mit%20einem%20%5C%22verj%C3%BCngten%5C%22%20Koch%3B%20Auftakt%20f%C3%BCr%20zahlreiche%20%20Innovationen%20und%20Kreationen%20des%20Unternehmens%22%7D%2C%7B%22year%22%3A%221987%22%2C%22text%22%3A%22Dito%20Sama%20wird%20Teil%20der%20Electrolux-Gruppe.%20%3Cbr%3E%20Innovationen%20im%20Bereich%20der%20Geschwindigkeitsregulierung%20bei%20Planetenr%C3%BChrmaschinen%2C%20%3Cbr%3E%20Pr%C3%A4sentation%20des%20Kutter-Sortiments%22%7D%2C%7B%22year%22%3A%221989%22%2C%22text%22%3A%22Ausbau%20der%20Produktionsst%C3%A4tte%20in%20Aubusson.%20%3Cbr%3E%20Erstmalig%20werden%20%C3%BCber%2030.000%20motorgetriebene%20Ger%C3%A4te%20produziert.%20Deutlicher%20Anstieg%20des%20Exportanteils%20auf%20fast%2040%25%20des%20Jahresumsatzes%22%7D%2C%7B%22year%22%3A%221990%22%2C%22text%22%3A%22Gr%C3%BCndung%20der%20Dito-Gruppe%2C%20Konsolidierung%20und%20strategische%20Expansion%20in%20Richtung%20neuer%20kommerzieller%20und%20industrieller%20L%C3%B6sungen%22%7D%2C%7B%22year%22%3A%221993%22%2C%22text%22%3A%22Vorstellung%20der%20neuen%20Gem%C3%BCseschneider-Serie%20Minigreen%20%E2%80%93%20Multigreen%20auf%20der%20Equip%E2%80%99Hotel%22%7D%2C%7B%22year%22%3A%221995%22%2C%22text%22%3A%2250-j%C3%A4hriges%20Firmenjubil%C3%A4um%3B%20Einf%C3%BChrung%20von%20SAMIX%E2%80%99R%2C%20die%20erste%20professionelle%205-Liter-Planetenr%C3%BChrmaschine%22%7D%2C%7B%22year%22%3A%221996%22%2C%22text%22%3A%22Zertifizierung%20der%20Produktionsst%C3%A4tte%20nach%20ISO%209001%22%7D%2C%7B%22year%22%3A%222000%22%2C%22text%22%3A%22Er%C3%B6ffnung%20des%20neuen%20Werks%20in%20Aubusson%22%7D%2C%7B%22year%22%3A%222004%22%2C%22text%22%3A%22Auszeichnung%20von%20der%20Asia-Pacific%20Risk%20and%20Insurance%20Association%20mit%20dem%20%E2%80%9CAPRIA%202004%E2%80%9D-Award%20f%C3%BCr%20den%20Gem%C3%BCsesch%C3%A4ler%20T8E%20in%20der%20Kategorie%20%E2%80%9CSmall%20Materials%20and%20Kitchen%20or%20Counter%20Equipment%E2%80%9D%22%7D%2C%7B%22year%22%3A%222006%22%2C%22text%22%3A%22Zertifizierung%20des%20Umweltmanagementsystems%20der%20Produktion%20nach%20ISO%2014001%22%7D%2C%7B%22year%22%3A%222007%22%2C%22text%22%3A%22Einf%C3%BChrung%20einer%20neuen%20Reihe%20von%20Gem%C3%BCseschneidern%2C%20Kuttern%20und%20Kombimaschinen%20(TRS%2C%20K45-55-70%2C%20TRK45-55-70)%20und%20Gewinn%20des%20prestigetr%C3%A4chtigen%20Designpreises%20%E2%80%9EJanus%20de%20l%E2%80%99industrie%202007%E2%80%9C%20f%C3%BCr%20diese%20Produkte%22%7D%2C%7B%22year%22%3A%222012%22%2C%22text%22%3A%2250-j%C3%A4hriges%20Jubil%C3%A4um%20der%20Produktion%20von%20Planetenr%C3%BChrmaschinen.%20%3Cbr%3E%20Einf%C3%BChrung%20neuer%2C%20kleiner%20Planetenr%C3%BChrmaschinen%20und%20neuer%20Edelstahlschneidscheiben%20f%C3%BCr%20TRS%2FTRK%22%7D%2C%7B%22year%22%3A%222015%20%22%2C%22text%22%3A%22Dito%20Sama%20feiert%2070%20Jahre%20herausragende%20Leistung%20in%20der%20Lebensmittelzubereitung%22%7D%2C%7B%22year%22%3A%222020%22%2C%22text%22%3A%22Listung%20der%20Electrolux-Gruppe%20an%20der%20Stockholmer%20B%C3%B6rse%20%22%7D%2C%7B%22year%22%3A%222021%22%2C%22text%22%3A%22Einf%C3%BChrung%20der%20PREP4YOU-Reihe%20mit%20Gem%C3%BCseschneidern%2C%20Kuttern%20und%20Kombimaschinen%22%7D%2C%7B%22year%22%3A%222022%22%2C%22text%22%3A%22PREP4YOU%20wird%20mit%20dem%20ber%C3%BChmten%20Red%20Dot%20Design%20Award%20ausgezeichnet%22%7D%2C%7B%22year%22%3A%222023%22%2C%22text%22%3A%22St%C3%A4rkung%20der%20neuen%20Markenidentit%C3%A4t%20von%20Dito%20Sama%20durch%20eine%20integrierte%20digitale%20Strategie%22%7D%2C%7B%22year%22%3A%222025%22%2C%22text%22%3A%22Dito%20Sama%20feierte%20seine%2080-j%C3%A4hrige%20Erfolgsgeschichte%22%7D%5D&#8220;][\/vc_column][\/vc_row][vc_row full_width=&#8220;c21-full-width-no-padding&#8220;][vc_column][c21_image_text_full image=&#8220;290&#8243; image_position=&#8220;left&#8220; title=&#8220;W\u00dcRDEN SIE GERN MEHR ERFAHREN?&#8220; text=&#8220;Lesen Sie mehr \u00fcber unsere Unternehmensgeschichte, unsere Fabriken und was unsere Kunden \u00fcber uns sagen.&#8220; link=&#8220;url:https%3A%2F%2Fwww.ditosama.com%2Fde%2Fkontaktiere-uns%2F|title:KONTAKTIERE%20UNS&#8220;][\/vc_column][\/vc_row]<\/p>\n<\/section>","protected":false},"excerpt":{"rendered":"<p>[vc_row full_width=&#8220;c21-full-width-no-padding&#8220;][vc_column][vc_empty_space height=&#8220;45px&#8220;][\/vc_column][\/vc_row][vc_row][vc_column][c21_image_text image=&#8220;2145&#8243; image_position=&#8220;left&#8220; title=&#8220;&#8220; subtitle=&#8220;&#8220; text=&#8220;Seit unserer Gr\u00fcndung im Jahr 1945 hat sich Dito Sama zum Weltmarktf\u00fchrer f\u00fcr professionelle Vorbereitungsger\u00e4te entwickelt, die von Planetenr\u00fchrmaschinen und Gem\u00fcseschneidern bis hin zu Teigknetern und Vakuumierern reichen. Wir sind stolz darauf, seit 1987 zur Electrolux-Gruppe zu geh\u00f6ren, und haben 1996 die ISO 9001-Zertifizierung sowie 2006 die ISO [&hellip;]<\/p>\n","protected":false},"author":1,"featured_media":2097,"parent":2804,"menu_order":0,"comment_status":"closed","ping_status":"closed","template":"","meta":{"inline_featured_image":false,"footnotes":""},"class_list":["post-1498","page","type-page","status-publish","has-post-thumbnail","hentry"],"acf":[],"yoast_head":"<!-- This site is optimized with the Yoast SEO plugin v26.1.1 - https:\/\/yoast.com\/wordpress\/plugins\/seo\/ -->\n<title>Firmengeschichte | Dito Sama<\/title>\n<meta name=\"description\" content=\"Erforschen Sie die Unternehmensgeschichte von Dito Sama. Entdecken Sie unseren Weg, unsere Meilensteine und unser Engagement f\u00fcr die Bereitstellung von qualitativ hochwertigen Restaurantausr\u00fcstungen\" \/>\n<meta name=\"robots\" content=\"index, follow, max-snippet:-1, max-image-preview:large, max-video-preview:-1\" \/>\n<link rel=\"canonical\" href=\"https:\/\/www.ditosama.com\/de\/wp-json\/wp\/v2\/pages\/1498\" \/>\n<meta property=\"og:locale\" content=\"de_DE\" \/>\n<meta property=\"og:type\" content=\"article\" \/>\n<meta property=\"og:title\" content=\"Firmengeschichte | Dito Sama\" \/>\n<meta property=\"og:description\" content=\"Erforschen Sie die Unternehmensgeschichte von Dito Sama. Entdecken Sie unseren Weg, unsere Meilensteine und unser Engagement f\u00fcr die Bereitstellung von qualitativ hochwertigen Restaurantausr\u00fcstungen\" \/>\n<meta property=\"og:url\" content=\"https:\/\/www.ditosama.com\/de\/about-us\/unternehmensgeschichte\/\" \/>\n<meta property=\"og:site_name\" content=\"Dito Sama\" \/>\n<meta property=\"article:modified_time\" content=\"2026-04-07T10:10:10+00:00\" \/>\n<meta property=\"og:image\" content=\"https:\/\/www.ditosama.com\/wp-content\/uploads\/2022\/12\/MicrosoftTeams-image-69-1024x682.jpg\" \/>\n\t<meta property=\"og:image:width\" content=\"1024\" \/>\n\t<meta property=\"og:image:height\" content=\"682\" \/>\n\t<meta property=\"og:image:type\" content=\"image\/jpeg\" \/>\n<meta name=\"twitter:card\" content=\"summary_large_image\" \/>\n<meta name=\"twitter:label1\" content=\"Gesch\u00e4tzte Lesezeit\" \/>\n\t<meta name=\"twitter:data1\" content=\"1\u00a0Minute\" \/>\n<script type=\"application\/ld+json\" class=\"yoast-schema-graph\">{\"@context\":\"https:\/\/schema.org\",\"@graph\":[{\"@type\":\"WebPage\",\"@id\":\"https:\/\/www.ditosama.com\/de\/about-us\/unternehmensgeschichte\/\",\"url\":\"https:\/\/www.ditosama.com\/de\/about-us\/unternehmensgeschichte\/\",\"name\":\"Firmengeschichte | Dito Sama\",\"isPartOf\":{\"@id\":\"https:\/\/www.ditosama.com\/en\/#website\"},\"primaryImageOfPage\":{\"@id\":\"https:\/\/www.ditosama.com\/de\/about-us\/unternehmensgeschichte\/#primaryimage\"},\"image\":{\"@id\":\"https:\/\/www.ditosama.com\/de\/about-us\/unternehmensgeschichte\/#primaryimage\"},\"thumbnailUrl\":\"https:\/\/www.ditosama.com\/wp-content\/uploads\/2022\/12\/MicrosoftTeams-image-69.jpg\",\"datePublished\":\"2022-12-06T09:17:52+00:00\",\"dateModified\":\"2026-04-07T10:10:10+00:00\",\"description\":\"Erforschen Sie die Unternehmensgeschichte von Dito Sama. Entdecken Sie unseren Weg, unsere Meilensteine und unser Engagement f\u00fcr die Bereitstellung von qualitativ hochwertigen Restaurantausr\u00fcstungen\",\"breadcrumb\":{\"@id\":\"https:\/\/www.ditosama.com\/de\/about-us\/unternehmensgeschichte\/#breadcrumb\"},\"inLanguage\":\"de\",\"potentialAction\":[{\"@type\":\"ReadAction\",\"target\":[\"https:\/\/www.ditosama.com\/de\/about-us\/unternehmensgeschichte\/\"]}]},{\"@type\":\"ImageObject\",\"inLanguage\":\"de\",\"@id\":\"https:\/\/www.ditosama.com\/de\/about-us\/unternehmensgeschichte\/#primaryimage\",\"url\":\"https:\/\/www.ditosama.com\/wp-content\/uploads\/2022\/12\/MicrosoftTeams-image-69.jpg\",\"contentUrl\":\"https:\/\/www.ditosama.com\/wp-content\/uploads\/2022\/12\/MicrosoftTeams-image-69.jpg\",\"width\":2032,\"height\":1354},{\"@type\":\"BreadcrumbList\",\"@id\":\"https:\/\/www.ditosama.com\/de\/about-us\/unternehmensgeschichte\/#breadcrumb\",\"itemListElement\":[{\"@type\":\"ListItem\",\"position\":1,\"name\":\"Home\",\"item\":\"https:\/\/www.ditosama.com\/de\/\"},{\"@type\":\"ListItem\",\"position\":2,\"name\":\"About us\",\"item\":\"https:\/\/www.ditosama.com\/de\/about-us\/\"},{\"@type\":\"ListItem\",\"position\":3,\"name\":\"Firmengeschichte\"}]},{\"@type\":\"WebSite\",\"@id\":\"https:\/\/www.ditosama.com\/en\/#website\",\"url\":\"https:\/\/www.ditosama.com\/en\/\",\"name\":\"Dito Sama\",\"description\":\"\",\"potentialAction\":[{\"@type\":\"SearchAction\",\"target\":{\"@type\":\"EntryPoint\",\"urlTemplate\":\"https:\/\/www.ditosama.com\/en\/?s={search_term_string}\"},\"query-input\":{\"@type\":\"PropertyValueSpecification\",\"valueRequired\":true,\"valueName\":\"search_term_string\"}}],\"inLanguage\":\"de\"}]}<\/script>\n<!-- \/ Yoast SEO plugin. -->","yoast_head_json":{"title":"Firmengeschichte | Dito Sama","description":"Erforschen Sie die Unternehmensgeschichte von Dito Sama. Entdecken Sie unseren Weg, unsere Meilensteine und unser Engagement f\u00fcr die Bereitstellung von qualitativ hochwertigen Restaurantausr\u00fcstungen","robots":{"index":"index","follow":"follow","max-snippet":"max-snippet:-1","max-image-preview":"max-image-preview:large","max-video-preview":"max-video-preview:-1"},"canonical":"https:\/\/www.ditosama.com\/de\/wp-json\/wp\/v2\/pages\/1498","og_locale":"de_DE","og_type":"article","og_title":"Firmengeschichte | Dito Sama","og_description":"Erforschen Sie die Unternehmensgeschichte von Dito Sama. Entdecken Sie unseren Weg, unsere Meilensteine und unser Engagement f\u00fcr die Bereitstellung von qualitativ hochwertigen Restaurantausr\u00fcstungen","og_url":"https:\/\/www.ditosama.com\/de\/about-us\/unternehmensgeschichte\/","og_site_name":"Dito Sama","article_modified_time":"2026-04-07T10:10:10+00:00","og_image":[{"width":1024,"height":682,"url":"https:\/\/www.ditosama.com\/wp-content\/uploads\/2022\/12\/MicrosoftTeams-image-69-1024x682.jpg","type":"image\/jpeg"}],"twitter_card":"summary_large_image","twitter_misc":{"Gesch\u00e4tzte Lesezeit":"1\u00a0Minute"},"schema":{"@context":"https:\/\/schema.org","@graph":[{"@type":"WebPage","@id":"https:\/\/www.ditosama.com\/de\/about-us\/unternehmensgeschichte\/","url":"https:\/\/www.ditosama.com\/de\/about-us\/unternehmensgeschichte\/","name":"Firmengeschichte | Dito Sama","isPartOf":{"@id":"https:\/\/www.ditosama.com\/en\/#website"},"primaryImageOfPage":{"@id":"https:\/\/www.ditosama.com\/de\/about-us\/unternehmensgeschichte\/#primaryimage"},"image":{"@id":"https:\/\/www.ditosama.com\/de\/about-us\/unternehmensgeschichte\/#primaryimage"},"thumbnailUrl":"https:\/\/www.ditosama.com\/wp-content\/uploads\/2022\/12\/MicrosoftTeams-image-69.jpg","datePublished":"2022-12-06T09:17:52+00:00","dateModified":"2026-04-07T10:10:10+00:00","description":"Erforschen Sie die Unternehmensgeschichte von Dito Sama. Entdecken Sie unseren Weg, unsere Meilensteine und unser Engagement f\u00fcr die Bereitstellung von qualitativ hochwertigen Restaurantausr\u00fcstungen","breadcrumb":{"@id":"https:\/\/www.ditosama.com\/de\/about-us\/unternehmensgeschichte\/#breadcrumb"},"inLanguage":"de","potentialAction":[{"@type":"ReadAction","target":["https:\/\/www.ditosama.com\/de\/about-us\/unternehmensgeschichte\/"]}]},{"@type":"ImageObject","inLanguage":"de","@id":"https:\/\/www.ditosama.com\/de\/about-us\/unternehmensgeschichte\/#primaryimage","url":"https:\/\/www.ditosama.com\/wp-content\/uploads\/2022\/12\/MicrosoftTeams-image-69.jpg","contentUrl":"https:\/\/www.ditosama.com\/wp-content\/uploads\/2022\/12\/MicrosoftTeams-image-69.jpg","width":2032,"height":1354},{"@type":"BreadcrumbList","@id":"https:\/\/www.ditosama.com\/de\/about-us\/unternehmensgeschichte\/#breadcrumb","itemListElement":[{"@type":"ListItem","position":1,"name":"Home","item":"https:\/\/www.ditosama.com\/de\/"},{"@type":"ListItem","position":2,"name":"About us","item":"https:\/\/www.ditosama.com\/de\/about-us\/"},{"@type":"ListItem","position":3,"name":"Firmengeschichte"}]},{"@type":"WebSite","@id":"https:\/\/www.ditosama.com\/en\/#website","url":"https:\/\/www.ditosama.com\/en\/","name":"Dito Sama","description":"","potentialAction":[{"@type":"SearchAction","target":{"@type":"EntryPoint","urlTemplate":"https:\/\/www.ditosama.com\/en\/?s={search_term_string}"},"query-input":{"@type":"PropertyValueSpecification","valueRequired":true,"valueName":"search_term_string"}}],"inLanguage":"de"}]}},"_links":{"self":[{"href":"https:\/\/www.ditosama.com\/de\/wp-json\/wp\/v2\/pages\/1498","targetHints":{"allow":["GET"]}}],"collection":[{"href":"https:\/\/www.ditosama.com\/de\/wp-json\/wp\/v2\/pages"}],"about":[{"href":"https:\/\/www.ditosama.com\/de\/wp-json\/wp\/v2\/types\/page"}],"author":[{"embeddable":true,"href":"https:\/\/www.ditosama.com\/de\/wp-json\/wp\/v2\/users\/1"}],"replies":[{"embeddable":true,"href":"https:\/\/www.ditosama.com\/de\/wp-json\/wp\/v2\/comments?post=1498"}],"version-history":[{"count":16,"href":"https:\/\/www.ditosama.com\/de\/wp-json\/wp\/v2\/pages\/1498\/revisions"}],"predecessor-version":[{"id":33110,"href":"https:\/\/www.ditosama.com\/de\/wp-json\/wp\/v2\/pages\/1498\/revisions\/33110"}],"up":[{"embeddable":true,"href":"https:\/\/www.ditosama.com\/de\/wp-json\/wp\/v2\/pages\/2804"}],"wp:featuredmedia":[{"embeddable":true,"href":"https:\/\/www.ditosama.com\/de\/wp-json\/wp\/v2\/media\/2097"}],"wp:attachment":[{"href":"https:\/\/www.ditosama.com\/de\/wp-json\/wp\/v2\/media?parent=1498"}],"curies":[{"name":"wp","href":"https:\/\/api.w.org\/{rel}","templated":true}]}}