{"id":1495,"date":"2022-12-06T09:06:19","date_gmt":"2022-12-06T09:06:19","guid":{"rendered":"https:\/\/www.ditosama.com\/register-your-product\/"},"modified":"2025-11-16T18:45:10","modified_gmt":"2025-11-16T18:45:10","slug":"registrieren-sie-ihr-produkt","status":"publish","type":"page","link":"https:\/\/www.ditosama.com\/de\/services\/registrieren-sie-ihr-produkt\/","title":{"rendered":"REGISTRIEREN SIE IHR PRODUKT"},"content":{"rendered":"<section class=\"wpb-content-wrapper\"><p>[vc_row full_width=&#8220;c21-full-width-no-padding&#8220;][vc_column][vc_empty_space height=&#8220;100px&#8220;][\/vc_column][\/vc_row][vc_row][vc_column][elx_o2000_product_registration l=&#8220;de&#8220;][\/vc_column][\/vc_row][vc_row full_width=&#8220;c21-full-width-no-padding&#8220;][vc_column][vc_empty_space height=&#8220;100px&#8220;][\/vc_column][\/vc_row][vc_row full_width=&#8220;c21-full-width-no-padding&#8220;][vc_column][c21_image_text_full image=&#8220;290&#8243; image_position=&#8220;left&#8220; title=&#8220;W\u00dcRDEN SIE GERN MEHR ERFAHREN?&#8220; text=&#8220;Z\u00f6gern Sie bitte nicht, uns f\u00fcr jede Art der Unterst\u00fctzung oder weitere Informationen zu kontaktieren.&#8220; link=&#8220;url:https%3A%2F%2Fwww.ditosama.com%2Fde%2Fkontaktiere-uns%2F|title:KONTAKTIERE%20UNS&#8220;][\/vc_column][\/vc_row]<\/p>\n<\/section>","protected":false},"excerpt":{"rendered":"<p>[vc_row full_width=&#8220;c21-full-width-no-padding&#8220;][vc_column][vc_empty_space height=&#8220;100px&#8220;][\/vc_column][\/vc_row][vc_row][vc_column][elx_o2000_product_registration l=&#8220;de&#8220;][\/vc_column][\/vc_row][vc_row full_width=&#8220;c21-full-width-no-padding&#8220;][vc_column][vc_empty_space height=&#8220;100px&#8220;][\/vc_column][\/vc_row][vc_row full_width=&#8220;c21-full-width-no-padding&#8220;][vc_column][c21_image_text_full image=&#8220;290&#8243; image_position=&#8220;left&#8220; title=&#8220;W\u00dcRDEN SIE GERN MEHR ERFAHREN?&#8220; text=&#8220;Z\u00f6gern Sie bitte nicht, uns f\u00fcr jede Art der Unterst\u00fctzung oder weitere Informationen zu kontaktieren.&#8220; link=&#8220;url:https%3A%2F%2Fwww.ditosama.com%2Fde%2Fkontaktiere-uns%2F|title:KONTAKTIERE%20UNS&#8220;][\/vc_column][\/vc_row]<\/p>\n","protected":false},"author":1,"featured_media":14609,"parent":2819,"menu_order":0,"comment_status":"closed","ping_status":"closed","template":"","meta":{"inline_featured_image":false,"footnotes":""},"class_list":["post-1495","page","type-page","status-publish","has-post-thumbnail","hentry"],"acf":[],"yoast_head":"<!-- This site is optimized with the Yoast SEO plugin v26.1.1 - https:\/\/yoast.com\/wordpress\/plugins\/seo\/ -->\n<title>Registrieren Sie Ihr Produkt | Dito Sama<\/title>\n<meta name=\"description\" content=\"Registrieren Sie Ihr Dito Sama-Produkt f\u00fcr Garantie und Support. Sichern Sie sich optimale Leistung und Zugang zu Ressourcen. Registrieren Sie Ihr Ger\u00e4t jetzt\" \/>\n<meta name=\"robots\" content=\"index, follow, max-snippet:-1, max-image-preview:large, max-video-preview:-1\" \/>\n<link rel=\"canonical\" href=\"https:\/\/www.ditosama.com\/de\/wp-json\/wp\/v2\/pages\/1495\" \/>\n<meta property=\"og:locale\" content=\"de_DE\" \/>\n<meta property=\"og:type\" content=\"article\" \/>\n<meta property=\"og:title\" content=\"Registrieren Sie Ihr Produkt | Dito Sama\" \/>\n<meta property=\"og:description\" content=\"Registrieren Sie Ihr Dito Sama-Produkt f\u00fcr Garantie und Support. Sichern Sie sich optimale Leistung und Zugang zu Ressourcen. Registrieren Sie Ihr Ger\u00e4t jetzt\" \/>\n<meta property=\"og:url\" content=\"https:\/\/www.ditosama.com\/de\/services\/registrieren-sie-ihr-produkt\/\" \/>\n<meta property=\"og:site_name\" content=\"Dito Sama\" \/>\n<meta property=\"article:modified_time\" content=\"2025-11-16T18:45:10+00:00\" \/>\n<meta property=\"og:image\" content=\"https:\/\/www.ditosama.com\/wp-content\/uploads\/2024\/02\/product-registration-1920x580-1.jpg\" \/>\n\t<meta property=\"og:image:width\" content=\"1920\" \/>\n\t<meta property=\"og:image:height\" content=\"580\" \/>\n\t<meta property=\"og:image:type\" content=\"image\/jpeg\" \/>\n<meta name=\"twitter:card\" content=\"summary_large_image\" \/>\n<meta name=\"twitter:label1\" content=\"Gesch\u00e4tzte Lesezeit\" \/>\n\t<meta name=\"twitter:data1\" content=\"1\u00a0Minute\" \/>\n<script type=\"application\/ld+json\" class=\"yoast-schema-graph\">{\"@context\":\"https:\/\/schema.org\",\"@graph\":[{\"@type\":\"WebPage\",\"@id\":\"https:\/\/www.ditosama.com\/de\/services\/registrieren-sie-ihr-produkt\/\",\"url\":\"https:\/\/www.ditosama.com\/de\/services\/registrieren-sie-ihr-produkt\/\",\"name\":\"Registrieren Sie Ihr Produkt | Dito Sama\",\"isPartOf\":{\"@id\":\"https:\/\/www.ditosama.com\/en\/#website\"},\"primaryImageOfPage\":{\"@id\":\"https:\/\/www.ditosama.com\/de\/services\/registrieren-sie-ihr-produkt\/#primaryimage\"},\"image\":{\"@id\":\"https:\/\/www.ditosama.com\/de\/services\/registrieren-sie-ihr-produkt\/#primaryimage\"},\"thumbnailUrl\":\"https:\/\/www.ditosama.com\/wp-content\/uploads\/2024\/02\/product-registration-1920x580-1.jpg\",\"datePublished\":\"2022-12-06T09:06:19+00:00\",\"dateModified\":\"2025-11-16T18:45:10+00:00\",\"description\":\"Registrieren Sie Ihr Dito Sama-Produkt f\u00fcr Garantie und Support. Sichern Sie sich optimale Leistung und Zugang zu Ressourcen. Registrieren Sie Ihr Ger\u00e4t jetzt\",\"breadcrumb\":{\"@id\":\"https:\/\/www.ditosama.com\/de\/services\/registrieren-sie-ihr-produkt\/#breadcrumb\"},\"inLanguage\":\"de\",\"potentialAction\":[{\"@type\":\"ReadAction\",\"target\":[\"https:\/\/www.ditosama.com\/de\/services\/registrieren-sie-ihr-produkt\/\"]}]},{\"@type\":\"ImageObject\",\"inLanguage\":\"de\",\"@id\":\"https:\/\/www.ditosama.com\/de\/services\/registrieren-sie-ihr-produkt\/#primaryimage\",\"url\":\"https:\/\/www.ditosama.com\/wp-content\/uploads\/2024\/02\/product-registration-1920x580-1.jpg\",\"contentUrl\":\"https:\/\/www.ditosama.com\/wp-content\/uploads\/2024\/02\/product-registration-1920x580-1.jpg\",\"width\":1920,\"height\":580},{\"@type\":\"BreadcrumbList\",\"@id\":\"https:\/\/www.ditosama.com\/de\/services\/registrieren-sie-ihr-produkt\/#breadcrumb\",\"itemListElement\":[{\"@type\":\"ListItem\",\"position\":1,\"name\":\"Home\",\"item\":\"https:\/\/www.ditosama.com\/de\/\"},{\"@type\":\"ListItem\",\"position\":2,\"name\":\"Services\",\"item\":\"https:\/\/www.ditosama.com\/de\/services\/\"},{\"@type\":\"ListItem\",\"position\":3,\"name\":\"REGISTRIEREN SIE IHR PRODUKT\"}]},{\"@type\":\"WebSite\",\"@id\":\"https:\/\/www.ditosama.com\/en\/#website\",\"url\":\"https:\/\/www.ditosama.com\/en\/\",\"name\":\"Dito Sama\",\"description\":\"\",\"potentialAction\":[{\"@type\":\"SearchAction\",\"target\":{\"@type\":\"EntryPoint\",\"urlTemplate\":\"https:\/\/www.ditosama.com\/en\/?s={search_term_string}\"},\"query-input\":{\"@type\":\"PropertyValueSpecification\",\"valueRequired\":true,\"valueName\":\"search_term_string\"}}],\"inLanguage\":\"de\"}]}<\/script>\n<!-- \/ Yoast SEO plugin. -->","yoast_head_json":{"title":"Registrieren Sie Ihr Produkt | Dito Sama","description":"Registrieren Sie Ihr Dito Sama-Produkt f\u00fcr Garantie und Support. Sichern Sie sich optimale Leistung und Zugang zu Ressourcen. Registrieren Sie Ihr Ger\u00e4t jetzt","robots":{"index":"index","follow":"follow","max-snippet":"max-snippet:-1","max-image-preview":"max-image-preview:large","max-video-preview":"max-video-preview:-1"},"canonical":"https:\/\/www.ditosama.com\/de\/wp-json\/wp\/v2\/pages\/1495","og_locale":"de_DE","og_type":"article","og_title":"Registrieren Sie Ihr Produkt | Dito Sama","og_description":"Registrieren Sie Ihr Dito Sama-Produkt f\u00fcr Garantie und Support. Sichern Sie sich optimale Leistung und Zugang zu Ressourcen. Registrieren Sie Ihr Ger\u00e4t jetzt","og_url":"https:\/\/www.ditosama.com\/de\/services\/registrieren-sie-ihr-produkt\/","og_site_name":"Dito Sama","article_modified_time":"2025-11-16T18:45:10+00:00","og_image":[{"width":1920,"height":580,"url":"https:\/\/www.ditosama.com\/wp-content\/uploads\/2024\/02\/product-registration-1920x580-1.jpg","type":"image\/jpeg"}],"twitter_card":"summary_large_image","twitter_misc":{"Gesch\u00e4tzte Lesezeit":"1\u00a0Minute"},"schema":{"@context":"https:\/\/schema.org","@graph":[{"@type":"WebPage","@id":"https:\/\/www.ditosama.com\/de\/services\/registrieren-sie-ihr-produkt\/","url":"https:\/\/www.ditosama.com\/de\/services\/registrieren-sie-ihr-produkt\/","name":"Registrieren Sie Ihr Produkt | Dito Sama","isPartOf":{"@id":"https:\/\/www.ditosama.com\/en\/#website"},"primaryImageOfPage":{"@id":"https:\/\/www.ditosama.com\/de\/services\/registrieren-sie-ihr-produkt\/#primaryimage"},"image":{"@id":"https:\/\/www.ditosama.com\/de\/services\/registrieren-sie-ihr-produkt\/#primaryimage"},"thumbnailUrl":"https:\/\/www.ditosama.com\/wp-content\/uploads\/2024\/02\/product-registration-1920x580-1.jpg","datePublished":"2022-12-06T09:06:19+00:00","dateModified":"2025-11-16T18:45:10+00:00","description":"Registrieren Sie Ihr Dito Sama-Produkt f\u00fcr Garantie und Support. Sichern Sie sich optimale Leistung und Zugang zu Ressourcen. Registrieren Sie Ihr Ger\u00e4t jetzt","breadcrumb":{"@id":"https:\/\/www.ditosama.com\/de\/services\/registrieren-sie-ihr-produkt\/#breadcrumb"},"inLanguage":"de","potentialAction":[{"@type":"ReadAction","target":["https:\/\/www.ditosama.com\/de\/services\/registrieren-sie-ihr-produkt\/"]}]},{"@type":"ImageObject","inLanguage":"de","@id":"https:\/\/www.ditosama.com\/de\/services\/registrieren-sie-ihr-produkt\/#primaryimage","url":"https:\/\/www.ditosama.com\/wp-content\/uploads\/2024\/02\/product-registration-1920x580-1.jpg","contentUrl":"https:\/\/www.ditosama.com\/wp-content\/uploads\/2024\/02\/product-registration-1920x580-1.jpg","width":1920,"height":580},{"@type":"BreadcrumbList","@id":"https:\/\/www.ditosama.com\/de\/services\/registrieren-sie-ihr-produkt\/#breadcrumb","itemListElement":[{"@type":"ListItem","position":1,"name":"Home","item":"https:\/\/www.ditosama.com\/de\/"},{"@type":"ListItem","position":2,"name":"Services","item":"https:\/\/www.ditosama.com\/de\/services\/"},{"@type":"ListItem","position":3,"name":"REGISTRIEREN SIE IHR PRODUKT"}]},{"@type":"WebSite","@id":"https:\/\/www.ditosama.com\/en\/#website","url":"https:\/\/www.ditosama.com\/en\/","name":"Dito Sama","description":"","potentialAction":[{"@type":"SearchAction","target":{"@type":"EntryPoint","urlTemplate":"https:\/\/www.ditosama.com\/en\/?s={search_term_string}"},"query-input":{"@type":"PropertyValueSpecification","valueRequired":true,"valueName":"search_term_string"}}],"inLanguage":"de"}]}},"_links":{"self":[{"href":"https:\/\/www.ditosama.com\/de\/wp-json\/wp\/v2\/pages\/1495","targetHints":{"allow":["GET"]}}],"collection":[{"href":"https:\/\/www.ditosama.com\/de\/wp-json\/wp\/v2\/pages"}],"about":[{"href":"https:\/\/www.ditosama.com\/de\/wp-json\/wp\/v2\/types\/page"}],"author":[{"embeddable":true,"href":"https:\/\/www.ditosama.com\/de\/wp-json\/wp\/v2\/users\/1"}],"replies":[{"embeddable":true,"href":"https:\/\/www.ditosama.com\/de\/wp-json\/wp\/v2\/comments?post=1495"}],"version-history":[{"count":9,"href":"https:\/\/www.ditosama.com\/de\/wp-json\/wp\/v2\/pages\/1495\/revisions"}],"predecessor-version":[{"id":14631,"href":"https:\/\/www.ditosama.com\/de\/wp-json\/wp\/v2\/pages\/1495\/revisions\/14631"}],"up":[{"embeddable":true,"href":"https:\/\/www.ditosama.com\/de\/wp-json\/wp\/v2\/pages\/2819"}],"wp:featuredmedia":[{"embeddable":true,"href":"https:\/\/www.ditosama.com\/de\/wp-json\/wp\/v2\/media\/14609"}],"wp:attachment":[{"href":"https:\/\/www.ditosama.com\/de\/wp-json\/wp\/v2\/media?parent=1495"}],"curies":[{"name":"wp","href":"https:\/\/api.w.org\/{rel}","templated":true}]}}