{"id":1485,"date":"2022-12-06T08:58:57","date_gmt":"2022-12-06T08:58:57","guid":{"rendered":"https:\/\/www.ditosama.com\/vacuum-sealer-meat-slicer\/"},"modified":"2026-03-03T17:39:28","modified_gmt":"2026-03-03T17:39:28","slug":"vakuumverpackungsmaschinen","status":"publish","type":"page","link":"https:\/\/www.ditosama.com\/de\/products\/vakuumverpackungsmaschinen\/","title":{"rendered":"Vakuumierer"},"content":{"rendered":"<section class=\"wpb-content-wrapper\"><p>[vc_row full_width=&#8220;c21-full-width-no-padding&#8220;][vc_column][vc_empty_space height=&#8220;45px&#8220;][\/vc_column][\/vc_row][vc_row][vc_column][c21_image_text image=&#8220;135&#8243; image_position=&#8220;right&#8220; title=&#8220;Vakuumversiegelungsger\u00e4te: Sicherheit und Frische fest versiegelt&#8220; subtitle=&#8220;&#8220; text=&#8220;Unsere gewerblichen Vakuumversiegelungsger\u00e4te sind ein technologischer Triumph. Alle Modelle verf\u00fcgen \u00fcber hochwertige, s\u00e4urebest\u00e4ndige Busch-Vakuumpumpen und eine Konstruktion aus 304 AISI-Edelstahl. Sie verf\u00fcgen \u00fcber bis zu 10 anpassbare Programme, eine leicht zu entfernende, kabellose Schwei\u00dfleiste mit \u00dcberhitzungsschutz und eine externe Vakuumieroption. Ebenfalls sind Modelle mit 2 Schweissbalken im Sortiment.<\/p>\n<p>Was das Design betrifft, so verf\u00fcgen die Maschinen hydrogeformte Vakuumkammern ohne Schwei\u00dfn\u00e4hte und robuste PE-HD-Einlegeb\u00f6den f\u00fcr eine optimale Bef\u00fcllungsergonomie sowie \u00fcber einen stabilen, transparenten Plexiglasdeckel, der die volle Kontrolle w\u00e4hrend des Betriebs erm\u00f6glicht. Um die Sicherheit und den Bedienkomfort zu erh\u00f6hen, verf\u00fcgen sie au\u00dferdem \u00fcber eine automatische Erkennung von St\u00f6rungen (\u00d6lreinigungszyklus) und des Vakuumiervorgangs sowie einen Vakuumsensor zum perfekten Betrieb, unabh\u00e4ngig vom Luftdruck und ohne die Notwendigkeit einer Kalibrierung. Bestimmte Modelle sind mit Drucker erh\u00e4ltlich.&#8220;][\/vc_column][\/vc_row][vc_row full_width=&#8220;c21-full-width-no-padding&#8220;][vc_column]<div class=\"com21-product-filter-container 4\"\n                    <!-- PROD FILTER -->\n                    \n                    <div class=\"container\">\n                        <h2 class=\"text-left\">\n                            Product line\n                            <span class=\"product_counter\">6<\/span>\n                        <\/h2>\n                    <\/div>\n                    <div class=\"specification-filter\">\n                        <div class=\"toggle-filter-container\">\n                            <div class=\"container text-center\">\n                                <a href=\"#filter\" class=\"toggle-filter small-toggle\" data-target=\".category-filter\"  data-class-toggle=\"category-filter-show\" aria-pressed=\"false\" role=\"button\" id=\"open-product-features\">Filter<\/a>\n                            <\/div>\n                        <\/div>\n                        <div class=\"category-filter \">\n                            <div class=\"container\">\n                    <div class=\"row\">\n                        <div class=\"col-md-4 text-left\">\n                            <fieldset>       \n                                <h5 class=\"h6\">Product line<\/h5>\n                                <div class=\"category-check\">\n                                    <input type=\"checkbox\" name=\"c\" id=\"c-tisch-vakuumverpackungsmaschinen\" data-code=\"C\" data-value=\"Tisch- Vakuumverpackungsmaschinen\" >\n                                    <label for=\"c-tisch-vakuumverpackungsmaschinen\">Tisch- Vakuumverpackungsmaschinen<\/label>\n                                <\/div>\n                            \n                                <div class=\"category-check\">\n                                    <input type=\"checkbox\" name=\"i\" id=\"i-stand-vakuumverpackungsmaschinen\" data-code=\"I\" data-value=\"Stand- Vakuumverpackungsmaschinen\" >\n                                    <label for=\"i-stand-vakuumverpackungsmaschinen\">Stand- Vakuumverpackungsmaschinen<\/label>\n                                <\/div>\n                            \n                            <\/fieldset>\n                        <\/div><!-- end col -->\n                        <\/div>\n        \n                                <div class=\"row\">\n                                    <div class=\"col-md-6 text-left\">\n                                        <span class=\"number-of-products\"><span id=\"number-of-products\">6<\/span> Products<\/span> <a href=\"#\" class=\"btn btn-secondary-bordered\" id=\"filter-reset-btn\">Reset<\/a>\n                                    <\/div>\n                                    <div class=\"col-md-6 text-right\">\n                                        <a href=\"#\" class=\"close-toggle no-pd-toggle\" data-parent=\"open-product-features\"  aria-pressed=\"true\" role=\"button\">Close<\/a>\n                                    <\/div>\n                                <\/div>\n                                \n                            <\/div><!-- end container -->\n                        <\/div><!-- end category-filter -->\n                    <\/div><!-- end specification-filter -->\n        \n                    <!-- END PROD FILTER -->\n                    \n                    <!-- PROD LIST -->\n                    <div class=\"product-list container\">\n                        <!--Hidden parameters-->\n                        <input type=\"hidden\" name=\"navigation_level_1\" id=\"navigation_level_1\" value=\"X\">\n                        <input type=\"hidden\" name=\"navigation_level_2\" id=\"navigation_level_2\" value=\"P\">\n                        <input type=\"hidden\" name=\"navigation_level_3\" id=\"navigation_level_3\" value=\"\">\n                        <input type=\"hidden\" name=\"navigation_level_4\" id=\"navigation_level_4\" value=\"\">\n                        <input type=\"hidden\" name=\"filter_id\" id=\"filter_id\" value=\"4\">\n                        <input type=\"hidden\" name=\"navigation_language\" id=\"navigation_language\" value=\"5003\">\n                        <input type=\"hidden\" name=\"navigation_language_code\" id=\"navigation_language\" value=\"5003\">\n                        <input type=\"hidden\" name=\"page_id\" id=\"page_id\" value=\"1485\">\n                        <!--END Hidden parameters--><ul class=\"row\" ><li class=\"C21TE_viewItemList  col-sm-6 col-md-4 wow fadeIn single-product-list fix-list 602184\" data-index=\"0\" data-wow-delay=\"0ms\" data-name=\"Vakuumierger\u00e4te<br>Tisch- Vacuumierer 8m3\/h\" data-id=\"602184\" data-category=\"de\/products\/vakuumverpackungsmaschinen\/\" data-list-name=\"Vakuumierer\"><div class=\"product-list-item\"><div class=\"product-content\"><a class=\"C21TE_selectItem\"  href=\"https:\/\/www.ditosama.com\/de\/products\/vakuumverpackungsmaschinen\/vakuumierger\u00e4te-tisch-vacuumierer-8m3-h-602184\/\" data-index=\"0\" data-name=\"Vakuumierger\u00e4te<br>Tisch- Vacuumierer 8m3\/h\" data-id=\"602184\" data-category=\"de\/products\/vakuumverpackungsmaschinen\/\" data-list-name=\"Vakuumierer\"><figure class=\"wow fadeIn image-dito-sama-2\" style=\"padding: 0px\"><img decoding=\"async\" src=\"https:\/\/tools.electroluxprofessional.com\/Mirror\/Doc\/PH_255x255%2FPH_602184_1_2_602184_laterale.jpg\" alt=\"Vakuumierger\u00e4te<br>Tisch- Vacuumierer 8m3\/h\" ><\/figure><h3>Vakuumierger\u00e4te<br>Tisch- Vacuumierer 8m3\/h<\/h3><\/a><div class=\"product-code\">602184<\/div><div class=\"product-model\">(DVP08D)<\/div><div class=\"product-description\">Kammervakuumierer, Tischger\u00e4t mit digitaler Steuerung; Vakuumsensor*, Schwei\u00dfbalkenl\u00e4nge 310 mm, maximale Beutelgr\u00f6\u00dfe 300x350mm; Stundenleitung 8m\u00b3\/h; 2 PE-Einlegeplatten<\/div><\/div><div class=\"pre-actions\"><div class=\"reviews\"><\/div><div class=\"compare-product c21_product_compare form-check form-switch\"><label><input type=\"checkbox\" class=\"C21TG_comparison form-check-input product-comparer\" data-addedProduct=\"602184\">Compare<\/label><\/div><\/div><\/div> <!-- end product-list-item --><\/li><li class=\"C21TE_viewItemList  col-sm-6 col-md-4 wow fadeIn single-product-list fix-list 602185\" data-index=\"1\" data-wow-delay=\"0ms\" data-name=\"Vakuumierger\u00e4te<br>Tisch- Vakuumierer 12m3\/h\" data-id=\"602185\" data-category=\"de\/products\/vakuumverpackungsmaschinen\/\" data-list-name=\"Vakuumierer\"><div class=\"product-list-item\"><div class=\"product-content\"><a class=\"C21TE_selectItem\"  href=\"https:\/\/www.ditosama.com\/de\/products\/vakuumverpackungsmaschinen\/vakuumierger\u00e4te-tisch-vakuumierer-12m3-h-602185\/\" data-index=\"1\" data-name=\"Vakuumierger\u00e4te<br>Tisch- Vakuumierer 12m3\/h\" data-id=\"602185\" data-category=\"de\/products\/vakuumverpackungsmaschinen\/\" data-list-name=\"Vakuumierer\"><figure class=\"wow fadeIn image-dito-sama-2\" style=\"padding: 0px\"><img decoding=\"async\" src=\"https:\/\/tools.electroluxprofessional.com\/Mirror\/Doc\/PH_255x255%2FPH_602185_1_2_602185_laterale.jpg\" alt=\"Vakuumierger\u00e4te<br>Tisch- Vakuumierer 12m3\/h\" ><\/figure><h3>Vakuumierger\u00e4te<br>Tisch- Vakuumierer 12m3\/h<\/h3><\/a><div class=\"product-code\">602185<\/div><div class=\"product-model\">(DVP12D)<\/div><div class=\"product-description\">Kammervakuumierer, Tischger\u00e4t mit digitaler Steuerung;  Vakuumsensor*,  Schwei\u00dfbalkenl\u00e4nge 310 mm, maximale Beutelgr\u00f6\u00dfe 300x400mm; Begasung (MAP); Stundenleitung 12m\u00b3\/h; 2 PE-Einlegeplatten<\/div><\/div><div class=\"pre-actions\"><div class=\"reviews\"><\/div><div class=\"compare-product c21_product_compare form-check form-switch\"><label><input type=\"checkbox\" class=\"C21TG_comparison form-check-input product-comparer\" data-addedProduct=\"602185\">Compare<\/label><\/div><\/div><\/div> <!-- end product-list-item --><\/li><li class=\"C21TE_viewItemList  col-sm-6 col-md-4 wow fadeIn single-product-list fix-list 602186\" data-index=\"2\" data-wow-delay=\"0ms\" data-name=\"Vakuumierger\u00e4te<br>Tisch- Vakuumierer 16m3\/h\" data-id=\"602186\" data-category=\"de\/products\/vakuumverpackungsmaschinen\/\" data-list-name=\"Vakuumierer\"><div class=\"product-list-item\"><div class=\"product-content\"><a class=\"C21TE_selectItem\"  href=\"https:\/\/www.ditosama.com\/de\/products\/vakuumverpackungsmaschinen\/vakuumierger\u00e4te-tisch-vakuumierer-16m3-h-602186\/\" data-index=\"2\" data-name=\"Vakuumierger\u00e4te<br>Tisch- Vakuumierer 16m3\/h\" data-id=\"602186\" data-category=\"de\/products\/vakuumverpackungsmaschinen\/\" data-list-name=\"Vakuumierer\"><figure class=\"wow fadeIn image-dito-sama-2\" style=\"padding: 0px\"><img decoding=\"async\" src=\"https:\/\/tools.electroluxprofessional.com\/Mirror\/Doc\/PH_255x255%2FPH_602186_1_2_602186_laterale.jpg\" alt=\"Vakuumierger\u00e4te<br>Tisch- Vakuumierer 16m3\/h\" ><\/figure><h3>Vakuumierger\u00e4te<br>Tisch- Vakuumierer 16m3\/h<\/h3><\/a><div class=\"product-code\">602186<\/div><div class=\"product-model\">(DVP16D)<\/div><div class=\"product-description\">Kammervakuumierer, Tischger\u00e4t mit digitaler Steuerung;  Vakuumsensor*, Schwei\u00dfbalkenl\u00e4nge 410 mm, maximale Beutelgr\u00f6\u00dfe 400x450mm; Begasung (MAP); Stundenleitung 16m\u00b3\/h; 3 PE-Einlegeplatten<\/div><\/div><div class=\"pre-actions\"><div class=\"reviews\"><\/div><div class=\"compare-product c21_product_compare form-check form-switch\"><label><input type=\"checkbox\" class=\"C21TG_comparison form-check-input product-comparer\" data-addedProduct=\"602186\">Compare<\/label><\/div><\/div><\/div> <!-- end product-list-item --><\/li><li class=\"C21TE_viewItemList  col-sm-6 col-md-4 wow fadeIn single-product-list fix-list 602187\" data-index=\"3\" data-wow-delay=\"0ms\" data-name=\"Vakuumierger\u00e4te<br>Tisch- Vakuumierer 20m3\/h\" data-id=\"602187\" data-category=\"de\/products\/vakuumverpackungsmaschinen\/\" data-list-name=\"Vakuumierer\"><div class=\"product-list-item\"><div class=\"product-content\"><a class=\"C21TE_selectItem\"  href=\"https:\/\/www.ditosama.com\/de\/products\/vakuumverpackungsmaschinen\/vakuumierger\u00e4te-tisch-vakuumierer-20m3-h-602187\/\" data-index=\"3\" data-name=\"Vakuumierger\u00e4te<br>Tisch- Vakuumierer 20m3\/h\" data-id=\"602187\" data-category=\"de\/products\/vakuumverpackungsmaschinen\/\" data-list-name=\"Vakuumierer\"><figure class=\"wow fadeIn image-dito-sama-2\" style=\"padding: 0px\"><img decoding=\"async\" src=\"https:\/\/tools.electroluxprofessional.com\/Mirror\/Doc\/PH_255x255%2FPH_602187_1_2_602187_laterale.jpg\" alt=\"Vakuumierger\u00e4te<br>Tisch- Vakuumierer 20m3\/h\" ><\/figure><h3>Vakuumierger\u00e4te<br>Tisch- Vakuumierer 20m3\/h<\/h3><\/a><div class=\"product-code\">602187<\/div><div class=\"product-model\">(DVP20T)<\/div><div class=\"product-description\">Kammervakuumierer, Tischger\u00e4t mit Touch-Steuerung;  Vakuumsensor*, Schwei\u00dfbalkenl\u00e4nge 410 mm, maximale Beutelgr\u00f6\u00dfe 400x450mm; Begasung (MAP); Stundenleitung 20m\u00b3\/h; 3 PE-Einlegeplatten<\/div><\/div><div class=\"pre-actions\"><div class=\"reviews\"><\/div><div class=\"compare-product c21_product_compare form-check form-switch\"><label><input type=\"checkbox\" class=\"C21TG_comparison form-check-input product-comparer\" data-addedProduct=\"602187\">Compare<\/label><\/div><\/div><\/div> <!-- end product-list-item --><\/li><li class=\"C21TE_viewItemList  col-sm-6 col-md-4 wow fadeIn single-product-list fix-list 602336\" data-index=\"4\" data-wow-delay=\"0ms\" data-name=\"Vakuumierger\u00e4te<br>Fahrbarer- Vakuumirer 25m3\/h\" data-id=\"602336\" data-category=\"de\/products\/vakuumverpackungsmaschinen\/\" data-list-name=\"Vakuumierer\"><div class=\"product-list-item\"><div class=\"product-content\"><a class=\"C21TE_selectItem\"  href=\"https:\/\/www.ditosama.com\/de\/products\/vakuumverpackungsmaschinen\/vakuumierger\u00e4te-fahrbarer-vakuumirer-25m3-h-602336\/\" data-index=\"4\" data-name=\"Vakuumierger\u00e4te<br>Fahrbarer- Vakuumirer 25m3\/h\" data-id=\"602336\" data-category=\"de\/products\/vakuumverpackungsmaschinen\/\" data-list-name=\"Vakuumierer\"><figure class=\"wow fadeIn image-dito-sama-2\" style=\"padding: 0px\"><img decoding=\"async\" src=\"https:\/\/tools.electroluxprofessional.com\/Mirror\/Doc\/PH_255x255%2FPH_602336_1_1_602336.jpg\" alt=\"Vakuumierger\u00e4te<br>Fahrbarer- Vakuumirer 25m3\/h\" ><\/figure><h3>Vakuumierger\u00e4te<br>Fahrbarer- Vakuumirer 25m3\/h<\/h3><\/a><div class=\"product-code\">602336<\/div><div class=\"product-model\">(DVP25D)<\/div><div class=\"product-description\">Fahrbarer Kammervakuumierer mit digitaler Steuerung, Schwei\u00dfbalkenl\u00e4nge 450 mm, maximale Beutelgr\u00f6\u00dfe 400 x 500mm, Druckluftanschluss; Stundenleistung 25m\u00b3\/h; 3 PE-Einlegeplatten<\/div><\/div><div class=\"pre-actions\"><div class=\"reviews\"><\/div><div class=\"compare-product c21_product_compare form-check form-switch\"><label><input type=\"checkbox\" class=\"C21TG_comparison form-check-input product-comparer\" data-addedProduct=\"602336\">Compare<\/label><\/div><\/div><\/div> <!-- end product-list-item --><\/li><li class=\"C21TE_viewItemList  col-sm-6 col-md-4 wow fadeIn single-product-list fix-list 602337\" data-index=\"5\" data-wow-delay=\"0ms\" data-name=\"Vakuumierger\u00e4te<br>Fahrbarer- Vakuumirer 60m3\/h\" data-id=\"602337\" data-category=\"de\/products\/vakuumverpackungsmaschinen\/\" data-list-name=\"Vakuumierer\"><div class=\"product-list-item\"><div class=\"product-content\"><a class=\"C21TE_selectItem\"  href=\"https:\/\/www.ditosama.com\/de\/products\/vakuumverpackungsmaschinen\/vakuumierger\u00e4te-fahrbarer-vakuumirer-60m3-h-602337\/\" data-index=\"5\" data-name=\"Vakuumierger\u00e4te<br>Fahrbarer- Vakuumirer 60m3\/h\" data-id=\"602337\" data-category=\"de\/products\/vakuumverpackungsmaschinen\/\" data-list-name=\"Vakuumierer\"><figure class=\"wow fadeIn image-dito-sama-2\" style=\"padding: 0px\"><img decoding=\"async\" src=\"https:\/\/tools.electroluxprofessional.com\/Mirror\/Doc\/PH_255x255%2FPH_602337_1_1_602337.jpg\" alt=\"Vakuumierger\u00e4te<br>Fahrbarer- Vakuumirer 60m3\/h\" ><\/figure><h3>Vakuumierger\u00e4te<br>Fahrbarer- Vakuumirer 60m3\/h<\/h3><\/a><div class=\"product-code\">602337<\/div><div class=\"product-model\">(DVP60D)<\/div><div class=\"product-description\">Fahrbarer Kammervakuumierer mit digitaler Steuerung, Zwei Schwei\u00dfbalken 620 mm vorne\/hinten, Druckluftanschluss; Stundenleistung 60m\u00b3\/h; 3 PE-Einlegeplatten<\/div><\/div><div class=\"pre-actions\"><div class=\"reviews\"><\/div><div class=\"compare-product c21_product_compare form-check form-switch\"><label><input type=\"checkbox\" class=\"C21TG_comparison form-check-input product-comparer\" data-addedProduct=\"602337\">Compare<\/label><\/div><\/div><\/div> <!-- end product-list-item --><\/li>\n                        <\/ul>\n                        <div class=\"text-center more-products\">\n                        <\/div>\n                    <\/div>\n                    <!-- END PRODUCT LIST -->\n                    <\/div>\n                    <!-- END PRODUCT LIST -->[\/vc_column][\/vc_row][vc_row full_width=&#8220;c21-full-width-no-padding&#8220;][vc_column][c21_image_text_full image=&#8220;290&#8243; image_position=&#8220;left&#8220; title=&#8220;W\u00dcRDEN SIE GERN MEHR ERFAHREN?&#8220; text=&#8220;Kontaktieren Sie uns, um unsere Fleischschneidemaschinen, Vakuumversiegelungs-Ger\u00e4te und Fleischw\u00f6lfe zu entdecken.&#8220; link=&#8220;url:https%3A%2F%2Fwww.ditosama.com%2Fde%2Fkontaktiere-uns%2F|title:KONTAKTIERE%20UNS&#8220;][\/vc_column][\/vc_row]<\/p>\n<\/section>","protected":false},"excerpt":{"rendered":"<p>[vc_row full_width=&#8220;c21-full-width-no-padding&#8220;][vc_column][vc_empty_space height=&#8220;45px&#8220;][\/vc_column][\/vc_row][vc_row][vc_column][c21_image_text image=&#8220;135&#8243; image_position=&#8220;right&#8220; title=&#8220;Vakuumversiegelungsger\u00e4te: Sicherheit und Frische fest versiegelt&#8220; subtitle=&#8220;&#8220; text=&#8220;Unsere gewerblichen Vakuumversiegelungsger\u00e4te sind ein technologischer Triumph. Alle Modelle verf\u00fcgen \u00fcber hochwertige, s\u00e4urebest\u00e4ndige Busch-Vakuumpumpen und eine Konstruktion aus 304 AISI-Edelstahl. Sie verf\u00fcgen \u00fcber bis zu 10 anpassbare Programme, eine leicht zu entfernende, kabellose Schwei\u00dfleiste mit \u00dcberhitzungsschutz und eine externe Vakuumieroption. Ebenfalls sind Modelle [&hellip;]<\/p>\n","protected":false},"author":1,"featured_media":11576,"parent":3443,"menu_order":0,"comment_status":"closed","ping_status":"closed","template":"","meta":{"inline_featured_image":false,"footnotes":""},"class_list":["post-1485","page","type-page","status-publish","has-post-thumbnail","hentry"],"acf":[],"yoast_head":"<!-- This site is optimized with the Yoast SEO plugin v26.1.1 - https:\/\/yoast.com\/wordpress\/plugins\/seo\/ -->\n<title>Vakuumierer | Dito Sama<\/title>\n<meta name=\"description\" content=\"Steigern Sie die Effizienz Ihrer K\u00fcche mit den Vakuumierern von Dito Sama. Entdecken Sie unser Angebot an Profiger\u00e4ten!\" \/>\n<meta name=\"robots\" content=\"index, follow, max-snippet:-1, max-image-preview:large, max-video-preview:-1\" \/>\n<link rel=\"canonical\" href=\"https:\/\/www.ditosama.com\/de\/wp-json\/wp\/v2\/pages\/1485\" \/>\n<meta property=\"og:locale\" content=\"de_DE\" \/>\n<meta property=\"og:type\" content=\"article\" \/>\n<meta property=\"og:title\" content=\"Vakuumierer | Dito Sama\" \/>\n<meta property=\"og:description\" content=\"Steigern Sie die Effizienz Ihrer K\u00fcche mit den Vakuumierern von Dito Sama. Entdecken Sie unser Angebot an Profiger\u00e4ten!\" \/>\n<meta property=\"og:url\" content=\"https:\/\/www.ditosama.com\/de\/products\/vakuumverpackungsmaschinen\/\" \/>\n<meta property=\"og:site_name\" content=\"Dito Sama\" \/>\n<meta property=\"article:modified_time\" content=\"2026-03-03T17:39:28+00:00\" \/>\n<meta property=\"og:image\" content=\"https:\/\/www.ditosama.com\/wp-content\/uploads\/2023\/09\/DitoSama-Copertine-Sous-Vide-Touch-1.jpg\" \/>\n\t<meta property=\"og:image:width\" content=\"2560\" \/>\n\t<meta property=\"og:image:height\" content=\"1027\" \/>\n\t<meta property=\"og:image:type\" content=\"image\/jpeg\" \/>\n<meta name=\"twitter:card\" content=\"summary_large_image\" \/>\n<meta name=\"twitter:label1\" content=\"Gesch\u00e4tzte Lesezeit\" \/>\n\t<meta name=\"twitter:data1\" content=\"2\u00a0Minuten\" \/>\n<script type=\"application\/ld+json\" class=\"yoast-schema-graph\">{\"@context\":\"https:\/\/schema.org\",\"@graph\":[{\"@type\":\"WebPage\",\"@id\":\"https:\/\/www.ditosama.com\/de\/products\/vakuumverpackungsmaschinen\/\",\"url\":\"https:\/\/www.ditosama.com\/de\/products\/vakuumverpackungsmaschinen\/\",\"name\":\"Vakuumierer | Dito Sama\",\"isPartOf\":{\"@id\":\"https:\/\/www.ditosama.com\/en\/#website\"},\"primaryImageOfPage\":{\"@id\":\"https:\/\/www.ditosama.com\/de\/products\/vakuumverpackungsmaschinen\/#primaryimage\"},\"image\":{\"@id\":\"https:\/\/www.ditosama.com\/de\/products\/vakuumverpackungsmaschinen\/#primaryimage\"},\"thumbnailUrl\":\"https:\/\/www.ditosama.com\/wp-content\/uploads\/2023\/09\/DitoSama-Copertine-Sous-Vide-Touch-1.jpg\",\"datePublished\":\"2022-12-06T08:58:57+00:00\",\"dateModified\":\"2026-03-03T17:39:28+00:00\",\"description\":\"Steigern Sie die Effizienz Ihrer K\u00fcche mit den Vakuumierern von Dito Sama. Entdecken Sie unser Angebot an Profiger\u00e4ten!\",\"breadcrumb\":{\"@id\":\"https:\/\/www.ditosama.com\/de\/products\/vakuumverpackungsmaschinen\/#breadcrumb\"},\"inLanguage\":\"de\",\"potentialAction\":[{\"@type\":\"ReadAction\",\"target\":[\"https:\/\/www.ditosama.com\/de\/products\/vakuumverpackungsmaschinen\/\"]}]},{\"@type\":\"ImageObject\",\"inLanguage\":\"de\",\"@id\":\"https:\/\/www.ditosama.com\/de\/products\/vakuumverpackungsmaschinen\/#primaryimage\",\"url\":\"https:\/\/www.ditosama.com\/wp-content\/uploads\/2023\/09\/DitoSama-Copertine-Sous-Vide-Touch-1.jpg\",\"contentUrl\":\"https:\/\/www.ditosama.com\/wp-content\/uploads\/2023\/09\/DitoSama-Copertine-Sous-Vide-Touch-1.jpg\",\"width\":2560,\"height\":1027},{\"@type\":\"BreadcrumbList\",\"@id\":\"https:\/\/www.ditosama.com\/de\/products\/vakuumverpackungsmaschinen\/#breadcrumb\",\"itemListElement\":[{\"@type\":\"ListItem\",\"position\":1,\"name\":\"Home\",\"item\":\"https:\/\/www.ditosama.com\/de\/\"},{\"@type\":\"ListItem\",\"position\":2,\"name\":\"Products\",\"item\":\"https:\/\/www.ditosama.com\/de\/products\/\"},{\"@type\":\"ListItem\",\"position\":3,\"name\":\"Vakuumierer\"}]},{\"@type\":\"WebSite\",\"@id\":\"https:\/\/www.ditosama.com\/en\/#website\",\"url\":\"https:\/\/www.ditosama.com\/en\/\",\"name\":\"Dito Sama\",\"description\":\"\",\"potentialAction\":[{\"@type\":\"SearchAction\",\"target\":{\"@type\":\"EntryPoint\",\"urlTemplate\":\"https:\/\/www.ditosama.com\/en\/?s={search_term_string}\"},\"query-input\":{\"@type\":\"PropertyValueSpecification\",\"valueRequired\":true,\"valueName\":\"search_term_string\"}}],\"inLanguage\":\"de\"}]}<\/script>\n<!-- \/ Yoast SEO plugin. -->","yoast_head_json":{"title":"Vakuumierer | Dito Sama","description":"Steigern Sie die Effizienz Ihrer K\u00fcche mit den Vakuumierern von Dito Sama. Entdecken Sie unser Angebot an Profiger\u00e4ten!","robots":{"index":"index","follow":"follow","max-snippet":"max-snippet:-1","max-image-preview":"max-image-preview:large","max-video-preview":"max-video-preview:-1"},"canonical":"https:\/\/www.ditosama.com\/de\/wp-json\/wp\/v2\/pages\/1485","og_locale":"de_DE","og_type":"article","og_title":"Vakuumierer | Dito Sama","og_description":"Steigern Sie die Effizienz Ihrer K\u00fcche mit den Vakuumierern von Dito Sama. Entdecken Sie unser Angebot an Profiger\u00e4ten!","og_url":"https:\/\/www.ditosama.com\/de\/products\/vakuumverpackungsmaschinen\/","og_site_name":"Dito Sama","article_modified_time":"2026-03-03T17:39:28+00:00","og_image":[{"width":2560,"height":1027,"url":"https:\/\/www.ditosama.com\/wp-content\/uploads\/2023\/09\/DitoSama-Copertine-Sous-Vide-Touch-1.jpg","type":"image\/jpeg"}],"twitter_card":"summary_large_image","twitter_misc":{"Gesch\u00e4tzte Lesezeit":"2\u00a0Minuten"},"schema":{"@context":"https:\/\/schema.org","@graph":[{"@type":"WebPage","@id":"https:\/\/www.ditosama.com\/de\/products\/vakuumverpackungsmaschinen\/","url":"https:\/\/www.ditosama.com\/de\/products\/vakuumverpackungsmaschinen\/","name":"Vakuumierer | Dito Sama","isPartOf":{"@id":"https:\/\/www.ditosama.com\/en\/#website"},"primaryImageOfPage":{"@id":"https:\/\/www.ditosama.com\/de\/products\/vakuumverpackungsmaschinen\/#primaryimage"},"image":{"@id":"https:\/\/www.ditosama.com\/de\/products\/vakuumverpackungsmaschinen\/#primaryimage"},"thumbnailUrl":"https:\/\/www.ditosama.com\/wp-content\/uploads\/2023\/09\/DitoSama-Copertine-Sous-Vide-Touch-1.jpg","datePublished":"2022-12-06T08:58:57+00:00","dateModified":"2026-03-03T17:39:28+00:00","description":"Steigern Sie die Effizienz Ihrer K\u00fcche mit den Vakuumierern von Dito Sama. Entdecken Sie unser Angebot an Profiger\u00e4ten!","breadcrumb":{"@id":"https:\/\/www.ditosama.com\/de\/products\/vakuumverpackungsmaschinen\/#breadcrumb"},"inLanguage":"de","potentialAction":[{"@type":"ReadAction","target":["https:\/\/www.ditosama.com\/de\/products\/vakuumverpackungsmaschinen\/"]}]},{"@type":"ImageObject","inLanguage":"de","@id":"https:\/\/www.ditosama.com\/de\/products\/vakuumverpackungsmaschinen\/#primaryimage","url":"https:\/\/www.ditosama.com\/wp-content\/uploads\/2023\/09\/DitoSama-Copertine-Sous-Vide-Touch-1.jpg","contentUrl":"https:\/\/www.ditosama.com\/wp-content\/uploads\/2023\/09\/DitoSama-Copertine-Sous-Vide-Touch-1.jpg","width":2560,"height":1027},{"@type":"BreadcrumbList","@id":"https:\/\/www.ditosama.com\/de\/products\/vakuumverpackungsmaschinen\/#breadcrumb","itemListElement":[{"@type":"ListItem","position":1,"name":"Home","item":"https:\/\/www.ditosama.com\/de\/"},{"@type":"ListItem","position":2,"name":"Products","item":"https:\/\/www.ditosama.com\/de\/products\/"},{"@type":"ListItem","position":3,"name":"Vakuumierer"}]},{"@type":"WebSite","@id":"https:\/\/www.ditosama.com\/en\/#website","url":"https:\/\/www.ditosama.com\/en\/","name":"Dito Sama","description":"","potentialAction":[{"@type":"SearchAction","target":{"@type":"EntryPoint","urlTemplate":"https:\/\/www.ditosama.com\/en\/?s={search_term_string}"},"query-input":{"@type":"PropertyValueSpecification","valueRequired":true,"valueName":"search_term_string"}}],"inLanguage":"de"}]}},"_links":{"self":[{"href":"https:\/\/www.ditosama.com\/de\/wp-json\/wp\/v2\/pages\/1485","targetHints":{"allow":["GET"]}}],"collection":[{"href":"https:\/\/www.ditosama.com\/de\/wp-json\/wp\/v2\/pages"}],"about":[{"href":"https:\/\/www.ditosama.com\/de\/wp-json\/wp\/v2\/types\/page"}],"author":[{"embeddable":true,"href":"https:\/\/www.ditosama.com\/de\/wp-json\/wp\/v2\/users\/1"}],"replies":[{"embeddable":true,"href":"https:\/\/www.ditosama.com\/de\/wp-json\/wp\/v2\/comments?post=1485"}],"version-history":[{"count":11,"href":"https:\/\/www.ditosama.com\/de\/wp-json\/wp\/v2\/pages\/1485\/revisions"}],"predecessor-version":[{"id":32442,"href":"https:\/\/www.ditosama.com\/de\/wp-json\/wp\/v2\/pages\/1485\/revisions\/32442"}],"up":[{"embeddable":true,"href":"https:\/\/www.ditosama.com\/de\/wp-json\/wp\/v2\/pages\/3443"}],"wp:featuredmedia":[{"embeddable":true,"href":"https:\/\/www.ditosama.com\/de\/wp-json\/wp\/v2\/media\/11576"}],"wp:attachment":[{"href":"https:\/\/www.ditosama.com\/de\/wp-json\/wp\/v2\/media?parent=1485"}],"curies":[{"name":"wp","href":"https:\/\/api.w.org\/{rel}","templated":true}]}}