{"id":1477,"date":"2022-12-06T08:45:07","date_gmt":"2022-12-06T08:45:07","guid":{"rendered":"https:\/\/www.ditosama.com\/bread-slicer\/"},"modified":"2026-03-03T17:42:59","modified_gmt":"2026-03-03T17:42:59","slug":"brotschneidemaschine","status":"publish","type":"page","link":"https:\/\/www.ditosama.com\/de\/products\/brotschneidemaschine\/","title":{"rendered":"Brotschneidemaschinen"},"content":{"rendered":"<section class=\"wpb-content-wrapper\"><p>[vc_row full_width=&#8220;c21-full-width-no-padding&#8220;][vc_column][vc_empty_space height=&#8220;45px&#8220;][\/vc_column][\/vc_row][vc_row][vc_column][c21_image_text image=&#8220;126&#8243; image_position=&#8220;left&#8220; title=&#8220;Ein gleichm\u00e4\u00dfiger Schnitt, Scheibe f\u00fcr Scheibe&#8220; subtitle=&#8220;&#8220; text=&#8220;Unsere gewerbliche Brotschneidemaschine verf\u00fcgt \u00fcber eine technologisch fortschrittliche Klingenkonstruktion, die das Brot nicht zerdr\u00fcckt und somit eine hervorragende Scheibenpr\u00e4sentation garantiert. Die Maschine ist extrem einfach zu bedienen: Der Schneidevorgang beginnt automatisch, sobald das Brot in den vertikalen Auslauf eingef\u00fchrt wird. Die Maschine verf\u00fcgt \u00fcber einen einzigen Edelstahlschacht und ein Bedienfeld mit Impuls- und Start\/Stopp-Tasten. Um die Sicherheit des Bedieners, insbesondere bei der Reinigung, zu erh\u00f6hen, schaltet sich der Motor automatisch ab, wenn die T\u00fcr des Schachts angehoben wird.&#8220;][\/vc_column][\/vc_row][vc_row full_width=&#8220;c21-full-width-no-padding&#8220;][vc_column]<div class=\"com21-product-filter-container 2\"\n                    <!-- PROD FILTER -->\n                    \n                    <div class=\"container\">\n                        <h2 class=\"text-left\">\n                            Product line\n                            <span class=\"product_counter\">1<\/span>\n                        <\/h2>\n                    <\/div>\n                    <div class=\"specification-filter\">\n                        <div class=\"toggle-filter-container\">\n                            <div class=\"container text-center\">\n                                <a href=\"#filter\" class=\"toggle-filter small-toggle\" data-target=\".category-filter\"  data-class-toggle=\"category-filter-show\" aria-pressed=\"false\" role=\"button\" id=\"open-product-features\">Filter<\/a>\n                            <\/div>\n                        <\/div>\n                        <div class=\"category-filter \">\n                            <div class=\"container\">\n                    <div class=\"row\"><\/div>\n        \n                                <div class=\"row\">\n                                    <div class=\"col-md-6 text-left\">\n                                        <span class=\"number-of-products\"><span id=\"number-of-products\">1<\/span> Products<\/span> <a href=\"#\" class=\"btn btn-secondary-bordered\" id=\"filter-reset-btn\">Reset<\/a>\n                                    <\/div>\n                                    <div class=\"col-md-6 text-right\">\n                                        <a href=\"#\" class=\"close-toggle no-pd-toggle\" data-parent=\"open-product-features\"  aria-pressed=\"true\" role=\"button\">Close<\/a>\n                                    <\/div>\n                                <\/div>\n                                \n                            <\/div><!-- end container -->\n                        <\/div><!-- end category-filter -->\n                    <\/div><!-- end specification-filter -->\n        \n                    <!-- END PROD FILTER -->\n                    \n                    <!-- PROD LIST -->\n                    <div class=\"product-list container\">\n                        <!--Hidden parameters-->\n                        <input type=\"hidden\" name=\"navigation_level_1\" id=\"navigation_level_1\" value=\"X\">\n                        <input type=\"hidden\" name=\"navigation_level_2\" id=\"navigation_level_2\" value=\"M\">\n                        <input type=\"hidden\" name=\"navigation_level_3\" id=\"navigation_level_3\" value=\"C\">\n                        <input type=\"hidden\" name=\"navigation_level_4\" id=\"navigation_level_4\" value=\"\">\n                        <input type=\"hidden\" name=\"filter_id\" id=\"filter_id\" value=\"2\">\n                        <input type=\"hidden\" name=\"navigation_language\" id=\"navigation_language\" value=\"5003\">\n                        <input type=\"hidden\" name=\"navigation_language_code\" id=\"navigation_language\" value=\"5003\">\n                        <input type=\"hidden\" name=\"page_id\" id=\"page_id\" value=\"1477\">\n                        <!--END Hidden parameters--><ul class=\"row elx-one-product\" ><li class=\"C21TE_viewItemList  col-sm-6 col-md-4 wow fadeIn single-product-list fix-list 601589\" data-index=\"0\" data-wow-delay=\"0ms\" data-name=\"Brotschneidemaschinen<br>Brotschneidemaschine\" data-id=\"601589\" data-category=\"de\/products\/brotschneidemaschine\/\" data-list-name=\"Brotschneidemaschinen\"><div class=\"product-list-item\"><div class=\"product-content\"><a class=\"C21TE_selectItem\"  href=\"https:\/\/www.ditosama.com\/de\/products\/brotschneidemaschine\/brotschneidemaschinen-brotschneidemaschine-601589\/\" data-index=\"0\" data-name=\"Brotschneidemaschinen<br>Brotschneidemaschine\" data-id=\"601589\" data-category=\"de\/products\/brotschneidemaschine\/\" data-list-name=\"Brotschneidemaschinen\"><figure class=\"wow fadeIn image-dito-sama-2\" style=\"padding: 0px\"><img decoding=\"async\" src=\"https:\/\/tools.electroluxprofessional.com\/Mirror\/Doc\/PH_255x255%2FPH_601589_1_1_601589.jpg\" alt=\"Brotschneidemaschinen<br>Brotschneidemaschine\" ><\/figure><h3>Brotschneidemaschinen<br>Brotschneidemaschine<\/h3><\/a><div class=\"product-code\">601589<\/div><div class=\"product-model\">(DCPXF215)<\/div><div class=\"product-description\">Elektrische Brotschneidemaschine mit 1 F\u00fchrung. Stundenleistung bis zu 14.000 Scheiben<\/div><\/div><div class=\"pre-actions\"><div class=\"reviews\"><\/div><div class=\"compare-product c21_product_compare form-check form-switch\"><label><input type=\"checkbox\" class=\"C21TG_comparison form-check-input product-comparer\" data-addedProduct=\"601589\">Compare<\/label><\/div><\/div><\/div> <!-- end product-list-item --><\/li>\n                        <\/ul>\n                        <div class=\"text-center more-products\">\n                        <\/div>\n                    <\/div>\n                    <!-- END PRODUCT LIST -->\n                    <\/div>\n                    <!-- END PRODUCT LIST -->[\/vc_column][\/vc_row][vc_row full_width=&#8220;c21-full-width-no-padding&#8220;][vc_column][c21_image_text_full image=&#8220;290&#8243; image_position=&#8220;left&#8220; title=&#8220;W\u00dcRDEN SIE GERN MEHR ERFAHREN?&#8220; text=&#8220;Kontaktieren Sie uns, um mehr \u00fcber die Vorteile unserer kommerziellen Hightech-Brotschneidemaschinen zu erfahren.&#8220; link=&#8220;url:https%3A%2F%2Fwww.ditosama.com%2Fde%2Fkontaktiere-uns%2F|title:KONTAKTIERE%20UNS&#8220;][\/vc_column][\/vc_row]<\/p>\n<\/section>","protected":false},"excerpt":{"rendered":"<p>[vc_row full_width=&#8220;c21-full-width-no-padding&#8220;][vc_column][vc_empty_space height=&#8220;45px&#8220;][\/vc_column][\/vc_row][vc_row][vc_column][c21_image_text image=&#8220;126&#8243; image_position=&#8220;left&#8220; title=&#8220;Ein gleichm\u00e4\u00dfiger Schnitt, Scheibe f\u00fcr Scheibe&#8220; subtitle=&#8220;&#8220; text=&#8220;Unsere gewerbliche Brotschneidemaschine verf\u00fcgt \u00fcber eine technologisch fortschrittliche Klingenkonstruktion, die das Brot nicht zerdr\u00fcckt und somit eine hervorragende Scheibenpr\u00e4sentation garantiert. Die Maschine ist extrem einfach zu bedienen: Der Schneidevorgang beginnt automatisch, sobald das Brot in den vertikalen Auslauf eingef\u00fchrt wird. Die Maschine verf\u00fcgt [&hellip;]<\/p>\n","protected":false},"author":1,"featured_media":11584,"parent":3443,"menu_order":0,"comment_status":"closed","ping_status":"closed","template":"","meta":{"inline_featured_image":false,"footnotes":""},"class_list":["post-1477","page","type-page","status-publish","has-post-thumbnail","hentry"],"acf":[],"yoast_head":"<!-- This site is optimized with the Yoast SEO plugin v26.1.1 - https:\/\/yoast.com\/wordpress\/plugins\/seo\/ -->\n<title>Brotschneidemaschinen | Dito Sama<\/title>\n<meta name=\"description\" content=\"Steigern Sie die Effizienz Ihrer K\u00fcche mit der Brotschneidemaschine von Dito Sama. Entdecken Sie unser Angebot an Profiger\u00e4ten!\" \/>\n<meta name=\"robots\" content=\"index, follow, max-snippet:-1, max-image-preview:large, max-video-preview:-1\" \/>\n<link rel=\"canonical\" href=\"https:\/\/www.ditosama.com\/de\/wp-json\/wp\/v2\/pages\/1477\" \/>\n<meta property=\"og:locale\" content=\"de_DE\" \/>\n<meta property=\"og:type\" content=\"article\" \/>\n<meta property=\"og:title\" content=\"Brotschneidemaschinen | Dito Sama\" \/>\n<meta property=\"og:description\" content=\"Steigern Sie die Effizienz Ihrer K\u00fcche mit der Brotschneidemaschine von Dito Sama. Entdecken Sie unser Angebot an Profiger\u00e4ten!\" \/>\n<meta property=\"og:url\" content=\"https:\/\/www.ditosama.com\/de\/products\/brotschneidemaschine\/\" \/>\n<meta property=\"og:site_name\" content=\"Dito Sama\" \/>\n<meta property=\"article:modified_time\" content=\"2026-03-03T17:42:59+00:00\" \/>\n<meta property=\"og:image\" content=\"https:\/\/www.ditosama.com\/wp-content\/uploads\/2023\/09\/copertina-cpx-bassa-1.jpg\" \/>\n\t<meta property=\"og:image:width\" content=\"2560\" \/>\n\t<meta property=\"og:image:height\" content=\"1027\" \/>\n\t<meta property=\"og:image:type\" content=\"image\/jpeg\" \/>\n<meta name=\"twitter:card\" content=\"summary_large_image\" \/>\n<meta name=\"twitter:label1\" content=\"Gesch\u00e4tzte Lesezeit\" \/>\n\t<meta name=\"twitter:data1\" content=\"2\u00a0Minuten\" \/>\n<script type=\"application\/ld+json\" class=\"yoast-schema-graph\">{\"@context\":\"https:\/\/schema.org\",\"@graph\":[{\"@type\":\"WebPage\",\"@id\":\"https:\/\/www.ditosama.com\/de\/products\/brotschneidemaschine\/\",\"url\":\"https:\/\/www.ditosama.com\/de\/products\/brotschneidemaschine\/\",\"name\":\"Brotschneidemaschinen | Dito Sama\",\"isPartOf\":{\"@id\":\"https:\/\/www.ditosama.com\/en\/#website\"},\"primaryImageOfPage\":{\"@id\":\"https:\/\/www.ditosama.com\/de\/products\/brotschneidemaschine\/#primaryimage\"},\"image\":{\"@id\":\"https:\/\/www.ditosama.com\/de\/products\/brotschneidemaschine\/#primaryimage\"},\"thumbnailUrl\":\"https:\/\/www.ditosama.com\/wp-content\/uploads\/2023\/09\/copertina-cpx-bassa-1.jpg\",\"datePublished\":\"2022-12-06T08:45:07+00:00\",\"dateModified\":\"2026-03-03T17:42:59+00:00\",\"description\":\"Steigern Sie die Effizienz Ihrer K\u00fcche mit der Brotschneidemaschine von Dito Sama. Entdecken Sie unser Angebot an Profiger\u00e4ten!\",\"breadcrumb\":{\"@id\":\"https:\/\/www.ditosama.com\/de\/products\/brotschneidemaschine\/#breadcrumb\"},\"inLanguage\":\"de\",\"potentialAction\":[{\"@type\":\"ReadAction\",\"target\":[\"https:\/\/www.ditosama.com\/de\/products\/brotschneidemaschine\/\"]}]},{\"@type\":\"ImageObject\",\"inLanguage\":\"de\",\"@id\":\"https:\/\/www.ditosama.com\/de\/products\/brotschneidemaschine\/#primaryimage\",\"url\":\"https:\/\/www.ditosama.com\/wp-content\/uploads\/2023\/09\/copertina-cpx-bassa-1.jpg\",\"contentUrl\":\"https:\/\/www.ditosama.com\/wp-content\/uploads\/2023\/09\/copertina-cpx-bassa-1.jpg\",\"width\":2560,\"height\":1027},{\"@type\":\"BreadcrumbList\",\"@id\":\"https:\/\/www.ditosama.com\/de\/products\/brotschneidemaschine\/#breadcrumb\",\"itemListElement\":[{\"@type\":\"ListItem\",\"position\":1,\"name\":\"Home\",\"item\":\"https:\/\/www.ditosama.com\/de\/\"},{\"@type\":\"ListItem\",\"position\":2,\"name\":\"Products\",\"item\":\"https:\/\/www.ditosama.com\/de\/products\/\"},{\"@type\":\"ListItem\",\"position\":3,\"name\":\"Brotschneidemaschinen\"}]},{\"@type\":\"WebSite\",\"@id\":\"https:\/\/www.ditosama.com\/en\/#website\",\"url\":\"https:\/\/www.ditosama.com\/en\/\",\"name\":\"Dito Sama\",\"description\":\"\",\"potentialAction\":[{\"@type\":\"SearchAction\",\"target\":{\"@type\":\"EntryPoint\",\"urlTemplate\":\"https:\/\/www.ditosama.com\/en\/?s={search_term_string}\"},\"query-input\":{\"@type\":\"PropertyValueSpecification\",\"valueRequired\":true,\"valueName\":\"search_term_string\"}}],\"inLanguage\":\"de\"}]}<\/script>\n<!-- \/ Yoast SEO plugin. -->","yoast_head_json":{"title":"Brotschneidemaschinen | Dito Sama","description":"Steigern Sie die Effizienz Ihrer K\u00fcche mit der Brotschneidemaschine von Dito Sama. Entdecken Sie unser Angebot an Profiger\u00e4ten!","robots":{"index":"index","follow":"follow","max-snippet":"max-snippet:-1","max-image-preview":"max-image-preview:large","max-video-preview":"max-video-preview:-1"},"canonical":"https:\/\/www.ditosama.com\/de\/wp-json\/wp\/v2\/pages\/1477","og_locale":"de_DE","og_type":"article","og_title":"Brotschneidemaschinen | Dito Sama","og_description":"Steigern Sie die Effizienz Ihrer K\u00fcche mit der Brotschneidemaschine von Dito Sama. Entdecken Sie unser Angebot an Profiger\u00e4ten!","og_url":"https:\/\/www.ditosama.com\/de\/products\/brotschneidemaschine\/","og_site_name":"Dito Sama","article_modified_time":"2026-03-03T17:42:59+00:00","og_image":[{"width":2560,"height":1027,"url":"https:\/\/www.ditosama.com\/wp-content\/uploads\/2023\/09\/copertina-cpx-bassa-1.jpg","type":"image\/jpeg"}],"twitter_card":"summary_large_image","twitter_misc":{"Gesch\u00e4tzte Lesezeit":"2\u00a0Minuten"},"schema":{"@context":"https:\/\/schema.org","@graph":[{"@type":"WebPage","@id":"https:\/\/www.ditosama.com\/de\/products\/brotschneidemaschine\/","url":"https:\/\/www.ditosama.com\/de\/products\/brotschneidemaschine\/","name":"Brotschneidemaschinen | Dito Sama","isPartOf":{"@id":"https:\/\/www.ditosama.com\/en\/#website"},"primaryImageOfPage":{"@id":"https:\/\/www.ditosama.com\/de\/products\/brotschneidemaschine\/#primaryimage"},"image":{"@id":"https:\/\/www.ditosama.com\/de\/products\/brotschneidemaschine\/#primaryimage"},"thumbnailUrl":"https:\/\/www.ditosama.com\/wp-content\/uploads\/2023\/09\/copertina-cpx-bassa-1.jpg","datePublished":"2022-12-06T08:45:07+00:00","dateModified":"2026-03-03T17:42:59+00:00","description":"Steigern Sie die Effizienz Ihrer K\u00fcche mit der Brotschneidemaschine von Dito Sama. Entdecken Sie unser Angebot an Profiger\u00e4ten!","breadcrumb":{"@id":"https:\/\/www.ditosama.com\/de\/products\/brotschneidemaschine\/#breadcrumb"},"inLanguage":"de","potentialAction":[{"@type":"ReadAction","target":["https:\/\/www.ditosama.com\/de\/products\/brotschneidemaschine\/"]}]},{"@type":"ImageObject","inLanguage":"de","@id":"https:\/\/www.ditosama.com\/de\/products\/brotschneidemaschine\/#primaryimage","url":"https:\/\/www.ditosama.com\/wp-content\/uploads\/2023\/09\/copertina-cpx-bassa-1.jpg","contentUrl":"https:\/\/www.ditosama.com\/wp-content\/uploads\/2023\/09\/copertina-cpx-bassa-1.jpg","width":2560,"height":1027},{"@type":"BreadcrumbList","@id":"https:\/\/www.ditosama.com\/de\/products\/brotschneidemaschine\/#breadcrumb","itemListElement":[{"@type":"ListItem","position":1,"name":"Home","item":"https:\/\/www.ditosama.com\/de\/"},{"@type":"ListItem","position":2,"name":"Products","item":"https:\/\/www.ditosama.com\/de\/products\/"},{"@type":"ListItem","position":3,"name":"Brotschneidemaschinen"}]},{"@type":"WebSite","@id":"https:\/\/www.ditosama.com\/en\/#website","url":"https:\/\/www.ditosama.com\/en\/","name":"Dito Sama","description":"","potentialAction":[{"@type":"SearchAction","target":{"@type":"EntryPoint","urlTemplate":"https:\/\/www.ditosama.com\/en\/?s={search_term_string}"},"query-input":{"@type":"PropertyValueSpecification","valueRequired":true,"valueName":"search_term_string"}}],"inLanguage":"de"}]}},"_links":{"self":[{"href":"https:\/\/www.ditosama.com\/de\/wp-json\/wp\/v2\/pages\/1477","targetHints":{"allow":["GET"]}}],"collection":[{"href":"https:\/\/www.ditosama.com\/de\/wp-json\/wp\/v2\/pages"}],"about":[{"href":"https:\/\/www.ditosama.com\/de\/wp-json\/wp\/v2\/types\/page"}],"author":[{"embeddable":true,"href":"https:\/\/www.ditosama.com\/de\/wp-json\/wp\/v2\/users\/1"}],"replies":[{"embeddable":true,"href":"https:\/\/www.ditosama.com\/de\/wp-json\/wp\/v2\/comments?post=1477"}],"version-history":[{"count":7,"href":"https:\/\/www.ditosama.com\/de\/wp-json\/wp\/v2\/pages\/1477\/revisions"}],"predecessor-version":[{"id":13943,"href":"https:\/\/www.ditosama.com\/de\/wp-json\/wp\/v2\/pages\/1477\/revisions\/13943"}],"up":[{"embeddable":true,"href":"https:\/\/www.ditosama.com\/de\/wp-json\/wp\/v2\/pages\/3443"}],"wp:featuredmedia":[{"embeddable":true,"href":"https:\/\/www.ditosama.com\/de\/wp-json\/wp\/v2\/media\/11584"}],"wp:attachment":[{"href":"https:\/\/www.ditosama.com\/de\/wp-json\/wp\/v2\/media?parent=1477"}],"curies":[{"name":"wp","href":"https:\/\/api.w.org\/{rel}","templated":true}]}}